{"id":13550,"date":"2025-10-22T20:06:59","date_gmt":"2025-10-22T18:06:59","guid":{"rendered":"https:\/\/slacktivity.ch\/?post_type=product&#038;p=13550"},"modified":"2026-05-09T22:10:06","modified_gmt":"2026-05-09T20:10:06","slug":"primitive-slackline-set-30m-50m","status":"publish","type":"product","link":"https:\/\/slacktivity.ch\/fr\/shop\/primitive-slackline-set-30m-50m\/","title":{"rendered":"Primitive Slackline Set | 30m &amp; 50m"},"content":{"rendered":"<h2>Primitive Slackline Set \u2013 La slackline avec le palan \u00e0 mousqueton<\/h2>\n<p>Un \u00ab Primitive \u00bb d\u00e9signe un set slackline tendu avec un palan \u00e0 mousqueton, aussi appel\u00e9 \u00ab palan Ellington \u00bb \u2013 du nom de son inventeur Jeff Ellington. Le Primitive Slackline Set se situe entre nos <a href=\"https:\/\/slacktivity.ch\/fr\/shop\/minimum-slackline-12m-kit\/\">sets d\u00e9butants<\/a> (<a href=\"https:\/\/slacktivity.ch\/fr\/shop\/minimum-slackline-12m-kit\/\">Minimum<\/a>, <a href=\"https:\/\/slacktivity.ch\/fr\/shop\/allround-slackline-15m\/\">Allround<\/a> &amp; <a href=\"https:\/\/slacktivity.ch\/fr\/shop\/experience-slackline-30m\/\">Experience<\/a>) et le <a href=\"https:\/\/slacktivity.ch\/fr\/shop\/pinkpark-kit-slackline-longline-30m-50m\/\">syst\u00e8me de palan HangOver<\/a> !<\/p>\n<p>Le kit Primitive est une solution l\u00e9g\u00e8re et \u00e9conomique avec des avantages intelligents au montage \u2013 gr\u00e2ce au <a href=\"https:\/\/slacktivity.ch\/fr\/shop\/hangover-mousqueton-slackline\/\">HangOver<\/a>, aux \u00e9lingues r\u00e9glables et \u00e0 la Small Rigging Plate. Parfait si tu veux plus qu&rsquo;une courte line, mais sans avoir besoin d&rsquo;un grand set. De plus, ce set te permet d&rsquo;\u00e9conomiser environ 10 % par rapport \u00e0 l&rsquo;achat des composants s\u00e9par\u00e9ment.<\/p>\n<h3>Quelle slackline choisir ?<\/h3>\n<h4>pinkTube ou LSDTube (30 m)<\/h4>\n<p>Id\u00e9al si tu envisages de te lancer plus tard dans le highlining. Ces sangles en nylon dynamique rendent le rebond et le surf vraiment agr\u00e9ables ! Marcher sur ces lines se ressent de fa\u00e7on tr\u00e8s fluide et flow\u00e9e. Gr\u00e2ce au multiplicateur, tu peux les tendre suffisamment en Park. Pour des park lines d&rsquo;environ 25 m et plus, nous recommandons Marathon.<\/p>\n<p>\u27a1\ufe0f Les deux variantes (LSDTube &amp; pinkTube) sont livr\u00e9es avec deux endloops.<\/p>\n<h4>2Faces (30 \/ 50 m)<\/h4>\n<p>Parfait pour ceux qui pr\u00e9f\u00e8rent une line basse et bien tendue. Avec 7 % d&rsquo;\u00e9longation \u00e0 10 kN, la tension souhait\u00e9e est facilement atteinte. Id\u00e9al pour parcourir de plus longues distances, entrer dans l&rsquo;\u00e9tat de flow et pratiquer tes premiers tricks statiques ou tes premiers surfs.<\/p>\n<p>\u27a1\ufe0f Livr\u00e9 avec deux endloops.<\/p>\n<h3>Avantages du Primitive Slackline Set SLACKTIVITY<\/h3>\n<h4>\u00c9lingues r\u00e9glables<\/h4>\n<p>Gr\u00e2ce au r\u00e9glage jusqu&rsquo;\u00e0 2,4 m, tu peux les adapter \u00e0 presque n&rsquo;importe quel arbre. Un velcro te permet d&rsquo;attacher l&rsquo;\u00e9lingue \u00e0 la protection d&rsquo;arbre pendant le montage. La Small Rigging Plate peut \u00eatre fix\u00e9e directement \u2013 sans connecteur suppl\u00e9mentaire. L\u00e9g\u00e8res, compactes et faciles \u00e0 ranger.<\/p>\n<h4>Small Rigging Plate<\/h4>\n<p>Emp\u00eache le dangereux \u00ab triloading \u00bb (charge multiple) du mousqueton, qui peut r\u00e9duire sa r\u00e9sistance \u00e0 la rupture. Des trous de fixation suppl\u00e9mentaires permettent un montage facile du multiplicateur.<\/p>\n<h4>HangOver Classic 2.0<\/h4>\n<p>Avec le multiplicateur <a href=\"https:\/\/slacktivity.ch\/fr\/shop\/hangover-mousqueton-slackline\/\">HangOver<\/a>, tu peux toujours tendre ta line exactement comme tu le souhaites. Il g\u00e9n\u00e8re moins de frottement qu&rsquo;un mousqueton standard \u2013 pour une efficacit\u00e9 maximale. Et tu es d\u00e9j\u00e0 pr\u00eat pour ta future aventure en highline \u2013 le HangOver en fait toujours partie pour rouler sur la highline. Avec ce set, tu poss\u00e8des d\u00e9j\u00e0 certaines pi\u00e8ces du syst\u00e8me de palan HangOver.<\/p>\n<h4>Protection d&rsquo;arbre<\/h4>\n<p>Longueur : 2,4 m<\/p>\n<h3>Poids<\/h3>\n<ul>\n<li>Set 30 m pinkTube ou LSDTube : 4,0 kg<\/li>\n<li>Set 30 m 2Faces : 4,0 kg<\/li>\n<li>Set 50 m 2Faces : 5,1 kg<\/li>\n<\/ul>\n<p>\u26a0\ufe0f <strong>Remarque :<\/strong> M\u00eame si la pinkTube et la LSDTube sont certifi\u00e9es selon la norme ISA pour le highlining, ce kit Primitive Slackline n&rsquo;est pas recommand\u00e9 pour les configurations highline.<\/p>\n<h3>Regarde la vid\u00e9o ci-dessous pour apprendre \u00e0 monter ton kit Primitive Slackline correctement !<\/h3>\n<div class=\"iframe-container\"><iframe data-src=\"https:\/\/www.youtube.com\/embed\/bfMqeL7c-Bk?si=maqHRP2ry4zIyJ8p\" width=\"560\" height=\"315\" frameborder=\"0\" allowfullscreen=\"allowfullscreen\" src=\"data:image\/svg+xml;base64,PHN2ZyB3aWR0aD0iMSIgaGVpZ2h0PSIxIiB4bWxucz0iaHR0cDovL3d3dy53My5vcmcvMjAwMC9zdmciPjwvc3ZnPg==\" class=\"lazyload\" data-load-mode=\"1\"><\/iframe><\/div>\n","protected":false},"excerpt":{"rendered":"<p>Le Primitive est le set id\u00e9al entre nos kits d\u00e9butants (Minimum, Allround &amp; Experience) et le syst\u00e8me de palan HangOver \u2013 l\u00e9ger, abordable et malin.<\/p>\n","protected":false},"featured_media":13206,"comment_status":"open","ping_status":"closed","template":"","meta":{"_acf_changed":false,"_joinchat":[]},"product_cat":[638,716,669],"product_tag":[],"class_list":{"0":"post-13550","1":"product","2":"type-product","3":"status-publish","4":"has-post-thumbnail","6":"product_cat-kit-slackline","7":"product_cat-longline-slackline-kits","8":"product_cat-slackline-pour-avances-kit-slackline","10":"first","11":"instock","12":"taxable","13":"shipping-taxable","14":"purchasable","15":"product-type-variable"},"acf":[],"yoast_head":"<!-- This site is optimized with the Yoast SEO plugin v27.5 - https:\/\/yoast.com\/product\/yoast-seo-wordpress\/ -->\n<title>Primitive Slackline Set | 30m &amp; 50m - SLACKTIVITY Slackline Shop Schweiz<\/title>\n<meta name=\"robots\" content=\"index, follow, max-snippet:-1, max-image-preview:large, max-video-preview:-1\" \/>\n<link rel=\"canonical\" href=\"https:\/\/slacktivity.ch\/fr\/shop\/primitive-slackline-set-30m-50m\/\" \/>\n<meta property=\"og:locale\" content=\"fr_FR\" \/>\n<meta property=\"og:type\" content=\"article\" \/>\n<meta property=\"og:title\" content=\"Primitive Slackline Set | 30m &amp; 50m - SLACKTIVITY Slackline Shop Schweiz\" \/>\n<meta property=\"og:description\" content=\"Le Primitive est le set id\u00e9al entre nos kits d\u00e9butants (Minimum, Allround &amp; Experience) et le syst\u00e8me de palan HangOver \u2013 l\u00e9ger, abordable et malin.\" \/>\n<meta property=\"og:url\" content=\"https:\/\/slacktivity.ch\/fr\/shop\/primitive-slackline-set-30m-50m\/\" \/>\n<meta property=\"og:site_name\" content=\"SLACKTIVITY Slackline Shop Schweiz\" \/>\n<meta property=\"article:modified_time\" content=\"2026-05-09T20:10:06+00:00\" \/>\n<meta property=\"og:image\" content=\"https:\/\/slacktivity.ch\/wp-content\/uploads\/2025\/10\/primitive.png\" \/>\n\t<meta property=\"og:image:width\" content=\"1080\" \/>\n\t<meta property=\"og:image:height\" content=\"1080\" \/>\n\t<meta property=\"og:image:type\" content=\"image\/png\" \/>\n<meta name=\"twitter:card\" content=\"summary_large_image\" \/>\n<script type=\"application\/ld+json\" class=\"yoast-schema-graph\">{\"@context\":\"https:\\\/\\\/schema.org\",\"@graph\":[{\"@type\":\"WebPage\",\"@id\":\"https:\\\/\\\/slacktivity.ch\\\/fr\\\/shop\\\/primitive-slackline-set-30m-50m\\\/\",\"url\":\"https:\\\/\\\/slacktivity.ch\\\/fr\\\/shop\\\/primitive-slackline-set-30m-50m\\\/\",\"name\":\"Primitive Slackline Set | 30m &amp; 50m - SLACKTIVITY Slackline Shop Schweiz\",\"isPartOf\":{\"@id\":\"https:\\\/\\\/slacktivity.ch\\\/fr\\\/#website\"},\"primaryImageOfPage\":{\"@id\":\"https:\\\/\\\/slacktivity.ch\\\/fr\\\/shop\\\/primitive-slackline-set-30m-50m\\\/#primaryimage\"},\"image\":{\"@id\":\"https:\\\/\\\/slacktivity.ch\\\/fr\\\/shop\\\/primitive-slackline-set-30m-50m\\\/#primaryimage\"},\"thumbnailUrl\":\"https:\\\/\\\/slacktivity.ch\\\/wp-content\\\/uploads\\\/2025\\\/10\\\/primitive.png\",\"datePublished\":\"2025-10-22T18:06:59+00:00\",\"dateModified\":\"2026-05-09T20:10:06+00:00\",\"breadcrumb\":{\"@id\":\"https:\\\/\\\/slacktivity.ch\\\/fr\\\/shop\\\/primitive-slackline-set-30m-50m\\\/#breadcrumb\"},\"inLanguage\":\"fr-FR\",\"potentialAction\":[{\"@type\":\"ReadAction\",\"target\":[\"https:\\\/\\\/slacktivity.ch\\\/fr\\\/shop\\\/primitive-slackline-set-30m-50m\\\/\"]}]},{\"@type\":\"ImageObject\",\"inLanguage\":\"fr-FR\",\"@id\":\"https:\\\/\\\/slacktivity.ch\\\/fr\\\/shop\\\/primitive-slackline-set-30m-50m\\\/#primaryimage\",\"url\":\"https:\\\/\\\/slacktivity.ch\\\/wp-content\\\/uploads\\\/2025\\\/10\\\/primitive.png\",\"contentUrl\":\"https:\\\/\\\/slacktivity.ch\\\/wp-content\\\/uploads\\\/2025\\\/10\\\/primitive.png\",\"width\":1080,\"height\":1080,\"caption\":\"Primitive Slackline Set\"},{\"@type\":\"BreadcrumbList\",\"@id\":\"https:\\\/\\\/slacktivity.ch\\\/fr\\\/shop\\\/primitive-slackline-set-30m-50m\\\/#breadcrumb\",\"itemListElement\":[{\"@type\":\"ListItem\",\"position\":1,\"name\":\"Home\",\"item\":\"https:\\\/\\\/slacktivity.ch\\\/fr\\\/\"},{\"@type\":\"ListItem\",\"position\":2,\"name\":\"Boutique\",\"item\":\"https:\\\/\\\/slacktivity.ch\\\/fr\\\/boutique\\\/\"},{\"@type\":\"ListItem\",\"position\":3,\"name\":\"Primitive Slackline Set | 30m &amp; 50m\"}]},{\"@type\":\"WebSite\",\"@id\":\"https:\\\/\\\/slacktivity.ch\\\/fr\\\/#website\",\"url\":\"https:\\\/\\\/slacktivity.ch\\\/fr\\\/\",\"name\":\"SLACKTIVITY Slackline Shop Schweiz\",\"description\":\"Ensembles de slackline de haute qualit\u00e9 avec montage facile, produits innovants Highline et accessoires de slackline acheter en ligne. Pour les enfants, les d\u00e9butants et les professionnels.\",\"publisher\":{\"@id\":\"https:\\\/\\\/slacktivity.ch\\\/fr\\\/#organization\"},\"potentialAction\":[{\"@type\":\"SearchAction\",\"target\":{\"@type\":\"EntryPoint\",\"urlTemplate\":\"https:\\\/\\\/slacktivity.ch\\\/fr\\\/?s={search_term_string}\"},\"query-input\":{\"@type\":\"PropertyValueSpecification\",\"valueRequired\":true,\"valueName\":\"search_term_string\"}}],\"inLanguage\":\"fr-FR\"},{\"@type\":\"Organization\",\"@id\":\"https:\\\/\\\/slacktivity.ch\\\/fr\\\/#organization\",\"name\":\"SLACKTIVITY Slackline Shop Schweiz\",\"url\":\"https:\\\/\\\/slacktivity.ch\\\/fr\\\/\",\"logo\":{\"@type\":\"ImageObject\",\"inLanguage\":\"fr-FR\",\"@id\":\"https:\\\/\\\/slacktivity.ch\\\/fr\\\/#\\\/schema\\\/logo\\\/image\\\/\",\"url\":\"https:\\\/\\\/slacktivity.ch\\\/wp-content\\\/uploads\\\/2021\\\/01\\\/slacktivity-slackline-online-shop-1.png\",\"contentUrl\":\"https:\\\/\\\/slacktivity.ch\\\/wp-content\\\/uploads\\\/2021\\\/01\\\/slacktivity-slackline-online-shop-1.png\",\"width\":200,\"height\":77,\"caption\":\"SLACKTIVITY Slackline Shop Schweiz\"},\"image\":{\"@id\":\"https:\\\/\\\/slacktivity.ch\\\/fr\\\/#\\\/schema\\\/logo\\\/image\\\/\"}}]}<\/script>\n<!-- \/ Yoast SEO plugin. -->","yoast_head_json":{"title":"Primitive Slackline Set | 30m &amp; 50m - SLACKTIVITY Slackline Shop Schweiz","robots":{"index":"index","follow":"follow","max-snippet":"max-snippet:-1","max-image-preview":"max-image-preview:large","max-video-preview":"max-video-preview:-1"},"canonical":"https:\/\/slacktivity.ch\/fr\/shop\/primitive-slackline-set-30m-50m\/","og_locale":"fr_FR","og_type":"article","og_title":"Primitive Slackline Set | 30m &amp; 50m - SLACKTIVITY Slackline Shop Schweiz","og_description":"Le Primitive est le set id\u00e9al entre nos kits d\u00e9butants (Minimum, Allround &amp; Experience) et le syst\u00e8me de palan HangOver \u2013 l\u00e9ger, abordable et malin.","og_url":"https:\/\/slacktivity.ch\/fr\/shop\/primitive-slackline-set-30m-50m\/","og_site_name":"SLACKTIVITY Slackline Shop Schweiz","article_modified_time":"2026-05-09T20:10:06+00:00","og_image":[{"width":1080,"height":1080,"url":"https:\/\/slacktivity.ch\/wp-content\/uploads\/2025\/10\/primitive.png","type":"image\/png"}],"twitter_card":"summary_large_image","schema":{"@context":"https:\/\/schema.org","@graph":[{"@type":"WebPage","@id":"https:\/\/slacktivity.ch\/fr\/shop\/primitive-slackline-set-30m-50m\/","url":"https:\/\/slacktivity.ch\/fr\/shop\/primitive-slackline-set-30m-50m\/","name":"Primitive Slackline Set | 30m &amp; 50m - SLACKTIVITY Slackline Shop Schweiz","isPartOf":{"@id":"https:\/\/slacktivity.ch\/fr\/#website"},"primaryImageOfPage":{"@id":"https:\/\/slacktivity.ch\/fr\/shop\/primitive-slackline-set-30m-50m\/#primaryimage"},"image":{"@id":"https:\/\/slacktivity.ch\/fr\/shop\/primitive-slackline-set-30m-50m\/#primaryimage"},"thumbnailUrl":"https:\/\/slacktivity.ch\/wp-content\/uploads\/2025\/10\/primitive.png","datePublished":"2025-10-22T18:06:59+00:00","dateModified":"2026-05-09T20:10:06+00:00","breadcrumb":{"@id":"https:\/\/slacktivity.ch\/fr\/shop\/primitive-slackline-set-30m-50m\/#breadcrumb"},"inLanguage":"fr-FR","potentialAction":[{"@type":"ReadAction","target":["https:\/\/slacktivity.ch\/fr\/shop\/primitive-slackline-set-30m-50m\/"]}]},{"@type":"ImageObject","inLanguage":"fr-FR","@id":"https:\/\/slacktivity.ch\/fr\/shop\/primitive-slackline-set-30m-50m\/#primaryimage","url":"https:\/\/slacktivity.ch\/wp-content\/uploads\/2025\/10\/primitive.png","contentUrl":"https:\/\/slacktivity.ch\/wp-content\/uploads\/2025\/10\/primitive.png","width":1080,"height":1080,"caption":"Primitive Slackline Set"},{"@type":"BreadcrumbList","@id":"https:\/\/slacktivity.ch\/fr\/shop\/primitive-slackline-set-30m-50m\/#breadcrumb","itemListElement":[{"@type":"ListItem","position":1,"name":"Home","item":"https:\/\/slacktivity.ch\/fr\/"},{"@type":"ListItem","position":2,"name":"Boutique","item":"https:\/\/slacktivity.ch\/fr\/boutique\/"},{"@type":"ListItem","position":3,"name":"Primitive Slackline Set | 30m &amp; 50m"}]},{"@type":"WebSite","@id":"https:\/\/slacktivity.ch\/fr\/#website","url":"https:\/\/slacktivity.ch\/fr\/","name":"SLACKTIVITY Slackline Shop Schweiz","description":"Ensembles de slackline de haute qualit\u00e9 avec montage facile, produits innovants Highline et accessoires de slackline acheter en ligne. Pour les enfants, les d\u00e9butants et les professionnels.","publisher":{"@id":"https:\/\/slacktivity.ch\/fr\/#organization"},"potentialAction":[{"@type":"SearchAction","target":{"@type":"EntryPoint","urlTemplate":"https:\/\/slacktivity.ch\/fr\/?s={search_term_string}"},"query-input":{"@type":"PropertyValueSpecification","valueRequired":true,"valueName":"search_term_string"}}],"inLanguage":"fr-FR"},{"@type":"Organization","@id":"https:\/\/slacktivity.ch\/fr\/#organization","name":"SLACKTIVITY Slackline Shop Schweiz","url":"https:\/\/slacktivity.ch\/fr\/","logo":{"@type":"ImageObject","inLanguage":"fr-FR","@id":"https:\/\/slacktivity.ch\/fr\/#\/schema\/logo\/image\/","url":"https:\/\/slacktivity.ch\/wp-content\/uploads\/2021\/01\/slacktivity-slackline-online-shop-1.png","contentUrl":"https:\/\/slacktivity.ch\/wp-content\/uploads\/2021\/01\/slacktivity-slackline-online-shop-1.png","width":200,"height":77,"caption":"SLACKTIVITY Slackline Shop Schweiz"},"image":{"@id":"https:\/\/slacktivity.ch\/fr\/#\/schema\/logo\/image\/"}}]}},"_links":{"self":[{"href":"https:\/\/slacktivity.ch\/fr\/wp-json\/wp\/v2\/product\/13550","targetHints":{"allow":["GET"]}}],"collection":[{"href":"https:\/\/slacktivity.ch\/fr\/wp-json\/wp\/v2\/product"}],"about":[{"href":"https:\/\/slacktivity.ch\/fr\/wp-json\/wp\/v2\/types\/product"}],"replies":[{"embeddable":true,"href":"https:\/\/slacktivity.ch\/fr\/wp-json\/wp\/v2\/comments?post=13550"}],"wp:featuredmedia":[{"embeddable":true,"href":"https:\/\/slacktivity.ch\/fr\/wp-json\/wp\/v2\/media\/13206"}],"wp:attachment":[{"href":"https:\/\/slacktivity.ch\/fr\/wp-json\/wp\/v2\/media?parent=13550"}],"wp:term":[{"taxonomy":"product_cat","embeddable":true,"href":"https:\/\/slacktivity.ch\/fr\/wp-json\/wp\/v2\/product_cat?post=13550"},{"taxonomy":"product_tag","embeddable":true,"href":"https:\/\/slacktivity.ch\/fr\/wp-json\/wp\/v2\/product_tag?post=13550"}],"curies":[{"name":"wp","href":"https:\/\/api.w.org\/{rel}","templated":true}]}}