{"id":13555,"date":"2021-02-22T15:54:02","date_gmt":"2021-02-22T15:54:02","guid":{"rendered":"https:\/\/slacktivity.ch\/?post_type=product&#038;p=13555"},"modified":"2026-05-01T17:35:04","modified_gmt":"2026-05-01T15:35:04","slug":"halbmarathon-50m-300m","status":"publish","type":"product","link":"https:\/\/slacktivity.ch\/fr\/shop\/halbmarathon-50m-300m\/","title":{"rendered":"halbMarathon | 50m &#8211; 300m"},"content":{"rendered":"<h2>SLACKTIVITY halbMarathon | Sangle Slackline 20mm<\/h2>\n<p>La sangle SLACKTIVITY halbMarathon est parfaitement adapt\u00e9e pour tendre des slacklines sur de longues distances. Gr\u00e2ce au faible allongement, la mise en tension est rapide. Le tissage en 3 couches garantit que les fibres ext\u00e9rieures sont moins sollicit\u00e9es que les fibres int\u00e9rieures. Ainsi, la sangle est l\u00e9g\u00e8rement plus r\u00e9sistante \u00e0 l&rsquo;abrasion sous tension que les sangles conventionnelles et se sent plus douce sous les pieds. Malgr\u00e9 les hautes performances de la sangle, les bords sont arrondis et ne coupent pas les pieds. Pour fixer le halbMarathon, le seaHorse Weblock avec espaceurs ou le KingPin-Weblock pour les rodeo lines est recommand\u00e9.<\/p>\n<p>En r\u00e9sum\u00e9 : la sangle parfaite pour les distances \u00e0 partir de 100m pour battre son record personnel de longline \u2013 ou comme l&rsquo;athl\u00e8te SLACKTIVITY Samuel Volery, le record du monde de longline.<\/p>\n<h3>Sp\u00e9cifications<\/h3>\n<ul>\n<li>Allongement \u00e0 10kN : 4.5%<\/li>\n<li>Charge de rupture (machine de traction) : 28kN<\/li>\n<li>Mati\u00e8re : 100% Polyester<\/li>\n<li>Construction : sangle plate, construction noyau-gaine, architecture Form-8<\/li>\n<li>\u00c9paisseur : 2.6mm<\/li>\n<li>Poids : 48.5g\/m<\/li>\n<\/ul>\n<h3>Avantages du halbMarathon SLACKTIVITY par rapport aux sangles 25mm<\/h3>\n<ul>\n<li>Volume de rangement r\u00e9duit<\/li>\n<li>Moins de r\u00e9sistance au vent<\/li>\n<li>R\u00e9sistance \u00e0 la rupture en n\u0153ud plus \u00e9lev\u00e9e<\/li>\n<li>Les boucles backup sont plus faciles \u00e0 aligner (Main : 25mm \/ Backup : halbMarathon)<\/li>\n<\/ul>\n<h3>Remarque<\/h3>\n<p>Pour tendre correctement le SLACKTIVITY halbMarathon, deux espaceurs par seaHorse (LineLocker) sont n\u00e9cessaires. C&rsquo;est pourquoi les espaceurs n\u00e9cessaires sont fournis gratuitement. (Les espaceurs sont uniquement compatibles avec le seaHorse.)<\/p>\n","protected":false},"excerpt":{"rendered":"<p>Sangle Polyester Haute Technologie avec un poids et un volume de rangement tr\u00e8s faibles \u2013 c&rsquo;est le halbMarathon de SLACKTIVITY. Un avantage particuli\u00e8rement utile lors des ascensions en montagne. Id\u00e9al \u00e9galement comme sangle de backup pour l&rsquo;entra\u00eenement highline.<\/p>\n","protected":false},"featured_media":6990,"comment_status":"open","ping_status":"closed","template":"","meta":{"_acf_changed":false,"_joinchat":[]},"product_cat":[727,655],"product_tag":[],"class_list":{"0":"post-13555","1":"product","2":"type-product","3":"status-publish","4":"has-post-thumbnail","6":"product_cat-sangle-slackline","7":"product_cat-sangles","9":"first","10":"outofstock","11":"taxable","12":"shipping-taxable","13":"purchasable","14":"product-type-variable","15":"has-default-attributes"},"acf":[],"yoast_head":"<!-- This site is optimized with the Yoast SEO plugin v27.5 - https:\/\/yoast.com\/product\/yoast-seo-wordpress\/ -->\n<title>halbMarathon | 50m - 300m - SLACKTIVITY Slackline Shop Schweiz<\/title>\n<meta name=\"robots\" content=\"index, follow, max-snippet:-1, max-image-preview:large, max-video-preview:-1\" \/>\n<link rel=\"canonical\" href=\"https:\/\/slacktivity.ch\/fr\/shop\/halbmarathon-50m-300m\/\" \/>\n<meta property=\"og:locale\" content=\"fr_FR\" \/>\n<meta property=\"og:type\" content=\"article\" \/>\n<meta property=\"og:title\" content=\"halbMarathon | 50m - 300m - SLACKTIVITY Slackline Shop Schweiz\" \/>\n<meta property=\"og:description\" content=\"Sangle Polyester Haute Technologie avec un poids et un volume de rangement tr\u00e8s faibles \u2013 c&#039;est le halbMarathon de SLACKTIVITY. Un avantage particuli\u00e8rement utile lors des ascensions en montagne. Id\u00e9al \u00e9galement comme sangle de backup pour l&#039;entra\u00eenement highline.\" \/>\n<meta property=\"og:url\" content=\"https:\/\/slacktivity.ch\/fr\/shop\/halbmarathon-50m-300m\/\" \/>\n<meta property=\"og:site_name\" content=\"SLACKTIVITY Slackline Shop Schweiz\" \/>\n<meta property=\"article:modified_time\" content=\"2026-05-01T15:35:04+00:00\" \/>\n<meta property=\"og:image\" content=\"https:\/\/slacktivity.ch\/wp-content\/uploads\/2021\/02\/halbmarathon-slacktivity.jpg\" \/>\n\t<meta property=\"og:image:width\" content=\"1180\" \/>\n\t<meta property=\"og:image:height\" content=\"1377\" \/>\n\t<meta property=\"og:image:type\" content=\"image\/jpeg\" \/>\n<meta name=\"twitter:card\" content=\"summary_large_image\" \/>\n<script type=\"application\/ld+json\" class=\"yoast-schema-graph\">{\"@context\":\"https:\\\/\\\/schema.org\",\"@graph\":[{\"@type\":\"WebPage\",\"@id\":\"https:\\\/\\\/slacktivity.ch\\\/fr\\\/shop\\\/halbmarathon-50m-300m\\\/\",\"url\":\"https:\\\/\\\/slacktivity.ch\\\/fr\\\/shop\\\/halbmarathon-50m-300m\\\/\",\"name\":\"halbMarathon | 50m - 300m - SLACKTIVITY Slackline Shop Schweiz\",\"isPartOf\":{\"@id\":\"https:\\\/\\\/slacktivity.ch\\\/fr\\\/#website\"},\"primaryImageOfPage\":{\"@id\":\"https:\\\/\\\/slacktivity.ch\\\/fr\\\/shop\\\/halbmarathon-50m-300m\\\/#primaryimage\"},\"image\":{\"@id\":\"https:\\\/\\\/slacktivity.ch\\\/fr\\\/shop\\\/halbmarathon-50m-300m\\\/#primaryimage\"},\"thumbnailUrl\":\"https:\\\/\\\/slacktivity.ch\\\/wp-content\\\/uploads\\\/2021\\\/02\\\/halbmarathon-slacktivity.jpg\",\"datePublished\":\"2021-02-22T15:54:02+00:00\",\"dateModified\":\"2026-05-01T15:35:04+00:00\",\"breadcrumb\":{\"@id\":\"https:\\\/\\\/slacktivity.ch\\\/fr\\\/shop\\\/halbmarathon-50m-300m\\\/#breadcrumb\"},\"inLanguage\":\"fr-FR\",\"potentialAction\":[{\"@type\":\"ReadAction\",\"target\":[\"https:\\\/\\\/slacktivity.ch\\\/fr\\\/shop\\\/halbmarathon-50m-300m\\\/\"]}]},{\"@type\":\"ImageObject\",\"inLanguage\":\"fr-FR\",\"@id\":\"https:\\\/\\\/slacktivity.ch\\\/fr\\\/shop\\\/halbmarathon-50m-300m\\\/#primaryimage\",\"url\":\"https:\\\/\\\/slacktivity.ch\\\/wp-content\\\/uploads\\\/2021\\\/02\\\/halbmarathon-slacktivity.jpg\",\"contentUrl\":\"https:\\\/\\\/slacktivity.ch\\\/wp-content\\\/uploads\\\/2021\\\/02\\\/halbmarathon-slacktivity.jpg\",\"width\":1180,\"height\":1377,\"caption\":\"halbmarathon slacktivity\"},{\"@type\":\"BreadcrumbList\",\"@id\":\"https:\\\/\\\/slacktivity.ch\\\/fr\\\/shop\\\/halbmarathon-50m-300m\\\/#breadcrumb\",\"itemListElement\":[{\"@type\":\"ListItem\",\"position\":1,\"name\":\"Home\",\"item\":\"https:\\\/\\\/slacktivity.ch\\\/fr\\\/\"},{\"@type\":\"ListItem\",\"position\":2,\"name\":\"Boutique\",\"item\":\"https:\\\/\\\/slacktivity.ch\\\/fr\\\/boutique\\\/\"},{\"@type\":\"ListItem\",\"position\":3,\"name\":\"halbMarathon | 50m &#8211; 300m\"}]},{\"@type\":\"WebSite\",\"@id\":\"https:\\\/\\\/slacktivity.ch\\\/fr\\\/#website\",\"url\":\"https:\\\/\\\/slacktivity.ch\\\/fr\\\/\",\"name\":\"SLACKTIVITY Slackline Shop Schweiz\",\"description\":\"Ensembles de slackline de haute qualit\u00e9 avec montage facile, produits innovants Highline et accessoires de slackline acheter en ligne. Pour les enfants, les d\u00e9butants et les professionnels.\",\"publisher\":{\"@id\":\"https:\\\/\\\/slacktivity.ch\\\/fr\\\/#organization\"},\"potentialAction\":[{\"@type\":\"SearchAction\",\"target\":{\"@type\":\"EntryPoint\",\"urlTemplate\":\"https:\\\/\\\/slacktivity.ch\\\/fr\\\/?s={search_term_string}\"},\"query-input\":{\"@type\":\"PropertyValueSpecification\",\"valueRequired\":true,\"valueName\":\"search_term_string\"}}],\"inLanguage\":\"fr-FR\"},{\"@type\":\"Organization\",\"@id\":\"https:\\\/\\\/slacktivity.ch\\\/fr\\\/#organization\",\"name\":\"SLACKTIVITY Slackline Shop Schweiz\",\"url\":\"https:\\\/\\\/slacktivity.ch\\\/fr\\\/\",\"logo\":{\"@type\":\"ImageObject\",\"inLanguage\":\"fr-FR\",\"@id\":\"https:\\\/\\\/slacktivity.ch\\\/fr\\\/#\\\/schema\\\/logo\\\/image\\\/\",\"url\":\"https:\\\/\\\/slacktivity.ch\\\/wp-content\\\/uploads\\\/2021\\\/01\\\/slacktivity-slackline-online-shop-1.png\",\"contentUrl\":\"https:\\\/\\\/slacktivity.ch\\\/wp-content\\\/uploads\\\/2021\\\/01\\\/slacktivity-slackline-online-shop-1.png\",\"width\":200,\"height\":77,\"caption\":\"SLACKTIVITY Slackline Shop Schweiz\"},\"image\":{\"@id\":\"https:\\\/\\\/slacktivity.ch\\\/fr\\\/#\\\/schema\\\/logo\\\/image\\\/\"}}]}<\/script>\n<!-- \/ Yoast SEO plugin. -->","yoast_head_json":{"title":"halbMarathon | 50m - 300m - SLACKTIVITY Slackline Shop Schweiz","robots":{"index":"index","follow":"follow","max-snippet":"max-snippet:-1","max-image-preview":"max-image-preview:large","max-video-preview":"max-video-preview:-1"},"canonical":"https:\/\/slacktivity.ch\/fr\/shop\/halbmarathon-50m-300m\/","og_locale":"fr_FR","og_type":"article","og_title":"halbMarathon | 50m - 300m - SLACKTIVITY Slackline Shop Schweiz","og_description":"Sangle Polyester Haute Technologie avec un poids et un volume de rangement tr\u00e8s faibles \u2013 c'est le halbMarathon de SLACKTIVITY. Un avantage particuli\u00e8rement utile lors des ascensions en montagne. Id\u00e9al \u00e9galement comme sangle de backup pour l'entra\u00eenement highline.","og_url":"https:\/\/slacktivity.ch\/fr\/shop\/halbmarathon-50m-300m\/","og_site_name":"SLACKTIVITY Slackline Shop Schweiz","article_modified_time":"2026-05-01T15:35:04+00:00","og_image":[{"width":1180,"height":1377,"url":"https:\/\/slacktivity.ch\/wp-content\/uploads\/2021\/02\/halbmarathon-slacktivity.jpg","type":"image\/jpeg"}],"twitter_card":"summary_large_image","schema":{"@context":"https:\/\/schema.org","@graph":[{"@type":"WebPage","@id":"https:\/\/slacktivity.ch\/fr\/shop\/halbmarathon-50m-300m\/","url":"https:\/\/slacktivity.ch\/fr\/shop\/halbmarathon-50m-300m\/","name":"halbMarathon | 50m - 300m - SLACKTIVITY Slackline Shop Schweiz","isPartOf":{"@id":"https:\/\/slacktivity.ch\/fr\/#website"},"primaryImageOfPage":{"@id":"https:\/\/slacktivity.ch\/fr\/shop\/halbmarathon-50m-300m\/#primaryimage"},"image":{"@id":"https:\/\/slacktivity.ch\/fr\/shop\/halbmarathon-50m-300m\/#primaryimage"},"thumbnailUrl":"https:\/\/slacktivity.ch\/wp-content\/uploads\/2021\/02\/halbmarathon-slacktivity.jpg","datePublished":"2021-02-22T15:54:02+00:00","dateModified":"2026-05-01T15:35:04+00:00","breadcrumb":{"@id":"https:\/\/slacktivity.ch\/fr\/shop\/halbmarathon-50m-300m\/#breadcrumb"},"inLanguage":"fr-FR","potentialAction":[{"@type":"ReadAction","target":["https:\/\/slacktivity.ch\/fr\/shop\/halbmarathon-50m-300m\/"]}]},{"@type":"ImageObject","inLanguage":"fr-FR","@id":"https:\/\/slacktivity.ch\/fr\/shop\/halbmarathon-50m-300m\/#primaryimage","url":"https:\/\/slacktivity.ch\/wp-content\/uploads\/2021\/02\/halbmarathon-slacktivity.jpg","contentUrl":"https:\/\/slacktivity.ch\/wp-content\/uploads\/2021\/02\/halbmarathon-slacktivity.jpg","width":1180,"height":1377,"caption":"halbmarathon slacktivity"},{"@type":"BreadcrumbList","@id":"https:\/\/slacktivity.ch\/fr\/shop\/halbmarathon-50m-300m\/#breadcrumb","itemListElement":[{"@type":"ListItem","position":1,"name":"Home","item":"https:\/\/slacktivity.ch\/fr\/"},{"@type":"ListItem","position":2,"name":"Boutique","item":"https:\/\/slacktivity.ch\/fr\/boutique\/"},{"@type":"ListItem","position":3,"name":"halbMarathon | 50m &#8211; 300m"}]},{"@type":"WebSite","@id":"https:\/\/slacktivity.ch\/fr\/#website","url":"https:\/\/slacktivity.ch\/fr\/","name":"SLACKTIVITY Slackline Shop Schweiz","description":"Ensembles de slackline de haute qualit\u00e9 avec montage facile, produits innovants Highline et accessoires de slackline acheter en ligne. Pour les enfants, les d\u00e9butants et les professionnels.","publisher":{"@id":"https:\/\/slacktivity.ch\/fr\/#organization"},"potentialAction":[{"@type":"SearchAction","target":{"@type":"EntryPoint","urlTemplate":"https:\/\/slacktivity.ch\/fr\/?s={search_term_string}"},"query-input":{"@type":"PropertyValueSpecification","valueRequired":true,"valueName":"search_term_string"}}],"inLanguage":"fr-FR"},{"@type":"Organization","@id":"https:\/\/slacktivity.ch\/fr\/#organization","name":"SLACKTIVITY Slackline Shop Schweiz","url":"https:\/\/slacktivity.ch\/fr\/","logo":{"@type":"ImageObject","inLanguage":"fr-FR","@id":"https:\/\/slacktivity.ch\/fr\/#\/schema\/logo\/image\/","url":"https:\/\/slacktivity.ch\/wp-content\/uploads\/2021\/01\/slacktivity-slackline-online-shop-1.png","contentUrl":"https:\/\/slacktivity.ch\/wp-content\/uploads\/2021\/01\/slacktivity-slackline-online-shop-1.png","width":200,"height":77,"caption":"SLACKTIVITY Slackline Shop Schweiz"},"image":{"@id":"https:\/\/slacktivity.ch\/fr\/#\/schema\/logo\/image\/"}}]}},"_links":{"self":[{"href":"https:\/\/slacktivity.ch\/fr\/wp-json\/wp\/v2\/product\/13555","targetHints":{"allow":["GET"]}}],"collection":[{"href":"https:\/\/slacktivity.ch\/fr\/wp-json\/wp\/v2\/product"}],"about":[{"href":"https:\/\/slacktivity.ch\/fr\/wp-json\/wp\/v2\/types\/product"}],"replies":[{"embeddable":true,"href":"https:\/\/slacktivity.ch\/fr\/wp-json\/wp\/v2\/comments?post=13555"}],"wp:featuredmedia":[{"embeddable":true,"href":"https:\/\/slacktivity.ch\/fr\/wp-json\/wp\/v2\/media\/6990"}],"wp:attachment":[{"href":"https:\/\/slacktivity.ch\/fr\/wp-json\/wp\/v2\/media?parent=13555"}],"wp:term":[{"taxonomy":"product_cat","embeddable":true,"href":"https:\/\/slacktivity.ch\/fr\/wp-json\/wp\/v2\/product_cat?post=13555"},{"taxonomy":"product_tag","embeddable":true,"href":"https:\/\/slacktivity.ch\/fr\/wp-json\/wp\/v2\/product_tag?post=13555"}],"curies":[{"name":"wp","href":"https:\/\/api.w.org\/{rel}","templated":true}]}}