{"id":13571,"date":"2021-06-07T14:03:56","date_gmt":"2021-06-07T12:03:56","guid":{"rendered":"https:\/\/slacktivity.ch\/?post_type=product&#038;p=13571"},"modified":"2026-05-01T17:33:43","modified_gmt":"2026-05-01T15:33:43","slug":"2faces-slacklineband-50m-100m","status":"publish","type":"product","link":"https:\/\/slacktivity.ch\/fr\/shop\/2faces-slacklineband-50m-100m\/","title":{"rendered":"Sangle Longline 2FACES | 50m &#8211; 100m"},"content":{"rendered":"<h2>2FACES \u2013 la sangle pour le park<\/h2>\n<p>Prenez la dynamique polyester ludique de la Marathon PLAY Slackline et combinez-la avec le design unique de la Black&amp;White Line \u2013 et voil\u00e0 : la sangle 2FACES est l\u00e0 pour am\u00e9liorer vos skills de longline freestyle lors de sessions fluides dans le park, ou simplement pour cruiser sur de longues lignes. La sangle 2FACES a bien moins d&rsquo;allongement que, par exemple, la pinkTube ou la redTube, ce qui permet de l&rsquo;installer plus facilement sur de grandes longueurs dans le park.<\/p>\n<p>Le nom 2FACES est non seulement visuellement parlant \u2013 les deux c\u00f4t\u00e9s de la sangle se sentent clairement diff\u00e9rents. C&rsquo;est parce que les bords de la sangle sont l\u00e9g\u00e8rement courb\u00e9s vers le bas, de sorte que la sangle est agr\u00e9ablement ronde c\u00f4t\u00e9 noir. Ainsi, malgr\u00e9 son poids l\u00e9ger de seulement 55g\/m, cette sangle est tr\u00e8s agr\u00e9able sous les pieds.<\/p>\n<p>Pour faciliter l&rsquo;installation, des boucles cousues se trouvent aux deux extr\u00e9mit\u00e9s de la sangle. La slackline peut ainsi \u00eatre clipp\u00e9e directement sur la sangle d&rsquo;arbre avec un manillon. Pour s\u00e9curiser les boucles cousues, la T-Loop \u2013 invent\u00e9e par SLACKTIVITY \u2013 est int\u00e9gr\u00e9e dans la boucle d&rsquo;un c\u00f4t\u00e9 de la sangle.<\/p>\n<p>Pour fixer la 2FACES, le seaHorse Weblock est recommand\u00e9. Pour accrocher les boucles cousues, le KingPin est le meilleur choix.<\/p>\n<h3>Sp\u00e9cifications<\/h3>\n<ul>\n<li>Mati\u00e8re : Sangle plate polyester<\/li>\n<li>Largeur : 26mm<\/li>\n<li>Poids : 55g\/m<\/li>\n<li>Allongement : env. 7.2% \u00e0 10kN, comparable \u00e0 la Marathon PLAY<\/li>\n<li>MBS (R\u00e9sistance minimale \u00e0 la rupture) sangle (Batch 2020) : 23.7kN<\/li>\n<li>MBS Main-Loop (Batch 2020) : 23kN (mesures : 23.7kN)<\/li>\n<\/ul>\n<h3>\u00c9quipement de la sangle 2FACES<\/h3>\n<ul>\n<li>Boucles cousues aux deux extr\u00e9mit\u00e9s<\/li>\n<li>T-Loop pour la s\u00e9curisation au point fixe, int\u00e9gr\u00e9e dans la boucle cousue<\/li>\n<li>Architecture unique \u00e0 deux faces<\/li>\n<li>Sangle sp\u00e9cialement tiss\u00e9e pour une surface id\u00e9ale avec un bon grip<\/li>\n<\/ul>\n","protected":false},"excerpt":{"rendered":"<p>La sangle 2FACES est id\u00e9ale pour le longlining dans le park ou au-dessus de l&rsquo;eau. Une dynamique agr\u00e9able, une surface sp\u00e9cialement tiss\u00e9e pour plus de grip et un design unique caract\u00e9risent ce webbing 25mm.<\/p>\n","protected":false},"featured_media":8698,"comment_status":"open","ping_status":"closed","template":"","meta":{"_acf_changed":false,"_joinchat":[]},"product_cat":[729,655],"product_tag":[],"class_list":{"0":"post-13571","1":"product","2":"type-product","3":"status-publish","4":"has-post-thumbnail","6":"product_cat-sangle-longline","7":"product_cat-sangles","9":"first","10":"instock","11":"taxable","12":"shipping-taxable","13":"purchasable","14":"product-type-variable","15":"has-default-attributes"},"acf":[],"yoast_head":"<!-- This site is optimized with the Yoast SEO plugin v27.4 - https:\/\/yoast.com\/product\/yoast-seo-wordpress\/ -->\n<title>Sangle Longline 2FACES | 50m - 100m - SLACKTIVITY Slackline Shop Schweiz<\/title>\n<meta name=\"robots\" content=\"index, follow, max-snippet:-1, max-image-preview:large, max-video-preview:-1\" \/>\n<link rel=\"canonical\" href=\"https:\/\/slacktivity.ch\/fr\/shop\/2faces-slacklineband-50m-100m\/\" \/>\n<meta property=\"og:locale\" content=\"fr_FR\" \/>\n<meta property=\"og:type\" content=\"article\" \/>\n<meta property=\"og:title\" content=\"Sangle Longline 2FACES | 50m - 100m - SLACKTIVITY Slackline Shop Schweiz\" \/>\n<meta property=\"og:description\" content=\"La sangle 2FACES est id\u00e9ale pour le longlining dans le park ou au-dessus de l&#039;eau. Une dynamique agr\u00e9able, une surface sp\u00e9cialement tiss\u00e9e pour plus de grip et un design unique caract\u00e9risent ce webbing 25mm.\" \/>\n<meta property=\"og:url\" content=\"https:\/\/slacktivity.ch\/fr\/shop\/2faces-slacklineband-50m-100m\/\" \/>\n<meta property=\"og:site_name\" content=\"SLACKTIVITY Slackline Shop Schweiz\" \/>\n<meta property=\"article:modified_time\" content=\"2026-05-01T15:33:43+00:00\" \/>\n<meta property=\"og:image\" content=\"https:\/\/slacktivity.ch\/wp-content\/uploads\/2021\/06\/2faces-slackline.jpg\" \/>\n\t<meta property=\"og:image:width\" content=\"1180\" \/>\n\t<meta property=\"og:image:height\" content=\"1377\" \/>\n\t<meta property=\"og:image:type\" content=\"image\/jpeg\" \/>\n<meta name=\"twitter:card\" content=\"summary_large_image\" \/>\n<meta name=\"twitter:label1\" content=\"Dur\u00e9e de lecture estim\u00e9e\" \/>\n\t<meta name=\"twitter:data1\" content=\"2 minutes\" \/>\n<script type=\"application\/ld+json\" class=\"yoast-schema-graph\">{\"@context\":\"https:\\\/\\\/schema.org\",\"@graph\":[{\"@type\":\"WebPage\",\"@id\":\"https:\\\/\\\/slacktivity.ch\\\/fr\\\/shop\\\/2faces-slacklineband-50m-100m\\\/\",\"url\":\"https:\\\/\\\/slacktivity.ch\\\/fr\\\/shop\\\/2faces-slacklineband-50m-100m\\\/\",\"name\":\"Sangle Longline 2FACES | 50m - 100m - SLACKTIVITY Slackline Shop Schweiz\",\"isPartOf\":{\"@id\":\"https:\\\/\\\/slacktivity.ch\\\/fr\\\/#website\"},\"primaryImageOfPage\":{\"@id\":\"https:\\\/\\\/slacktivity.ch\\\/fr\\\/shop\\\/2faces-slacklineband-50m-100m\\\/#primaryimage\"},\"image\":{\"@id\":\"https:\\\/\\\/slacktivity.ch\\\/fr\\\/shop\\\/2faces-slacklineband-50m-100m\\\/#primaryimage\"},\"thumbnailUrl\":\"https:\\\/\\\/slacktivity.ch\\\/wp-content\\\/uploads\\\/2021\\\/06\\\/2faces-slackline.jpg\",\"datePublished\":\"2021-06-07T12:03:56+00:00\",\"dateModified\":\"2026-05-01T15:33:43+00:00\",\"breadcrumb\":{\"@id\":\"https:\\\/\\\/slacktivity.ch\\\/fr\\\/shop\\\/2faces-slacklineband-50m-100m\\\/#breadcrumb\"},\"inLanguage\":\"fr-FR\",\"potentialAction\":[{\"@type\":\"ReadAction\",\"target\":[\"https:\\\/\\\/slacktivity.ch\\\/fr\\\/shop\\\/2faces-slacklineband-50m-100m\\\/\"]}]},{\"@type\":\"ImageObject\",\"inLanguage\":\"fr-FR\",\"@id\":\"https:\\\/\\\/slacktivity.ch\\\/fr\\\/shop\\\/2faces-slacklineband-50m-100m\\\/#primaryimage\",\"url\":\"https:\\\/\\\/slacktivity.ch\\\/wp-content\\\/uploads\\\/2021\\\/06\\\/2faces-slackline.jpg\",\"contentUrl\":\"https:\\\/\\\/slacktivity.ch\\\/wp-content\\\/uploads\\\/2021\\\/06\\\/2faces-slackline.jpg\",\"width\":1180,\"height\":1377,\"caption\":\"2faces slackline\"},{\"@type\":\"BreadcrumbList\",\"@id\":\"https:\\\/\\\/slacktivity.ch\\\/fr\\\/shop\\\/2faces-slacklineband-50m-100m\\\/#breadcrumb\",\"itemListElement\":[{\"@type\":\"ListItem\",\"position\":1,\"name\":\"Home\",\"item\":\"https:\\\/\\\/slacktivity.ch\\\/fr\\\/\"},{\"@type\":\"ListItem\",\"position\":2,\"name\":\"Boutique\",\"item\":\"https:\\\/\\\/slacktivity.ch\\\/fr\\\/boutique\\\/\"},{\"@type\":\"ListItem\",\"position\":3,\"name\":\"Sangle Longline 2FACES | 50m &#8211; 100m\"}]},{\"@type\":\"WebSite\",\"@id\":\"https:\\\/\\\/slacktivity.ch\\\/fr\\\/#website\",\"url\":\"https:\\\/\\\/slacktivity.ch\\\/fr\\\/\",\"name\":\"SLACKTIVITY Slackline Shop Schweiz\",\"description\":\"Ensembles de slackline de haute qualit\u00e9 avec montage facile, produits innovants Highline et accessoires de slackline acheter en ligne. Pour les enfants, les d\u00e9butants et les professionnels.\",\"publisher\":{\"@id\":\"https:\\\/\\\/slacktivity.ch\\\/fr\\\/#organization\"},\"potentialAction\":[{\"@type\":\"SearchAction\",\"target\":{\"@type\":\"EntryPoint\",\"urlTemplate\":\"https:\\\/\\\/slacktivity.ch\\\/fr\\\/?s={search_term_string}\"},\"query-input\":{\"@type\":\"PropertyValueSpecification\",\"valueRequired\":true,\"valueName\":\"search_term_string\"}}],\"inLanguage\":\"fr-FR\"},{\"@type\":\"Organization\",\"@id\":\"https:\\\/\\\/slacktivity.ch\\\/fr\\\/#organization\",\"name\":\"SLACKTIVITY Slackline Shop Schweiz\",\"url\":\"https:\\\/\\\/slacktivity.ch\\\/fr\\\/\",\"logo\":{\"@type\":\"ImageObject\",\"inLanguage\":\"fr-FR\",\"@id\":\"https:\\\/\\\/slacktivity.ch\\\/fr\\\/#\\\/schema\\\/logo\\\/image\\\/\",\"url\":\"https:\\\/\\\/slacktivity.ch\\\/wp-content\\\/uploads\\\/2021\\\/01\\\/slacktivity-slackline-online-shop-1.png\",\"contentUrl\":\"https:\\\/\\\/slacktivity.ch\\\/wp-content\\\/uploads\\\/2021\\\/01\\\/slacktivity-slackline-online-shop-1.png\",\"width\":200,\"height\":77,\"caption\":\"SLACKTIVITY Slackline Shop Schweiz\"},\"image\":{\"@id\":\"https:\\\/\\\/slacktivity.ch\\\/fr\\\/#\\\/schema\\\/logo\\\/image\\\/\"}}]}<\/script>\n<!-- \/ Yoast SEO plugin. -->","yoast_head_json":{"title":"Sangle Longline 2FACES | 50m - 100m - SLACKTIVITY Slackline Shop Schweiz","robots":{"index":"index","follow":"follow","max-snippet":"max-snippet:-1","max-image-preview":"max-image-preview:large","max-video-preview":"max-video-preview:-1"},"canonical":"https:\/\/slacktivity.ch\/fr\/shop\/2faces-slacklineband-50m-100m\/","og_locale":"fr_FR","og_type":"article","og_title":"Sangle Longline 2FACES | 50m - 100m - SLACKTIVITY Slackline Shop Schweiz","og_description":"La sangle 2FACES est id\u00e9ale pour le longlining dans le park ou au-dessus de l'eau. Une dynamique agr\u00e9able, une surface sp\u00e9cialement tiss\u00e9e pour plus de grip et un design unique caract\u00e9risent ce webbing 25mm.","og_url":"https:\/\/slacktivity.ch\/fr\/shop\/2faces-slacklineband-50m-100m\/","og_site_name":"SLACKTIVITY Slackline Shop Schweiz","article_modified_time":"2026-05-01T15:33:43+00:00","og_image":[{"width":1180,"height":1377,"url":"https:\/\/slacktivity.ch\/wp-content\/uploads\/2021\/06\/2faces-slackline.jpg","type":"image\/jpeg"}],"twitter_card":"summary_large_image","twitter_misc":{"Dur\u00e9e de lecture estim\u00e9e":"2 minutes"},"schema":{"@context":"https:\/\/schema.org","@graph":[{"@type":"WebPage","@id":"https:\/\/slacktivity.ch\/fr\/shop\/2faces-slacklineband-50m-100m\/","url":"https:\/\/slacktivity.ch\/fr\/shop\/2faces-slacklineband-50m-100m\/","name":"Sangle Longline 2FACES | 50m - 100m - SLACKTIVITY Slackline Shop Schweiz","isPartOf":{"@id":"https:\/\/slacktivity.ch\/fr\/#website"},"primaryImageOfPage":{"@id":"https:\/\/slacktivity.ch\/fr\/shop\/2faces-slacklineband-50m-100m\/#primaryimage"},"image":{"@id":"https:\/\/slacktivity.ch\/fr\/shop\/2faces-slacklineband-50m-100m\/#primaryimage"},"thumbnailUrl":"https:\/\/slacktivity.ch\/wp-content\/uploads\/2021\/06\/2faces-slackline.jpg","datePublished":"2021-06-07T12:03:56+00:00","dateModified":"2026-05-01T15:33:43+00:00","breadcrumb":{"@id":"https:\/\/slacktivity.ch\/fr\/shop\/2faces-slacklineband-50m-100m\/#breadcrumb"},"inLanguage":"fr-FR","potentialAction":[{"@type":"ReadAction","target":["https:\/\/slacktivity.ch\/fr\/shop\/2faces-slacklineband-50m-100m\/"]}]},{"@type":"ImageObject","inLanguage":"fr-FR","@id":"https:\/\/slacktivity.ch\/fr\/shop\/2faces-slacklineband-50m-100m\/#primaryimage","url":"https:\/\/slacktivity.ch\/wp-content\/uploads\/2021\/06\/2faces-slackline.jpg","contentUrl":"https:\/\/slacktivity.ch\/wp-content\/uploads\/2021\/06\/2faces-slackline.jpg","width":1180,"height":1377,"caption":"2faces slackline"},{"@type":"BreadcrumbList","@id":"https:\/\/slacktivity.ch\/fr\/shop\/2faces-slacklineband-50m-100m\/#breadcrumb","itemListElement":[{"@type":"ListItem","position":1,"name":"Home","item":"https:\/\/slacktivity.ch\/fr\/"},{"@type":"ListItem","position":2,"name":"Boutique","item":"https:\/\/slacktivity.ch\/fr\/boutique\/"},{"@type":"ListItem","position":3,"name":"Sangle Longline 2FACES | 50m &#8211; 100m"}]},{"@type":"WebSite","@id":"https:\/\/slacktivity.ch\/fr\/#website","url":"https:\/\/slacktivity.ch\/fr\/","name":"SLACKTIVITY Slackline Shop Schweiz","description":"Ensembles de slackline de haute qualit\u00e9 avec montage facile, produits innovants Highline et accessoires de slackline acheter en ligne. Pour les enfants, les d\u00e9butants et les professionnels.","publisher":{"@id":"https:\/\/slacktivity.ch\/fr\/#organization"},"potentialAction":[{"@type":"SearchAction","target":{"@type":"EntryPoint","urlTemplate":"https:\/\/slacktivity.ch\/fr\/?s={search_term_string}"},"query-input":{"@type":"PropertyValueSpecification","valueRequired":true,"valueName":"search_term_string"}}],"inLanguage":"fr-FR"},{"@type":"Organization","@id":"https:\/\/slacktivity.ch\/fr\/#organization","name":"SLACKTIVITY Slackline Shop Schweiz","url":"https:\/\/slacktivity.ch\/fr\/","logo":{"@type":"ImageObject","inLanguage":"fr-FR","@id":"https:\/\/slacktivity.ch\/fr\/#\/schema\/logo\/image\/","url":"https:\/\/slacktivity.ch\/wp-content\/uploads\/2021\/01\/slacktivity-slackline-online-shop-1.png","contentUrl":"https:\/\/slacktivity.ch\/wp-content\/uploads\/2021\/01\/slacktivity-slackline-online-shop-1.png","width":200,"height":77,"caption":"SLACKTIVITY Slackline Shop Schweiz"},"image":{"@id":"https:\/\/slacktivity.ch\/fr\/#\/schema\/logo\/image\/"}}]}},"_links":{"self":[{"href":"https:\/\/slacktivity.ch\/fr\/wp-json\/wp\/v2\/product\/13571","targetHints":{"allow":["GET"]}}],"collection":[{"href":"https:\/\/slacktivity.ch\/fr\/wp-json\/wp\/v2\/product"}],"about":[{"href":"https:\/\/slacktivity.ch\/fr\/wp-json\/wp\/v2\/types\/product"}],"replies":[{"embeddable":true,"href":"https:\/\/slacktivity.ch\/fr\/wp-json\/wp\/v2\/comments?post=13571"}],"wp:featuredmedia":[{"embeddable":true,"href":"https:\/\/slacktivity.ch\/fr\/wp-json\/wp\/v2\/media\/8698"}],"wp:attachment":[{"href":"https:\/\/slacktivity.ch\/fr\/wp-json\/wp\/v2\/media?parent=13571"}],"wp:term":[{"taxonomy":"product_cat","embeddable":true,"href":"https:\/\/slacktivity.ch\/fr\/wp-json\/wp\/v2\/product_cat?post=13571"},{"taxonomy":"product_tag","embeddable":true,"href":"https:\/\/slacktivity.ch\/fr\/wp-json\/wp\/v2\/product_tag?post=13571"}],"curies":[{"name":"wp","href":"https:\/\/api.w.org\/{rel}","templated":true}]}}