{"id":13613,"date":"2021-02-22T15:54:43","date_gmt":"2021-02-22T15:54:43","guid":{"rendered":"https:\/\/slacktivity.ch\/?post_type=product&#038;p=13613"},"modified":"2026-05-01T21:57:21","modified_gmt":"2026-05-01T19:57:21","slug":"hangover-s-screw-gate","status":"publish","type":"product","link":"https:\/\/slacktivity.ch\/fr\/shop\/hangover-s-screw-gate\/","title":{"rendered":"HangOver-S | Screw-Gate"},"content":{"rendered":"<h2>HangOver-S | Screw-Gate<\/h2>\n<p>Le HangOver de SLACKTIVITY \u00e9tablit de nouveaux standards en mati\u00e8re de s\u00e9curit\u00e9 et de confort pour la highline ou le tensionnement de longlines (poulie HangOver). Plus d&rsquo;un an de d\u00e9veloppement, d&rsquo;innombrables esquisses, calculs, prototypes et tests ont \u00e9t\u00e9 n\u00e9cessaires pour d\u00e9velopper cette nouveaut\u00e9 mondiale \u2013 un mousqueton \u00e0 roulement \u00e0 billes pour tendre des sangles slackline de 25mm de largeur ou rouler le long d&rsquo;une slackline avec un minimum de friction.<\/p>\n<p>Le HangOver a \u00e9t\u00e9 con\u00e7u pour \u00eatre le plus simple possible \u00e0 utiliser et ne pr\u00e9sente absolument aucun bord tranchant. La version Screw-Gate dispose d&rsquo;une virole de verrouillage \u00e0 vis pour une s\u00e9curit\u00e9 maximale \u2013 elle peut \u00eatre utilis\u00e9e comme moyen de s\u00e9curit\u00e9 \u00e0 part enti\u00e8re, par exemple lors de sauvetages.<\/p>\n<h3>Versions<\/h3>\n<p><strong>Version 1.0<\/strong> : ancienne version avec de petits espaces entre les roulements \u00e0 billes.<br \/><strong>Version 2.0<\/strong> : nouvelle version avec des roulements \u00e0 billes plus larges. Clairement pr\u00e9f\u00e9rable pour rouler sur des High-Tech Lines et pour tendre des sangles minces.<\/p>\n<h3>Domaines d&rsquo;utilisation<\/h3>\n<ul>\n<li>Aide pour rouler sur des highlines<\/li>\n<li>Multiplicateur dans les syst\u00e8mes de tension Ellington<\/li>\n<li>Rouleau de sangle pour construire un palan complet<\/li>\n<li>Peut \u00eatre utilis\u00e9 comme moyen de s\u00e9curit\u00e9 complet lors de sauvetages<\/li>\n<\/ul>\n<h3>Sp\u00e9cifications<\/h3>\n<ul>\n<li>MBS: 12kN<\/li>\n<li>Charge de travail: 4kN<\/li>\n<li>Poids: 122g (V1.0), 128g (V2.0)<\/li>\n<li>Pour sangles de 25mm de largeur<\/li>\n<li>Roulements: 4 roulements \u00e0 billes Cr: 2,9kN, Cor: 1,06kN chacun<\/li>\n<\/ul>\n<p>Le premier produit sp\u00e9cifique \u00e0 la highline certifi\u00e9 PSA au monde. Maintenant disponible en diff\u00e9rentes couleurs de GATE.<\/p>\n","protected":false},"excerpt":{"rendered":"<p>Indispensable pour tout highliner souhaitant tendre des longlines efficacement (poulie HangOver). Premier produit sp\u00e9cifique \u00e0 la highline certifi\u00e9 PSA au monde. NEU maintenant disponible en diff\u00e9rentes couleurs de GATE.<\/p>\n","protected":false},"featured_media":13066,"comment_status":"open","ping_status":"closed","template":"","meta":{"_acf_changed":false,"_joinchat":[]},"product_cat":[627,676,642],"product_tag":[],"class_list":{"0":"post-13613","1":"product","2":"type-product","3":"status-publish","4":"has-post-thumbnail","6":"product_cat-equipement-highline","7":"product_cat-hangovers-fr","8":"product_cat-systemes-de-tension-slackline","10":"first","11":"instock","12":"sale","13":"taxable","14":"shipping-taxable","15":"purchasable","16":"product-type-variable"},"acf":[],"yoast_head":"<!-- This site is optimized with the Yoast SEO plugin v27.5 - https:\/\/yoast.com\/product\/yoast-seo-wordpress\/ -->\n<title>HangOver-S | Screw-Gate - SLACKTIVITY Slackline Shop Schweiz<\/title>\n<meta name=\"robots\" content=\"index, follow, max-snippet:-1, max-image-preview:large, max-video-preview:-1\" \/>\n<link rel=\"canonical\" href=\"https:\/\/slacktivity.ch\/fr\/shop\/hangover-s-screw-gate\/\" \/>\n<meta property=\"og:locale\" content=\"fr_FR\" \/>\n<meta property=\"og:type\" content=\"article\" \/>\n<meta property=\"og:title\" content=\"HangOver-S | Screw-Gate - SLACKTIVITY Slackline Shop Schweiz\" \/>\n<meta property=\"og:description\" content=\"Indispensable pour tout highliner souhaitant tendre des longlines efficacement (poulie HangOver). Premier produit sp\u00e9cifique \u00e0 la highline certifi\u00e9 PSA au monde. NEU maintenant disponible en diff\u00e9rentes couleurs de GATE.\" \/>\n<meta property=\"og:url\" content=\"https:\/\/slacktivity.ch\/fr\/shop\/hangover-s-screw-gate\/\" \/>\n<meta property=\"og:site_name\" content=\"SLACKTIVITY Slackline Shop Schweiz\" \/>\n<meta property=\"article:modified_time\" content=\"2026-05-01T19:57:21+00:00\" \/>\n<meta property=\"og:image\" content=\"https:\/\/slacktivity.ch\/wp-content\/uploads\/2021\/02\/hangover-screw-gate-highline-carabiner-768x896-1.jpg\" \/>\n\t<meta property=\"og:image:width\" content=\"768\" \/>\n\t<meta property=\"og:image:height\" content=\"896\" \/>\n\t<meta property=\"og:image:type\" content=\"image\/jpeg\" \/>\n<meta name=\"twitter:card\" content=\"summary_large_image\" \/>\n<script type=\"application\/ld+json\" class=\"yoast-schema-graph\">{\"@context\":\"https:\\\/\\\/schema.org\",\"@graph\":[{\"@type\":\"WebPage\",\"@id\":\"https:\\\/\\\/slacktivity.ch\\\/fr\\\/shop\\\/hangover-s-screw-gate\\\/\",\"url\":\"https:\\\/\\\/slacktivity.ch\\\/fr\\\/shop\\\/hangover-s-screw-gate\\\/\",\"name\":\"HangOver-S | Screw-Gate - SLACKTIVITY Slackline Shop Schweiz\",\"isPartOf\":{\"@id\":\"https:\\\/\\\/slacktivity.ch\\\/fr\\\/#website\"},\"primaryImageOfPage\":{\"@id\":\"https:\\\/\\\/slacktivity.ch\\\/fr\\\/shop\\\/hangover-s-screw-gate\\\/#primaryimage\"},\"image\":{\"@id\":\"https:\\\/\\\/slacktivity.ch\\\/fr\\\/shop\\\/hangover-s-screw-gate\\\/#primaryimage\"},\"thumbnailUrl\":\"https:\\\/\\\/slacktivity.ch\\\/wp-content\\\/uploads\\\/2021\\\/02\\\/hangover-screw-gate-highline-carabiner-768x896-1.jpg\",\"datePublished\":\"2021-02-22T15:54:43+00:00\",\"dateModified\":\"2026-05-01T19:57:21+00:00\",\"breadcrumb\":{\"@id\":\"https:\\\/\\\/slacktivity.ch\\\/fr\\\/shop\\\/hangover-s-screw-gate\\\/#breadcrumb\"},\"inLanguage\":\"fr-FR\",\"potentialAction\":[{\"@type\":\"ReadAction\",\"target\":[\"https:\\\/\\\/slacktivity.ch\\\/fr\\\/shop\\\/hangover-s-screw-gate\\\/\"]}]},{\"@type\":\"ImageObject\",\"inLanguage\":\"fr-FR\",\"@id\":\"https:\\\/\\\/slacktivity.ch\\\/fr\\\/shop\\\/hangover-s-screw-gate\\\/#primaryimage\",\"url\":\"https:\\\/\\\/slacktivity.ch\\\/wp-content\\\/uploads\\\/2021\\\/02\\\/hangover-screw-gate-highline-carabiner-768x896-1.jpg\",\"contentUrl\":\"https:\\\/\\\/slacktivity.ch\\\/wp-content\\\/uploads\\\/2021\\\/02\\\/hangover-screw-gate-highline-carabiner-768x896-1.jpg\",\"width\":768,\"height\":896,\"caption\":\"Hangover-Screw-Gate-Highline-Carabiner\"},{\"@type\":\"BreadcrumbList\",\"@id\":\"https:\\\/\\\/slacktivity.ch\\\/fr\\\/shop\\\/hangover-s-screw-gate\\\/#breadcrumb\",\"itemListElement\":[{\"@type\":\"ListItem\",\"position\":1,\"name\":\"Home\",\"item\":\"https:\\\/\\\/slacktivity.ch\\\/fr\\\/\"},{\"@type\":\"ListItem\",\"position\":2,\"name\":\"Boutique\",\"item\":\"https:\\\/\\\/slacktivity.ch\\\/fr\\\/boutique\\\/\"},{\"@type\":\"ListItem\",\"position\":3,\"name\":\"HangOver-S | Screw-Gate\"}]},{\"@type\":\"WebSite\",\"@id\":\"https:\\\/\\\/slacktivity.ch\\\/fr\\\/#website\",\"url\":\"https:\\\/\\\/slacktivity.ch\\\/fr\\\/\",\"name\":\"SLACKTIVITY Slackline Shop Schweiz\",\"description\":\"Ensembles de slackline de haute qualit\u00e9 avec montage facile, produits innovants Highline et accessoires de slackline acheter en ligne. Pour les enfants, les d\u00e9butants et les professionnels.\",\"publisher\":{\"@id\":\"https:\\\/\\\/slacktivity.ch\\\/fr\\\/#organization\"},\"potentialAction\":[{\"@type\":\"SearchAction\",\"target\":{\"@type\":\"EntryPoint\",\"urlTemplate\":\"https:\\\/\\\/slacktivity.ch\\\/fr\\\/?s={search_term_string}\"},\"query-input\":{\"@type\":\"PropertyValueSpecification\",\"valueRequired\":true,\"valueName\":\"search_term_string\"}}],\"inLanguage\":\"fr-FR\"},{\"@type\":\"Organization\",\"@id\":\"https:\\\/\\\/slacktivity.ch\\\/fr\\\/#organization\",\"name\":\"SLACKTIVITY Slackline Shop Schweiz\",\"url\":\"https:\\\/\\\/slacktivity.ch\\\/fr\\\/\",\"logo\":{\"@type\":\"ImageObject\",\"inLanguage\":\"fr-FR\",\"@id\":\"https:\\\/\\\/slacktivity.ch\\\/fr\\\/#\\\/schema\\\/logo\\\/image\\\/\",\"url\":\"https:\\\/\\\/slacktivity.ch\\\/wp-content\\\/uploads\\\/2021\\\/01\\\/slacktivity-slackline-online-shop-1.png\",\"contentUrl\":\"https:\\\/\\\/slacktivity.ch\\\/wp-content\\\/uploads\\\/2021\\\/01\\\/slacktivity-slackline-online-shop-1.png\",\"width\":200,\"height\":77,\"caption\":\"SLACKTIVITY Slackline Shop Schweiz\"},\"image\":{\"@id\":\"https:\\\/\\\/slacktivity.ch\\\/fr\\\/#\\\/schema\\\/logo\\\/image\\\/\"}}]}<\/script>\n<!-- \/ Yoast SEO plugin. -->","yoast_head_json":{"title":"HangOver-S | Screw-Gate - SLACKTIVITY Slackline Shop Schweiz","robots":{"index":"index","follow":"follow","max-snippet":"max-snippet:-1","max-image-preview":"max-image-preview:large","max-video-preview":"max-video-preview:-1"},"canonical":"https:\/\/slacktivity.ch\/fr\/shop\/hangover-s-screw-gate\/","og_locale":"fr_FR","og_type":"article","og_title":"HangOver-S | Screw-Gate - SLACKTIVITY Slackline Shop Schweiz","og_description":"Indispensable pour tout highliner souhaitant tendre des longlines efficacement (poulie HangOver). Premier produit sp\u00e9cifique \u00e0 la highline certifi\u00e9 PSA au monde. NEU maintenant disponible en diff\u00e9rentes couleurs de GATE.","og_url":"https:\/\/slacktivity.ch\/fr\/shop\/hangover-s-screw-gate\/","og_site_name":"SLACKTIVITY Slackline Shop Schweiz","article_modified_time":"2026-05-01T19:57:21+00:00","og_image":[{"width":768,"height":896,"url":"https:\/\/slacktivity.ch\/wp-content\/uploads\/2021\/02\/hangover-screw-gate-highline-carabiner-768x896-1.jpg","type":"image\/jpeg"}],"twitter_card":"summary_large_image","schema":{"@context":"https:\/\/schema.org","@graph":[{"@type":"WebPage","@id":"https:\/\/slacktivity.ch\/fr\/shop\/hangover-s-screw-gate\/","url":"https:\/\/slacktivity.ch\/fr\/shop\/hangover-s-screw-gate\/","name":"HangOver-S | Screw-Gate - SLACKTIVITY Slackline Shop Schweiz","isPartOf":{"@id":"https:\/\/slacktivity.ch\/fr\/#website"},"primaryImageOfPage":{"@id":"https:\/\/slacktivity.ch\/fr\/shop\/hangover-s-screw-gate\/#primaryimage"},"image":{"@id":"https:\/\/slacktivity.ch\/fr\/shop\/hangover-s-screw-gate\/#primaryimage"},"thumbnailUrl":"https:\/\/slacktivity.ch\/wp-content\/uploads\/2021\/02\/hangover-screw-gate-highline-carabiner-768x896-1.jpg","datePublished":"2021-02-22T15:54:43+00:00","dateModified":"2026-05-01T19:57:21+00:00","breadcrumb":{"@id":"https:\/\/slacktivity.ch\/fr\/shop\/hangover-s-screw-gate\/#breadcrumb"},"inLanguage":"fr-FR","potentialAction":[{"@type":"ReadAction","target":["https:\/\/slacktivity.ch\/fr\/shop\/hangover-s-screw-gate\/"]}]},{"@type":"ImageObject","inLanguage":"fr-FR","@id":"https:\/\/slacktivity.ch\/fr\/shop\/hangover-s-screw-gate\/#primaryimage","url":"https:\/\/slacktivity.ch\/wp-content\/uploads\/2021\/02\/hangover-screw-gate-highline-carabiner-768x896-1.jpg","contentUrl":"https:\/\/slacktivity.ch\/wp-content\/uploads\/2021\/02\/hangover-screw-gate-highline-carabiner-768x896-1.jpg","width":768,"height":896,"caption":"Hangover-Screw-Gate-Highline-Carabiner"},{"@type":"BreadcrumbList","@id":"https:\/\/slacktivity.ch\/fr\/shop\/hangover-s-screw-gate\/#breadcrumb","itemListElement":[{"@type":"ListItem","position":1,"name":"Home","item":"https:\/\/slacktivity.ch\/fr\/"},{"@type":"ListItem","position":2,"name":"Boutique","item":"https:\/\/slacktivity.ch\/fr\/boutique\/"},{"@type":"ListItem","position":3,"name":"HangOver-S | Screw-Gate"}]},{"@type":"WebSite","@id":"https:\/\/slacktivity.ch\/fr\/#website","url":"https:\/\/slacktivity.ch\/fr\/","name":"SLACKTIVITY Slackline Shop Schweiz","description":"Ensembles de slackline de haute qualit\u00e9 avec montage facile, produits innovants Highline et accessoires de slackline acheter en ligne. Pour les enfants, les d\u00e9butants et les professionnels.","publisher":{"@id":"https:\/\/slacktivity.ch\/fr\/#organization"},"potentialAction":[{"@type":"SearchAction","target":{"@type":"EntryPoint","urlTemplate":"https:\/\/slacktivity.ch\/fr\/?s={search_term_string}"},"query-input":{"@type":"PropertyValueSpecification","valueRequired":true,"valueName":"search_term_string"}}],"inLanguage":"fr-FR"},{"@type":"Organization","@id":"https:\/\/slacktivity.ch\/fr\/#organization","name":"SLACKTIVITY Slackline Shop Schweiz","url":"https:\/\/slacktivity.ch\/fr\/","logo":{"@type":"ImageObject","inLanguage":"fr-FR","@id":"https:\/\/slacktivity.ch\/fr\/#\/schema\/logo\/image\/","url":"https:\/\/slacktivity.ch\/wp-content\/uploads\/2021\/01\/slacktivity-slackline-online-shop-1.png","contentUrl":"https:\/\/slacktivity.ch\/wp-content\/uploads\/2021\/01\/slacktivity-slackline-online-shop-1.png","width":200,"height":77,"caption":"SLACKTIVITY Slackline Shop Schweiz"},"image":{"@id":"https:\/\/slacktivity.ch\/fr\/#\/schema\/logo\/image\/"}}]}},"_links":{"self":[{"href":"https:\/\/slacktivity.ch\/fr\/wp-json\/wp\/v2\/product\/13613","targetHints":{"allow":["GET"]}}],"collection":[{"href":"https:\/\/slacktivity.ch\/fr\/wp-json\/wp\/v2\/product"}],"about":[{"href":"https:\/\/slacktivity.ch\/fr\/wp-json\/wp\/v2\/types\/product"}],"replies":[{"embeddable":true,"href":"https:\/\/slacktivity.ch\/fr\/wp-json\/wp\/v2\/comments?post=13613"}],"wp:featuredmedia":[{"embeddable":true,"href":"https:\/\/slacktivity.ch\/fr\/wp-json\/wp\/v2\/media\/13066"}],"wp:attachment":[{"href":"https:\/\/slacktivity.ch\/fr\/wp-json\/wp\/v2\/media?parent=13613"}],"wp:term":[{"taxonomy":"product_cat","embeddable":true,"href":"https:\/\/slacktivity.ch\/fr\/wp-json\/wp\/v2\/product_cat?post=13613"},{"taxonomy":"product_tag","embeddable":true,"href":"https:\/\/slacktivity.ch\/fr\/wp-json\/wp\/v2\/product_tag?post=13613"}],"curies":[{"name":"wp","href":"https:\/\/api.w.org\/{rel}","templated":true}]}}