{"id":13621,"date":"2024-10-17T09:47:14","date_gmt":"2024-10-17T07:47:14","guid":{"rendered":"https:\/\/slacktivity.ch\/?post_type=product&#038;p=13621"},"modified":"2026-05-01T22:19:39","modified_gmt":"2026-05-01T20:19:39","slug":"slackline-bungees","status":"publish","type":"product","link":"https:\/\/slacktivity.ch\/fr\/shop\/slackline-bungees\/","title":{"rendered":"Slackline Bungees"},"content":{"rendered":"<h2>Slacktivity Slackline Bungees<\/h2>\n<p>Apr\u00e8s de nombreux mois de tests et d&rsquo;optimisation, nous vous pr\u00e9sentons les Slacktivity Slackline Bungees. Leur caract\u00e9ristique principale : ils sont r\u00e9glables en fonction de la longueur et de la tension de la slackline.<\/p>\n<h3>\u00c0 quoi servent les Slackline Bungees ?<\/h3>\n<p>Les bungees rendent votre slackline rebondissante ! En dehors du facteur fun, cela pr\u00e9sente les avantages suivants :<\/p>\n<ul>\n<li>Vous pouvez rebondir sur des slacklines tr\u00e8s courtes et apprendre la dynamique pour les sit-mounts par exemple.<\/li>\n<li>Les leash-falls sur des highlines courtes sont beaucoup mieux amorties par les bungees.<\/li>\n<li>Les forces dans la slackline sont amorties, ce qui r\u00e9duit les pics de force.<\/li>\n<li>En highline freestyle, vous pouvez faire des sessions folles sur des highlines de seulement 30m ! De nombreux spots que vous n&rsquo;aviez plus envisag\u00e9s pour la highline redeviennent attractifs.<\/li>\n<li>En highline freestyle, vous pouvez r\u00e9aliser des tricks encore plus impressionnants qu&rsquo;auparavant.<\/li>\n<li>En tricklining, vous pouvez \u00e9galement profiter des bungees.<\/li>\n<\/ul>\n<h3>Pour la highline freestyle<\/h3>\n<ul>\n<li>4 boucles : optimal pour des longueurs &lt; 45m<\/li>\n<li>5 boucles : optimal pour des longueurs de 35\u201360m<\/li>\n<li>6 boucles : optimal pour des longueurs de 55\u201375m<\/li>\n<li>7 boucles : optimal pour des longueurs de plus de 70m<\/li>\n<\/ul>\n<h3>Tailles disponibles<\/h3>\n<ul>\n<li><strong>Bungee S<\/strong> (code couleur jaune) : longueur de corde 300cm, longueur fonctionnelle ~25cm avec 4 boucles<\/li>\n<li><strong>Bungee M<\/strong> (code couleur vert) : longueur de corde 420cm, longueur fonctionnelle ~40cm avec 4 boucles<\/li>\n<li><strong>Bungee L<\/strong> (code couleur rouge) : longueur de corde 640cm<\/li>\n<li><strong>Bungee XL<\/strong> (code couleur bleu) : longueur de corde 900cm<\/li>\n<\/ul>\n<h3>Sp\u00e9cifications<\/h3>\n<ul>\n<li>MBS : 6kN par brin<\/li>\n<li>WLL : 2kN par brin<\/li>\n<li>Diam\u00e8tre : 12mm<\/li>\n<\/ul>\n","protected":false},"excerpt":{"rendered":"<p>Slackline Bungees r\u00e9glables \u2013 con\u00e7us pour un maximum de fun et de performance ! Poussez votre jeu de highline freestyle vers de nouveaux sommets ou utilisez les Slackline Bungees pour mieux amortir vos leash-falls sur de courtes highlines.<\/p>\n","protected":false},"featured_media":12830,"comment_status":"open","ping_status":"closed","template":"","meta":{"_acf_changed":false,"_joinchat":[]},"product_cat":[1027,627],"product_tag":[],"class_list":{"0":"post-13621","1":"product","2":"type-product","3":"status-publish","4":"has-post-thumbnail","6":"product_cat-bungees","7":"product_cat-equipement-highline","9":"first","10":"instock","11":"taxable","12":"shipping-taxable","13":"purchasable","14":"product-type-variable"},"acf":[],"yoast_head":"<!-- This site is optimized with the Yoast SEO plugin v27.4 - https:\/\/yoast.com\/product\/yoast-seo-wordpress\/ -->\n<title>Slackline Bungees - SLACKTIVITY Slackline Shop Schweiz<\/title>\n<meta name=\"robots\" content=\"index, follow, max-snippet:-1, max-image-preview:large, max-video-preview:-1\" \/>\n<link rel=\"canonical\" href=\"https:\/\/slacktivity.ch\/fr\/shop\/slackline-bungees\/\" \/>\n<meta property=\"og:locale\" content=\"fr_FR\" \/>\n<meta property=\"og:type\" content=\"article\" \/>\n<meta property=\"og:title\" content=\"Slackline Bungees - SLACKTIVITY Slackline Shop Schweiz\" \/>\n<meta property=\"og:description\" content=\"Slackline Bungees r\u00e9glables \u2013 con\u00e7us pour un maximum de fun et de performance ! Poussez votre jeu de highline freestyle vers de nouveaux sommets ou utilisez les Slackline Bungees pour mieux amortir vos leash-falls sur de courtes highlines.\" \/>\n<meta property=\"og:url\" content=\"https:\/\/slacktivity.ch\/fr\/shop\/slackline-bungees\/\" \/>\n<meta property=\"og:site_name\" content=\"SLACKTIVITY Slackline Shop Schweiz\" \/>\n<meta property=\"article:modified_time\" content=\"2026-05-01T20:19:39+00:00\" \/>\n<meta property=\"og:image\" content=\"https:\/\/slacktivity.ch\/wp-content\/uploads\/2024\/10\/slacktivity-bungees.jpg\" \/>\n\t<meta property=\"og:image:width\" content=\"1180\" \/>\n\t<meta property=\"og:image:height\" content=\"1377\" \/>\n\t<meta property=\"og:image:type\" content=\"image\/jpeg\" \/>\n<meta name=\"twitter:card\" content=\"summary_large_image\" \/>\n<script type=\"application\/ld+json\" class=\"yoast-schema-graph\">{\"@context\":\"https:\\\/\\\/schema.org\",\"@graph\":[{\"@type\":\"WebPage\",\"@id\":\"https:\\\/\\\/slacktivity.ch\\\/fr\\\/shop\\\/slackline-bungees\\\/\",\"url\":\"https:\\\/\\\/slacktivity.ch\\\/fr\\\/shop\\\/slackline-bungees\\\/\",\"name\":\"Slackline Bungees - SLACKTIVITY Slackline Shop Schweiz\",\"isPartOf\":{\"@id\":\"https:\\\/\\\/slacktivity.ch\\\/fr\\\/#website\"},\"primaryImageOfPage\":{\"@id\":\"https:\\\/\\\/slacktivity.ch\\\/fr\\\/shop\\\/slackline-bungees\\\/#primaryimage\"},\"image\":{\"@id\":\"https:\\\/\\\/slacktivity.ch\\\/fr\\\/shop\\\/slackline-bungees\\\/#primaryimage\"},\"thumbnailUrl\":\"https:\\\/\\\/slacktivity.ch\\\/wp-content\\\/uploads\\\/2024\\\/10\\\/slacktivity-bungees.jpg\",\"datePublished\":\"2024-10-17T07:47:14+00:00\",\"dateModified\":\"2026-05-01T20:19:39+00:00\",\"breadcrumb\":{\"@id\":\"https:\\\/\\\/slacktivity.ch\\\/fr\\\/shop\\\/slackline-bungees\\\/#breadcrumb\"},\"inLanguage\":\"fr-FR\",\"potentialAction\":[{\"@type\":\"ReadAction\",\"target\":[\"https:\\\/\\\/slacktivity.ch\\\/fr\\\/shop\\\/slackline-bungees\\\/\"]}]},{\"@type\":\"ImageObject\",\"inLanguage\":\"fr-FR\",\"@id\":\"https:\\\/\\\/slacktivity.ch\\\/fr\\\/shop\\\/slackline-bungees\\\/#primaryimage\",\"url\":\"https:\\\/\\\/slacktivity.ch\\\/wp-content\\\/uploads\\\/2024\\\/10\\\/slacktivity-bungees.jpg\",\"contentUrl\":\"https:\\\/\\\/slacktivity.ch\\\/wp-content\\\/uploads\\\/2024\\\/10\\\/slacktivity-bungees.jpg\",\"width\":1180,\"height\":1377,\"caption\":\"slacktivity bungees\"},{\"@type\":\"BreadcrumbList\",\"@id\":\"https:\\\/\\\/slacktivity.ch\\\/fr\\\/shop\\\/slackline-bungees\\\/#breadcrumb\",\"itemListElement\":[{\"@type\":\"ListItem\",\"position\":1,\"name\":\"Home\",\"item\":\"https:\\\/\\\/slacktivity.ch\\\/fr\\\/\"},{\"@type\":\"ListItem\",\"position\":2,\"name\":\"Boutique\",\"item\":\"https:\\\/\\\/slacktivity.ch\\\/fr\\\/boutique\\\/\"},{\"@type\":\"ListItem\",\"position\":3,\"name\":\"Slackline Bungees\"}]},{\"@type\":\"WebSite\",\"@id\":\"https:\\\/\\\/slacktivity.ch\\\/fr\\\/#website\",\"url\":\"https:\\\/\\\/slacktivity.ch\\\/fr\\\/\",\"name\":\"SLACKTIVITY Slackline Shop Schweiz\",\"description\":\"Ensembles de slackline de haute qualit\u00e9 avec montage facile, produits innovants Highline et accessoires de slackline acheter en ligne. Pour les enfants, les d\u00e9butants et les professionnels.\",\"publisher\":{\"@id\":\"https:\\\/\\\/slacktivity.ch\\\/fr\\\/#organization\"},\"potentialAction\":[{\"@type\":\"SearchAction\",\"target\":{\"@type\":\"EntryPoint\",\"urlTemplate\":\"https:\\\/\\\/slacktivity.ch\\\/fr\\\/?s={search_term_string}\"},\"query-input\":{\"@type\":\"PropertyValueSpecification\",\"valueRequired\":true,\"valueName\":\"search_term_string\"}}],\"inLanguage\":\"fr-FR\"},{\"@type\":\"Organization\",\"@id\":\"https:\\\/\\\/slacktivity.ch\\\/fr\\\/#organization\",\"name\":\"SLACKTIVITY Slackline Shop Schweiz\",\"url\":\"https:\\\/\\\/slacktivity.ch\\\/fr\\\/\",\"logo\":{\"@type\":\"ImageObject\",\"inLanguage\":\"fr-FR\",\"@id\":\"https:\\\/\\\/slacktivity.ch\\\/fr\\\/#\\\/schema\\\/logo\\\/image\\\/\",\"url\":\"https:\\\/\\\/slacktivity.ch\\\/wp-content\\\/uploads\\\/2021\\\/01\\\/slacktivity-slackline-online-shop-1.png\",\"contentUrl\":\"https:\\\/\\\/slacktivity.ch\\\/wp-content\\\/uploads\\\/2021\\\/01\\\/slacktivity-slackline-online-shop-1.png\",\"width\":200,\"height\":77,\"caption\":\"SLACKTIVITY Slackline Shop Schweiz\"},\"image\":{\"@id\":\"https:\\\/\\\/slacktivity.ch\\\/fr\\\/#\\\/schema\\\/logo\\\/image\\\/\"}}]}<\/script>\n<!-- \/ Yoast SEO plugin. -->","yoast_head_json":{"title":"Slackline Bungees - SLACKTIVITY Slackline Shop Schweiz","robots":{"index":"index","follow":"follow","max-snippet":"max-snippet:-1","max-image-preview":"max-image-preview:large","max-video-preview":"max-video-preview:-1"},"canonical":"https:\/\/slacktivity.ch\/fr\/shop\/slackline-bungees\/","og_locale":"fr_FR","og_type":"article","og_title":"Slackline Bungees - SLACKTIVITY Slackline Shop Schweiz","og_description":"Slackline Bungees r\u00e9glables \u2013 con\u00e7us pour un maximum de fun et de performance ! Poussez votre jeu de highline freestyle vers de nouveaux sommets ou utilisez les Slackline Bungees pour mieux amortir vos leash-falls sur de courtes highlines.","og_url":"https:\/\/slacktivity.ch\/fr\/shop\/slackline-bungees\/","og_site_name":"SLACKTIVITY Slackline Shop Schweiz","article_modified_time":"2026-05-01T20:19:39+00:00","og_image":[{"width":1180,"height":1377,"url":"https:\/\/slacktivity.ch\/wp-content\/uploads\/2024\/10\/slacktivity-bungees.jpg","type":"image\/jpeg"}],"twitter_card":"summary_large_image","schema":{"@context":"https:\/\/schema.org","@graph":[{"@type":"WebPage","@id":"https:\/\/slacktivity.ch\/fr\/shop\/slackline-bungees\/","url":"https:\/\/slacktivity.ch\/fr\/shop\/slackline-bungees\/","name":"Slackline Bungees - SLACKTIVITY Slackline Shop Schweiz","isPartOf":{"@id":"https:\/\/slacktivity.ch\/fr\/#website"},"primaryImageOfPage":{"@id":"https:\/\/slacktivity.ch\/fr\/shop\/slackline-bungees\/#primaryimage"},"image":{"@id":"https:\/\/slacktivity.ch\/fr\/shop\/slackline-bungees\/#primaryimage"},"thumbnailUrl":"https:\/\/slacktivity.ch\/wp-content\/uploads\/2024\/10\/slacktivity-bungees.jpg","datePublished":"2024-10-17T07:47:14+00:00","dateModified":"2026-05-01T20:19:39+00:00","breadcrumb":{"@id":"https:\/\/slacktivity.ch\/fr\/shop\/slackline-bungees\/#breadcrumb"},"inLanguage":"fr-FR","potentialAction":[{"@type":"ReadAction","target":["https:\/\/slacktivity.ch\/fr\/shop\/slackline-bungees\/"]}]},{"@type":"ImageObject","inLanguage":"fr-FR","@id":"https:\/\/slacktivity.ch\/fr\/shop\/slackline-bungees\/#primaryimage","url":"https:\/\/slacktivity.ch\/wp-content\/uploads\/2024\/10\/slacktivity-bungees.jpg","contentUrl":"https:\/\/slacktivity.ch\/wp-content\/uploads\/2024\/10\/slacktivity-bungees.jpg","width":1180,"height":1377,"caption":"slacktivity bungees"},{"@type":"BreadcrumbList","@id":"https:\/\/slacktivity.ch\/fr\/shop\/slackline-bungees\/#breadcrumb","itemListElement":[{"@type":"ListItem","position":1,"name":"Home","item":"https:\/\/slacktivity.ch\/fr\/"},{"@type":"ListItem","position":2,"name":"Boutique","item":"https:\/\/slacktivity.ch\/fr\/boutique\/"},{"@type":"ListItem","position":3,"name":"Slackline Bungees"}]},{"@type":"WebSite","@id":"https:\/\/slacktivity.ch\/fr\/#website","url":"https:\/\/slacktivity.ch\/fr\/","name":"SLACKTIVITY Slackline Shop Schweiz","description":"Ensembles de slackline de haute qualit\u00e9 avec montage facile, produits innovants Highline et accessoires de slackline acheter en ligne. Pour les enfants, les d\u00e9butants et les professionnels.","publisher":{"@id":"https:\/\/slacktivity.ch\/fr\/#organization"},"potentialAction":[{"@type":"SearchAction","target":{"@type":"EntryPoint","urlTemplate":"https:\/\/slacktivity.ch\/fr\/?s={search_term_string}"},"query-input":{"@type":"PropertyValueSpecification","valueRequired":true,"valueName":"search_term_string"}}],"inLanguage":"fr-FR"},{"@type":"Organization","@id":"https:\/\/slacktivity.ch\/fr\/#organization","name":"SLACKTIVITY Slackline Shop Schweiz","url":"https:\/\/slacktivity.ch\/fr\/","logo":{"@type":"ImageObject","inLanguage":"fr-FR","@id":"https:\/\/slacktivity.ch\/fr\/#\/schema\/logo\/image\/","url":"https:\/\/slacktivity.ch\/wp-content\/uploads\/2021\/01\/slacktivity-slackline-online-shop-1.png","contentUrl":"https:\/\/slacktivity.ch\/wp-content\/uploads\/2021\/01\/slacktivity-slackline-online-shop-1.png","width":200,"height":77,"caption":"SLACKTIVITY Slackline Shop Schweiz"},"image":{"@id":"https:\/\/slacktivity.ch\/fr\/#\/schema\/logo\/image\/"}}]}},"_links":{"self":[{"href":"https:\/\/slacktivity.ch\/fr\/wp-json\/wp\/v2\/product\/13621","targetHints":{"allow":["GET"]}}],"collection":[{"href":"https:\/\/slacktivity.ch\/fr\/wp-json\/wp\/v2\/product"}],"about":[{"href":"https:\/\/slacktivity.ch\/fr\/wp-json\/wp\/v2\/types\/product"}],"replies":[{"embeddable":true,"href":"https:\/\/slacktivity.ch\/fr\/wp-json\/wp\/v2\/comments?post=13621"}],"wp:featuredmedia":[{"embeddable":true,"href":"https:\/\/slacktivity.ch\/fr\/wp-json\/wp\/v2\/media\/12830"}],"wp:attachment":[{"href":"https:\/\/slacktivity.ch\/fr\/wp-json\/wp\/v2\/media?parent=13621"}],"wp:term":[{"taxonomy":"product_cat","embeddable":true,"href":"https:\/\/slacktivity.ch\/fr\/wp-json\/wp\/v2\/product_cat?post=13621"},{"taxonomy":"product_tag","embeddable":true,"href":"https:\/\/slacktivity.ch\/fr\/wp-json\/wp\/v2\/product_tag?post=13621"}],"curies":[{"name":"wp","href":"https:\/\/api.w.org\/{rel}","templated":true}]}}