{"id":13630,"date":"2024-10-15T17:13:29","date_gmt":"2024-10-15T15:13:29","guid":{"rendered":"https:\/\/slacktivity.ch\/?post_type=product&#038;p=13630"},"modified":"2026-05-01T22:19:39","modified_gmt":"2026-05-01T20:19:39","slug":"rodeo-bungees","status":"publish","type":"product","link":"https:\/\/slacktivity.ch\/fr\/shop\/rodeo-bungees\/","title":{"rendered":"Rodeo Bungees"},"content":{"rendered":"<h2>Rodeo Bungees<\/h2>\n<p>Vous avez toujours voulu non seulement vous \u00e9quilibrer ou surfer sur une rodeoline, mais aussi rebondir ? Alors les Rodeo Bungees de SLACKTIVITY sont indispensables pour vous ! Ils sont r\u00e9glables en fonction de votre poids corporel et de l&rsquo;inclinaison de la rodeoline.<\/p>\n<p>Si vous souhaitez un petit rebond, les bungees 2,5m sont le bon choix. Si vous voulez vraiment faire de grands rebonds (et avez \u00e9galement des tapis \u00e0 disposition), prenez les bungees 5m. Nous recommandons fortement d&rsquo;utiliser les Rodeo Bungees toujours par paire \u2013 c&rsquo;est-\u00e0-dire de les installer des deux c\u00f4t\u00e9s de la rodeoline.<\/p>\n<h3>Pourquoi rebondir sur une rodeoline ?<\/h3>\n<p>En plus du facteur fun suppl\u00e9mentaire, rebondir vous permet \u00e9galement de vous pr\u00e9parer excellemment pour des slacklines plus longues ou m\u00eame des highlines. Vous pouvez ainsi apprendre le timing des bounce sit-mounts sur votre rodeoline \u00e0 domicile.<\/p>\n<h3>Autres utilisations des Rodeo Bungees<\/h3>\n<p>Utilisez les Rodeo Bungees en combinaison avec un prusik comme \u00ab\u00a0extraPop\u00a0\u00bb pour tuner vos Slackline Bungees. Vous pouvez \u00e9galement les utiliser comme outil d&rsquo;entra\u00eenement, similaire \u00e0 un \u00e9lastique de r\u00e9sistance.<\/p>\n<h3>Sp\u00e9cifications<\/h3>\n<ul>\n<li>MBS : 1,5kN par brin (ex. 7,5kN avec 5 brins)<\/li>\n<li>WLL : 0,5kN par brin (ex. 2,5kN avec 5 brins)<\/li>\n<li>Diam\u00e8tre : 12mm<\/li>\n<li>Poids : version 2,5m : 310g ; version 5m : 570g<\/li>\n<\/ul>\n<p><em>Disclaimer : Les Rodeo Bungees ne sont pas des \u00e9quipements de protection individuelle (EPI) et ne peuvent pas \u00eatre utilis\u00e9s comme tels.<\/em><\/p>\n","protected":false},"excerpt":{"rendered":"<p>Gr\u00e2ce aux Rodeo Bungees, vous pouvez enfin rebondir sur la rodeoline ! Surtout si vous souhaitez tendre une slackline dans votre appartement, ces bungees vous permettront de vous amuser et de cr\u00e9er de nouveaux d\u00e9fis d&rsquo;\u00e9quilibre.<\/p>\n","protected":false},"featured_media":12550,"comment_status":"open","ping_status":"closed","template":"","meta":{"_acf_changed":false,"_joinchat":[]},"product_cat":[1027,627],"product_tag":[],"class_list":{"0":"post-13630","1":"product","2":"type-product","3":"status-publish","4":"has-post-thumbnail","6":"product_cat-bungees","7":"product_cat-equipement-highline","9":"first","10":"instock","11":"taxable","12":"shipping-taxable","13":"purchasable","14":"product-type-variable"},"acf":[],"yoast_head":"<!-- This site is optimized with the Yoast SEO plugin v27.4 - https:\/\/yoast.com\/product\/yoast-seo-wordpress\/ -->\n<title>Rodeo Bungees - SLACKTIVITY Slackline Shop Schweiz<\/title>\n<meta name=\"robots\" content=\"index, follow, max-snippet:-1, max-image-preview:large, max-video-preview:-1\" \/>\n<link rel=\"canonical\" href=\"https:\/\/slacktivity.ch\/fr\/shop\/rodeo-bungees\/\" \/>\n<meta property=\"og:locale\" content=\"fr_FR\" \/>\n<meta property=\"og:type\" content=\"article\" \/>\n<meta property=\"og:title\" content=\"Rodeo Bungees - SLACKTIVITY Slackline Shop Schweiz\" \/>\n<meta property=\"og:description\" content=\"Gr\u00e2ce aux Rodeo Bungees, vous pouvez enfin rebondir sur la rodeoline ! Surtout si vous souhaitez tendre une slackline dans votre appartement, ces bungees vous permettront de vous amuser et de cr\u00e9er de nouveaux d\u00e9fis d&#039;\u00e9quilibre.\" \/>\n<meta property=\"og:url\" content=\"https:\/\/slacktivity.ch\/fr\/shop\/rodeo-bungees\/\" \/>\n<meta property=\"og:site_name\" content=\"SLACKTIVITY Slackline Shop Schweiz\" \/>\n<meta property=\"article:modified_time\" content=\"2026-05-01T20:19:39+00:00\" \/>\n<meta property=\"og:image\" content=\"https:\/\/slacktivity.ch\/wp-content\/uploads\/2024\/10\/rodeo-bungee-250cm.jpg\" \/>\n\t<meta property=\"og:image:width\" content=\"1180\" \/>\n\t<meta property=\"og:image:height\" content=\"1377\" \/>\n\t<meta property=\"og:image:type\" content=\"image\/jpeg\" \/>\n<meta name=\"twitter:card\" content=\"summary_large_image\" \/>\n<script type=\"application\/ld+json\" class=\"yoast-schema-graph\">{\"@context\":\"https:\\\/\\\/schema.org\",\"@graph\":[{\"@type\":\"WebPage\",\"@id\":\"https:\\\/\\\/slacktivity.ch\\\/fr\\\/shop\\\/rodeo-bungees\\\/\",\"url\":\"https:\\\/\\\/slacktivity.ch\\\/fr\\\/shop\\\/rodeo-bungees\\\/\",\"name\":\"Rodeo Bungees - SLACKTIVITY Slackline Shop Schweiz\",\"isPartOf\":{\"@id\":\"https:\\\/\\\/slacktivity.ch\\\/fr\\\/#website\"},\"primaryImageOfPage\":{\"@id\":\"https:\\\/\\\/slacktivity.ch\\\/fr\\\/shop\\\/rodeo-bungees\\\/#primaryimage\"},\"image\":{\"@id\":\"https:\\\/\\\/slacktivity.ch\\\/fr\\\/shop\\\/rodeo-bungees\\\/#primaryimage\"},\"thumbnailUrl\":\"https:\\\/\\\/slacktivity.ch\\\/wp-content\\\/uploads\\\/2024\\\/10\\\/rodeo-bungee-250cm.jpg\",\"datePublished\":\"2024-10-15T15:13:29+00:00\",\"dateModified\":\"2026-05-01T20:19:39+00:00\",\"breadcrumb\":{\"@id\":\"https:\\\/\\\/slacktivity.ch\\\/fr\\\/shop\\\/rodeo-bungees\\\/#breadcrumb\"},\"inLanguage\":\"fr-FR\",\"potentialAction\":[{\"@type\":\"ReadAction\",\"target\":[\"https:\\\/\\\/slacktivity.ch\\\/fr\\\/shop\\\/rodeo-bungees\\\/\"]}]},{\"@type\":\"ImageObject\",\"inLanguage\":\"fr-FR\",\"@id\":\"https:\\\/\\\/slacktivity.ch\\\/fr\\\/shop\\\/rodeo-bungees\\\/#primaryimage\",\"url\":\"https:\\\/\\\/slacktivity.ch\\\/wp-content\\\/uploads\\\/2024\\\/10\\\/rodeo-bungee-250cm.jpg\",\"contentUrl\":\"https:\\\/\\\/slacktivity.ch\\\/wp-content\\\/uploads\\\/2024\\\/10\\\/rodeo-bungee-250cm.jpg\",\"width\":1180,\"height\":1377,\"caption\":\"rodeo bungee 250cm\"},{\"@type\":\"BreadcrumbList\",\"@id\":\"https:\\\/\\\/slacktivity.ch\\\/fr\\\/shop\\\/rodeo-bungees\\\/#breadcrumb\",\"itemListElement\":[{\"@type\":\"ListItem\",\"position\":1,\"name\":\"Home\",\"item\":\"https:\\\/\\\/slacktivity.ch\\\/fr\\\/\"},{\"@type\":\"ListItem\",\"position\":2,\"name\":\"Boutique\",\"item\":\"https:\\\/\\\/slacktivity.ch\\\/fr\\\/boutique\\\/\"},{\"@type\":\"ListItem\",\"position\":3,\"name\":\"Rodeo Bungees\"}]},{\"@type\":\"WebSite\",\"@id\":\"https:\\\/\\\/slacktivity.ch\\\/fr\\\/#website\",\"url\":\"https:\\\/\\\/slacktivity.ch\\\/fr\\\/\",\"name\":\"SLACKTIVITY Slackline Shop Schweiz\",\"description\":\"Ensembles de slackline de haute qualit\u00e9 avec montage facile, produits innovants Highline et accessoires de slackline acheter en ligne. Pour les enfants, les d\u00e9butants et les professionnels.\",\"publisher\":{\"@id\":\"https:\\\/\\\/slacktivity.ch\\\/fr\\\/#organization\"},\"potentialAction\":[{\"@type\":\"SearchAction\",\"target\":{\"@type\":\"EntryPoint\",\"urlTemplate\":\"https:\\\/\\\/slacktivity.ch\\\/fr\\\/?s={search_term_string}\"},\"query-input\":{\"@type\":\"PropertyValueSpecification\",\"valueRequired\":true,\"valueName\":\"search_term_string\"}}],\"inLanguage\":\"fr-FR\"},{\"@type\":\"Organization\",\"@id\":\"https:\\\/\\\/slacktivity.ch\\\/fr\\\/#organization\",\"name\":\"SLACKTIVITY Slackline Shop Schweiz\",\"url\":\"https:\\\/\\\/slacktivity.ch\\\/fr\\\/\",\"logo\":{\"@type\":\"ImageObject\",\"inLanguage\":\"fr-FR\",\"@id\":\"https:\\\/\\\/slacktivity.ch\\\/fr\\\/#\\\/schema\\\/logo\\\/image\\\/\",\"url\":\"https:\\\/\\\/slacktivity.ch\\\/wp-content\\\/uploads\\\/2021\\\/01\\\/slacktivity-slackline-online-shop-1.png\",\"contentUrl\":\"https:\\\/\\\/slacktivity.ch\\\/wp-content\\\/uploads\\\/2021\\\/01\\\/slacktivity-slackline-online-shop-1.png\",\"width\":200,\"height\":77,\"caption\":\"SLACKTIVITY Slackline Shop Schweiz\"},\"image\":{\"@id\":\"https:\\\/\\\/slacktivity.ch\\\/fr\\\/#\\\/schema\\\/logo\\\/image\\\/\"}}]}<\/script>\n<!-- \/ Yoast SEO plugin. -->","yoast_head_json":{"title":"Rodeo Bungees - SLACKTIVITY Slackline Shop Schweiz","robots":{"index":"index","follow":"follow","max-snippet":"max-snippet:-1","max-image-preview":"max-image-preview:large","max-video-preview":"max-video-preview:-1"},"canonical":"https:\/\/slacktivity.ch\/fr\/shop\/rodeo-bungees\/","og_locale":"fr_FR","og_type":"article","og_title":"Rodeo Bungees - SLACKTIVITY Slackline Shop Schweiz","og_description":"Gr\u00e2ce aux Rodeo Bungees, vous pouvez enfin rebondir sur la rodeoline ! Surtout si vous souhaitez tendre une slackline dans votre appartement, ces bungees vous permettront de vous amuser et de cr\u00e9er de nouveaux d\u00e9fis d'\u00e9quilibre.","og_url":"https:\/\/slacktivity.ch\/fr\/shop\/rodeo-bungees\/","og_site_name":"SLACKTIVITY Slackline Shop Schweiz","article_modified_time":"2026-05-01T20:19:39+00:00","og_image":[{"width":1180,"height":1377,"url":"https:\/\/slacktivity.ch\/wp-content\/uploads\/2024\/10\/rodeo-bungee-250cm.jpg","type":"image\/jpeg"}],"twitter_card":"summary_large_image","schema":{"@context":"https:\/\/schema.org","@graph":[{"@type":"WebPage","@id":"https:\/\/slacktivity.ch\/fr\/shop\/rodeo-bungees\/","url":"https:\/\/slacktivity.ch\/fr\/shop\/rodeo-bungees\/","name":"Rodeo Bungees - SLACKTIVITY Slackline Shop Schweiz","isPartOf":{"@id":"https:\/\/slacktivity.ch\/fr\/#website"},"primaryImageOfPage":{"@id":"https:\/\/slacktivity.ch\/fr\/shop\/rodeo-bungees\/#primaryimage"},"image":{"@id":"https:\/\/slacktivity.ch\/fr\/shop\/rodeo-bungees\/#primaryimage"},"thumbnailUrl":"https:\/\/slacktivity.ch\/wp-content\/uploads\/2024\/10\/rodeo-bungee-250cm.jpg","datePublished":"2024-10-15T15:13:29+00:00","dateModified":"2026-05-01T20:19:39+00:00","breadcrumb":{"@id":"https:\/\/slacktivity.ch\/fr\/shop\/rodeo-bungees\/#breadcrumb"},"inLanguage":"fr-FR","potentialAction":[{"@type":"ReadAction","target":["https:\/\/slacktivity.ch\/fr\/shop\/rodeo-bungees\/"]}]},{"@type":"ImageObject","inLanguage":"fr-FR","@id":"https:\/\/slacktivity.ch\/fr\/shop\/rodeo-bungees\/#primaryimage","url":"https:\/\/slacktivity.ch\/wp-content\/uploads\/2024\/10\/rodeo-bungee-250cm.jpg","contentUrl":"https:\/\/slacktivity.ch\/wp-content\/uploads\/2024\/10\/rodeo-bungee-250cm.jpg","width":1180,"height":1377,"caption":"rodeo bungee 250cm"},{"@type":"BreadcrumbList","@id":"https:\/\/slacktivity.ch\/fr\/shop\/rodeo-bungees\/#breadcrumb","itemListElement":[{"@type":"ListItem","position":1,"name":"Home","item":"https:\/\/slacktivity.ch\/fr\/"},{"@type":"ListItem","position":2,"name":"Boutique","item":"https:\/\/slacktivity.ch\/fr\/boutique\/"},{"@type":"ListItem","position":3,"name":"Rodeo Bungees"}]},{"@type":"WebSite","@id":"https:\/\/slacktivity.ch\/fr\/#website","url":"https:\/\/slacktivity.ch\/fr\/","name":"SLACKTIVITY Slackline Shop Schweiz","description":"Ensembles de slackline de haute qualit\u00e9 avec montage facile, produits innovants Highline et accessoires de slackline acheter en ligne. Pour les enfants, les d\u00e9butants et les professionnels.","publisher":{"@id":"https:\/\/slacktivity.ch\/fr\/#organization"},"potentialAction":[{"@type":"SearchAction","target":{"@type":"EntryPoint","urlTemplate":"https:\/\/slacktivity.ch\/fr\/?s={search_term_string}"},"query-input":{"@type":"PropertyValueSpecification","valueRequired":true,"valueName":"search_term_string"}}],"inLanguage":"fr-FR"},{"@type":"Organization","@id":"https:\/\/slacktivity.ch\/fr\/#organization","name":"SLACKTIVITY Slackline Shop Schweiz","url":"https:\/\/slacktivity.ch\/fr\/","logo":{"@type":"ImageObject","inLanguage":"fr-FR","@id":"https:\/\/slacktivity.ch\/fr\/#\/schema\/logo\/image\/","url":"https:\/\/slacktivity.ch\/wp-content\/uploads\/2021\/01\/slacktivity-slackline-online-shop-1.png","contentUrl":"https:\/\/slacktivity.ch\/wp-content\/uploads\/2021\/01\/slacktivity-slackline-online-shop-1.png","width":200,"height":77,"caption":"SLACKTIVITY Slackline Shop Schweiz"},"image":{"@id":"https:\/\/slacktivity.ch\/fr\/#\/schema\/logo\/image\/"}}]}},"_links":{"self":[{"href":"https:\/\/slacktivity.ch\/fr\/wp-json\/wp\/v2\/product\/13630","targetHints":{"allow":["GET"]}}],"collection":[{"href":"https:\/\/slacktivity.ch\/fr\/wp-json\/wp\/v2\/product"}],"about":[{"href":"https:\/\/slacktivity.ch\/fr\/wp-json\/wp\/v2\/types\/product"}],"replies":[{"embeddable":true,"href":"https:\/\/slacktivity.ch\/fr\/wp-json\/wp\/v2\/comments?post=13630"}],"wp:featuredmedia":[{"embeddable":true,"href":"https:\/\/slacktivity.ch\/fr\/wp-json\/wp\/v2\/media\/12550"}],"wp:attachment":[{"href":"https:\/\/slacktivity.ch\/fr\/wp-json\/wp\/v2\/media?parent=13630"}],"wp:term":[{"taxonomy":"product_cat","embeddable":true,"href":"https:\/\/slacktivity.ch\/fr\/wp-json\/wp\/v2\/product_cat?post=13630"},{"taxonomy":"product_tag","embeddable":true,"href":"https:\/\/slacktivity.ch\/fr\/wp-json\/wp\/v2\/product_tag?post=13630"}],"curies":[{"name":"wp","href":"https:\/\/api.w.org\/{rel}","templated":true}]}}