{"id":13674,"date":"2021-02-22T15:54:40","date_gmt":"2021-02-22T13:54:40","guid":{"rendered":"https:\/\/slacktivity.ch\/?post_type=product&#038;p=13674"},"modified":"2026-05-03T21:27:53","modified_gmt":"2026-05-03T19:27:53","slug":"treeprotector-v3l","status":"publish","type":"product","link":"https:\/\/slacktivity.ch\/fr\/shop\/treeprotector-v3l\/","title":{"rendered":"TreeProtector | V3L"},"content":{"rendered":"<h2>Protection d&rsquo;arbre Slackline | Tree-Protection V3L \u2013 nouvelles boucles de fixation<\/h2>\n<p>La <strong>Tree-Protection V3L<\/strong> est la <b>plus longue et la plus robuste<\/b> sur le march\u00e9, compatible avec tous les syst\u00e8mes de slackline courants, y compris ceux d&rsquo;autres fabricants. La version 3L est \u00e9quip\u00e9e de trois boucles (loops) qui maintiennent les sangles rondes \u00e0 la bonne position sur la protection d&rsquo;arbre. Gr\u00e2ce \u00e0 sa construction robuste, cette protection a une tr\u00e8s longue dur\u00e9e de vie \u2013 ce qui \u00e9conomise des ressources et finalement aussi de l&rsquo;argent \ud83d\ude42<\/p>\n<h2>Caract\u00e9ristiques<\/h2>\n<ul>\n<li>Manipulation facile gr\u00e2ce au velcro pratique<\/li>\n<li>Trois boucles assurent le bon positionnement de toutes les sangles rondes du march\u00e9 (\u00e9lingues rondes)<\/li>\n<li>Le tissu polyester int\u00e9rieur rend la protection tr\u00e8s robuste et prot\u00e8ge mieux l&rsquo;arbre \u2192 meilleure r\u00e9partition de la pression<\/li>\n<li>Compatible avec tous les syst\u00e8mes de slackline<\/li>\n<li>Extensible \u2013 il suffit d&rsquo;accrocher deux protections ensemble pour de grands arbres<\/li>\n<li>Gr\u00e2ce au velcro optimis\u00e9, la sangle SLACKTIVITY peut \u00eatre fix\u00e9e sur la protection et simplifie encore le montage<\/li>\n<\/ul>\n<h2>Sp\u00e9cifications<\/h2>\n<ul>\n<li>Mat\u00e9riau ext\u00e9rieur : feutre, Mat\u00e9riau int\u00e9rieur : polyester<\/li>\n<li>Longueur : 240 cm, Largeur : 13,5 cm<\/li>\n<li>3 boucles de fixation pour sangles rondes<\/li>\n<\/ul>\n<p><em>Remarque : Pour une slackline, on utilise g\u00e9n\u00e9ralement une paire de protections d&rsquo;arbre.<\/em><\/p>\n","protected":false},"excerpt":{"rendered":"<p>Protection d&rsquo;arbre slackline de 2,4 m\u00e8tres Tree-Protection avec boucles de fixation pour sangles rondes. Gr\u00e2ce \u00e0 sa construction \u00e0 double couche, elle est extr\u00eamement robuste et sa rigidit\u00e9 permet une meilleure r\u00e9partition de la pression sur l&rsquo;\u00e9corce.<\/p>\n","protected":false},"featured_media":6134,"comment_status":"open","ping_status":"closed","template":"","meta":{"_acf_changed":false,"_joinchat":[]},"product_cat":[623,907],"product_tag":[],"class_list":{"0":"post-13674","1":"product","2":"type-product","3":"status-publish","4":"has-post-thumbnail","6":"product_cat-protection-des-arbres-et-elingues","7":"product_cat-slackline-protection-arbre","9":"first","10":"instock","11":"taxable","12":"shipping-taxable","13":"purchasable","14":"product-type-variable"},"acf":[],"yoast_head":"<!-- This site is optimized with the Yoast SEO plugin v27.5 - https:\/\/yoast.com\/product\/yoast-seo-wordpress\/ -->\n<title>TreeProtector | V3L - SLACKTIVITY Slackline Shop Schweiz<\/title>\n<meta name=\"robots\" content=\"index, follow, max-snippet:-1, max-image-preview:large, max-video-preview:-1\" \/>\n<link rel=\"canonical\" href=\"https:\/\/slacktivity.ch\/fr\/shop\/treeprotector-v3l\/\" \/>\n<meta property=\"og:locale\" content=\"fr_FR\" \/>\n<meta property=\"og:type\" content=\"article\" \/>\n<meta property=\"og:title\" content=\"TreeProtector | V3L - SLACKTIVITY Slackline Shop Schweiz\" \/>\n<meta property=\"og:description\" content=\"Protection d&#039;arbre slackline de 2,4 m\u00e8tres Tree-Protection avec boucles de fixation pour sangles rondes. Gr\u00e2ce \u00e0 sa construction \u00e0 double couche, elle est extr\u00eamement robuste et sa rigidit\u00e9 permet une meilleure r\u00e9partition de la pression sur l&#039;\u00e9corce.\" \/>\n<meta property=\"og:url\" content=\"https:\/\/slacktivity.ch\/fr\/shop\/treeprotector-v3l\/\" \/>\n<meta property=\"og:site_name\" content=\"SLACKTIVITY Slackline Shop Schweiz\" \/>\n<meta property=\"article:modified_time\" content=\"2026-05-03T19:27:53+00:00\" \/>\n<meta property=\"og:image\" content=\"https:\/\/slacktivity.ch\/wp-content\/uploads\/2021\/02\/slackline-tree-protection-schlaufe.jpg\" \/>\n\t<meta property=\"og:image:width\" content=\"1180\" \/>\n\t<meta property=\"og:image:height\" content=\"1377\" \/>\n\t<meta property=\"og:image:type\" content=\"image\/jpeg\" \/>\n<meta name=\"twitter:card\" content=\"summary_large_image\" \/>\n<script type=\"application\/ld+json\" class=\"yoast-schema-graph\">{\"@context\":\"https:\\\/\\\/schema.org\",\"@graph\":[{\"@type\":\"WebPage\",\"@id\":\"https:\\\/\\\/slacktivity.ch\\\/fr\\\/shop\\\/treeprotector-v3l\\\/\",\"url\":\"https:\\\/\\\/slacktivity.ch\\\/fr\\\/shop\\\/treeprotector-v3l\\\/\",\"name\":\"TreeProtector | V3L - SLACKTIVITY Slackline Shop Schweiz\",\"isPartOf\":{\"@id\":\"https:\\\/\\\/slacktivity.ch\\\/fr\\\/#website\"},\"primaryImageOfPage\":{\"@id\":\"https:\\\/\\\/slacktivity.ch\\\/fr\\\/shop\\\/treeprotector-v3l\\\/#primaryimage\"},\"image\":{\"@id\":\"https:\\\/\\\/slacktivity.ch\\\/fr\\\/shop\\\/treeprotector-v3l\\\/#primaryimage\"},\"thumbnailUrl\":\"https:\\\/\\\/slacktivity.ch\\\/wp-content\\\/uploads\\\/2021\\\/02\\\/slackline-tree-protection-schlaufe.jpg\",\"datePublished\":\"2021-02-22T13:54:40+00:00\",\"dateModified\":\"2026-05-03T19:27:53+00:00\",\"breadcrumb\":{\"@id\":\"https:\\\/\\\/slacktivity.ch\\\/fr\\\/shop\\\/treeprotector-v3l\\\/#breadcrumb\"},\"inLanguage\":\"fr-FR\",\"potentialAction\":[{\"@type\":\"ReadAction\",\"target\":[\"https:\\\/\\\/slacktivity.ch\\\/fr\\\/shop\\\/treeprotector-v3l\\\/\"]}]},{\"@type\":\"ImageObject\",\"inLanguage\":\"fr-FR\",\"@id\":\"https:\\\/\\\/slacktivity.ch\\\/fr\\\/shop\\\/treeprotector-v3l\\\/#primaryimage\",\"url\":\"https:\\\/\\\/slacktivity.ch\\\/wp-content\\\/uploads\\\/2021\\\/02\\\/slackline-tree-protection-schlaufe.jpg\",\"contentUrl\":\"https:\\\/\\\/slacktivity.ch\\\/wp-content\\\/uploads\\\/2021\\\/02\\\/slackline-tree-protection-schlaufe.jpg\",\"width\":1180,\"height\":1377,\"caption\":\"slackline tree protection schlaufe\"},{\"@type\":\"BreadcrumbList\",\"@id\":\"https:\\\/\\\/slacktivity.ch\\\/fr\\\/shop\\\/treeprotector-v3l\\\/#breadcrumb\",\"itemListElement\":[{\"@type\":\"ListItem\",\"position\":1,\"name\":\"Home\",\"item\":\"https:\\\/\\\/slacktivity.ch\\\/fr\\\/\"},{\"@type\":\"ListItem\",\"position\":2,\"name\":\"Boutique\",\"item\":\"https:\\\/\\\/slacktivity.ch\\\/fr\\\/boutique\\\/\"},{\"@type\":\"ListItem\",\"position\":3,\"name\":\"TreeProtector | V3L\"}]},{\"@type\":\"WebSite\",\"@id\":\"https:\\\/\\\/slacktivity.ch\\\/fr\\\/#website\",\"url\":\"https:\\\/\\\/slacktivity.ch\\\/fr\\\/\",\"name\":\"SLACKTIVITY Slackline Shop Schweiz\",\"description\":\"Ensembles de slackline de haute qualit\u00e9 avec montage facile, produits innovants Highline et accessoires de slackline acheter en ligne. Pour les enfants, les d\u00e9butants et les professionnels.\",\"publisher\":{\"@id\":\"https:\\\/\\\/slacktivity.ch\\\/fr\\\/#organization\"},\"potentialAction\":[{\"@type\":\"SearchAction\",\"target\":{\"@type\":\"EntryPoint\",\"urlTemplate\":\"https:\\\/\\\/slacktivity.ch\\\/fr\\\/?s={search_term_string}\"},\"query-input\":{\"@type\":\"PropertyValueSpecification\",\"valueRequired\":true,\"valueName\":\"search_term_string\"}}],\"inLanguage\":\"fr-FR\"},{\"@type\":\"Organization\",\"@id\":\"https:\\\/\\\/slacktivity.ch\\\/fr\\\/#organization\",\"name\":\"SLACKTIVITY Slackline Shop Schweiz\",\"url\":\"https:\\\/\\\/slacktivity.ch\\\/fr\\\/\",\"logo\":{\"@type\":\"ImageObject\",\"inLanguage\":\"fr-FR\",\"@id\":\"https:\\\/\\\/slacktivity.ch\\\/fr\\\/#\\\/schema\\\/logo\\\/image\\\/\",\"url\":\"https:\\\/\\\/slacktivity.ch\\\/wp-content\\\/uploads\\\/2021\\\/01\\\/slacktivity-slackline-online-shop-1.png\",\"contentUrl\":\"https:\\\/\\\/slacktivity.ch\\\/wp-content\\\/uploads\\\/2021\\\/01\\\/slacktivity-slackline-online-shop-1.png\",\"width\":200,\"height\":77,\"caption\":\"SLACKTIVITY Slackline Shop Schweiz\"},\"image\":{\"@id\":\"https:\\\/\\\/slacktivity.ch\\\/fr\\\/#\\\/schema\\\/logo\\\/image\\\/\"}}]}<\/script>\n<!-- \/ Yoast SEO plugin. -->","yoast_head_json":{"title":"TreeProtector | V3L - SLACKTIVITY Slackline Shop Schweiz","robots":{"index":"index","follow":"follow","max-snippet":"max-snippet:-1","max-image-preview":"max-image-preview:large","max-video-preview":"max-video-preview:-1"},"canonical":"https:\/\/slacktivity.ch\/fr\/shop\/treeprotector-v3l\/","og_locale":"fr_FR","og_type":"article","og_title":"TreeProtector | V3L - SLACKTIVITY Slackline Shop Schweiz","og_description":"Protection d'arbre slackline de 2,4 m\u00e8tres Tree-Protection avec boucles de fixation pour sangles rondes. Gr\u00e2ce \u00e0 sa construction \u00e0 double couche, elle est extr\u00eamement robuste et sa rigidit\u00e9 permet une meilleure r\u00e9partition de la pression sur l'\u00e9corce.","og_url":"https:\/\/slacktivity.ch\/fr\/shop\/treeprotector-v3l\/","og_site_name":"SLACKTIVITY Slackline Shop Schweiz","article_modified_time":"2026-05-03T19:27:53+00:00","og_image":[{"width":1180,"height":1377,"url":"https:\/\/slacktivity.ch\/wp-content\/uploads\/2021\/02\/slackline-tree-protection-schlaufe.jpg","type":"image\/jpeg"}],"twitter_card":"summary_large_image","schema":{"@context":"https:\/\/schema.org","@graph":[{"@type":"WebPage","@id":"https:\/\/slacktivity.ch\/fr\/shop\/treeprotector-v3l\/","url":"https:\/\/slacktivity.ch\/fr\/shop\/treeprotector-v3l\/","name":"TreeProtector | V3L - SLACKTIVITY Slackline Shop Schweiz","isPartOf":{"@id":"https:\/\/slacktivity.ch\/fr\/#website"},"primaryImageOfPage":{"@id":"https:\/\/slacktivity.ch\/fr\/shop\/treeprotector-v3l\/#primaryimage"},"image":{"@id":"https:\/\/slacktivity.ch\/fr\/shop\/treeprotector-v3l\/#primaryimage"},"thumbnailUrl":"https:\/\/slacktivity.ch\/wp-content\/uploads\/2021\/02\/slackline-tree-protection-schlaufe.jpg","datePublished":"2021-02-22T13:54:40+00:00","dateModified":"2026-05-03T19:27:53+00:00","breadcrumb":{"@id":"https:\/\/slacktivity.ch\/fr\/shop\/treeprotector-v3l\/#breadcrumb"},"inLanguage":"fr-FR","potentialAction":[{"@type":"ReadAction","target":["https:\/\/slacktivity.ch\/fr\/shop\/treeprotector-v3l\/"]}]},{"@type":"ImageObject","inLanguage":"fr-FR","@id":"https:\/\/slacktivity.ch\/fr\/shop\/treeprotector-v3l\/#primaryimage","url":"https:\/\/slacktivity.ch\/wp-content\/uploads\/2021\/02\/slackline-tree-protection-schlaufe.jpg","contentUrl":"https:\/\/slacktivity.ch\/wp-content\/uploads\/2021\/02\/slackline-tree-protection-schlaufe.jpg","width":1180,"height":1377,"caption":"slackline tree protection schlaufe"},{"@type":"BreadcrumbList","@id":"https:\/\/slacktivity.ch\/fr\/shop\/treeprotector-v3l\/#breadcrumb","itemListElement":[{"@type":"ListItem","position":1,"name":"Home","item":"https:\/\/slacktivity.ch\/fr\/"},{"@type":"ListItem","position":2,"name":"Boutique","item":"https:\/\/slacktivity.ch\/fr\/boutique\/"},{"@type":"ListItem","position":3,"name":"TreeProtector | V3L"}]},{"@type":"WebSite","@id":"https:\/\/slacktivity.ch\/fr\/#website","url":"https:\/\/slacktivity.ch\/fr\/","name":"SLACKTIVITY Slackline Shop Schweiz","description":"Ensembles de slackline de haute qualit\u00e9 avec montage facile, produits innovants Highline et accessoires de slackline acheter en ligne. Pour les enfants, les d\u00e9butants et les professionnels.","publisher":{"@id":"https:\/\/slacktivity.ch\/fr\/#organization"},"potentialAction":[{"@type":"SearchAction","target":{"@type":"EntryPoint","urlTemplate":"https:\/\/slacktivity.ch\/fr\/?s={search_term_string}"},"query-input":{"@type":"PropertyValueSpecification","valueRequired":true,"valueName":"search_term_string"}}],"inLanguage":"fr-FR"},{"@type":"Organization","@id":"https:\/\/slacktivity.ch\/fr\/#organization","name":"SLACKTIVITY Slackline Shop Schweiz","url":"https:\/\/slacktivity.ch\/fr\/","logo":{"@type":"ImageObject","inLanguage":"fr-FR","@id":"https:\/\/slacktivity.ch\/fr\/#\/schema\/logo\/image\/","url":"https:\/\/slacktivity.ch\/wp-content\/uploads\/2021\/01\/slacktivity-slackline-online-shop-1.png","contentUrl":"https:\/\/slacktivity.ch\/wp-content\/uploads\/2021\/01\/slacktivity-slackline-online-shop-1.png","width":200,"height":77,"caption":"SLACKTIVITY Slackline Shop Schweiz"},"image":{"@id":"https:\/\/slacktivity.ch\/fr\/#\/schema\/logo\/image\/"}}]}},"_links":{"self":[{"href":"https:\/\/slacktivity.ch\/fr\/wp-json\/wp\/v2\/product\/13674","targetHints":{"allow":["GET"]}}],"collection":[{"href":"https:\/\/slacktivity.ch\/fr\/wp-json\/wp\/v2\/product"}],"about":[{"href":"https:\/\/slacktivity.ch\/fr\/wp-json\/wp\/v2\/types\/product"}],"replies":[{"embeddable":true,"href":"https:\/\/slacktivity.ch\/fr\/wp-json\/wp\/v2\/comments?post=13674"}],"wp:featuredmedia":[{"embeddable":true,"href":"https:\/\/slacktivity.ch\/fr\/wp-json\/wp\/v2\/media\/6134"}],"wp:attachment":[{"href":"https:\/\/slacktivity.ch\/fr\/wp-json\/wp\/v2\/media?parent=13674"}],"wp:term":[{"taxonomy":"product_cat","embeddable":true,"href":"https:\/\/slacktivity.ch\/fr\/wp-json\/wp\/v2\/product_cat?post=13674"},{"taxonomy":"product_tag","embeddable":true,"href":"https:\/\/slacktivity.ch\/fr\/wp-json\/wp\/v2\/product_tag?post=13674"}],"curies":[{"name":"wp","href":"https:\/\/api.w.org\/{rel}","templated":true}]}}