{"id":13699,"date":"2026-02-06T12:52:25","date_gmt":"2026-02-06T10:52:25","guid":{"rendered":"https:\/\/slacktivity.ch\/?post_type=product&#038;p=13699"},"modified":"2026-05-04T10:27:54","modified_gmt":"2026-05-04T08:27:54","slug":"t-loop","status":"publish","type":"product","link":"https:\/\/slacktivity.ch\/fr\/shop\/t-loop\/","title":{"rendered":"T-Loop"},"content":{"rendered":"<h1>Coutures pour Slacklines, Longlines &amp; Highlines<\/h1>\n<p>Tu as besoin d&rsquo;une boucle d&rsquo;extr\u00e9mit\u00e9 cousue pour accrocher ta slackline ? Ou d&rsquo;une X-Connection entre ta mainline et le backup pour renforcer la s\u00e9curit\u00e9 de ta highline ? Nous proposons des coutures professionnelles \u2014 adapt\u00e9es \u00e0 la sangle slackline souhait\u00e9e.<\/p>\n<h2>T-Loop<\/h2>\n<p>Un T-Loop permet de relier la mainline et le backup pour les highlines. La solution la plus propre consiste \u00e0 avoir un T-Loop sur la mainline et sur le backup. L&rsquo;avantage par rapport \u00e0 la X-Connection : les sangles peuvent \u00eatre s\u00e9par\u00e9es. Cela permet d&rsquo;utiliser la slackline comme longline dans un park, mais aussi d&rsquo;\u00e9changer librement la mainline et le backup.<\/p>\n<h2>Comment obtenir ta slackline cousue<\/h2>\n<p>Indique-nous le plus pr\u00e9cis\u00e9ment possible ce dont tu as besoin (p.ex. endloop aux deux extr\u00e9mit\u00e9s plus un T-Loop au milieu de la sangle). Pour les demandes complexes, envoie-nous un croquis \u00e0 info@slacktivity.ch. Nous cousons environ une fois par mois \u2014 sois conscient que cela peut prendre un peu de temps. Nous cousons aussi sur demande des sangles d&rsquo;autres marques. Si tu nous envoies une sangle \u00e0 coudre, marque tr\u00e8s pr\u00e9cis\u00e9ment ce qui doit \u00eatre cousu o\u00f9 (si possible avec un post-it num\u00e9rot\u00e9, et une pince pour maintenir les deux sangles ensemble). Place les sections \u00e0 coudre en haut du carton pour \u00e9viter de devoir inspecter toute la slackline.<\/p>\n<h2>Qualit\u00e9 de couture maximale<\/h2>\n<p>Nos coutures sont con\u00e7ues pour une charge de rupture maximale. Nous les avons test\u00e9es exhaustivement sur toutes les sangles SLACKTIVITY. Sur demande, nous pouvons \u00e9galement effectuer un test de charge de rupture sur ta sangle (utilis\u00e9e ou d&rsquo;une autre marque) avec la couture correspondante, \u00e0 un suppl\u00e9ment de CHF 15.\u2013 + co\u00fbts de couture.<\/p>\n<h2>Endloop, T-Loop, X-Connection, Fractio-Loop ?<\/h2>\n<ul>\n<li><strong>Endloop :<\/strong> CHF 20.\u2013<\/li>\n<li><strong>X-Connection :<\/strong> CHF 20.\u2013<\/li>\n<li><strong>T-Loop :<\/strong> CHF 28.\u2013<\/li>\n<li><strong>Fractio-Loop :<\/strong> CHF 28.\u2013<\/li>\n<\/ul>\n<h2>X-Connection<\/h2>\n<p>Une X-Connection est une liaison directement cousue entre la mainline et le backup pour augmenter la s\u00e9curit\u00e9 lors du highlining. Le grand avantage : le leash ring peut glisser librement au-dessus de la zone de couture.<\/p>\n","protected":false},"excerpt":{"rendered":"<p>Un T-Loop permet de relier la Mainline et le Backup sur les highlines. Le plus proprement, cela fonctionne quand la Mainline et le Backup ont tous les deux un T-Loop.<\/p>\n<p>L&rsquo;avantage par rapport \u00e0 la X-Connection : les sangles peuvent \u00eatre s\u00e9par\u00e9es l&rsquo;une de l&rsquo;autre. Cela permet une utilisation comme Longline dans un parc, mais aussi l&rsquo;\u00e9change flexible de la Mainline et du Backup.<\/p>\n<p>Nos coutures sont con\u00e7ues pour une r\u00e9sistance \u00e0 la rupture maximale. Sur toutes les sangles Slacktivity, nous avons test\u00e9 les coutures de mani\u00e8re approfondie.<\/p>\n","protected":false},"featured_media":13163,"comment_status":"open","ping_status":"closed","template":"","meta":{"_acf_changed":false,"_joinchat":[]},"product_cat":[],"product_tag":[1030],"class_list":{"0":"post-13699","1":"product","2":"type-product","3":"status-publish","4":"has-post-thumbnail","6":"product_tag-couture-fr","8":"first","9":"instock","10":"taxable","11":"shipping-taxable","12":"purchasable","13":"product-type-simple"},"acf":[],"yoast_head":"<!-- This site is optimized with the Yoast SEO plugin v27.5 - https:\/\/yoast.com\/product\/yoast-seo-wordpress\/ -->\n<title>T-Loop - SLACKTIVITY Slackline Shop Schweiz<\/title>\n<meta name=\"robots\" content=\"index, follow, max-snippet:-1, max-image-preview:large, max-video-preview:-1\" \/>\n<link rel=\"canonical\" href=\"https:\/\/slacktivity.ch\/fr\/shop\/t-loop\/\" \/>\n<meta property=\"og:locale\" content=\"fr_FR\" \/>\n<meta property=\"og:type\" content=\"article\" \/>\n<meta property=\"og:title\" content=\"T-Loop - SLACKTIVITY Slackline Shop Schweiz\" \/>\n<meta property=\"og:description\" content=\"Un T-Loop permet de relier la Mainline et le Backup sur les highlines. Le plus proprement, cela fonctionne quand la Mainline et le Backup ont tous les deux un T-Loop. L&#039;avantage par rapport \u00e0 la X-Connection : les sangles peuvent \u00eatre s\u00e9par\u00e9es l&#039;une de l&#039;autre. Cela permet une utilisation comme Longline dans un parc, mais aussi l&#039;\u00e9change flexible de la Mainline et du Backup. Nos coutures sont con\u00e7ues pour une r\u00e9sistance \u00e0 la rupture maximale. Sur toutes les sangles Slacktivity, nous avons test\u00e9 les coutures de mani\u00e8re approfondie.\" \/>\n<meta property=\"og:url\" content=\"https:\/\/slacktivity.ch\/fr\/shop\/t-loop\/\" \/>\n<meta property=\"og:site_name\" content=\"SLACKTIVITY Slackline Shop Schweiz\" \/>\n<meta property=\"article:modified_time\" content=\"2026-05-04T08:27:54+00:00\" \/>\n<meta property=\"og:image\" content=\"https:\/\/slacktivity.ch\/wp-content\/uploads\/2026\/02\/T-Loop-black.jpg\" \/>\n\t<meta property=\"og:image:width\" content=\"1080\" \/>\n\t<meta property=\"og:image:height\" content=\"1080\" \/>\n\t<meta property=\"og:image:type\" content=\"image\/jpeg\" \/>\n<meta name=\"twitter:card\" content=\"summary_large_image\" \/>\n<script type=\"application\/ld+json\" class=\"yoast-schema-graph\">{\"@context\":\"https:\\\/\\\/schema.org\",\"@graph\":[{\"@type\":\"WebPage\",\"@id\":\"https:\\\/\\\/slacktivity.ch\\\/fr\\\/shop\\\/t-loop\\\/\",\"url\":\"https:\\\/\\\/slacktivity.ch\\\/fr\\\/shop\\\/t-loop\\\/\",\"name\":\"T-Loop - SLACKTIVITY Slackline Shop Schweiz\",\"isPartOf\":{\"@id\":\"https:\\\/\\\/slacktivity.ch\\\/fr\\\/#website\"},\"primaryImageOfPage\":{\"@id\":\"https:\\\/\\\/slacktivity.ch\\\/fr\\\/shop\\\/t-loop\\\/#primaryimage\"},\"image\":{\"@id\":\"https:\\\/\\\/slacktivity.ch\\\/fr\\\/shop\\\/t-loop\\\/#primaryimage\"},\"thumbnailUrl\":\"https:\\\/\\\/slacktivity.ch\\\/wp-content\\\/uploads\\\/2026\\\/02\\\/T-Loop-black.jpg\",\"datePublished\":\"2026-02-06T10:52:25+00:00\",\"dateModified\":\"2026-05-04T08:27:54+00:00\",\"breadcrumb\":{\"@id\":\"https:\\\/\\\/slacktivity.ch\\\/fr\\\/shop\\\/t-loop\\\/#breadcrumb\"},\"inLanguage\":\"fr-FR\",\"potentialAction\":[{\"@type\":\"ReadAction\",\"target\":[\"https:\\\/\\\/slacktivity.ch\\\/fr\\\/shop\\\/t-loop\\\/\"]}]},{\"@type\":\"ImageObject\",\"inLanguage\":\"fr-FR\",\"@id\":\"https:\\\/\\\/slacktivity.ch\\\/fr\\\/shop\\\/t-loop\\\/#primaryimage\",\"url\":\"https:\\\/\\\/slacktivity.ch\\\/wp-content\\\/uploads\\\/2026\\\/02\\\/T-Loop-black.jpg\",\"contentUrl\":\"https:\\\/\\\/slacktivity.ch\\\/wp-content\\\/uploads\\\/2026\\\/02\\\/T-Loop-black.jpg\",\"width\":1080,\"height\":1080,\"caption\":\"T-Loop for Slacklines\"},{\"@type\":\"BreadcrumbList\",\"@id\":\"https:\\\/\\\/slacktivity.ch\\\/fr\\\/shop\\\/t-loop\\\/#breadcrumb\",\"itemListElement\":[{\"@type\":\"ListItem\",\"position\":1,\"name\":\"Home\",\"item\":\"https:\\\/\\\/slacktivity.ch\\\/fr\\\/\"},{\"@type\":\"ListItem\",\"position\":2,\"name\":\"Boutique\",\"item\":\"https:\\\/\\\/slacktivity.ch\\\/fr\\\/boutique\\\/\"},{\"@type\":\"ListItem\",\"position\":3,\"name\":\"T-Loop\"}]},{\"@type\":\"WebSite\",\"@id\":\"https:\\\/\\\/slacktivity.ch\\\/fr\\\/#website\",\"url\":\"https:\\\/\\\/slacktivity.ch\\\/fr\\\/\",\"name\":\"SLACKTIVITY Slackline Shop Schweiz\",\"description\":\"Ensembles de slackline de haute qualit\u00e9 avec montage facile, produits innovants Highline et accessoires de slackline acheter en ligne. Pour les enfants, les d\u00e9butants et les professionnels.\",\"publisher\":{\"@id\":\"https:\\\/\\\/slacktivity.ch\\\/fr\\\/#organization\"},\"potentialAction\":[{\"@type\":\"SearchAction\",\"target\":{\"@type\":\"EntryPoint\",\"urlTemplate\":\"https:\\\/\\\/slacktivity.ch\\\/fr\\\/?s={search_term_string}\"},\"query-input\":{\"@type\":\"PropertyValueSpecification\",\"valueRequired\":true,\"valueName\":\"search_term_string\"}}],\"inLanguage\":\"fr-FR\"},{\"@type\":\"Organization\",\"@id\":\"https:\\\/\\\/slacktivity.ch\\\/fr\\\/#organization\",\"name\":\"SLACKTIVITY Slackline Shop Schweiz\",\"url\":\"https:\\\/\\\/slacktivity.ch\\\/fr\\\/\",\"logo\":{\"@type\":\"ImageObject\",\"inLanguage\":\"fr-FR\",\"@id\":\"https:\\\/\\\/slacktivity.ch\\\/fr\\\/#\\\/schema\\\/logo\\\/image\\\/\",\"url\":\"https:\\\/\\\/slacktivity.ch\\\/wp-content\\\/uploads\\\/2021\\\/01\\\/slacktivity-slackline-online-shop-1.png\",\"contentUrl\":\"https:\\\/\\\/slacktivity.ch\\\/wp-content\\\/uploads\\\/2021\\\/01\\\/slacktivity-slackline-online-shop-1.png\",\"width\":200,\"height\":77,\"caption\":\"SLACKTIVITY Slackline Shop Schweiz\"},\"image\":{\"@id\":\"https:\\\/\\\/slacktivity.ch\\\/fr\\\/#\\\/schema\\\/logo\\\/image\\\/\"}}]}<\/script>\n<!-- \/ Yoast SEO plugin. -->","yoast_head_json":{"title":"T-Loop - SLACKTIVITY Slackline Shop Schweiz","robots":{"index":"index","follow":"follow","max-snippet":"max-snippet:-1","max-image-preview":"max-image-preview:large","max-video-preview":"max-video-preview:-1"},"canonical":"https:\/\/slacktivity.ch\/fr\/shop\/t-loop\/","og_locale":"fr_FR","og_type":"article","og_title":"T-Loop - SLACKTIVITY Slackline Shop Schweiz","og_description":"Un T-Loop permet de relier la Mainline et le Backup sur les highlines. Le plus proprement, cela fonctionne quand la Mainline et le Backup ont tous les deux un T-Loop. L'avantage par rapport \u00e0 la X-Connection : les sangles peuvent \u00eatre s\u00e9par\u00e9es l'une de l'autre. Cela permet une utilisation comme Longline dans un parc, mais aussi l'\u00e9change flexible de la Mainline et du Backup. Nos coutures sont con\u00e7ues pour une r\u00e9sistance \u00e0 la rupture maximale. Sur toutes les sangles Slacktivity, nous avons test\u00e9 les coutures de mani\u00e8re approfondie.","og_url":"https:\/\/slacktivity.ch\/fr\/shop\/t-loop\/","og_site_name":"SLACKTIVITY Slackline Shop Schweiz","article_modified_time":"2026-05-04T08:27:54+00:00","og_image":[{"width":1080,"height":1080,"url":"https:\/\/slacktivity.ch\/wp-content\/uploads\/2026\/02\/T-Loop-black.jpg","type":"image\/jpeg"}],"twitter_card":"summary_large_image","schema":{"@context":"https:\/\/schema.org","@graph":[{"@type":"WebPage","@id":"https:\/\/slacktivity.ch\/fr\/shop\/t-loop\/","url":"https:\/\/slacktivity.ch\/fr\/shop\/t-loop\/","name":"T-Loop - SLACKTIVITY Slackline Shop Schweiz","isPartOf":{"@id":"https:\/\/slacktivity.ch\/fr\/#website"},"primaryImageOfPage":{"@id":"https:\/\/slacktivity.ch\/fr\/shop\/t-loop\/#primaryimage"},"image":{"@id":"https:\/\/slacktivity.ch\/fr\/shop\/t-loop\/#primaryimage"},"thumbnailUrl":"https:\/\/slacktivity.ch\/wp-content\/uploads\/2026\/02\/T-Loop-black.jpg","datePublished":"2026-02-06T10:52:25+00:00","dateModified":"2026-05-04T08:27:54+00:00","breadcrumb":{"@id":"https:\/\/slacktivity.ch\/fr\/shop\/t-loop\/#breadcrumb"},"inLanguage":"fr-FR","potentialAction":[{"@type":"ReadAction","target":["https:\/\/slacktivity.ch\/fr\/shop\/t-loop\/"]}]},{"@type":"ImageObject","inLanguage":"fr-FR","@id":"https:\/\/slacktivity.ch\/fr\/shop\/t-loop\/#primaryimage","url":"https:\/\/slacktivity.ch\/wp-content\/uploads\/2026\/02\/T-Loop-black.jpg","contentUrl":"https:\/\/slacktivity.ch\/wp-content\/uploads\/2026\/02\/T-Loop-black.jpg","width":1080,"height":1080,"caption":"T-Loop for Slacklines"},{"@type":"BreadcrumbList","@id":"https:\/\/slacktivity.ch\/fr\/shop\/t-loop\/#breadcrumb","itemListElement":[{"@type":"ListItem","position":1,"name":"Home","item":"https:\/\/slacktivity.ch\/fr\/"},{"@type":"ListItem","position":2,"name":"Boutique","item":"https:\/\/slacktivity.ch\/fr\/boutique\/"},{"@type":"ListItem","position":3,"name":"T-Loop"}]},{"@type":"WebSite","@id":"https:\/\/slacktivity.ch\/fr\/#website","url":"https:\/\/slacktivity.ch\/fr\/","name":"SLACKTIVITY Slackline Shop Schweiz","description":"Ensembles de slackline de haute qualit\u00e9 avec montage facile, produits innovants Highline et accessoires de slackline acheter en ligne. Pour les enfants, les d\u00e9butants et les professionnels.","publisher":{"@id":"https:\/\/slacktivity.ch\/fr\/#organization"},"potentialAction":[{"@type":"SearchAction","target":{"@type":"EntryPoint","urlTemplate":"https:\/\/slacktivity.ch\/fr\/?s={search_term_string}"},"query-input":{"@type":"PropertyValueSpecification","valueRequired":true,"valueName":"search_term_string"}}],"inLanguage":"fr-FR"},{"@type":"Organization","@id":"https:\/\/slacktivity.ch\/fr\/#organization","name":"SLACKTIVITY Slackline Shop Schweiz","url":"https:\/\/slacktivity.ch\/fr\/","logo":{"@type":"ImageObject","inLanguage":"fr-FR","@id":"https:\/\/slacktivity.ch\/fr\/#\/schema\/logo\/image\/","url":"https:\/\/slacktivity.ch\/wp-content\/uploads\/2021\/01\/slacktivity-slackline-online-shop-1.png","contentUrl":"https:\/\/slacktivity.ch\/wp-content\/uploads\/2021\/01\/slacktivity-slackline-online-shop-1.png","width":200,"height":77,"caption":"SLACKTIVITY Slackline Shop Schweiz"},"image":{"@id":"https:\/\/slacktivity.ch\/fr\/#\/schema\/logo\/image\/"}}]}},"_links":{"self":[{"href":"https:\/\/slacktivity.ch\/fr\/wp-json\/wp\/v2\/product\/13699","targetHints":{"allow":["GET"]}}],"collection":[{"href":"https:\/\/slacktivity.ch\/fr\/wp-json\/wp\/v2\/product"}],"about":[{"href":"https:\/\/slacktivity.ch\/fr\/wp-json\/wp\/v2\/types\/product"}],"replies":[{"embeddable":true,"href":"https:\/\/slacktivity.ch\/fr\/wp-json\/wp\/v2\/comments?post=13699"}],"wp:featuredmedia":[{"embeddable":true,"href":"https:\/\/slacktivity.ch\/fr\/wp-json\/wp\/v2\/media\/13163"}],"wp:attachment":[{"href":"https:\/\/slacktivity.ch\/fr\/wp-json\/wp\/v2\/media?parent=13699"}],"wp:term":[{"taxonomy":"product_cat","embeddable":true,"href":"https:\/\/slacktivity.ch\/fr\/wp-json\/wp\/v2\/product_cat?post=13699"},{"taxonomy":"product_tag","embeddable":true,"href":"https:\/\/slacktivity.ch\/fr\/wp-json\/wp\/v2\/product_tag?post=13699"}],"curies":[{"name":"wp","href":"https:\/\/api.w.org\/{rel}","templated":true}]}}