{"id":13700,"date":"2026-02-06T12:59:42","date_gmt":"2026-02-06T10:59:42","guid":{"rendered":"https:\/\/slacktivity.ch\/?post_type=product&#038;p=13700"},"modified":"2026-05-04T10:25:45","modified_gmt":"2026-05-04T08:25:45","slug":"fractio-loop","status":"publish","type":"product","link":"https:\/\/slacktivity.ch\/fr\/shop\/fractio-loop\/","title":{"rendered":"Fractio-Loop"},"content":{"rendered":"<h1>Coutures pour Slacklines, Longlines &amp; Highlines<\/h1>\n<p>Tu as besoin d&rsquo;une boucle d&rsquo;extr\u00e9mit\u00e9 cousue pour accrocher ta slackline ? Ou d&rsquo;une X-Connection entre ta Mainline et le Backup pour renforcer la s\u00e9curit\u00e9 de ta highline ?<\/p>\n<p>Nous proposons des coutures professionnelles \u2014 adapt\u00e9es \u00e0 la sangle slackline souhait\u00e9e.<\/p>\n<h2>Fractio-Loop<\/h2>\n<p>Un Fractio-Loop permet de relier la Mainline et le Backup sur les highlines. Le plus proprement, cela fonctionne quand 2 Endloops du Backup sont reli\u00e9s ensemble avec le Fractio-Loop de la Mainline. Ce principe est utilis\u00e9 avec la sangle Y2K.<\/p>\n<p>L&rsquo;avantage par rapport \u00e0 la X-Connection : les sangles peuvent \u00eatre s\u00e9par\u00e9es l&rsquo;une de l&rsquo;autre. Cela permet une utilisation comme Longline dans un parc, mais aussi l&rsquo;\u00e9change flexible de la Mainline et du Backup.<\/p>\n<h2>Comment obtenir ta slackline cousue<\/h2>\n<ul>\n<li>Indique-nous le plus pr\u00e9cis\u00e9ment possible ce dont tu as besoin (p. ex. Endloop aux deux extr\u00e9mit\u00e9s et T-Loop au milieu de la sangle). Pour les demandes plus complexes, envoie-nous une esquisse \u00e0 info@slacktivity.ch.<\/li>\n<li>Nous cousons environ 1x par mois \u2014 sois donc conscient que cela peut prendre un peu de temps.<\/li>\n<li>Sur demande, nous cousons \u00e9galement des sangles d&rsquo;autres marques.<\/li>\n<li>Si tu nous envoies une sangle \u00e0 coudre, marque pr\u00e9cis\u00e9ment o\u00f9 et quoi doit \u00eatre cousu (si possible avec une \u00e9tiquette descriptive, et si n\u00e9cessaire maintiens les deux sangles ensemble avec une pince). Afin que nous n&rsquo;ayons pas \u00e0 chercher les emplacements sur toute la longueur (surtout pour les longues slacklines), place les parties \u00e0 coudre en haut dans la bo\u00eete.<\/li>\n<\/ul>\n<h2>Qualit\u00e9 de couture maximale<\/h2>\n<p>Nos coutures sont con\u00e7ues pour une r\u00e9sistance \u00e0 la rupture maximale. Sur toutes les sangles Slacktivity, nous avons test\u00e9 les coutures de mani\u00e8re approfondie.<\/p>\n<p>Sur demande, nous pouvons \u00e9galement effectuer un test de r\u00e9sistance \u00e0 la rupture de ta sangle (utilis\u00e9e ou d&rsquo;une autre marque) et de la couture correspondante. Cela \u00e0 un suppl\u00e9ment de 15.\u2013 CHF + frais de couture.<\/p>\n<h2>Endloop, T-Loop, X-Connection, Fractio-Loop ?<\/h2>\n<ul>\n<li>Endloop : 20.\u2013 CHF<\/li>\n<li>X-Connection : 20.\u2013 CHF<\/li>\n<li>T-Loop : 28.\u2013 CHF<\/li>\n<li>Fractio-Loop : 28.\u2013 CHF<\/li>\n<li>R\u00e9parations &amp; autres coutures sur demande<\/li>\n<\/ul>\n","protected":false},"excerpt":{"rendered":"<p>Un Fractio-Loop permet de relier la Mainline et le Backup sur les highlines. Le plus proprement, cela fonctionne quand 2 Endloops du Backup sont reli\u00e9s ensemble avec le Fractio-Loop de la Mainline. Ce principe est utilis\u00e9 avec la sangle Y2K.<\/p>\n<p>L&rsquo;avantage par rapport \u00e0 la X-Connection : les sangles peuvent \u00eatre s\u00e9par\u00e9es l&rsquo;une de l&rsquo;autre. Cela permet une utilisation comme Longline dans un parc, mais aussi l&rsquo;\u00e9change flexible de la Mainline et du Backup.<\/p>\n<p>Nos coutures sont con\u00e7ues pour une r\u00e9sistance \u00e0 la rupture maximale. Sur toutes les sangles Slacktivity, nous avons test\u00e9 les coutures de mani\u00e8re approfondie.<\/p>\n","protected":false},"featured_media":11763,"comment_status":"open","ping_status":"closed","template":"","meta":{"_acf_changed":false,"_joinchat":[]},"product_cat":[727],"product_tag":[1030],"class_list":{"0":"post-13700","1":"product","2":"type-product","3":"status-publish","4":"has-post-thumbnail","6":"product_cat-sangle-slackline","7":"product_tag-couture-fr","9":"first","10":"instock","11":"taxable","12":"shipping-taxable","13":"purchasable","14":"product-type-simple"},"acf":[],"yoast_head":"<!-- This site is optimized with the Yoast SEO plugin v27.5 - https:\/\/yoast.com\/product\/yoast-seo-wordpress\/ -->\n<title>Fractio-Loop - SLACKTIVITY Slackline Shop Schweiz<\/title>\n<meta name=\"robots\" content=\"index, follow, max-snippet:-1, max-image-preview:large, max-video-preview:-1\" \/>\n<link rel=\"canonical\" href=\"https:\/\/slacktivity.ch\/fr\/shop\/fractio-loop\/\" \/>\n<meta property=\"og:locale\" content=\"fr_FR\" \/>\n<meta property=\"og:type\" content=\"article\" \/>\n<meta property=\"og:title\" content=\"Fractio-Loop - SLACKTIVITY Slackline Shop Schweiz\" \/>\n<meta property=\"og:description\" content=\"Un Fractio-Loop permet de relier la Mainline et le Backup sur les highlines. Le plus proprement, cela fonctionne quand 2 Endloops du Backup sont reli\u00e9s ensemble avec le Fractio-Loop de la Mainline. Ce principe est utilis\u00e9 avec la sangle Y2K.L&#039;avantage par rapport \u00e0 la X-Connection : les sangles peuvent \u00eatre s\u00e9par\u00e9es l&#039;une de l&#039;autre. Cela permet une utilisation comme Longline dans un parc, mais aussi l&#039;\u00e9change flexible de la Mainline et du Backup.Nos coutures sont con\u00e7ues pour une r\u00e9sistance \u00e0 la rupture maximale. Sur toutes les sangles Slacktivity, nous avons test\u00e9 les coutures de mani\u00e8re approfondie.\" \/>\n<meta property=\"og:url\" content=\"https:\/\/slacktivity.ch\/fr\/shop\/fractio-loop\/\" \/>\n<meta property=\"og:site_name\" content=\"SLACKTIVITY Slackline Shop Schweiz\" \/>\n<meta property=\"article:modified_time\" content=\"2026-05-04T08:25:45+00:00\" \/>\n<meta property=\"og:image\" content=\"https:\/\/slacktivity.ch\/wp-content\/uploads\/2021\/02\/y2k-highlinewebbing-slacktivity.jpg\" \/>\n\t<meta property=\"og:image:width\" content=\"1180\" \/>\n\t<meta property=\"og:image:height\" content=\"1377\" \/>\n\t<meta property=\"og:image:type\" content=\"image\/jpeg\" \/>\n<meta name=\"twitter:card\" content=\"summary_large_image\" \/>\n<script type=\"application\/ld+json\" class=\"yoast-schema-graph\">{\"@context\":\"https:\\\/\\\/schema.org\",\"@graph\":[{\"@type\":\"WebPage\",\"@id\":\"https:\\\/\\\/slacktivity.ch\\\/fr\\\/shop\\\/fractio-loop\\\/\",\"url\":\"https:\\\/\\\/slacktivity.ch\\\/fr\\\/shop\\\/fractio-loop\\\/\",\"name\":\"Fractio-Loop - SLACKTIVITY Slackline Shop Schweiz\",\"isPartOf\":{\"@id\":\"https:\\\/\\\/slacktivity.ch\\\/fr\\\/#website\"},\"primaryImageOfPage\":{\"@id\":\"https:\\\/\\\/slacktivity.ch\\\/fr\\\/shop\\\/fractio-loop\\\/#primaryimage\"},\"image\":{\"@id\":\"https:\\\/\\\/slacktivity.ch\\\/fr\\\/shop\\\/fractio-loop\\\/#primaryimage\"},\"thumbnailUrl\":\"https:\\\/\\\/slacktivity.ch\\\/wp-content\\\/uploads\\\/2021\\\/02\\\/y2k-highlinewebbing-slacktivity.jpg\",\"datePublished\":\"2026-02-06T10:59:42+00:00\",\"dateModified\":\"2026-05-04T08:25:45+00:00\",\"breadcrumb\":{\"@id\":\"https:\\\/\\\/slacktivity.ch\\\/fr\\\/shop\\\/fractio-loop\\\/#breadcrumb\"},\"inLanguage\":\"fr-FR\",\"potentialAction\":[{\"@type\":\"ReadAction\",\"target\":[\"https:\\\/\\\/slacktivity.ch\\\/fr\\\/shop\\\/fractio-loop\\\/\"]}]},{\"@type\":\"ImageObject\",\"inLanguage\":\"fr-FR\",\"@id\":\"https:\\\/\\\/slacktivity.ch\\\/fr\\\/shop\\\/fractio-loop\\\/#primaryimage\",\"url\":\"https:\\\/\\\/slacktivity.ch\\\/wp-content\\\/uploads\\\/2021\\\/02\\\/y2k-highlinewebbing-slacktivity.jpg\",\"contentUrl\":\"https:\\\/\\\/slacktivity.ch\\\/wp-content\\\/uploads\\\/2021\\\/02\\\/y2k-highlinewebbing-slacktivity.jpg\",\"width\":1180,\"height\":1377,\"caption\":\"y2k highlinewebbing slacktivity\"},{\"@type\":\"BreadcrumbList\",\"@id\":\"https:\\\/\\\/slacktivity.ch\\\/fr\\\/shop\\\/fractio-loop\\\/#breadcrumb\",\"itemListElement\":[{\"@type\":\"ListItem\",\"position\":1,\"name\":\"Home\",\"item\":\"https:\\\/\\\/slacktivity.ch\\\/fr\\\/\"},{\"@type\":\"ListItem\",\"position\":2,\"name\":\"Boutique\",\"item\":\"https:\\\/\\\/slacktivity.ch\\\/fr\\\/boutique\\\/\"},{\"@type\":\"ListItem\",\"position\":3,\"name\":\"Fractio-Loop\"}]},{\"@type\":\"WebSite\",\"@id\":\"https:\\\/\\\/slacktivity.ch\\\/fr\\\/#website\",\"url\":\"https:\\\/\\\/slacktivity.ch\\\/fr\\\/\",\"name\":\"SLACKTIVITY Slackline Shop Schweiz\",\"description\":\"Ensembles de slackline de haute qualit\u00e9 avec montage facile, produits innovants Highline et accessoires de slackline acheter en ligne. Pour les enfants, les d\u00e9butants et les professionnels.\",\"publisher\":{\"@id\":\"https:\\\/\\\/slacktivity.ch\\\/fr\\\/#organization\"},\"potentialAction\":[{\"@type\":\"SearchAction\",\"target\":{\"@type\":\"EntryPoint\",\"urlTemplate\":\"https:\\\/\\\/slacktivity.ch\\\/fr\\\/?s={search_term_string}\"},\"query-input\":{\"@type\":\"PropertyValueSpecification\",\"valueRequired\":true,\"valueName\":\"search_term_string\"}}],\"inLanguage\":\"fr-FR\"},{\"@type\":\"Organization\",\"@id\":\"https:\\\/\\\/slacktivity.ch\\\/fr\\\/#organization\",\"name\":\"SLACKTIVITY Slackline Shop Schweiz\",\"url\":\"https:\\\/\\\/slacktivity.ch\\\/fr\\\/\",\"logo\":{\"@type\":\"ImageObject\",\"inLanguage\":\"fr-FR\",\"@id\":\"https:\\\/\\\/slacktivity.ch\\\/fr\\\/#\\\/schema\\\/logo\\\/image\\\/\",\"url\":\"https:\\\/\\\/slacktivity.ch\\\/wp-content\\\/uploads\\\/2021\\\/01\\\/slacktivity-slackline-online-shop-1.png\",\"contentUrl\":\"https:\\\/\\\/slacktivity.ch\\\/wp-content\\\/uploads\\\/2021\\\/01\\\/slacktivity-slackline-online-shop-1.png\",\"width\":200,\"height\":77,\"caption\":\"SLACKTIVITY Slackline Shop Schweiz\"},\"image\":{\"@id\":\"https:\\\/\\\/slacktivity.ch\\\/fr\\\/#\\\/schema\\\/logo\\\/image\\\/\"}}]}<\/script>\n<!-- \/ Yoast SEO plugin. -->","yoast_head_json":{"title":"Fractio-Loop - SLACKTIVITY Slackline Shop Schweiz","robots":{"index":"index","follow":"follow","max-snippet":"max-snippet:-1","max-image-preview":"max-image-preview:large","max-video-preview":"max-video-preview:-1"},"canonical":"https:\/\/slacktivity.ch\/fr\/shop\/fractio-loop\/","og_locale":"fr_FR","og_type":"article","og_title":"Fractio-Loop - SLACKTIVITY Slackline Shop Schweiz","og_description":"Un Fractio-Loop permet de relier la Mainline et le Backup sur les highlines. Le plus proprement, cela fonctionne quand 2 Endloops du Backup sont reli\u00e9s ensemble avec le Fractio-Loop de la Mainline. Ce principe est utilis\u00e9 avec la sangle Y2K.L'avantage par rapport \u00e0 la X-Connection : les sangles peuvent \u00eatre s\u00e9par\u00e9es l'une de l'autre. Cela permet une utilisation comme Longline dans un parc, mais aussi l'\u00e9change flexible de la Mainline et du Backup.Nos coutures sont con\u00e7ues pour une r\u00e9sistance \u00e0 la rupture maximale. Sur toutes les sangles Slacktivity, nous avons test\u00e9 les coutures de mani\u00e8re approfondie.","og_url":"https:\/\/slacktivity.ch\/fr\/shop\/fractio-loop\/","og_site_name":"SLACKTIVITY Slackline Shop Schweiz","article_modified_time":"2026-05-04T08:25:45+00:00","og_image":[{"width":1180,"height":1377,"url":"https:\/\/slacktivity.ch\/wp-content\/uploads\/2021\/02\/y2k-highlinewebbing-slacktivity.jpg","type":"image\/jpeg"}],"twitter_card":"summary_large_image","schema":{"@context":"https:\/\/schema.org","@graph":[{"@type":"WebPage","@id":"https:\/\/slacktivity.ch\/fr\/shop\/fractio-loop\/","url":"https:\/\/slacktivity.ch\/fr\/shop\/fractio-loop\/","name":"Fractio-Loop - SLACKTIVITY Slackline Shop Schweiz","isPartOf":{"@id":"https:\/\/slacktivity.ch\/fr\/#website"},"primaryImageOfPage":{"@id":"https:\/\/slacktivity.ch\/fr\/shop\/fractio-loop\/#primaryimage"},"image":{"@id":"https:\/\/slacktivity.ch\/fr\/shop\/fractio-loop\/#primaryimage"},"thumbnailUrl":"https:\/\/slacktivity.ch\/wp-content\/uploads\/2021\/02\/y2k-highlinewebbing-slacktivity.jpg","datePublished":"2026-02-06T10:59:42+00:00","dateModified":"2026-05-04T08:25:45+00:00","breadcrumb":{"@id":"https:\/\/slacktivity.ch\/fr\/shop\/fractio-loop\/#breadcrumb"},"inLanguage":"fr-FR","potentialAction":[{"@type":"ReadAction","target":["https:\/\/slacktivity.ch\/fr\/shop\/fractio-loop\/"]}]},{"@type":"ImageObject","inLanguage":"fr-FR","@id":"https:\/\/slacktivity.ch\/fr\/shop\/fractio-loop\/#primaryimage","url":"https:\/\/slacktivity.ch\/wp-content\/uploads\/2021\/02\/y2k-highlinewebbing-slacktivity.jpg","contentUrl":"https:\/\/slacktivity.ch\/wp-content\/uploads\/2021\/02\/y2k-highlinewebbing-slacktivity.jpg","width":1180,"height":1377,"caption":"y2k highlinewebbing slacktivity"},{"@type":"BreadcrumbList","@id":"https:\/\/slacktivity.ch\/fr\/shop\/fractio-loop\/#breadcrumb","itemListElement":[{"@type":"ListItem","position":1,"name":"Home","item":"https:\/\/slacktivity.ch\/fr\/"},{"@type":"ListItem","position":2,"name":"Boutique","item":"https:\/\/slacktivity.ch\/fr\/boutique\/"},{"@type":"ListItem","position":3,"name":"Fractio-Loop"}]},{"@type":"WebSite","@id":"https:\/\/slacktivity.ch\/fr\/#website","url":"https:\/\/slacktivity.ch\/fr\/","name":"SLACKTIVITY Slackline Shop Schweiz","description":"Ensembles de slackline de haute qualit\u00e9 avec montage facile, produits innovants Highline et accessoires de slackline acheter en ligne. Pour les enfants, les d\u00e9butants et les professionnels.","publisher":{"@id":"https:\/\/slacktivity.ch\/fr\/#organization"},"potentialAction":[{"@type":"SearchAction","target":{"@type":"EntryPoint","urlTemplate":"https:\/\/slacktivity.ch\/fr\/?s={search_term_string}"},"query-input":{"@type":"PropertyValueSpecification","valueRequired":true,"valueName":"search_term_string"}}],"inLanguage":"fr-FR"},{"@type":"Organization","@id":"https:\/\/slacktivity.ch\/fr\/#organization","name":"SLACKTIVITY Slackline Shop Schweiz","url":"https:\/\/slacktivity.ch\/fr\/","logo":{"@type":"ImageObject","inLanguage":"fr-FR","@id":"https:\/\/slacktivity.ch\/fr\/#\/schema\/logo\/image\/","url":"https:\/\/slacktivity.ch\/wp-content\/uploads\/2021\/01\/slacktivity-slackline-online-shop-1.png","contentUrl":"https:\/\/slacktivity.ch\/wp-content\/uploads\/2021\/01\/slacktivity-slackline-online-shop-1.png","width":200,"height":77,"caption":"SLACKTIVITY Slackline Shop Schweiz"},"image":{"@id":"https:\/\/slacktivity.ch\/fr\/#\/schema\/logo\/image\/"}}]}},"_links":{"self":[{"href":"https:\/\/slacktivity.ch\/fr\/wp-json\/wp\/v2\/product\/13700","targetHints":{"allow":["GET"]}}],"collection":[{"href":"https:\/\/slacktivity.ch\/fr\/wp-json\/wp\/v2\/product"}],"about":[{"href":"https:\/\/slacktivity.ch\/fr\/wp-json\/wp\/v2\/types\/product"}],"replies":[{"embeddable":true,"href":"https:\/\/slacktivity.ch\/fr\/wp-json\/wp\/v2\/comments?post=13700"}],"wp:featuredmedia":[{"embeddable":true,"href":"https:\/\/slacktivity.ch\/fr\/wp-json\/wp\/v2\/media\/11763"}],"wp:attachment":[{"href":"https:\/\/slacktivity.ch\/fr\/wp-json\/wp\/v2\/media?parent=13700"}],"wp:term":[{"taxonomy":"product_cat","embeddable":true,"href":"https:\/\/slacktivity.ch\/fr\/wp-json\/wp\/v2\/product_cat?post=13700"},{"taxonomy":"product_tag","embeddable":true,"href":"https:\/\/slacktivity.ch\/fr\/wp-json\/wp\/v2\/product_tag?post=13700"}],"curies":[{"name":"wp","href":"https:\/\/api.w.org\/{rel}","templated":true}]}}