{"id":13701,"date":"2026-02-06T12:18:10","date_gmt":"2026-02-06T10:18:10","guid":{"rendered":"https:\/\/slacktivity.ch\/?post_type=product&#038;p=13701"},"modified":"2026-05-04T10:27:08","modified_gmt":"2026-05-04T08:27:08","slug":"endloop","status":"publish","type":"product","link":"https:\/\/slacktivity.ch\/fr\/shop\/endloop\/","title":{"rendered":"Endloop"},"content":{"rendered":"<h1>Coutures pour Slacklines, Longlines &amp; Highlines<\/h1>\n<p>Tu as besoin d&rsquo;une boucle d&rsquo;extr\u00e9mit\u00e9 cousue pour accrocher ta slackline ? Ou d&rsquo;une X-Connection entre ta mainline et le backup pour renforcer la s\u00e9curit\u00e9 de ta highline ? Nous proposons des coutures professionnelles \u2014 adapt\u00e9es \u00e0 la sangle slackline souhait\u00e9e.<\/p>\n<h2>Endloop<\/h2>\n<p>Une endloop convient parfaitement pour accrocher l&rsquo;extr\u00e9mit\u00e9 de la slackline en s\u00e9curit\u00e9, ou pour relier 2 slacklines par exemple avec un quicklink.<\/p>\n<h2>Comment obtenir ta slackline cousue<\/h2>\n<p>Envoie-nous un e-mail \u00e0 <strong>info@slacktivity.ch<\/strong> avec les informations suivantes :<\/p>\n<ul>\n<li>Quel produit souhaites-tu (Endloop, T-Loop, X-Connection ou Fractio-Loop) ?<\/li>\n<li>Quelle est ta sangle (marque, mod\u00e8le, largeur) ?<\/li>\n<li>Envoie ta sangle par courrier ou d\u00e9pose-la directement chez nous.<\/li>\n<\/ul>\n<p>Nous t&rsquo;informons environ une fois par mois des commandes \u00e0 envoyer. Tu recevras alors ton mat\u00e9riel cousu dans les meilleurs d\u00e9lais.<\/p>\n<h2>Qualit\u00e9 de couture maximale<\/h2>\n<p>Toutes nos coutures sont r\u00e9alis\u00e9es avec soin et professionnalisme. Les prix comprennent CHF 15.\u2013 de frais fixes + les co\u00fbts de couture selon le produit. Nous utilisons uniquement du fil haute r\u00e9sistance adapt\u00e9 aux charges des slacklines.<\/p>\n<h2>Endloop, T-Loop, X-Connection, Fractio-Loop ?<\/h2>\n<ul>\n<li><strong>Endloop :<\/strong> CHF 20.\u2013 \u2014 boucle d&rsquo;extr\u00e9mit\u00e9 simple, id\u00e9ale pour accrocher une slackline ou relier 2 slacklines avec un quicklink.<\/li>\n<li><strong>T-Loop :<\/strong> CHF 28.\u2013 \u2014 boucle en T, pour des connexions perpendiculaires ou des setups sp\u00e9ciaux.<\/li>\n<li><strong>X-Connection :<\/strong> CHF 20.\u2013 \u2014 relie mainline et backup pour les highlines, sangles restent ensemble.<\/li>\n<li><strong>Fractio-Loop :<\/strong> CHF 28.\u2013 \u2014 relie mainline et backup pour les highlines (syst\u00e8me Y2K), sangles s\u00e9parables.<\/li>\n<\/ul>\n","protected":false},"excerpt":{"rendered":"<p>Une Endloop convient parfaitement pour accrocher l&rsquo;extr\u00e9mit\u00e9 de la slackline en toute s\u00e9curit\u00e9, ou pour relier 2 slacklines entre elles p. ex. avec un quicklink.<\/p>\n<p>Nos coutures sont con\u00e7ues pour une r\u00e9sistance \u00e0 la rupture maximale. Sur toutes les sangles Slacktivity, nous avons test\u00e9 les coutures de mani\u00e8re approfondie.<\/p>\n","protected":false},"featured_media":13166,"comment_status":"open","ping_status":"closed","template":"","meta":{"_acf_changed":false,"_joinchat":[]},"product_cat":[727],"product_tag":[1030],"class_list":{"0":"post-13701","1":"product","2":"type-product","3":"status-publish","4":"has-post-thumbnail","6":"product_cat-sangle-slackline","7":"product_tag-couture-fr","9":"first","10":"instock","11":"taxable","12":"shipping-taxable","13":"purchasable","14":"product-type-simple"},"acf":[],"yoast_head":"<!-- This site is optimized with the Yoast SEO plugin v27.5 - https:\/\/yoast.com\/product\/yoast-seo-wordpress\/ -->\n<title>Endloop - SLACKTIVITY Slackline Shop Schweiz<\/title>\n<meta name=\"robots\" content=\"index, follow, max-snippet:-1, max-image-preview:large, max-video-preview:-1\" \/>\n<link rel=\"canonical\" href=\"https:\/\/slacktivity.ch\/fr\/shop\/endloop\/\" \/>\n<meta property=\"og:locale\" content=\"fr_FR\" \/>\n<meta property=\"og:type\" content=\"article\" \/>\n<meta property=\"og:title\" content=\"Endloop - SLACKTIVITY Slackline Shop Schweiz\" \/>\n<meta property=\"og:description\" content=\"Une Endloop convient parfaitement pour accrocher l&#039;extr\u00e9mit\u00e9 de la slackline en toute s\u00e9curit\u00e9, ou pour relier 2 slacklines entre elles p. ex. avec un quicklink. Nos coutures sont con\u00e7ues pour une r\u00e9sistance \u00e0 la rupture maximale. Sur toutes les sangles Slacktivity, nous avons test\u00e9 les coutures de mani\u00e8re approfondie.\" \/>\n<meta property=\"og:url\" content=\"https:\/\/slacktivity.ch\/fr\/shop\/endloop\/\" \/>\n<meta property=\"og:site_name\" content=\"SLACKTIVITY Slackline Shop Schweiz\" \/>\n<meta property=\"article:modified_time\" content=\"2026-05-04T08:27:08+00:00\" \/>\n<meta property=\"og:image\" content=\"https:\/\/slacktivity.ch\/wp-content\/uploads\/2026\/02\/endloop.jpg\" \/>\n\t<meta property=\"og:image:width\" content=\"1080\" \/>\n\t<meta property=\"og:image:height\" content=\"1080\" \/>\n\t<meta property=\"og:image:type\" content=\"image\/jpeg\" \/>\n<meta name=\"twitter:card\" content=\"summary_large_image\" \/>\n<script type=\"application\/ld+json\" class=\"yoast-schema-graph\">{\"@context\":\"https:\\\/\\\/schema.org\",\"@graph\":[{\"@type\":\"WebPage\",\"@id\":\"https:\\\/\\\/slacktivity.ch\\\/fr\\\/shop\\\/endloop\\\/\",\"url\":\"https:\\\/\\\/slacktivity.ch\\\/fr\\\/shop\\\/endloop\\\/\",\"name\":\"Endloop - SLACKTIVITY Slackline Shop Schweiz\",\"isPartOf\":{\"@id\":\"https:\\\/\\\/slacktivity.ch\\\/fr\\\/#website\"},\"primaryImageOfPage\":{\"@id\":\"https:\\\/\\\/slacktivity.ch\\\/fr\\\/shop\\\/endloop\\\/#primaryimage\"},\"image\":{\"@id\":\"https:\\\/\\\/slacktivity.ch\\\/fr\\\/shop\\\/endloop\\\/#primaryimage\"},\"thumbnailUrl\":\"https:\\\/\\\/slacktivity.ch\\\/wp-content\\\/uploads\\\/2026\\\/02\\\/endloop.jpg\",\"datePublished\":\"2026-02-06T10:18:10+00:00\",\"dateModified\":\"2026-05-04T08:27:08+00:00\",\"breadcrumb\":{\"@id\":\"https:\\\/\\\/slacktivity.ch\\\/fr\\\/shop\\\/endloop\\\/#breadcrumb\"},\"inLanguage\":\"fr-FR\",\"potentialAction\":[{\"@type\":\"ReadAction\",\"target\":[\"https:\\\/\\\/slacktivity.ch\\\/fr\\\/shop\\\/endloop\\\/\"]}]},{\"@type\":\"ImageObject\",\"inLanguage\":\"fr-FR\",\"@id\":\"https:\\\/\\\/slacktivity.ch\\\/fr\\\/shop\\\/endloop\\\/#primaryimage\",\"url\":\"https:\\\/\\\/slacktivity.ch\\\/wp-content\\\/uploads\\\/2026\\\/02\\\/endloop.jpg\",\"contentUrl\":\"https:\\\/\\\/slacktivity.ch\\\/wp-content\\\/uploads\\\/2026\\\/02\\\/endloop.jpg\",\"width\":1080,\"height\":1080,\"caption\":\"Slackline Endloop\"},{\"@type\":\"BreadcrumbList\",\"@id\":\"https:\\\/\\\/slacktivity.ch\\\/fr\\\/shop\\\/endloop\\\/#breadcrumb\",\"itemListElement\":[{\"@type\":\"ListItem\",\"position\":1,\"name\":\"Home\",\"item\":\"https:\\\/\\\/slacktivity.ch\\\/fr\\\/\"},{\"@type\":\"ListItem\",\"position\":2,\"name\":\"Boutique\",\"item\":\"https:\\\/\\\/slacktivity.ch\\\/fr\\\/boutique\\\/\"},{\"@type\":\"ListItem\",\"position\":3,\"name\":\"Endloop\"}]},{\"@type\":\"WebSite\",\"@id\":\"https:\\\/\\\/slacktivity.ch\\\/fr\\\/#website\",\"url\":\"https:\\\/\\\/slacktivity.ch\\\/fr\\\/\",\"name\":\"SLACKTIVITY Slackline Shop Schweiz\",\"description\":\"Ensembles de slackline de haute qualit\u00e9 avec montage facile, produits innovants Highline et accessoires de slackline acheter en ligne. Pour les enfants, les d\u00e9butants et les professionnels.\",\"publisher\":{\"@id\":\"https:\\\/\\\/slacktivity.ch\\\/fr\\\/#organization\"},\"potentialAction\":[{\"@type\":\"SearchAction\",\"target\":{\"@type\":\"EntryPoint\",\"urlTemplate\":\"https:\\\/\\\/slacktivity.ch\\\/fr\\\/?s={search_term_string}\"},\"query-input\":{\"@type\":\"PropertyValueSpecification\",\"valueRequired\":true,\"valueName\":\"search_term_string\"}}],\"inLanguage\":\"fr-FR\"},{\"@type\":\"Organization\",\"@id\":\"https:\\\/\\\/slacktivity.ch\\\/fr\\\/#organization\",\"name\":\"SLACKTIVITY Slackline Shop Schweiz\",\"url\":\"https:\\\/\\\/slacktivity.ch\\\/fr\\\/\",\"logo\":{\"@type\":\"ImageObject\",\"inLanguage\":\"fr-FR\",\"@id\":\"https:\\\/\\\/slacktivity.ch\\\/fr\\\/#\\\/schema\\\/logo\\\/image\\\/\",\"url\":\"https:\\\/\\\/slacktivity.ch\\\/wp-content\\\/uploads\\\/2021\\\/01\\\/slacktivity-slackline-online-shop-1.png\",\"contentUrl\":\"https:\\\/\\\/slacktivity.ch\\\/wp-content\\\/uploads\\\/2021\\\/01\\\/slacktivity-slackline-online-shop-1.png\",\"width\":200,\"height\":77,\"caption\":\"SLACKTIVITY Slackline Shop Schweiz\"},\"image\":{\"@id\":\"https:\\\/\\\/slacktivity.ch\\\/fr\\\/#\\\/schema\\\/logo\\\/image\\\/\"}}]}<\/script>\n<!-- \/ Yoast SEO plugin. -->","yoast_head_json":{"title":"Endloop - SLACKTIVITY Slackline Shop Schweiz","robots":{"index":"index","follow":"follow","max-snippet":"max-snippet:-1","max-image-preview":"max-image-preview:large","max-video-preview":"max-video-preview:-1"},"canonical":"https:\/\/slacktivity.ch\/fr\/shop\/endloop\/","og_locale":"fr_FR","og_type":"article","og_title":"Endloop - SLACKTIVITY Slackline Shop Schweiz","og_description":"Une Endloop convient parfaitement pour accrocher l'extr\u00e9mit\u00e9 de la slackline en toute s\u00e9curit\u00e9, ou pour relier 2 slacklines entre elles p. ex. avec un quicklink. Nos coutures sont con\u00e7ues pour une r\u00e9sistance \u00e0 la rupture maximale. Sur toutes les sangles Slacktivity, nous avons test\u00e9 les coutures de mani\u00e8re approfondie.","og_url":"https:\/\/slacktivity.ch\/fr\/shop\/endloop\/","og_site_name":"SLACKTIVITY Slackline Shop Schweiz","article_modified_time":"2026-05-04T08:27:08+00:00","og_image":[{"width":1080,"height":1080,"url":"https:\/\/slacktivity.ch\/wp-content\/uploads\/2026\/02\/endloop.jpg","type":"image\/jpeg"}],"twitter_card":"summary_large_image","schema":{"@context":"https:\/\/schema.org","@graph":[{"@type":"WebPage","@id":"https:\/\/slacktivity.ch\/fr\/shop\/endloop\/","url":"https:\/\/slacktivity.ch\/fr\/shop\/endloop\/","name":"Endloop - SLACKTIVITY Slackline Shop Schweiz","isPartOf":{"@id":"https:\/\/slacktivity.ch\/fr\/#website"},"primaryImageOfPage":{"@id":"https:\/\/slacktivity.ch\/fr\/shop\/endloop\/#primaryimage"},"image":{"@id":"https:\/\/slacktivity.ch\/fr\/shop\/endloop\/#primaryimage"},"thumbnailUrl":"https:\/\/slacktivity.ch\/wp-content\/uploads\/2026\/02\/endloop.jpg","datePublished":"2026-02-06T10:18:10+00:00","dateModified":"2026-05-04T08:27:08+00:00","breadcrumb":{"@id":"https:\/\/slacktivity.ch\/fr\/shop\/endloop\/#breadcrumb"},"inLanguage":"fr-FR","potentialAction":[{"@type":"ReadAction","target":["https:\/\/slacktivity.ch\/fr\/shop\/endloop\/"]}]},{"@type":"ImageObject","inLanguage":"fr-FR","@id":"https:\/\/slacktivity.ch\/fr\/shop\/endloop\/#primaryimage","url":"https:\/\/slacktivity.ch\/wp-content\/uploads\/2026\/02\/endloop.jpg","contentUrl":"https:\/\/slacktivity.ch\/wp-content\/uploads\/2026\/02\/endloop.jpg","width":1080,"height":1080,"caption":"Slackline Endloop"},{"@type":"BreadcrumbList","@id":"https:\/\/slacktivity.ch\/fr\/shop\/endloop\/#breadcrumb","itemListElement":[{"@type":"ListItem","position":1,"name":"Home","item":"https:\/\/slacktivity.ch\/fr\/"},{"@type":"ListItem","position":2,"name":"Boutique","item":"https:\/\/slacktivity.ch\/fr\/boutique\/"},{"@type":"ListItem","position":3,"name":"Endloop"}]},{"@type":"WebSite","@id":"https:\/\/slacktivity.ch\/fr\/#website","url":"https:\/\/slacktivity.ch\/fr\/","name":"SLACKTIVITY Slackline Shop Schweiz","description":"Ensembles de slackline de haute qualit\u00e9 avec montage facile, produits innovants Highline et accessoires de slackline acheter en ligne. Pour les enfants, les d\u00e9butants et les professionnels.","publisher":{"@id":"https:\/\/slacktivity.ch\/fr\/#organization"},"potentialAction":[{"@type":"SearchAction","target":{"@type":"EntryPoint","urlTemplate":"https:\/\/slacktivity.ch\/fr\/?s={search_term_string}"},"query-input":{"@type":"PropertyValueSpecification","valueRequired":true,"valueName":"search_term_string"}}],"inLanguage":"fr-FR"},{"@type":"Organization","@id":"https:\/\/slacktivity.ch\/fr\/#organization","name":"SLACKTIVITY Slackline Shop Schweiz","url":"https:\/\/slacktivity.ch\/fr\/","logo":{"@type":"ImageObject","inLanguage":"fr-FR","@id":"https:\/\/slacktivity.ch\/fr\/#\/schema\/logo\/image\/","url":"https:\/\/slacktivity.ch\/wp-content\/uploads\/2021\/01\/slacktivity-slackline-online-shop-1.png","contentUrl":"https:\/\/slacktivity.ch\/wp-content\/uploads\/2021\/01\/slacktivity-slackline-online-shop-1.png","width":200,"height":77,"caption":"SLACKTIVITY Slackline Shop Schweiz"},"image":{"@id":"https:\/\/slacktivity.ch\/fr\/#\/schema\/logo\/image\/"}}]}},"_links":{"self":[{"href":"https:\/\/slacktivity.ch\/fr\/wp-json\/wp\/v2\/product\/13701","targetHints":{"allow":["GET"]}}],"collection":[{"href":"https:\/\/slacktivity.ch\/fr\/wp-json\/wp\/v2\/product"}],"about":[{"href":"https:\/\/slacktivity.ch\/fr\/wp-json\/wp\/v2\/types\/product"}],"replies":[{"embeddable":true,"href":"https:\/\/slacktivity.ch\/fr\/wp-json\/wp\/v2\/comments?post=13701"}],"wp:featuredmedia":[{"embeddable":true,"href":"https:\/\/slacktivity.ch\/fr\/wp-json\/wp\/v2\/media\/13166"}],"wp:attachment":[{"href":"https:\/\/slacktivity.ch\/fr\/wp-json\/wp\/v2\/media?parent=13701"}],"wp:term":[{"taxonomy":"product_cat","embeddable":true,"href":"https:\/\/slacktivity.ch\/fr\/wp-json\/wp\/v2\/product_cat?post=13701"},{"taxonomy":"product_tag","embeddable":true,"href":"https:\/\/slacktivity.ch\/fr\/wp-json\/wp\/v2\/product_tag?post=13701"}],"curies":[{"name":"wp","href":"https:\/\/api.w.org\/{rel}","templated":true}]}}