{"id":5760,"date":"2021-02-22T15:53:56","date_gmt":"2021-02-22T15:53:56","guid":{"rendered":"http:\/\/slacktivity.ch\/shop\/allround-slackline-15m\/"},"modified":"2023-01-19T12:43:46","modified_gmt":"2023-01-19T10:43:46","slug":"allround-slackline-15m","status":"publish","type":"product","link":"https:\/\/slacktivity.ch\/fr\/shop\/allround-slackline-15m\/","title":{"rendered":"Allround Slackline | 15m Kit"},"content":{"rendered":"<h2>La Allround slackline 15m de haute qualit\u00e9 pour les d\u00e9butants<\/h2>\n<p>Le kit Slackline Allround 15m est une slackline de haute qualit\u00e9 pour d\u00e9butants (enfants et adultes) qui comprend tout le n\u00e9cessaire pour la pratique de la slackline. Il s&rsquo;agit actuellement de la quatri\u00e8me version de cette s\u00e9rie de mod\u00e8les. Cette slackline a \u00e9t\u00e9 constamment d\u00e9velopp\u00e9e et optimis\u00e9e dans les moindres d\u00e9tails. Toute personne qui veut commencer \u00e0 faire de la slackline suppose souvent, \u00e0 tort, qu&rsquo;un jeu de slackline bon march\u00e9 fera l&rsquo;affaire au d\u00e9but. Mais cela peut \u00eatre compar\u00e9 au fait de commencer \u00e0 faire du v\u00e9lo et d&rsquo;acheter un v\u00e9lo bon march\u00e9 dans un magasin discount. Bien s\u00fbr, vous pouvez la conduire, mais elle ne sera jamais aussi amusante qu&rsquo;un v\u00e9lo de haute qualit\u00e9. Et c&rsquo;est exactement la m\u00eame chose avec la slackline. En plus des meilleures performances pour la slackline, l&rsquo;Allround a \u00e9galement une dur\u00e9e de vie plus longue que, par exemple, les ensembles de slackline en deux parties.<\/p>\n<p>Avantages par rapport aux autres kits slackline (USP):<\/p>\n<ul>\n<li>Gr\u00e2ce aux \u00e9lingues ajustables, le cliquet est toujours proche de l\u2019arbre et ne g\u00e8ne pas dans le syst\u00e8me.<\/li>\n<li>Les mousquetons en acier \u00e0 fermeture par rotation permettent de r\u00e9aliser la mise en place rapidement, facilement et en toute s\u00e9curit\u00e9.<\/li>\n<li>Gr\u00e2ce au whiteGrip, vous aurez une meilleure adh\u00e9rence sur la slackline<\/li>\n<li>Les protections d\u2019arbres incluses ont une longueur de 2,4 m\u00e8tres (longueur moyenne des protections d\u2019arbres sur le march\u00e9) et sont donc \u00e9galement adapt\u00e9 aux gros arbres.<\/li>\n<\/ul>\n<h3>Livraison<\/h3>\n<ul>\n<li><b>15m slackline sangle plate<\/b> (37 mm breit) avec boucle cousue V-Loop<\/li>\n<li>Cliquet robuste avec un long levier ainsi qu\u2019une boucle en cousue V-Loop<\/li>\n<li\">2 \u00e9lingues d\u2019arbres ajustables en continu (2,5 m de long)<\/li>\n<li>2 mousquetons en acier avec fermeture par rotation<\/li>\n<li>2 protections d\u2019arbre (2.4 m long, 13cm large)<\/li>\n<li>1 Sac SLACKTIVITY avec mode d\u2019emploi imprim\u00e9<\/li>\n<li>1 mode d\u2019emploi d\u00e9taill\u00e9 \u00abonePageManual\u00bb<\/li>\n<\/ul>\n","protected":false},"excerpt":{"rendered":"<p>Cette slackline est id\u00e9ale pour les personnes qui ont peu ou pas d\u2019exp\u00e9rience en slackline et qui veulent un produit de haute qualit\u00e9. La ligne r\u00e9agit agr\u00e9ablement et pardonne les erreurs. Elle est rapidement et facilement tendue avec le cliquet sp\u00e9cialement d\u00e9velopp\u00e9 pour la slackline.<\/p>\n","protected":false},"featured_media":5126,"comment_status":"open","ping_status":"closed","template":"","meta":{"_acf_changed":false,"_joinchat":[]},"product_cat":[542,638,540,541],"product_tag":[670],"class_list":{"0":"post-5760","1":"product","2":"type-product","3":"status-publish","4":"has-post-thumbnail","6":"product_cat-conception-de-la-zone-de-pause","7":"product_cat-kit-slackline","8":"product_cat-slackline-pour-les-debutants","9":"product_cat-slackline-pour-les-enfants","10":"product_tag-debutant","12":"first","13":"instock","14":"taxable","15":"shipping-taxable","16":"purchasable","17":"product-type-simple"},"acf":[],"yoast_head":"<!-- This site is optimized with the Yoast SEO plugin v27.4 - https:\/\/yoast.com\/product\/yoast-seo-wordpress\/ -->\n<title>Allround Slackline | 15m Kit acheter chez SLACKTIVITY Shop Suisse<\/title>\n<meta name=\"description\" content=\"Kit Allround slackline 15m de haute qualit\u00e9 pour les d\u00e9butants avantages par rapport aux autres kits slackline: Gr\u00e2ce aux \u00e9lingues r\u00e9glables\" \/>\n<meta name=\"robots\" content=\"index, follow, max-snippet:-1, max-image-preview:large, max-video-preview:-1\" \/>\n<link rel=\"canonical\" href=\"https:\/\/slacktivity.ch\/fr\/shop\/allround-slackline-15m\/\" \/>\n<meta property=\"og:locale\" content=\"fr_FR\" \/>\n<meta property=\"og:type\" content=\"article\" \/>\n<meta property=\"og:title\" content=\"Allround Slackline | 15m Kit acheter chez SLACKTIVITY Shop Suisse\" \/>\n<meta property=\"og:description\" content=\"Kit Allround slackline 15m de haute qualit\u00e9 pour les d\u00e9butants avantages par rapport aux autres kits slackline: Gr\u00e2ce aux \u00e9lingues r\u00e9glables\" \/>\n<meta property=\"og:url\" content=\"https:\/\/slacktivity.ch\/fr\/shop\/allround-slackline-15m\/\" \/>\n<meta property=\"og:site_name\" content=\"SLACKTIVITY Slackline Shop Schweiz\" \/>\n<meta property=\"article:modified_time\" content=\"2023-01-19T10:43:46+00:00\" \/>\n<meta property=\"og:image\" content=\"https:\/\/slacktivity.ch\/wp-content\/uploads\/2021\/02\/allround-slackline-15m.jpg\" \/>\n\t<meta property=\"og:image:width\" content=\"1180\" \/>\n\t<meta property=\"og:image:height\" content=\"1377\" \/>\n\t<meta property=\"og:image:type\" content=\"image\/jpeg\" \/>\n<meta name=\"twitter:card\" content=\"summary_large_image\" \/>\n<meta name=\"twitter:label1\" content=\"Dur\u00e9e de lecture estim\u00e9e\" \/>\n\t<meta name=\"twitter:data1\" content=\"1 minute\" \/>\n<script type=\"application\/ld+json\" class=\"yoast-schema-graph\">{\"@context\":\"https:\\\/\\\/schema.org\",\"@graph\":[{\"@type\":\"WebPage\",\"@id\":\"https:\\\/\\\/slacktivity.ch\\\/fr\\\/shop\\\/allround-slackline-15m\\\/\",\"url\":\"https:\\\/\\\/slacktivity.ch\\\/fr\\\/shop\\\/allround-slackline-15m\\\/\",\"name\":\"Allround Slackline | 15m Kit acheter chez SLACKTIVITY Shop Suisse\",\"isPartOf\":{\"@id\":\"https:\\\/\\\/slacktivity.ch\\\/fr\\\/#website\"},\"primaryImageOfPage\":{\"@id\":\"https:\\\/\\\/slacktivity.ch\\\/fr\\\/shop\\\/allround-slackline-15m\\\/#primaryimage\"},\"image\":{\"@id\":\"https:\\\/\\\/slacktivity.ch\\\/fr\\\/shop\\\/allround-slackline-15m\\\/#primaryimage\"},\"thumbnailUrl\":\"https:\\\/\\\/slacktivity.ch\\\/wp-content\\\/uploads\\\/2021\\\/02\\\/allround-slackline-15m.jpg\",\"datePublished\":\"2021-02-22T15:53:56+00:00\",\"dateModified\":\"2023-01-19T10:43:46+00:00\",\"description\":\"Kit Allround slackline 15m de haute qualit\u00e9 pour les d\u00e9butants avantages par rapport aux autres kits slackline: Gr\u00e2ce aux \u00e9lingues r\u00e9glables\",\"breadcrumb\":{\"@id\":\"https:\\\/\\\/slacktivity.ch\\\/fr\\\/shop\\\/allround-slackline-15m\\\/#breadcrumb\"},\"inLanguage\":\"fr-FR\",\"potentialAction\":[{\"@type\":\"ReadAction\",\"target\":[\"https:\\\/\\\/slacktivity.ch\\\/fr\\\/shop\\\/allround-slackline-15m\\\/\"]}]},{\"@type\":\"ImageObject\",\"inLanguage\":\"fr-FR\",\"@id\":\"https:\\\/\\\/slacktivity.ch\\\/fr\\\/shop\\\/allround-slackline-15m\\\/#primaryimage\",\"url\":\"https:\\\/\\\/slacktivity.ch\\\/wp-content\\\/uploads\\\/2021\\\/02\\\/allround-slackline-15m.jpg\",\"contentUrl\":\"https:\\\/\\\/slacktivity.ch\\\/wp-content\\\/uploads\\\/2021\\\/02\\\/allround-slackline-15m.jpg\",\"width\":1180,\"height\":1377,\"caption\":\"allround slackline 15m\"},{\"@type\":\"BreadcrumbList\",\"@id\":\"https:\\\/\\\/slacktivity.ch\\\/fr\\\/shop\\\/allround-slackline-15m\\\/#breadcrumb\",\"itemListElement\":[{\"@type\":\"ListItem\",\"position\":1,\"name\":\"Home\",\"item\":\"https:\\\/\\\/slacktivity.ch\\\/fr\\\/\"},{\"@type\":\"ListItem\",\"position\":2,\"name\":\"Boutique\",\"item\":\"https:\\\/\\\/slacktivity.ch\\\/fr\\\/boutique\\\/\"},{\"@type\":\"ListItem\",\"position\":3,\"name\":\"Allround Slackline | 15m Kit\"}]},{\"@type\":\"WebSite\",\"@id\":\"https:\\\/\\\/slacktivity.ch\\\/fr\\\/#website\",\"url\":\"https:\\\/\\\/slacktivity.ch\\\/fr\\\/\",\"name\":\"SLACKTIVITY Slackline Shop Schweiz\",\"description\":\"Ensembles de slackline de haute qualit\u00e9 avec montage facile, produits innovants Highline et accessoires de slackline acheter en ligne. Pour les enfants, les d\u00e9butants et les professionnels.\",\"publisher\":{\"@id\":\"https:\\\/\\\/slacktivity.ch\\\/fr\\\/#organization\"},\"potentialAction\":[{\"@type\":\"SearchAction\",\"target\":{\"@type\":\"EntryPoint\",\"urlTemplate\":\"https:\\\/\\\/slacktivity.ch\\\/fr\\\/?s={search_term_string}\"},\"query-input\":{\"@type\":\"PropertyValueSpecification\",\"valueRequired\":true,\"valueName\":\"search_term_string\"}}],\"inLanguage\":\"fr-FR\"},{\"@type\":\"Organization\",\"@id\":\"https:\\\/\\\/slacktivity.ch\\\/fr\\\/#organization\",\"name\":\"SLACKTIVITY Slackline Shop Schweiz\",\"url\":\"https:\\\/\\\/slacktivity.ch\\\/fr\\\/\",\"logo\":{\"@type\":\"ImageObject\",\"inLanguage\":\"fr-FR\",\"@id\":\"https:\\\/\\\/slacktivity.ch\\\/fr\\\/#\\\/schema\\\/logo\\\/image\\\/\",\"url\":\"https:\\\/\\\/slacktivity.ch\\\/wp-content\\\/uploads\\\/2021\\\/01\\\/slacktivity-slackline-online-shop-1.png\",\"contentUrl\":\"https:\\\/\\\/slacktivity.ch\\\/wp-content\\\/uploads\\\/2021\\\/01\\\/slacktivity-slackline-online-shop-1.png\",\"width\":200,\"height\":77,\"caption\":\"SLACKTIVITY Slackline Shop Schweiz\"},\"image\":{\"@id\":\"https:\\\/\\\/slacktivity.ch\\\/fr\\\/#\\\/schema\\\/logo\\\/image\\\/\"}}]}<\/script>\n<!-- \/ Yoast SEO plugin. -->","yoast_head_json":{"title":"Allround Slackline | 15m Kit acheter chez SLACKTIVITY Shop Suisse","description":"Kit Allround slackline 15m de haute qualit\u00e9 pour les d\u00e9butants avantages par rapport aux autres kits slackline: Gr\u00e2ce aux \u00e9lingues r\u00e9glables","robots":{"index":"index","follow":"follow","max-snippet":"max-snippet:-1","max-image-preview":"max-image-preview:large","max-video-preview":"max-video-preview:-1"},"canonical":"https:\/\/slacktivity.ch\/fr\/shop\/allround-slackline-15m\/","og_locale":"fr_FR","og_type":"article","og_title":"Allround Slackline | 15m Kit acheter chez SLACKTIVITY Shop Suisse","og_description":"Kit Allround slackline 15m de haute qualit\u00e9 pour les d\u00e9butants avantages par rapport aux autres kits slackline: Gr\u00e2ce aux \u00e9lingues r\u00e9glables","og_url":"https:\/\/slacktivity.ch\/fr\/shop\/allround-slackline-15m\/","og_site_name":"SLACKTIVITY Slackline Shop Schweiz","article_modified_time":"2023-01-19T10:43:46+00:00","og_image":[{"width":1180,"height":1377,"url":"https:\/\/slacktivity.ch\/wp-content\/uploads\/2021\/02\/allround-slackline-15m.jpg","type":"image\/jpeg"}],"twitter_card":"summary_large_image","twitter_misc":{"Dur\u00e9e de lecture estim\u00e9e":"1 minute"},"schema":{"@context":"https:\/\/schema.org","@graph":[{"@type":"WebPage","@id":"https:\/\/slacktivity.ch\/fr\/shop\/allround-slackline-15m\/","url":"https:\/\/slacktivity.ch\/fr\/shop\/allround-slackline-15m\/","name":"Allround Slackline | 15m Kit acheter chez SLACKTIVITY Shop Suisse","isPartOf":{"@id":"https:\/\/slacktivity.ch\/fr\/#website"},"primaryImageOfPage":{"@id":"https:\/\/slacktivity.ch\/fr\/shop\/allround-slackline-15m\/#primaryimage"},"image":{"@id":"https:\/\/slacktivity.ch\/fr\/shop\/allround-slackline-15m\/#primaryimage"},"thumbnailUrl":"https:\/\/slacktivity.ch\/wp-content\/uploads\/2021\/02\/allround-slackline-15m.jpg","datePublished":"2021-02-22T15:53:56+00:00","dateModified":"2023-01-19T10:43:46+00:00","description":"Kit Allround slackline 15m de haute qualit\u00e9 pour les d\u00e9butants avantages par rapport aux autres kits slackline: Gr\u00e2ce aux \u00e9lingues r\u00e9glables","breadcrumb":{"@id":"https:\/\/slacktivity.ch\/fr\/shop\/allround-slackline-15m\/#breadcrumb"},"inLanguage":"fr-FR","potentialAction":[{"@type":"ReadAction","target":["https:\/\/slacktivity.ch\/fr\/shop\/allround-slackline-15m\/"]}]},{"@type":"ImageObject","inLanguage":"fr-FR","@id":"https:\/\/slacktivity.ch\/fr\/shop\/allround-slackline-15m\/#primaryimage","url":"https:\/\/slacktivity.ch\/wp-content\/uploads\/2021\/02\/allround-slackline-15m.jpg","contentUrl":"https:\/\/slacktivity.ch\/wp-content\/uploads\/2021\/02\/allround-slackline-15m.jpg","width":1180,"height":1377,"caption":"allround slackline 15m"},{"@type":"BreadcrumbList","@id":"https:\/\/slacktivity.ch\/fr\/shop\/allround-slackline-15m\/#breadcrumb","itemListElement":[{"@type":"ListItem","position":1,"name":"Home","item":"https:\/\/slacktivity.ch\/fr\/"},{"@type":"ListItem","position":2,"name":"Boutique","item":"https:\/\/slacktivity.ch\/fr\/boutique\/"},{"@type":"ListItem","position":3,"name":"Allround Slackline | 15m Kit"}]},{"@type":"WebSite","@id":"https:\/\/slacktivity.ch\/fr\/#website","url":"https:\/\/slacktivity.ch\/fr\/","name":"SLACKTIVITY Slackline Shop Schweiz","description":"Ensembles de slackline de haute qualit\u00e9 avec montage facile, produits innovants Highline et accessoires de slackline acheter en ligne. Pour les enfants, les d\u00e9butants et les professionnels.","publisher":{"@id":"https:\/\/slacktivity.ch\/fr\/#organization"},"potentialAction":[{"@type":"SearchAction","target":{"@type":"EntryPoint","urlTemplate":"https:\/\/slacktivity.ch\/fr\/?s={search_term_string}"},"query-input":{"@type":"PropertyValueSpecification","valueRequired":true,"valueName":"search_term_string"}}],"inLanguage":"fr-FR"},{"@type":"Organization","@id":"https:\/\/slacktivity.ch\/fr\/#organization","name":"SLACKTIVITY Slackline Shop Schweiz","url":"https:\/\/slacktivity.ch\/fr\/","logo":{"@type":"ImageObject","inLanguage":"fr-FR","@id":"https:\/\/slacktivity.ch\/fr\/#\/schema\/logo\/image\/","url":"https:\/\/slacktivity.ch\/wp-content\/uploads\/2021\/01\/slacktivity-slackline-online-shop-1.png","contentUrl":"https:\/\/slacktivity.ch\/wp-content\/uploads\/2021\/01\/slacktivity-slackline-online-shop-1.png","width":200,"height":77,"caption":"SLACKTIVITY Slackline Shop Schweiz"},"image":{"@id":"https:\/\/slacktivity.ch\/fr\/#\/schema\/logo\/image\/"}}]}},"_links":{"self":[{"href":"https:\/\/slacktivity.ch\/fr\/wp-json\/wp\/v2\/product\/5760","targetHints":{"allow":["GET"]}}],"collection":[{"href":"https:\/\/slacktivity.ch\/fr\/wp-json\/wp\/v2\/product"}],"about":[{"href":"https:\/\/slacktivity.ch\/fr\/wp-json\/wp\/v2\/types\/product"}],"replies":[{"embeddable":true,"href":"https:\/\/slacktivity.ch\/fr\/wp-json\/wp\/v2\/comments?post=5760"}],"wp:featuredmedia":[{"embeddable":true,"href":"https:\/\/slacktivity.ch\/fr\/wp-json\/wp\/v2\/media\/5126"}],"wp:attachment":[{"href":"https:\/\/slacktivity.ch\/fr\/wp-json\/wp\/v2\/media?parent=5760"}],"wp:term":[{"taxonomy":"product_cat","embeddable":true,"href":"https:\/\/slacktivity.ch\/fr\/wp-json\/wp\/v2\/product_cat?post=5760"},{"taxonomy":"product_tag","embeddable":true,"href":"https:\/\/slacktivity.ch\/fr\/wp-json\/wp\/v2\/product_tag?post=5760"}],"curies":[{"name":"wp","href":"https:\/\/api.w.org\/{rel}","templated":true}]}}