{"id":8116,"date":"2021-02-22T15:55:30","date_gmt":"2021-02-22T13:55:30","guid":{"rendered":"http:\/\/slacktivity.ch\/shop\/poteaux-slackline-en-salle-de-sport\/"},"modified":"2021-04-14T13:43:17","modified_gmt":"2021-04-14T11:43:17","slug":"poteaux-slackline-en-salle-de-sport","status":"publish","type":"product","link":"https:\/\/slacktivity.ch\/fr\/shop\/poteaux-slackline-en-salle-de-sport\/","title":{"rendered":"Poteaux Carr\u00e9 | Slackline en salle de sport"},"content":{"rendered":"<h2>Slackline d&rsquo;int\u00e9rieur | La plus populaire des installations slackline dans le salle de sport<\/h2>\n<p>Cette offre contient les \u00e9l\u00e9ments suivants.<\/p>\n<ul>\n<li>4 x poteaux slackline avec couvercle de s\u00e9curit\u00e9<\/li>\n<li>5 x bandes slackline avec <b> V-Loop (longueur 15 m, largeur: 3,7 cm)<\/b><\/li>\n<li>5 x cliquet de slackline de haute qualit\u00e9<\/li>\n<li>2 x LineSlider en tant que protection de rembourrage pour le Schwedenkasten<\/li>\n<li>Mode d&#8217;emploi &amp; consignes de s\u00e9curit\u00e9 (pdf)<\/li>\n<li>Supports d\u2019enseignement gratuits pour le slackline dans les sports scolaires (pdf)<\/li>\n<li>Livraison par SLACKTIVITY Suisse<\/li>\n<li>90 minutes d\u2019atelier Slackline<\/li>\n<\/ul>\n<h3>Processus de commande<\/h3>\n<p>Apr\u00e8s avoir pass\u00e9 la commande, nous vous contactons imm\u00e9diatement pour clarifier les sp\u00e9cifications requises (prises de terre) et trouver une date de livraison pour les ateliers de slackline.<\/p>\n<h3>Ce que d\u00e9finit l&rsquo;\u00e9quipement slackline SLACKTIVITY pour les gymnases<\/h3>\n<h4>Structure simple<\/h4>\n<p>Gr\u00e2ce au V-Loop, nos slacklines peuvent \u00eatre facilement mont\u00e9es sur les poteaux. Ce syst\u00e8me slackline a \u00e9t\u00e9 sp\u00e9cialement d\u00e9velopp\u00e9 pour l\u2019\u00e9ducation physique et est utilis\u00e9 dans de nombreuses \u00e9coles suisses en salle de sport depuis des ann\u00e9es.<\/p>\n<p>Gr\u00e2ce \u00e0 V-Loop, contrairement aux autres slacklines:<\/p>\n<ul>\n<li>Aucune \u00e9lingue d\u2019arbre n\u00e9cessaire<\/li>\n<li>Pas de torsion dans la Slackline<\/li>\n<li>Le cliquet est toujours \u00e0 c\u00f4t\u00e9 du poteau<br \/>\n<h3>Facilit\u00e9 d&rsquo;utilisation maximale<\/h3>\n<p>L&rsquo;installation du syst\u00e8me slackline est tr\u00e8s simple et peut \u00eatre r\u00e9alis\u00e9e facilement par les \u00e9l\u00e8ves du primaire. Tous ceux qui enseignent le sport appr\u00e9cieront la structure simple. Lors de ce cours de 90 minutes sur la slackline, nos instructeurs exp\u00e9riment\u00e9s expliqueront la structure de l&rsquo;installation. Des conseils pratiques sur l&rsquo;utilisation de l&rsquo;\u00e9ducation physique seront \u00e9galement fournis.<\/p>\n<h3>couvercle de s\u00e9curit\u00e9<\/h3>\n<p>La s\u00e9curit\u00e9 est importante pour nous. C\u2019est pourquoi SLACKTIVITY a mis au point une couverture de s\u00e9curit\u00e9 pour les poteaux de slackline.<\/p>\n<p>En cas de chute des poteaux, l\u2019impact est amorti par la d\u00e9formation de la protection en plastique.<\/p>\n<h3>Lineslider<\/h3>\n<p>Surtout pour les d\u00e9butants en slackline et en particulier pour les enfants, il est important que les slacklines soient tendues sur une distance de seulement 3-4m. \u00c9tant donn\u00e9 que la distance dans les salles de sport, par exemple entre les poteaux de volley-ball, n&rsquo;est pas modifiable, la slackline peut \u00eatre divis\u00e9e \u00e0 l&rsquo;aide de caissons de gymnastique. L\u2019utilisation du LineSlider \u00e9vite les frottements directs de la slackline sur les tapis de gym et les protections en mousse- ce qui augmente la long\u00e9vit\u00e9 de la slackline et prot\u00e8ge les tapis et coussins.<\/p>\n<h3>Qualit\u00e9 suisse<\/h3>\n<p>Tous les poteaux de slackline et protections de s\u00e9curit\u00e9 sont fabriqu\u00e9s dans des PME suisses. Cela garantit une qualit\u00e9 \u00e9lev\u00e9e et un produit durable.<\/p>\n<h3>Attention! Utilisez uniquement le bon mat\u00e9riel<\/h3>\n<p>Les slacklines ne doivent \u00eatre utilis\u00e9es que dans les salles de sport dot\u00e9es d&rsquo;un <b>V-Loop <\/b>(l\u00e9gal \/ exclusif disponible uniquement sur les slacklines SLACKTIVITY). Ces slacklines ont \u00e9t\u00e9 sp\u00e9cialement d\u00e9velopp\u00e9es pour le sport scolaire et ont adapt\u00e9 les propri\u00e9t\u00e9s de l&rsquo;installation en cons\u00e9quence. Dans d&rsquo;autres kits de slacklines, des charges parfois consid\u00e9rablement plus importantes peuvent se produire, ce qui ne garantirait plus les r\u00e9serves de s\u00e9curit\u00e9 pour les poteaux de slackline et les manchons de protection. De plus, les slacklines sont tendues \u00e0 l&rsquo;aide une boucle en V en un temps beaucoup plus court. La slackline peut \u00eatre install\u00e9e sans \u00e9lingues d&rsquo;arbre et le cliquet est toujours pr\u00e8s du poste.<\/p>\n<p>Pour savoir pourquoi des slacklines larges de 5 cm (les slacklines les moins ch\u00e8res) ne sont pas id\u00e9ales pour les sports scolaires (en particulier les enfants), lire <a href=\"https:\/\/slacktivity.ch\/slackline-tipps-anfaenger\/\" target=\"_blank\" rel=\"noopener\"> ici.<\/a><\/p>\n<h3>Pas ou peu d&rsquo;ancrages au sol disponibles?<\/h3>\n<p>Nous sommes \u00e9galement heureux de vous proposer des offres sp\u00e9ciales, par exemple un syst\u00e8me avec supports muraux uniquement si <b>aucun ancrage au sol n&rsquo;est possible: <a title=\"Demander un devis\" href=\"https:\/\/slacktivity.ch\/fr\/contact\/\" target=\"_ blank\" rel=\"noopener\"> Demander un devis gratuit ici<\/a> <\/b><\/li>\n<\/ul>\n","protected":false},"excerpt":{"rendered":"<p>Si vous souhaitez proposer la slackline en \u00e9ducation physique en tant que sport \u00e0 part enti\u00e8re, vous devez disposer d\u2019au moins cinq slacklines. Le quadrilat\u00e8re de slackline avec une diagonale facilite le r\u00e9glage de cet ensemble dans la plupart des gymnases. Seuls deux ancrages de volleyball et deux ancrages de barre fixe sont n\u00e9cessaires.<\/p>\n","protected":false},"featured_media":5527,"comment_status":"open","ping_status":"closed","template":"","meta":{"_acf_changed":false,"_joinchat":[]},"product_cat":[673,634],"product_tag":[674,686],"class_list":{"0":"post-8116","1":"product","2":"type-product","3":"status-publish","4":"has-post-thumbnail","6":"product_cat-slackline-interieur","7":"product_cat-slackline-pour-ecole","8":"product_tag-interieur","9":"product_tag-poteau-de-slackline","11":"first","12":"instock","13":"taxable","14":"shipping-taxable","15":"purchasable","16":"product-type-simple"},"acf":[],"yoast_head":"<!-- This site is optimized with the Yoast SEO plugin v27.4 - https:\/\/yoast.com\/product\/yoast-seo-wordpress\/ -->\n<title>Poteaux Carr\u00e9 | Slackline en salle de sport de SLACKTIVITIY Suisse<\/title>\n<meta name=\"description\" content=\"En tr\u00e8s peu de temps, ce syst\u00e8me peut \u00eatre utilis\u00e9 pour installer 5 slacklines dans un salle de sport - et ceci tr\u00e8s facilement!\" \/>\n<meta name=\"robots\" content=\"index, follow, max-snippet:-1, max-image-preview:large, max-video-preview:-1\" \/>\n<link rel=\"canonical\" href=\"https:\/\/slacktivity.ch\/fr\/shop\/poteaux-slackline-en-salle-de-sport\/\" \/>\n<meta property=\"og:locale\" content=\"fr_FR\" \/>\n<meta property=\"og:type\" content=\"article\" \/>\n<meta property=\"og:title\" content=\"Poteaux Carr\u00e9 | Slackline en salle de sport de SLACKTIVITIY Suisse\" \/>\n<meta property=\"og:description\" content=\"En tr\u00e8s peu de temps, ce syst\u00e8me peut \u00eatre utilis\u00e9 pour installer 5 slacklines dans un salle de sport - et ceci tr\u00e8s facilement!\" \/>\n<meta property=\"og:url\" content=\"https:\/\/slacktivity.ch\/fr\/shop\/poteaux-slackline-en-salle-de-sport\/\" \/>\n<meta property=\"og:site_name\" content=\"SLACKTIVITY Slackline Shop Schweiz\" \/>\n<meta property=\"article:modified_time\" content=\"2021-04-14T11:43:17+00:00\" \/>\n<meta property=\"og:image\" content=\"https:\/\/slacktivity.ch\/wp-content\/uploads\/2021\/02\/slackline-turnhalle.jpg\" \/>\n\t<meta property=\"og:image:width\" content=\"1180\" \/>\n\t<meta property=\"og:image:height\" content=\"1377\" \/>\n\t<meta property=\"og:image:type\" content=\"image\/jpeg\" \/>\n<meta name=\"twitter:card\" content=\"summary_large_image\" \/>\n<meta name=\"twitter:label1\" content=\"Dur\u00e9e de lecture estim\u00e9e\" \/>\n\t<meta name=\"twitter:data1\" content=\"3 minutes\" \/>\n<script type=\"application\/ld+json\" class=\"yoast-schema-graph\">{\"@context\":\"https:\\\/\\\/schema.org\",\"@graph\":[{\"@type\":\"WebPage\",\"@id\":\"https:\\\/\\\/slacktivity.ch\\\/fr\\\/shop\\\/poteaux-slackline-en-salle-de-sport\\\/\",\"url\":\"https:\\\/\\\/slacktivity.ch\\\/fr\\\/shop\\\/poteaux-slackline-en-salle-de-sport\\\/\",\"name\":\"Poteaux Carr\u00e9 | Slackline en salle de sport de SLACKTIVITIY Suisse\",\"isPartOf\":{\"@id\":\"https:\\\/\\\/slacktivity.ch\\\/fr\\\/#website\"},\"primaryImageOfPage\":{\"@id\":\"https:\\\/\\\/slacktivity.ch\\\/fr\\\/shop\\\/poteaux-slackline-en-salle-de-sport\\\/#primaryimage\"},\"image\":{\"@id\":\"https:\\\/\\\/slacktivity.ch\\\/fr\\\/shop\\\/poteaux-slackline-en-salle-de-sport\\\/#primaryimage\"},\"thumbnailUrl\":\"https:\\\/\\\/slacktivity.ch\\\/wp-content\\\/uploads\\\/2021\\\/02\\\/slackline-turnhalle.jpg\",\"datePublished\":\"2021-02-22T13:55:30+00:00\",\"dateModified\":\"2021-04-14T11:43:17+00:00\",\"description\":\"En tr\u00e8s peu de temps, ce syst\u00e8me peut \u00eatre utilis\u00e9 pour installer 5 slacklines dans un salle de sport - et ceci tr\u00e8s facilement!\",\"breadcrumb\":{\"@id\":\"https:\\\/\\\/slacktivity.ch\\\/fr\\\/shop\\\/poteaux-slackline-en-salle-de-sport\\\/#breadcrumb\"},\"inLanguage\":\"fr-FR\",\"potentialAction\":[{\"@type\":\"ReadAction\",\"target\":[\"https:\\\/\\\/slacktivity.ch\\\/fr\\\/shop\\\/poteaux-slackline-en-salle-de-sport\\\/\"]}]},{\"@type\":\"ImageObject\",\"inLanguage\":\"fr-FR\",\"@id\":\"https:\\\/\\\/slacktivity.ch\\\/fr\\\/shop\\\/poteaux-slackline-en-salle-de-sport\\\/#primaryimage\",\"url\":\"https:\\\/\\\/slacktivity.ch\\\/wp-content\\\/uploads\\\/2021\\\/02\\\/slackline-turnhalle.jpg\",\"contentUrl\":\"https:\\\/\\\/slacktivity.ch\\\/wp-content\\\/uploads\\\/2021\\\/02\\\/slackline-turnhalle.jpg\",\"width\":1180,\"height\":1377,\"caption\":\"slackline salle de sport\"},{\"@type\":\"BreadcrumbList\",\"@id\":\"https:\\\/\\\/slacktivity.ch\\\/fr\\\/shop\\\/poteaux-slackline-en-salle-de-sport\\\/#breadcrumb\",\"itemListElement\":[{\"@type\":\"ListItem\",\"position\":1,\"name\":\"Home\",\"item\":\"https:\\\/\\\/slacktivity.ch\\\/fr\\\/\"},{\"@type\":\"ListItem\",\"position\":2,\"name\":\"Boutique\",\"item\":\"https:\\\/\\\/slacktivity.ch\\\/fr\\\/boutique\\\/\"},{\"@type\":\"ListItem\",\"position\":3,\"name\":\"Poteaux Carr\u00e9 | Slackline en salle de sport\"}]},{\"@type\":\"WebSite\",\"@id\":\"https:\\\/\\\/slacktivity.ch\\\/fr\\\/#website\",\"url\":\"https:\\\/\\\/slacktivity.ch\\\/fr\\\/\",\"name\":\"SLACKTIVITY Slackline Shop Schweiz\",\"description\":\"Ensembles de slackline de haute qualit\u00e9 avec montage facile, produits innovants Highline et accessoires de slackline acheter en ligne. Pour les enfants, les d\u00e9butants et les professionnels.\",\"publisher\":{\"@id\":\"https:\\\/\\\/slacktivity.ch\\\/fr\\\/#organization\"},\"potentialAction\":[{\"@type\":\"SearchAction\",\"target\":{\"@type\":\"EntryPoint\",\"urlTemplate\":\"https:\\\/\\\/slacktivity.ch\\\/fr\\\/?s={search_term_string}\"},\"query-input\":{\"@type\":\"PropertyValueSpecification\",\"valueRequired\":true,\"valueName\":\"search_term_string\"}}],\"inLanguage\":\"fr-FR\"},{\"@type\":\"Organization\",\"@id\":\"https:\\\/\\\/slacktivity.ch\\\/fr\\\/#organization\",\"name\":\"SLACKTIVITY Slackline Shop Schweiz\",\"url\":\"https:\\\/\\\/slacktivity.ch\\\/fr\\\/\",\"logo\":{\"@type\":\"ImageObject\",\"inLanguage\":\"fr-FR\",\"@id\":\"https:\\\/\\\/slacktivity.ch\\\/fr\\\/#\\\/schema\\\/logo\\\/image\\\/\",\"url\":\"https:\\\/\\\/slacktivity.ch\\\/wp-content\\\/uploads\\\/2021\\\/01\\\/slacktivity-slackline-online-shop-1.png\",\"contentUrl\":\"https:\\\/\\\/slacktivity.ch\\\/wp-content\\\/uploads\\\/2021\\\/01\\\/slacktivity-slackline-online-shop-1.png\",\"width\":200,\"height\":77,\"caption\":\"SLACKTIVITY Slackline Shop Schweiz\"},\"image\":{\"@id\":\"https:\\\/\\\/slacktivity.ch\\\/fr\\\/#\\\/schema\\\/logo\\\/image\\\/\"}}]}<\/script>\n<!-- \/ Yoast SEO plugin. -->","yoast_head_json":{"title":"Poteaux Carr\u00e9 | Slackline en salle de sport de SLACKTIVITIY Suisse","description":"En tr\u00e8s peu de temps, ce syst\u00e8me peut \u00eatre utilis\u00e9 pour installer 5 slacklines dans un salle de sport - et ceci tr\u00e8s facilement!","robots":{"index":"index","follow":"follow","max-snippet":"max-snippet:-1","max-image-preview":"max-image-preview:large","max-video-preview":"max-video-preview:-1"},"canonical":"https:\/\/slacktivity.ch\/fr\/shop\/poteaux-slackline-en-salle-de-sport\/","og_locale":"fr_FR","og_type":"article","og_title":"Poteaux Carr\u00e9 | Slackline en salle de sport de SLACKTIVITIY Suisse","og_description":"En tr\u00e8s peu de temps, ce syst\u00e8me peut \u00eatre utilis\u00e9 pour installer 5 slacklines dans un salle de sport - et ceci tr\u00e8s facilement!","og_url":"https:\/\/slacktivity.ch\/fr\/shop\/poteaux-slackline-en-salle-de-sport\/","og_site_name":"SLACKTIVITY Slackline Shop Schweiz","article_modified_time":"2021-04-14T11:43:17+00:00","og_image":[{"width":1180,"height":1377,"url":"https:\/\/slacktivity.ch\/wp-content\/uploads\/2021\/02\/slackline-turnhalle.jpg","type":"image\/jpeg"}],"twitter_card":"summary_large_image","twitter_misc":{"Dur\u00e9e de lecture estim\u00e9e":"3 minutes"},"schema":{"@context":"https:\/\/schema.org","@graph":[{"@type":"WebPage","@id":"https:\/\/slacktivity.ch\/fr\/shop\/poteaux-slackline-en-salle-de-sport\/","url":"https:\/\/slacktivity.ch\/fr\/shop\/poteaux-slackline-en-salle-de-sport\/","name":"Poteaux Carr\u00e9 | Slackline en salle de sport de SLACKTIVITIY Suisse","isPartOf":{"@id":"https:\/\/slacktivity.ch\/fr\/#website"},"primaryImageOfPage":{"@id":"https:\/\/slacktivity.ch\/fr\/shop\/poteaux-slackline-en-salle-de-sport\/#primaryimage"},"image":{"@id":"https:\/\/slacktivity.ch\/fr\/shop\/poteaux-slackline-en-salle-de-sport\/#primaryimage"},"thumbnailUrl":"https:\/\/slacktivity.ch\/wp-content\/uploads\/2021\/02\/slackline-turnhalle.jpg","datePublished":"2021-02-22T13:55:30+00:00","dateModified":"2021-04-14T11:43:17+00:00","description":"En tr\u00e8s peu de temps, ce syst\u00e8me peut \u00eatre utilis\u00e9 pour installer 5 slacklines dans un salle de sport - et ceci tr\u00e8s facilement!","breadcrumb":{"@id":"https:\/\/slacktivity.ch\/fr\/shop\/poteaux-slackline-en-salle-de-sport\/#breadcrumb"},"inLanguage":"fr-FR","potentialAction":[{"@type":"ReadAction","target":["https:\/\/slacktivity.ch\/fr\/shop\/poteaux-slackline-en-salle-de-sport\/"]}]},{"@type":"ImageObject","inLanguage":"fr-FR","@id":"https:\/\/slacktivity.ch\/fr\/shop\/poteaux-slackline-en-salle-de-sport\/#primaryimage","url":"https:\/\/slacktivity.ch\/wp-content\/uploads\/2021\/02\/slackline-turnhalle.jpg","contentUrl":"https:\/\/slacktivity.ch\/wp-content\/uploads\/2021\/02\/slackline-turnhalle.jpg","width":1180,"height":1377,"caption":"slackline salle de sport"},{"@type":"BreadcrumbList","@id":"https:\/\/slacktivity.ch\/fr\/shop\/poteaux-slackline-en-salle-de-sport\/#breadcrumb","itemListElement":[{"@type":"ListItem","position":1,"name":"Home","item":"https:\/\/slacktivity.ch\/fr\/"},{"@type":"ListItem","position":2,"name":"Boutique","item":"https:\/\/slacktivity.ch\/fr\/boutique\/"},{"@type":"ListItem","position":3,"name":"Poteaux Carr\u00e9 | Slackline en salle de sport"}]},{"@type":"WebSite","@id":"https:\/\/slacktivity.ch\/fr\/#website","url":"https:\/\/slacktivity.ch\/fr\/","name":"SLACKTIVITY Slackline Shop Schweiz","description":"Ensembles de slackline de haute qualit\u00e9 avec montage facile, produits innovants Highline et accessoires de slackline acheter en ligne. Pour les enfants, les d\u00e9butants et les professionnels.","publisher":{"@id":"https:\/\/slacktivity.ch\/fr\/#organization"},"potentialAction":[{"@type":"SearchAction","target":{"@type":"EntryPoint","urlTemplate":"https:\/\/slacktivity.ch\/fr\/?s={search_term_string}"},"query-input":{"@type":"PropertyValueSpecification","valueRequired":true,"valueName":"search_term_string"}}],"inLanguage":"fr-FR"},{"@type":"Organization","@id":"https:\/\/slacktivity.ch\/fr\/#organization","name":"SLACKTIVITY Slackline Shop Schweiz","url":"https:\/\/slacktivity.ch\/fr\/","logo":{"@type":"ImageObject","inLanguage":"fr-FR","@id":"https:\/\/slacktivity.ch\/fr\/#\/schema\/logo\/image\/","url":"https:\/\/slacktivity.ch\/wp-content\/uploads\/2021\/01\/slacktivity-slackline-online-shop-1.png","contentUrl":"https:\/\/slacktivity.ch\/wp-content\/uploads\/2021\/01\/slacktivity-slackline-online-shop-1.png","width":200,"height":77,"caption":"SLACKTIVITY Slackline Shop Schweiz"},"image":{"@id":"https:\/\/slacktivity.ch\/fr\/#\/schema\/logo\/image\/"}}]}},"_links":{"self":[{"href":"https:\/\/slacktivity.ch\/fr\/wp-json\/wp\/v2\/product\/8116","targetHints":{"allow":["GET"]}}],"collection":[{"href":"https:\/\/slacktivity.ch\/fr\/wp-json\/wp\/v2\/product"}],"about":[{"href":"https:\/\/slacktivity.ch\/fr\/wp-json\/wp\/v2\/types\/product"}],"replies":[{"embeddable":true,"href":"https:\/\/slacktivity.ch\/fr\/wp-json\/wp\/v2\/comments?post=8116"}],"wp:featuredmedia":[{"embeddable":true,"href":"https:\/\/slacktivity.ch\/fr\/wp-json\/wp\/v2\/media\/5527"}],"wp:attachment":[{"href":"https:\/\/slacktivity.ch\/fr\/wp-json\/wp\/v2\/media?parent=8116"}],"wp:term":[{"taxonomy":"product_cat","embeddable":true,"href":"https:\/\/slacktivity.ch\/fr\/wp-json\/wp\/v2\/product_cat?post=8116"},{"taxonomy":"product_tag","embeddable":true,"href":"https:\/\/slacktivity.ch\/fr\/wp-json\/wp\/v2\/product_tag?post=8116"}],"curies":[{"name":"wp","href":"https:\/\/api.w.org\/{rel}","templated":true}]}}