{"id":8118,"date":"2021-02-22T15:54:42","date_gmt":"2021-02-22T15:54:42","guid":{"rendered":"http:\/\/slacktivity.ch\/shop\/hangover-lmousqueton-slackline\/"},"modified":"2021-04-09T22:26:10","modified_gmt":"2021-04-09T20:26:10","slug":"hangover-mousqueton-slackline","status":"publish","type":"product","link":"https:\/\/slacktivity.ch\/fr\/shop\/hangover-mousqueton-slackline\/","title":{"rendered":"HangOver"},"content":{"rendered":"<h2>HangOver | le mousqueton de slackline<\/h2>\n<p>Le syst\u00e8me HangOver de SLACKTIVITY \u00e9tablit de nouvelles normes en mati\u00e8re de s\u00e9curit\u00e9 et de confort lors de la cr\u00e9ation de lignes ou de la mise sous tension de palangres (HangOverPulley).Plus d&rsquo;un an de travail de d\u00e9veloppement, d&rsquo;innombrables croquis, calculs, dessins de prototypes et tests ont \u00e9t\u00e9 n\u00e9cessaires pour d\u00e9velopper cette premi\u00e8re mondiale: un mousqueton avec roulement \u00e0 billes pour tendre les slacklines de 25 mm de large ou rouler le long d&rsquo;une slackline presque sans frottement.<\/p>\n<p>Le HangOver est con\u00e7u pour \u00eatre aussi facile \u00e0 utiliser que possible. Il ne pr\u00e9sente absolument aucun bord tranchant et les sangles ne peuvent donc pas \u00eatre endommag\u00e9e. Le roulement \u00e0 bille a une largeur de 27,5 mm ce qui permet de maintenir le HangOver droit.<\/p>\n<h3>Aspects techniques:<\/h3>\n<ul>\n<li>Outils pour rouler avec facilit\u00e9 sur les highlines<\/li>\n<li>Multiplicateur pour les syst\u00e8mes de tension Ellington<\/li>\n<li>Roulement \u00e0 bille un syst\u00e8me de tension complet<\/li>\n<li>Si vous n&rsquo;avez aucune poulie \u00e0 disposition, le HangOver peut \u00e9galement \u00eatre utilis\u00e9 comme alternative<\/li>\n<\/ul>\n<h3>Sp\u00e9cifications SLACKTIVITY HangOver<\/h3>\n<ul>\n<li>CE 0194 certifi\u00e9 PSA<\/li>\n<li>Largeur de la surface de roulement: 27,8 mm<\/li>\n<li>Charge de rupture longitudinale: 22 kN<\/li>\n<li>charge de rupture avec ouverture instantan\u00e9e: 6 kN<\/li>\n<li>charge de rupture transversale: 7 kN<\/li>\n<li>max. Charge de travail (WLL): 4 kN<\/li>\n<li>dimensions: 124 x 62 x 28 mm<\/li>\n<li>Poids: 157 g<\/li>\n<li>Mat\u00e9riau: aluminium d\u2019a\u00e9ronef forg\u00e9 \u00e0 chaud 7075-T6, anodis\u00e9 vert<\/li>\n<li>Roulement \u00e0 billes: 19mm; Imperm\u00e9abilisation: 2RS; Cr: 2,80 kN, Cor: 1,06 kN<\/li>\n<\/ul>\n<p>Le design de ce produit est prot\u00e9g\u00e9 par le droit international (dessin ou mod\u00e8le international enregistr\u00e9 &#8211; WIPO DM \/ 095081)<\/p>\n","protected":false},"excerpt":{"rendered":"<p>Indispensable pour tous les highliners et tous ceux qui souhaitent exploiter efficacement les syst\u00e8mes de poulies avec le moins de mat\u00e9riau possible (HangOver-Pulley). Premier produit au monde sp\u00e9cifique \u00e0 la highline avec certification PSA.<\/p>\n","protected":false},"featured_media":11940,"comment_status":"open","ping_status":"closed","template":"","meta":{"_acf_changed":false,"_joinchat":[]},"product_cat":[627,676,675,642],"product_tag":[677],"class_list":{"0":"post-8118","1":"product","2":"type-product","3":"status-publish","4":"has-post-thumbnail","6":"product_cat-equipement-highline","7":"product_cat-hangovers-fr","8":"product_cat-mousqueton","9":"product_cat-systemes-de-tension-slackline","10":"product_tag-highline-fr","12":"first","13":"instock","14":"sale","15":"taxable","16":"shipping-taxable","17":"purchasable","18":"product-type-variable"},"acf":[],"yoast_head":"<!-- This site is optimized with the Yoast SEO plugin v27.4 - https:\/\/yoast.com\/product\/yoast-seo-wordpress\/ -->\n<title>HangOver - le mousqueton pour Highliner | SLACKTIVITY Slackline Suisse<\/title>\n<meta name=\"description\" content=\"Hangover - Le mousqueton avec roulement \u00e0 bille high tech de SLACKTIVITY. Pour la highline et syst\u00e8mes de tension \u00e0 poulies (HangOver-Pulley)\" \/>\n<meta name=\"robots\" content=\"index, follow, max-snippet:-1, max-image-preview:large, max-video-preview:-1\" \/>\n<link rel=\"canonical\" href=\"https:\/\/slacktivity.ch\/fr\/shop\/hangover-mousqueton-slackline\/\" \/>\n<meta property=\"og:locale\" content=\"fr_FR\" \/>\n<meta property=\"og:type\" content=\"article\" \/>\n<meta property=\"og:title\" content=\"HangOver - le mousqueton pour Highliner | SLACKTIVITY Slackline Suisse\" \/>\n<meta property=\"og:description\" content=\"Hangover - Le mousqueton avec roulement \u00e0 bille high tech de SLACKTIVITY. Pour la highline et syst\u00e8mes de tension \u00e0 poulies (HangOver-Pulley)\" \/>\n<meta property=\"og:url\" content=\"https:\/\/slacktivity.ch\/fr\/shop\/hangover-mousqueton-slackline\/\" \/>\n<meta property=\"og:site_name\" content=\"SLACKTIVITY Slackline Shop Schweiz\" \/>\n<meta property=\"article:modified_time\" content=\"2021-04-09T20:26:10+00:00\" \/>\n<meta property=\"og:image\" content=\"https:\/\/slacktivity.ch\/wp-content\/uploads\/2021\/02\/slacktivity-hangover.jpg\" \/>\n\t<meta property=\"og:image:width\" content=\"1180\" \/>\n\t<meta property=\"og:image:height\" content=\"1377\" \/>\n\t<meta property=\"og:image:type\" content=\"image\/jpeg\" \/>\n<meta name=\"twitter:card\" content=\"summary_large_image\" \/>\n<meta name=\"twitter:label1\" content=\"Dur\u00e9e de lecture estim\u00e9e\" \/>\n\t<meta name=\"twitter:data1\" content=\"2 minutes\" \/>\n<script type=\"application\/ld+json\" class=\"yoast-schema-graph\">{\"@context\":\"https:\\\/\\\/schema.org\",\"@graph\":[{\"@type\":\"WebPage\",\"@id\":\"https:\\\/\\\/slacktivity.ch\\\/fr\\\/shop\\\/hangover-mousqueton-slackline\\\/\",\"url\":\"https:\\\/\\\/slacktivity.ch\\\/fr\\\/shop\\\/hangover-mousqueton-slackline\\\/\",\"name\":\"HangOver - le mousqueton pour Highliner | SLACKTIVITY Slackline Suisse\",\"isPartOf\":{\"@id\":\"https:\\\/\\\/slacktivity.ch\\\/fr\\\/#website\"},\"primaryImageOfPage\":{\"@id\":\"https:\\\/\\\/slacktivity.ch\\\/fr\\\/shop\\\/hangover-mousqueton-slackline\\\/#primaryimage\"},\"image\":{\"@id\":\"https:\\\/\\\/slacktivity.ch\\\/fr\\\/shop\\\/hangover-mousqueton-slackline\\\/#primaryimage\"},\"thumbnailUrl\":\"https:\\\/\\\/slacktivity.ch\\\/wp-content\\\/uploads\\\/2021\\\/02\\\/hangover-2-0-slackline-roller-carabiner-800x934-1.jpg\",\"datePublished\":\"2021-02-22T15:54:42+00:00\",\"dateModified\":\"2021-04-09T20:26:10+00:00\",\"description\":\"Hangover - Le mousqueton avec roulement \u00e0 bille high tech de SLACKTIVITY. Pour la highline et syst\u00e8mes de tension \u00e0 poulies (HangOver-Pulley)\",\"breadcrumb\":{\"@id\":\"https:\\\/\\\/slacktivity.ch\\\/fr\\\/shop\\\/hangover-mousqueton-slackline\\\/#breadcrumb\"},\"inLanguage\":\"fr-FR\",\"potentialAction\":[{\"@type\":\"ReadAction\",\"target\":[\"https:\\\/\\\/slacktivity.ch\\\/fr\\\/shop\\\/hangover-mousqueton-slackline\\\/\"]}]},{\"@type\":\"ImageObject\",\"inLanguage\":\"fr-FR\",\"@id\":\"https:\\\/\\\/slacktivity.ch\\\/fr\\\/shop\\\/hangover-mousqueton-slackline\\\/#primaryimage\",\"url\":\"https:\\\/\\\/slacktivity.ch\\\/wp-content\\\/uploads\\\/2021\\\/02\\\/hangover-2-0-slackline-roller-carabiner-800x934-1.jpg\",\"contentUrl\":\"https:\\\/\\\/slacktivity.ch\\\/wp-content\\\/uploads\\\/2021\\\/02\\\/hangover-2-0-slackline-roller-carabiner-800x934-1.jpg\",\"width\":800,\"height\":934,\"caption\":\"HangOver Highline-Karabiner\"},{\"@type\":\"BreadcrumbList\",\"@id\":\"https:\\\/\\\/slacktivity.ch\\\/fr\\\/shop\\\/hangover-mousqueton-slackline\\\/#breadcrumb\",\"itemListElement\":[{\"@type\":\"ListItem\",\"position\":1,\"name\":\"Home\",\"item\":\"https:\\\/\\\/slacktivity.ch\\\/fr\\\/\"},{\"@type\":\"ListItem\",\"position\":2,\"name\":\"Boutique\",\"item\":\"https:\\\/\\\/slacktivity.ch\\\/fr\\\/boutique\\\/\"},{\"@type\":\"ListItem\",\"position\":3,\"name\":\"HangOver\"}]},{\"@type\":\"WebSite\",\"@id\":\"https:\\\/\\\/slacktivity.ch\\\/fr\\\/#website\",\"url\":\"https:\\\/\\\/slacktivity.ch\\\/fr\\\/\",\"name\":\"SLACKTIVITY Slackline Shop Schweiz\",\"description\":\"Ensembles de slackline de haute qualit\u00e9 avec montage facile, produits innovants Highline et accessoires de slackline acheter en ligne. Pour les enfants, les d\u00e9butants et les professionnels.\",\"publisher\":{\"@id\":\"https:\\\/\\\/slacktivity.ch\\\/fr\\\/#organization\"},\"potentialAction\":[{\"@type\":\"SearchAction\",\"target\":{\"@type\":\"EntryPoint\",\"urlTemplate\":\"https:\\\/\\\/slacktivity.ch\\\/fr\\\/?s={search_term_string}\"},\"query-input\":{\"@type\":\"PropertyValueSpecification\",\"valueRequired\":true,\"valueName\":\"search_term_string\"}}],\"inLanguage\":\"fr-FR\"},{\"@type\":\"Organization\",\"@id\":\"https:\\\/\\\/slacktivity.ch\\\/fr\\\/#organization\",\"name\":\"SLACKTIVITY Slackline Shop Schweiz\",\"url\":\"https:\\\/\\\/slacktivity.ch\\\/fr\\\/\",\"logo\":{\"@type\":\"ImageObject\",\"inLanguage\":\"fr-FR\",\"@id\":\"https:\\\/\\\/slacktivity.ch\\\/fr\\\/#\\\/schema\\\/logo\\\/image\\\/\",\"url\":\"https:\\\/\\\/slacktivity.ch\\\/wp-content\\\/uploads\\\/2021\\\/01\\\/slacktivity-slackline-online-shop-1.png\",\"contentUrl\":\"https:\\\/\\\/slacktivity.ch\\\/wp-content\\\/uploads\\\/2021\\\/01\\\/slacktivity-slackline-online-shop-1.png\",\"width\":200,\"height\":77,\"caption\":\"SLACKTIVITY Slackline Shop Schweiz\"},\"image\":{\"@id\":\"https:\\\/\\\/slacktivity.ch\\\/fr\\\/#\\\/schema\\\/logo\\\/image\\\/\"}}]}<\/script>\n<!-- \/ Yoast SEO plugin. -->","yoast_head_json":{"title":"HangOver - le mousqueton pour Highliner | SLACKTIVITY Slackline Suisse","description":"Hangover - Le mousqueton avec roulement \u00e0 bille high tech de SLACKTIVITY. Pour la highline et syst\u00e8mes de tension \u00e0 poulies (HangOver-Pulley)","robots":{"index":"index","follow":"follow","max-snippet":"max-snippet:-1","max-image-preview":"max-image-preview:large","max-video-preview":"max-video-preview:-1"},"canonical":"https:\/\/slacktivity.ch\/fr\/shop\/hangover-mousqueton-slackline\/","og_locale":"fr_FR","og_type":"article","og_title":"HangOver - le mousqueton pour Highliner | SLACKTIVITY Slackline Suisse","og_description":"Hangover - Le mousqueton avec roulement \u00e0 bille high tech de SLACKTIVITY. Pour la highline et syst\u00e8mes de tension \u00e0 poulies (HangOver-Pulley)","og_url":"https:\/\/slacktivity.ch\/fr\/shop\/hangover-mousqueton-slackline\/","og_site_name":"SLACKTIVITY Slackline Shop Schweiz","article_modified_time":"2021-04-09T20:26:10+00:00","og_image":[{"width":1180,"height":1377,"url":"https:\/\/slacktivity.ch\/wp-content\/uploads\/2021\/02\/slacktivity-hangover.jpg","type":"image\/jpeg"}],"twitter_card":"summary_large_image","twitter_misc":{"Dur\u00e9e de lecture estim\u00e9e":"2 minutes"},"schema":{"@context":"https:\/\/schema.org","@graph":[{"@type":"WebPage","@id":"https:\/\/slacktivity.ch\/fr\/shop\/hangover-mousqueton-slackline\/","url":"https:\/\/slacktivity.ch\/fr\/shop\/hangover-mousqueton-slackline\/","name":"HangOver - le mousqueton pour Highliner | SLACKTIVITY Slackline Suisse","isPartOf":{"@id":"https:\/\/slacktivity.ch\/fr\/#website"},"primaryImageOfPage":{"@id":"https:\/\/slacktivity.ch\/fr\/shop\/hangover-mousqueton-slackline\/#primaryimage"},"image":{"@id":"https:\/\/slacktivity.ch\/fr\/shop\/hangover-mousqueton-slackline\/#primaryimage"},"thumbnailUrl":"https:\/\/slacktivity.ch\/wp-content\/uploads\/2021\/02\/hangover-2-0-slackline-roller-carabiner-800x934-1.jpg","datePublished":"2021-02-22T15:54:42+00:00","dateModified":"2021-04-09T20:26:10+00:00","description":"Hangover - Le mousqueton avec roulement \u00e0 bille high tech de SLACKTIVITY. Pour la highline et syst\u00e8mes de tension \u00e0 poulies (HangOver-Pulley)","breadcrumb":{"@id":"https:\/\/slacktivity.ch\/fr\/shop\/hangover-mousqueton-slackline\/#breadcrumb"},"inLanguage":"fr-FR","potentialAction":[{"@type":"ReadAction","target":["https:\/\/slacktivity.ch\/fr\/shop\/hangover-mousqueton-slackline\/"]}]},{"@type":"ImageObject","inLanguage":"fr-FR","@id":"https:\/\/slacktivity.ch\/fr\/shop\/hangover-mousqueton-slackline\/#primaryimage","url":"https:\/\/slacktivity.ch\/wp-content\/uploads\/2021\/02\/hangover-2-0-slackline-roller-carabiner-800x934-1.jpg","contentUrl":"https:\/\/slacktivity.ch\/wp-content\/uploads\/2021\/02\/hangover-2-0-slackline-roller-carabiner-800x934-1.jpg","width":800,"height":934,"caption":"HangOver Highline-Karabiner"},{"@type":"BreadcrumbList","@id":"https:\/\/slacktivity.ch\/fr\/shop\/hangover-mousqueton-slackline\/#breadcrumb","itemListElement":[{"@type":"ListItem","position":1,"name":"Home","item":"https:\/\/slacktivity.ch\/fr\/"},{"@type":"ListItem","position":2,"name":"Boutique","item":"https:\/\/slacktivity.ch\/fr\/boutique\/"},{"@type":"ListItem","position":3,"name":"HangOver"}]},{"@type":"WebSite","@id":"https:\/\/slacktivity.ch\/fr\/#website","url":"https:\/\/slacktivity.ch\/fr\/","name":"SLACKTIVITY Slackline Shop Schweiz","description":"Ensembles de slackline de haute qualit\u00e9 avec montage facile, produits innovants Highline et accessoires de slackline acheter en ligne. Pour les enfants, les d\u00e9butants et les professionnels.","publisher":{"@id":"https:\/\/slacktivity.ch\/fr\/#organization"},"potentialAction":[{"@type":"SearchAction","target":{"@type":"EntryPoint","urlTemplate":"https:\/\/slacktivity.ch\/fr\/?s={search_term_string}"},"query-input":{"@type":"PropertyValueSpecification","valueRequired":true,"valueName":"search_term_string"}}],"inLanguage":"fr-FR"},{"@type":"Organization","@id":"https:\/\/slacktivity.ch\/fr\/#organization","name":"SLACKTIVITY Slackline Shop Schweiz","url":"https:\/\/slacktivity.ch\/fr\/","logo":{"@type":"ImageObject","inLanguage":"fr-FR","@id":"https:\/\/slacktivity.ch\/fr\/#\/schema\/logo\/image\/","url":"https:\/\/slacktivity.ch\/wp-content\/uploads\/2021\/01\/slacktivity-slackline-online-shop-1.png","contentUrl":"https:\/\/slacktivity.ch\/wp-content\/uploads\/2021\/01\/slacktivity-slackline-online-shop-1.png","width":200,"height":77,"caption":"SLACKTIVITY Slackline Shop Schweiz"},"image":{"@id":"https:\/\/slacktivity.ch\/fr\/#\/schema\/logo\/image\/"}}]}},"_links":{"self":[{"href":"https:\/\/slacktivity.ch\/fr\/wp-json\/wp\/v2\/product\/8118","targetHints":{"allow":["GET"]}}],"collection":[{"href":"https:\/\/slacktivity.ch\/fr\/wp-json\/wp\/v2\/product"}],"about":[{"href":"https:\/\/slacktivity.ch\/fr\/wp-json\/wp\/v2\/types\/product"}],"replies":[{"embeddable":true,"href":"https:\/\/slacktivity.ch\/fr\/wp-json\/wp\/v2\/comments?post=8118"}],"wp:featuredmedia":[{"embeddable":true,"href":"https:\/\/slacktivity.ch\/fr\/wp-json\/wp\/v2\/media\/11940"}],"wp:attachment":[{"href":"https:\/\/slacktivity.ch\/fr\/wp-json\/wp\/v2\/media?parent=8118"}],"wp:term":[{"taxonomy":"product_cat","embeddable":true,"href":"https:\/\/slacktivity.ch\/fr\/wp-json\/wp\/v2\/product_cat?post=8118"},{"taxonomy":"product_tag","embeddable":true,"href":"https:\/\/slacktivity.ch\/fr\/wp-json\/wp\/v2\/product_tag?post=8118"}],"curies":[{"name":"wp","href":"https:\/\/api.w.org\/{rel}","templated":true}]}}