{"id":8148,"date":"2021-02-22T15:55:10","date_gmt":"2021-02-22T15:55:10","guid":{"rendered":"http:\/\/slacktivity.ch\/shop\/fix-slackline-poteau\/"},"modified":"2021-04-12T20:58:01","modified_gmt":"2021-04-12T18:58:01","slug":"fix-slackline-poteau","status":"publish","type":"product","link":"https:\/\/slacktivity.ch\/fr\/shop\/fix-slackline-poteau\/","title":{"rendered":"FIX | Slackline Poteau"},"content":{"rendered":"<h2>Installations de jardin pour Slackline avec le poteau FIX<\/h2>\n<h3>Poteau slackline \u00e9conomique pour une installation fixe<\/h3>\n<p>Le poteau slackline FIX est ancr\u00e9 directement dans la fondation en b\u00e9ton, le rendant id\u00e9al pour une installation permanente.<\/p>\n<p>Avec le poteau FIX, vous pouvez installer une slackline sur trois hauteurs diff\u00e9rentes, jusqu\u2019\u00e0 environ 60 cm maximum. Il est \u00e9galement possible d\u2019attacher plusieurs slacklines au m\u00eame poteau. Les poteaux conviennent aussi bien aux d\u00e9butants qu\u2019aux avanc\u00e9s. La longueur recommand\u00e9e des slacklines pour ce mod\u00e8le est comprise entre 3 et 12 m (maximum 15 m). Pour les distances plus longues ou si vous souhaitez utiliser la slackline pour des sauts (rebond sur les pieds, saut assis, sauts sur la poitrine, etc.), nous vous recommandons le poste extraSTARK ou PARK-2m et PARK-3m car ils sont plus haut et renforc\u00e9s.<\/p>\n<p>La slackline peut \u00eatre install\u00e9e en quelques secondes gr\u00e2ce \u00e0 la boucle en V sans \u00e9lingue d\u2019arbre et sans torsion. Le cliquet est tr\u00e8s proche du poteau et n&rsquo;a donc pas d&rsquo;influence sur le syst\u00e8me.<\/p>\n<p>Les poteaux Slackline sont fabriqu\u00e9s en acier galvanis\u00e9 \u00e0 chaud, ce qui leur permet de r\u00e9sister aux intemp\u00e9ries sur le long terme.<\/p>\n<p>Afin de ne pas vous blesser en cas de chute sur poteau, celui-ci est \u00e9quip\u00e9 d\u2019un capot de protection qui absorbe l\u2019impact. Les slackline install\u00e9es de mani\u00e8re correcte sur le poteau slackline \u00ab\u00a0FIX\u00a0\u00bb sont conformes \u00e0 la norme DIN-79400: 2012.<\/p>\n<h3>Livraison<\/h3>\n<ul>\n<li>Poste Slackline FIX avec CAP de s\u00e9curit\u00e9<\/li>\n<li>Armature (120 x 2,6 cm, 5 kg) (facultatif)<\/li>\n<li>Slackline Allround \/ \u00e0 partir de 2 articles Allround Light<\/li>\n<\/ul>\n<p><b>Remarque:<\/b> Nous pouvons \u00e9galement effectuer l&rsquo;installation pour vous dans la r\u00e9gion de Zurich sur rendez-vous.<\/p>\n<h3>Installation rapide et s\u00fbre de la slackline sur le poste<\/h3>\n<p>Gr\u00e2ce \u00e0 la boucle en V sp\u00e9ciale des kits de slackline SLACKTIVITY, ceux-ci peuvent \u00eatre facilement et rapidement mont\u00e9s sur les poteaux de slackline. Ce syst\u00e8me a \u00e9t\u00e9 d\u00e9velopp\u00e9 \u00e0 l&rsquo;origine pour l&rsquo;\u00e9ducation physique et est utilis\u00e9 avec succ\u00e8s dans de nombreuses \u00e9coles suisses depuis des ann\u00e9es.<\/p>\n<p>Gr\u00e2ce \u00e0 V-Loop, contrairement aux autres slacklines:<\/p>\n<ul>\n<li>Aucune boucle d\u2019arbre n\u00e9cessaire<\/li>\n<li>Pas de torsion Slackline<\/li>\n<li>Le cliquet est toujours \u00e0 c\u00f4t\u00e9 du poteaux<\/li>\n<li>Longue dur\u00e9e de vie car il n\u2019ya pas de frottement m\u00e9tal sur m\u00e9tal<\/li>\n<\/ul>\n<h3>Installation facile<\/h3>\n<p>L\u2019installation des poteaux slackline est simple et peut \u00eatre r\u00e9alis\u00e9e facilement par les amateurs de bricolage. Le b\u00e9tonnage et l\u2019installation servent \u00e9galement comme projet scolaire passionnant. Le syst\u00e8me d\u2019acier d\u2019armature permet d\u2019obtenir des r\u00e9sistances plus \u00e9lev\u00e9es avec moins de b\u00e9ton dans les fondations (seul ce syst\u00e8me permet de m\u00e9langer le b\u00e9ton soi-m\u00eame).<\/p>\n<h3>Plus de s\u00e9curit\u00e9<\/h3>\n<p>Afin de minimiser les risques de blessures lors du slackline, tous les poteaux de slackline sont \u00e9quip\u00e9s de couvercles de s\u00e9curit\u00e9. Lors d\u2019une chute de la slackline sur le poteau, l\u2019impact est amorti par la d\u00e9formation du couvercle en plastique.<\/p>\n<h3>Qualit\u00e9 suisse<\/h3>\n<p>Toutes les installations de jardin sont fabriqu\u00e9es en Suisse par une institution sociale.<\/p>\n<h3>Protection contre le vol et le vandalisme<\/h3>\n<p>Les poteaux de slackline ainsi que le cache-manchon inf\u00e9rieur peuvent \u00eatre s\u00e9curis\u00e9s contre le vol avec des vis de s\u00e9curit\u00e9 et la slackline elle-m\u00eame avec un verrou pour cliquet. Le kit de vis antivol et le verrou \u00e0 cliquet sont disponibles en vente.<\/p>\n<p>Les articles slackline et safetyCAP peuvent \u00eatre command\u00e9s s\u00e9par\u00e9ment.<\/p>\n<h3>Customization<\/h3>\n<p>Pour les demandes individuelles, nous souhaitons cr\u00e9er un <a title=\"Devis\" href=\"https:\/\/slacktivity.ch\/fr\/contact\/\">devis.<\/a><\/p>\n<h3>Commander l&rsquo;installation sans Slackline<\/h3>\n<p>Nous recommandons l\u2019achat des poteaux avec la Slackline Allround \/ Allround Light, car le mat\u00e9riel a \u00e9t\u00e9 ajust\u00e9, d\u00e9velopp\u00e9 et test\u00e9 en cons\u00e9quence. L&rsquo;installation est beaucoup plus facile et s\u00fbre gr\u00e2ce au V-Loop que n&rsquo;importe quelle autre slackline. De plus, nous ne pouvons pas garantir que lors de l\u2019utilisation d\u2019autres Slacklines (forces de traction plus \u00e9lev\u00e9es), l\u2019installation supportera les forces.<\/p>\n<p>La r\u00e9duction de prix pour la commande <b>sans slackline est de 70,00 CHF<\/b> par slackline.<\/p>\n<h3>Notes d&rsquo;installation<\/h3>\n<ul>\n<li>environ 10 x 25 kg de b\u00e9ton pr\u00eat \u00e0 l&#8217;emploi par poteau (environ 10.- CHF \/ sac de 25 kg chez le magasin du mat\u00e9riel) sont n\u00e9cessaires pour l&rsquo;installation (non inclus dans les ensembles)<\/li>\n<li>si une installation sans barre de renforcement est requise, environ 700-1000 litres (2,2 tonnes) de b\u00e9ton sont n\u00e9cessaires<\/li>\n<li>Informations sur la taille de la fondation<\/li>\n<\/ul>\n","protected":false},"excerpt":{"rendered":"<p>Ce poteau de slackline est id\u00e9al pour les endroits o\u00f9 une d\u00e9sinstallation temporaire n\u2019est pas requise. Les propri\u00e9t\u00e9s de cet article correspondent \u00e0 celles de l&rsquo;article <a href=\"https:\/\/slacktivity.ch\/fr\/category\/fixation-slackline\/slackline-poteau\/\">STANDARD<\/a>.<\/p>\n","protected":false},"featured_media":10477,"comment_status":"open","ping_status":"closed","template":"","meta":{"_acf_changed":false,"_joinchat":[]},"product_cat":[542,631,678],"product_tag":[686,687],"class_list":{"0":"post-8148","1":"product","2":"type-product","3":"status-publish","4":"has-post-thumbnail","6":"product_cat-conception-de-la-zone-de-pause","7":"product_cat-fixation-slackline","8":"product_cat-slackline-poteau","9":"product_tag-poteau-de-slackline","10":"product_tag-slackline-sans-arbre","12":"first","13":"instock","14":"taxable","15":"shipping-taxable","16":"purchasable","17":"product-type-variable","18":"has-default-attributes"},"acf":[],"yoast_head":"<!-- This site is optimized with the Yoast SEO plugin v27.5 - https:\/\/yoast.com\/product\/yoast-seo-wordpress\/ -->\n<title>Slackline poteau FIX | SLACKTIVITY Slackline Boutique Suisse<\/title>\n<meta name=\"description\" content=\"Pas d&#039;arbres arbre dans le jardin? Les installations professionnelles \u00e0 l&#039;aide de poteaux pour slackline apportent la solution \u00e0 ce probl\u00e8me.\" \/>\n<meta name=\"robots\" content=\"index, follow, max-snippet:-1, max-image-preview:large, max-video-preview:-1\" \/>\n<link rel=\"canonical\" href=\"https:\/\/slacktivity.ch\/fr\/shop\/fix-slackline-poteau\/\" \/>\n<meta property=\"og:locale\" content=\"fr_FR\" \/>\n<meta property=\"og:type\" content=\"article\" \/>\n<meta property=\"og:title\" content=\"Slackline poteau FIX | SLACKTIVITY Slackline Boutique Suisse\" \/>\n<meta property=\"og:description\" content=\"Pas d&#039;arbres arbre dans le jardin? Les installations professionnelles \u00e0 l&#039;aide de poteaux pour slackline apportent la solution \u00e0 ce probl\u00e8me.\" \/>\n<meta property=\"og:url\" content=\"https:\/\/slacktivity.ch\/fr\/shop\/fix-slackline-poteau\/\" \/>\n<meta property=\"og:site_name\" content=\"SLACKTIVITY Slackline Shop Schweiz\" \/>\n<meta property=\"article:modified_time\" content=\"2021-04-12T18:58:01+00:00\" \/>\n<meta property=\"og:image\" content=\"https:\/\/slacktivity.ch\/wp-content\/uploads\/2021\/02\/fix-slackline-pfosten.jpg\" \/>\n\t<meta property=\"og:image:width\" content=\"1180\" \/>\n\t<meta property=\"og:image:height\" content=\"1377\" \/>\n\t<meta property=\"og:image:type\" content=\"image\/jpeg\" \/>\n<meta name=\"twitter:card\" content=\"summary_large_image\" \/>\n<meta name=\"twitter:label1\" content=\"Dur\u00e9e de lecture estim\u00e9e\" \/>\n\t<meta name=\"twitter:data1\" content=\"4 minutes\" \/>\n<script type=\"application\/ld+json\" class=\"yoast-schema-graph\">{\"@context\":\"https:\\\/\\\/schema.org\",\"@graph\":[{\"@type\":\"WebPage\",\"@id\":\"https:\\\/\\\/slacktivity.ch\\\/fr\\\/shop\\\/fix-slackline-poteau\\\/\",\"url\":\"https:\\\/\\\/slacktivity.ch\\\/fr\\\/shop\\\/fix-slackline-poteau\\\/\",\"name\":\"Slackline poteau FIX | SLACKTIVITY Slackline Boutique Suisse\",\"isPartOf\":{\"@id\":\"https:\\\/\\\/slacktivity.ch\\\/fr\\\/#website\"},\"primaryImageOfPage\":{\"@id\":\"https:\\\/\\\/slacktivity.ch\\\/fr\\\/shop\\\/fix-slackline-poteau\\\/#primaryimage\"},\"image\":{\"@id\":\"https:\\\/\\\/slacktivity.ch\\\/fr\\\/shop\\\/fix-slackline-poteau\\\/#primaryimage\"},\"thumbnailUrl\":\"https:\\\/\\\/slacktivity.ch\\\/wp-content\\\/uploads\\\/2021\\\/02\\\/fix-slackline-pfosten.jpg\",\"datePublished\":\"2021-02-22T15:55:10+00:00\",\"dateModified\":\"2021-04-12T18:58:01+00:00\",\"description\":\"Pas d'arbres arbre dans le jardin? Les installations professionnelles \u00e0 l'aide de poteaux pour slackline apportent la solution \u00e0 ce probl\u00e8me.\",\"breadcrumb\":{\"@id\":\"https:\\\/\\\/slacktivity.ch\\\/fr\\\/shop\\\/fix-slackline-poteau\\\/#breadcrumb\"},\"inLanguage\":\"fr-FR\",\"potentialAction\":[{\"@type\":\"ReadAction\",\"target\":[\"https:\\\/\\\/slacktivity.ch\\\/fr\\\/shop\\\/fix-slackline-poteau\\\/\"]}]},{\"@type\":\"ImageObject\",\"inLanguage\":\"fr-FR\",\"@id\":\"https:\\\/\\\/slacktivity.ch\\\/fr\\\/shop\\\/fix-slackline-poteau\\\/#primaryimage\",\"url\":\"https:\\\/\\\/slacktivity.ch\\\/wp-content\\\/uploads\\\/2021\\\/02\\\/fix-slackline-pfosten.jpg\",\"contentUrl\":\"https:\\\/\\\/slacktivity.ch\\\/wp-content\\\/uploads\\\/2021\\\/02\\\/fix-slackline-pfosten.jpg\",\"width\":1180,\"height\":1377,\"caption\":\"fix slackline pfosten\"},{\"@type\":\"BreadcrumbList\",\"@id\":\"https:\\\/\\\/slacktivity.ch\\\/fr\\\/shop\\\/fix-slackline-poteau\\\/#breadcrumb\",\"itemListElement\":[{\"@type\":\"ListItem\",\"position\":1,\"name\":\"Home\",\"item\":\"https:\\\/\\\/slacktivity.ch\\\/fr\\\/\"},{\"@type\":\"ListItem\",\"position\":2,\"name\":\"Boutique\",\"item\":\"https:\\\/\\\/slacktivity.ch\\\/fr\\\/boutique\\\/\"},{\"@type\":\"ListItem\",\"position\":3,\"name\":\"FIX | Slackline Poteau\"}]},{\"@type\":\"WebSite\",\"@id\":\"https:\\\/\\\/slacktivity.ch\\\/fr\\\/#website\",\"url\":\"https:\\\/\\\/slacktivity.ch\\\/fr\\\/\",\"name\":\"SLACKTIVITY Slackline Shop Schweiz\",\"description\":\"Ensembles de slackline de haute qualit\u00e9 avec montage facile, produits innovants Highline et accessoires de slackline acheter en ligne. Pour les enfants, les d\u00e9butants et les professionnels.\",\"publisher\":{\"@id\":\"https:\\\/\\\/slacktivity.ch\\\/fr\\\/#organization\"},\"potentialAction\":[{\"@type\":\"SearchAction\",\"target\":{\"@type\":\"EntryPoint\",\"urlTemplate\":\"https:\\\/\\\/slacktivity.ch\\\/fr\\\/?s={search_term_string}\"},\"query-input\":{\"@type\":\"PropertyValueSpecification\",\"valueRequired\":true,\"valueName\":\"search_term_string\"}}],\"inLanguage\":\"fr-FR\"},{\"@type\":\"Organization\",\"@id\":\"https:\\\/\\\/slacktivity.ch\\\/fr\\\/#organization\",\"name\":\"SLACKTIVITY Slackline Shop Schweiz\",\"url\":\"https:\\\/\\\/slacktivity.ch\\\/fr\\\/\",\"logo\":{\"@type\":\"ImageObject\",\"inLanguage\":\"fr-FR\",\"@id\":\"https:\\\/\\\/slacktivity.ch\\\/fr\\\/#\\\/schema\\\/logo\\\/image\\\/\",\"url\":\"https:\\\/\\\/slacktivity.ch\\\/wp-content\\\/uploads\\\/2021\\\/01\\\/slacktivity-slackline-online-shop-1.png\",\"contentUrl\":\"https:\\\/\\\/slacktivity.ch\\\/wp-content\\\/uploads\\\/2021\\\/01\\\/slacktivity-slackline-online-shop-1.png\",\"width\":200,\"height\":77,\"caption\":\"SLACKTIVITY Slackline Shop Schweiz\"},\"image\":{\"@id\":\"https:\\\/\\\/slacktivity.ch\\\/fr\\\/#\\\/schema\\\/logo\\\/image\\\/\"}}]}<\/script>\n<!-- \/ Yoast SEO plugin. -->","yoast_head_json":{"title":"Slackline poteau FIX | SLACKTIVITY Slackline Boutique Suisse","description":"Pas d'arbres arbre dans le jardin? Les installations professionnelles \u00e0 l'aide de poteaux pour slackline apportent la solution \u00e0 ce probl\u00e8me.","robots":{"index":"index","follow":"follow","max-snippet":"max-snippet:-1","max-image-preview":"max-image-preview:large","max-video-preview":"max-video-preview:-1"},"canonical":"https:\/\/slacktivity.ch\/fr\/shop\/fix-slackline-poteau\/","og_locale":"fr_FR","og_type":"article","og_title":"Slackline poteau FIX | SLACKTIVITY Slackline Boutique Suisse","og_description":"Pas d'arbres arbre dans le jardin? Les installations professionnelles \u00e0 l'aide de poteaux pour slackline apportent la solution \u00e0 ce probl\u00e8me.","og_url":"https:\/\/slacktivity.ch\/fr\/shop\/fix-slackline-poteau\/","og_site_name":"SLACKTIVITY Slackline Shop Schweiz","article_modified_time":"2021-04-12T18:58:01+00:00","og_image":[{"width":1180,"height":1377,"url":"https:\/\/slacktivity.ch\/wp-content\/uploads\/2021\/02\/fix-slackline-pfosten.jpg","type":"image\/jpeg"}],"twitter_card":"summary_large_image","twitter_misc":{"Dur\u00e9e de lecture estim\u00e9e":"4 minutes"},"schema":{"@context":"https:\/\/schema.org","@graph":[{"@type":"WebPage","@id":"https:\/\/slacktivity.ch\/fr\/shop\/fix-slackline-poteau\/","url":"https:\/\/slacktivity.ch\/fr\/shop\/fix-slackline-poteau\/","name":"Slackline poteau FIX | SLACKTIVITY Slackline Boutique Suisse","isPartOf":{"@id":"https:\/\/slacktivity.ch\/fr\/#website"},"primaryImageOfPage":{"@id":"https:\/\/slacktivity.ch\/fr\/shop\/fix-slackline-poteau\/#primaryimage"},"image":{"@id":"https:\/\/slacktivity.ch\/fr\/shop\/fix-slackline-poteau\/#primaryimage"},"thumbnailUrl":"https:\/\/slacktivity.ch\/wp-content\/uploads\/2021\/02\/fix-slackline-pfosten.jpg","datePublished":"2021-02-22T15:55:10+00:00","dateModified":"2021-04-12T18:58:01+00:00","description":"Pas d'arbres arbre dans le jardin? Les installations professionnelles \u00e0 l'aide de poteaux pour slackline apportent la solution \u00e0 ce probl\u00e8me.","breadcrumb":{"@id":"https:\/\/slacktivity.ch\/fr\/shop\/fix-slackline-poteau\/#breadcrumb"},"inLanguage":"fr-FR","potentialAction":[{"@type":"ReadAction","target":["https:\/\/slacktivity.ch\/fr\/shop\/fix-slackline-poteau\/"]}]},{"@type":"ImageObject","inLanguage":"fr-FR","@id":"https:\/\/slacktivity.ch\/fr\/shop\/fix-slackline-poteau\/#primaryimage","url":"https:\/\/slacktivity.ch\/wp-content\/uploads\/2021\/02\/fix-slackline-pfosten.jpg","contentUrl":"https:\/\/slacktivity.ch\/wp-content\/uploads\/2021\/02\/fix-slackline-pfosten.jpg","width":1180,"height":1377,"caption":"fix slackline pfosten"},{"@type":"BreadcrumbList","@id":"https:\/\/slacktivity.ch\/fr\/shop\/fix-slackline-poteau\/#breadcrumb","itemListElement":[{"@type":"ListItem","position":1,"name":"Home","item":"https:\/\/slacktivity.ch\/fr\/"},{"@type":"ListItem","position":2,"name":"Boutique","item":"https:\/\/slacktivity.ch\/fr\/boutique\/"},{"@type":"ListItem","position":3,"name":"FIX | Slackline Poteau"}]},{"@type":"WebSite","@id":"https:\/\/slacktivity.ch\/fr\/#website","url":"https:\/\/slacktivity.ch\/fr\/","name":"SLACKTIVITY Slackline Shop Schweiz","description":"Ensembles de slackline de haute qualit\u00e9 avec montage facile, produits innovants Highline et accessoires de slackline acheter en ligne. Pour les enfants, les d\u00e9butants et les professionnels.","publisher":{"@id":"https:\/\/slacktivity.ch\/fr\/#organization"},"potentialAction":[{"@type":"SearchAction","target":{"@type":"EntryPoint","urlTemplate":"https:\/\/slacktivity.ch\/fr\/?s={search_term_string}"},"query-input":{"@type":"PropertyValueSpecification","valueRequired":true,"valueName":"search_term_string"}}],"inLanguage":"fr-FR"},{"@type":"Organization","@id":"https:\/\/slacktivity.ch\/fr\/#organization","name":"SLACKTIVITY Slackline Shop Schweiz","url":"https:\/\/slacktivity.ch\/fr\/","logo":{"@type":"ImageObject","inLanguage":"fr-FR","@id":"https:\/\/slacktivity.ch\/fr\/#\/schema\/logo\/image\/","url":"https:\/\/slacktivity.ch\/wp-content\/uploads\/2021\/01\/slacktivity-slackline-online-shop-1.png","contentUrl":"https:\/\/slacktivity.ch\/wp-content\/uploads\/2021\/01\/slacktivity-slackline-online-shop-1.png","width":200,"height":77,"caption":"SLACKTIVITY Slackline Shop Schweiz"},"image":{"@id":"https:\/\/slacktivity.ch\/fr\/#\/schema\/logo\/image\/"}}]}},"_links":{"self":[{"href":"https:\/\/slacktivity.ch\/fr\/wp-json\/wp\/v2\/product\/8148","targetHints":{"allow":["GET"]}}],"collection":[{"href":"https:\/\/slacktivity.ch\/fr\/wp-json\/wp\/v2\/product"}],"about":[{"href":"https:\/\/slacktivity.ch\/fr\/wp-json\/wp\/v2\/types\/product"}],"replies":[{"embeddable":true,"href":"https:\/\/slacktivity.ch\/fr\/wp-json\/wp\/v2\/comments?post=8148"}],"wp:featuredmedia":[{"embeddable":true,"href":"https:\/\/slacktivity.ch\/fr\/wp-json\/wp\/v2\/media\/10477"}],"wp:attachment":[{"href":"https:\/\/slacktivity.ch\/fr\/wp-json\/wp\/v2\/media?parent=8148"}],"wp:term":[{"taxonomy":"product_cat","embeddable":true,"href":"https:\/\/slacktivity.ch\/fr\/wp-json\/wp\/v2\/product_cat?post=8148"},{"taxonomy":"product_tag","embeddable":true,"href":"https:\/\/slacktivity.ch\/fr\/wp-json\/wp\/v2\/product_tag?post=8148"}],"curies":[{"name":"wp","href":"https:\/\/api.w.org\/{rel}","templated":true}]}}