{"id":8953,"date":"2021-02-22T15:54:21","date_gmt":"2021-02-22T13:54:21","guid":{"rendered":"http:\/\/slacktivity.ch\/shop\/fixation-murale-flat-2\/"},"modified":"2022-01-04T11:12:14","modified_gmt":"2022-01-04T09:12:14","slug":"fixation-murale-flat-2","status":"publish","type":"product","link":"https:\/\/slacktivity.ch\/fr\/shop\/fixation-murale-flat-2\/","title":{"rendered":"Fixation murale | FLAT-2"},"content":{"rendered":"<h2>Kit de fixation murale Slackline FLAT-2<\/h2>\n<p>Pour <strong>fixer une slackline au mur<\/strong>, le support mural FLAT a \u00e9t\u00e9 d\u00e9velopp\u00e9. Le mod\u00e8le FLAT-2 permet de fixer jusqu&rsquo;\u00e0 deux slacklines sur le m\u00eame mur. Il est donc id\u00e9al pour les applications o\u00f9 plus d&rsquo;une slackline est tendue ou lorsque deux hauteurs de r\u00e9glage sont utiles. En outre, seuls 3 boulons en acier au lieu de 4 sont n\u00e9cessaires pour le montage.<\/p>\n<h3>Livraison<\/h3>\n<ul>\n<li>1 x fixation murale slackline plat FLAT-2<\/li>\n<li>1 x boucle de connexion \u00e0 haute r\u00e9sistance avec protection contre fortement<\/li>\n<li>2 x mousqueton en acier \u00e0 verrouillage<\/li>\n<li>3 x <a title=\"slackline-kaufen\" href=\"http:\/\/mungo.ch\/fr\/products\/qr\/m2-steel_bolts.html\"> goujons en acier Mungo <\/a> avec capuchons de protection<\/li>\n<\/ul>\n<h3>Instructions de montage<\/h3>\n<p>Le montage d&rsquo;une fixation murale est tr\u00e8s simple et peut \u00eatre effectu\u00e9 par toute personne capable de manipuler une perceuse et un marteau.<\/p>\n<p>Remarque: Consignes de s\u00e9curit\u00e9 et instructions de montage (PDF et vid\u00e9o)<\/p>\n<h3>Caract\u00e9ristiques des fixations murales SLACKTIVITY<\/h3>\n<h3>Facile \u00e0 construire<\/h3>\n<p>Gr\u00e2ce \u00e0 la boucle de connexion haute r\u00e9sistance et au mousqueton en acier, la slackline peut \u00eatre facilement assembl\u00e9e et d\u00e9sassembl\u00e9e en quelques secondes.<\/p>\n<h3>Longue dur\u00e9e de vie<\/h3>\n<p>SLACKTIVITY est le seul fournisseur de supports muraux qui, gr\u00e2ce aux boucles de connexion, ne provoquent pas de frottement d\u2019acier sur acier.<br \/>\nLes frottements acier sur acier entra\u00eenent in\u00e9vitablement une abrasion de l\u2019acier aux points de charge. Il vaut la peine de se concentrer sur la qualit\u00e9 pour une s\u00e9curit\u00e9 durable.<\/p>\n<h3>D\u00e9velopp\u00e9 en Suisse<\/h3>\n<p>Tous les fixations murales de Slackline ont \u00e9t\u00e9 d\u00e9velopp\u00e9es et test\u00e9es en Suisse. Toujours dans le but de pouvoir offrir un produit de haute qualit\u00e9 et durable.<\/p>\n<h3>Customisation<\/h3>\n<p>Le prix comprend l&rsquo;installation professionnelle sur place <a title=\"kontakt\" href=\"kontakt\"> demande<\/a>.<\/p>\n<p>Pour les demandes individuelles, nous effectuons volontiers un <a title=\"Office Request\" href=\"kontakt\"> devis <\/a> et vous conseillons dans la planification d&rsquo;installations de slackline plus cons\u00e9quentes.<\/p>\n","protected":false},"excerpt":{"rendered":"<p>Les fixations murales FLAT-2 mesurent seulement 15 mm d\u2019\u00e9paisseur et sont con\u00e7us pour \u00eatre mont\u00e9s sur des murs en b\u00e9ton. Elles ont ont \u00e9t\u00e9s con\u00e7ues pour \u00eatre utilis\u00e9es dans des salles de sport o\u00f9 rien ne devait d\u00e9passer des murs.<\/p>\n","protected":false},"featured_media":5941,"comment_status":"open","ping_status":"closed","template":"","meta":{"_acf_changed":false,"_joinchat":[]},"product_cat":[631,698,673],"product_tag":[699],"class_list":{"0":"post-8953","1":"product","2":"type-product","3":"status-publish","4":"has-post-thumbnail","6":"product_cat-fixation-slackline","7":"product_cat-slackline-fixation-murale","8":"product_cat-slackline-interieur","9":"product_tag-fixation-murale","11":"first","12":"instock","13":"taxable","14":"shipping-taxable","15":"purchasable","16":"product-type-simple"},"acf":[],"yoast_head":"<!-- This site is optimized with the Yoast SEO plugin v27.4 - https:\/\/yoast.com\/product\/yoast-seo-wordpress\/ -->\n<title>Fixer la slackline au mur avec la fixation murale FLAT-2<\/title>\n<meta name=\"description\" content=\"Pour fixer une slackline au mur, la fixation murale FLAT-2, d&#039;une \u00e9paisseur de 15 mm, est id\u00e9al pour deux slacklines.\" \/>\n<meta name=\"robots\" content=\"index, follow, max-snippet:-1, max-image-preview:large, max-video-preview:-1\" \/>\n<link rel=\"canonical\" href=\"https:\/\/slacktivity.ch\/fr\/shop\/fixation-murale-flat-2\/\" \/>\n<meta property=\"og:locale\" content=\"fr_FR\" \/>\n<meta property=\"og:type\" content=\"article\" \/>\n<meta property=\"og:title\" content=\"Fixer la slackline au mur avec la fixation murale FLAT-2\" \/>\n<meta property=\"og:description\" content=\"Pour fixer une slackline au mur, la fixation murale FLAT-2, d&#039;une \u00e9paisseur de 15 mm, est id\u00e9al pour deux slacklines.\" \/>\n<meta property=\"og:url\" content=\"https:\/\/slacktivity.ch\/fr\/shop\/fixation-murale-flat-2\/\" \/>\n<meta property=\"og:site_name\" content=\"SLACKTIVITY Slackline Shop Schweiz\" \/>\n<meta property=\"article:modified_time\" content=\"2022-01-04T09:12:14+00:00\" \/>\n<meta property=\"og:image\" content=\"https:\/\/slacktivity.ch\/wp-content\/uploads\/2021\/02\/slackline-an-wand-befestigen.jpg\" \/>\n\t<meta property=\"og:image:width\" content=\"1180\" \/>\n\t<meta property=\"og:image:height\" content=\"1377\" \/>\n\t<meta property=\"og:image:type\" content=\"image\/jpeg\" \/>\n<meta name=\"twitter:card\" content=\"summary_large_image\" \/>\n<meta name=\"twitter:label1\" content=\"Dur\u00e9e de lecture estim\u00e9e\" \/>\n\t<meta name=\"twitter:data1\" content=\"2 minutes\" \/>\n<script type=\"application\/ld+json\" class=\"yoast-schema-graph\">{\"@context\":\"https:\\\/\\\/schema.org\",\"@graph\":[{\"@type\":\"WebPage\",\"@id\":\"https:\\\/\\\/slacktivity.ch\\\/fr\\\/shop\\\/fixation-murale-flat-2\\\/\",\"url\":\"https:\\\/\\\/slacktivity.ch\\\/fr\\\/shop\\\/fixation-murale-flat-2\\\/\",\"name\":\"Fixer la slackline au mur avec la fixation murale FLAT-2\",\"isPartOf\":{\"@id\":\"https:\\\/\\\/slacktivity.ch\\\/fr\\\/#website\"},\"primaryImageOfPage\":{\"@id\":\"https:\\\/\\\/slacktivity.ch\\\/fr\\\/shop\\\/fixation-murale-flat-2\\\/#primaryimage\"},\"image\":{\"@id\":\"https:\\\/\\\/slacktivity.ch\\\/fr\\\/shop\\\/fixation-murale-flat-2\\\/#primaryimage\"},\"thumbnailUrl\":\"https:\\\/\\\/slacktivity.ch\\\/wp-content\\\/uploads\\\/2021\\\/02\\\/slackline-an-wand-befestigen.jpg\",\"datePublished\":\"2021-02-22T13:54:21+00:00\",\"dateModified\":\"2022-01-04T09:12:14+00:00\",\"description\":\"Pour fixer une slackline au mur, la fixation murale FLAT-2, d'une \u00e9paisseur de 15 mm, est id\u00e9al pour deux slacklines.\",\"breadcrumb\":{\"@id\":\"https:\\\/\\\/slacktivity.ch\\\/fr\\\/shop\\\/fixation-murale-flat-2\\\/#breadcrumb\"},\"inLanguage\":\"fr-FR\",\"potentialAction\":[{\"@type\":\"ReadAction\",\"target\":[\"https:\\\/\\\/slacktivity.ch\\\/fr\\\/shop\\\/fixation-murale-flat-2\\\/\"]}]},{\"@type\":\"ImageObject\",\"inLanguage\":\"fr-FR\",\"@id\":\"https:\\\/\\\/slacktivity.ch\\\/fr\\\/shop\\\/fixation-murale-flat-2\\\/#primaryimage\",\"url\":\"https:\\\/\\\/slacktivity.ch\\\/wp-content\\\/uploads\\\/2021\\\/02\\\/slackline-an-wand-befestigen.jpg\",\"contentUrl\":\"https:\\\/\\\/slacktivity.ch\\\/wp-content\\\/uploads\\\/2021\\\/02\\\/slackline-an-wand-befestigen.jpg\",\"width\":1180,\"height\":1377,\"caption\":\"slackline au mur\"},{\"@type\":\"BreadcrumbList\",\"@id\":\"https:\\\/\\\/slacktivity.ch\\\/fr\\\/shop\\\/fixation-murale-flat-2\\\/#breadcrumb\",\"itemListElement\":[{\"@type\":\"ListItem\",\"position\":1,\"name\":\"Home\",\"item\":\"https:\\\/\\\/slacktivity.ch\\\/fr\\\/\"},{\"@type\":\"ListItem\",\"position\":2,\"name\":\"Boutique\",\"item\":\"https:\\\/\\\/slacktivity.ch\\\/fr\\\/boutique\\\/\"},{\"@type\":\"ListItem\",\"position\":3,\"name\":\"Fixation murale | FLAT-2\"}]},{\"@type\":\"WebSite\",\"@id\":\"https:\\\/\\\/slacktivity.ch\\\/fr\\\/#website\",\"url\":\"https:\\\/\\\/slacktivity.ch\\\/fr\\\/\",\"name\":\"SLACKTIVITY Slackline Shop Schweiz\",\"description\":\"Ensembles de slackline de haute qualit\u00e9 avec montage facile, produits innovants Highline et accessoires de slackline acheter en ligne. Pour les enfants, les d\u00e9butants et les professionnels.\",\"publisher\":{\"@id\":\"https:\\\/\\\/slacktivity.ch\\\/fr\\\/#organization\"},\"potentialAction\":[{\"@type\":\"SearchAction\",\"target\":{\"@type\":\"EntryPoint\",\"urlTemplate\":\"https:\\\/\\\/slacktivity.ch\\\/fr\\\/?s={search_term_string}\"},\"query-input\":{\"@type\":\"PropertyValueSpecification\",\"valueRequired\":true,\"valueName\":\"search_term_string\"}}],\"inLanguage\":\"fr-FR\"},{\"@type\":\"Organization\",\"@id\":\"https:\\\/\\\/slacktivity.ch\\\/fr\\\/#organization\",\"name\":\"SLACKTIVITY Slackline Shop Schweiz\",\"url\":\"https:\\\/\\\/slacktivity.ch\\\/fr\\\/\",\"logo\":{\"@type\":\"ImageObject\",\"inLanguage\":\"fr-FR\",\"@id\":\"https:\\\/\\\/slacktivity.ch\\\/fr\\\/#\\\/schema\\\/logo\\\/image\\\/\",\"url\":\"https:\\\/\\\/slacktivity.ch\\\/wp-content\\\/uploads\\\/2021\\\/01\\\/slacktivity-slackline-online-shop-1.png\",\"contentUrl\":\"https:\\\/\\\/slacktivity.ch\\\/wp-content\\\/uploads\\\/2021\\\/01\\\/slacktivity-slackline-online-shop-1.png\",\"width\":200,\"height\":77,\"caption\":\"SLACKTIVITY Slackline Shop Schweiz\"},\"image\":{\"@id\":\"https:\\\/\\\/slacktivity.ch\\\/fr\\\/#\\\/schema\\\/logo\\\/image\\\/\"}}]}<\/script>\n<!-- \/ Yoast SEO plugin. -->","yoast_head_json":{"title":"Fixer la slackline au mur avec la fixation murale FLAT-2","description":"Pour fixer une slackline au mur, la fixation murale FLAT-2, d'une \u00e9paisseur de 15 mm, est id\u00e9al pour deux slacklines.","robots":{"index":"index","follow":"follow","max-snippet":"max-snippet:-1","max-image-preview":"max-image-preview:large","max-video-preview":"max-video-preview:-1"},"canonical":"https:\/\/slacktivity.ch\/fr\/shop\/fixation-murale-flat-2\/","og_locale":"fr_FR","og_type":"article","og_title":"Fixer la slackline au mur avec la fixation murale FLAT-2","og_description":"Pour fixer une slackline au mur, la fixation murale FLAT-2, d'une \u00e9paisseur de 15 mm, est id\u00e9al pour deux slacklines.","og_url":"https:\/\/slacktivity.ch\/fr\/shop\/fixation-murale-flat-2\/","og_site_name":"SLACKTIVITY Slackline Shop Schweiz","article_modified_time":"2022-01-04T09:12:14+00:00","og_image":[{"width":1180,"height":1377,"url":"https:\/\/slacktivity.ch\/wp-content\/uploads\/2021\/02\/slackline-an-wand-befestigen.jpg","type":"image\/jpeg"}],"twitter_card":"summary_large_image","twitter_misc":{"Dur\u00e9e de lecture estim\u00e9e":"2 minutes"},"schema":{"@context":"https:\/\/schema.org","@graph":[{"@type":"WebPage","@id":"https:\/\/slacktivity.ch\/fr\/shop\/fixation-murale-flat-2\/","url":"https:\/\/slacktivity.ch\/fr\/shop\/fixation-murale-flat-2\/","name":"Fixer la slackline au mur avec la fixation murale FLAT-2","isPartOf":{"@id":"https:\/\/slacktivity.ch\/fr\/#website"},"primaryImageOfPage":{"@id":"https:\/\/slacktivity.ch\/fr\/shop\/fixation-murale-flat-2\/#primaryimage"},"image":{"@id":"https:\/\/slacktivity.ch\/fr\/shop\/fixation-murale-flat-2\/#primaryimage"},"thumbnailUrl":"https:\/\/slacktivity.ch\/wp-content\/uploads\/2021\/02\/slackline-an-wand-befestigen.jpg","datePublished":"2021-02-22T13:54:21+00:00","dateModified":"2022-01-04T09:12:14+00:00","description":"Pour fixer une slackline au mur, la fixation murale FLAT-2, d'une \u00e9paisseur de 15 mm, est id\u00e9al pour deux slacklines.","breadcrumb":{"@id":"https:\/\/slacktivity.ch\/fr\/shop\/fixation-murale-flat-2\/#breadcrumb"},"inLanguage":"fr-FR","potentialAction":[{"@type":"ReadAction","target":["https:\/\/slacktivity.ch\/fr\/shop\/fixation-murale-flat-2\/"]}]},{"@type":"ImageObject","inLanguage":"fr-FR","@id":"https:\/\/slacktivity.ch\/fr\/shop\/fixation-murale-flat-2\/#primaryimage","url":"https:\/\/slacktivity.ch\/wp-content\/uploads\/2021\/02\/slackline-an-wand-befestigen.jpg","contentUrl":"https:\/\/slacktivity.ch\/wp-content\/uploads\/2021\/02\/slackline-an-wand-befestigen.jpg","width":1180,"height":1377,"caption":"slackline au mur"},{"@type":"BreadcrumbList","@id":"https:\/\/slacktivity.ch\/fr\/shop\/fixation-murale-flat-2\/#breadcrumb","itemListElement":[{"@type":"ListItem","position":1,"name":"Home","item":"https:\/\/slacktivity.ch\/fr\/"},{"@type":"ListItem","position":2,"name":"Boutique","item":"https:\/\/slacktivity.ch\/fr\/boutique\/"},{"@type":"ListItem","position":3,"name":"Fixation murale | FLAT-2"}]},{"@type":"WebSite","@id":"https:\/\/slacktivity.ch\/fr\/#website","url":"https:\/\/slacktivity.ch\/fr\/","name":"SLACKTIVITY Slackline Shop Schweiz","description":"Ensembles de slackline de haute qualit\u00e9 avec montage facile, produits innovants Highline et accessoires de slackline acheter en ligne. Pour les enfants, les d\u00e9butants et les professionnels.","publisher":{"@id":"https:\/\/slacktivity.ch\/fr\/#organization"},"potentialAction":[{"@type":"SearchAction","target":{"@type":"EntryPoint","urlTemplate":"https:\/\/slacktivity.ch\/fr\/?s={search_term_string}"},"query-input":{"@type":"PropertyValueSpecification","valueRequired":true,"valueName":"search_term_string"}}],"inLanguage":"fr-FR"},{"@type":"Organization","@id":"https:\/\/slacktivity.ch\/fr\/#organization","name":"SLACKTIVITY Slackline Shop Schweiz","url":"https:\/\/slacktivity.ch\/fr\/","logo":{"@type":"ImageObject","inLanguage":"fr-FR","@id":"https:\/\/slacktivity.ch\/fr\/#\/schema\/logo\/image\/","url":"https:\/\/slacktivity.ch\/wp-content\/uploads\/2021\/01\/slacktivity-slackline-online-shop-1.png","contentUrl":"https:\/\/slacktivity.ch\/wp-content\/uploads\/2021\/01\/slacktivity-slackline-online-shop-1.png","width":200,"height":77,"caption":"SLACKTIVITY Slackline Shop Schweiz"},"image":{"@id":"https:\/\/slacktivity.ch\/fr\/#\/schema\/logo\/image\/"}}]}},"_links":{"self":[{"href":"https:\/\/slacktivity.ch\/fr\/wp-json\/wp\/v2\/product\/8953","targetHints":{"allow":["GET"]}}],"collection":[{"href":"https:\/\/slacktivity.ch\/fr\/wp-json\/wp\/v2\/product"}],"about":[{"href":"https:\/\/slacktivity.ch\/fr\/wp-json\/wp\/v2\/types\/product"}],"replies":[{"embeddable":true,"href":"https:\/\/slacktivity.ch\/fr\/wp-json\/wp\/v2\/comments?post=8953"}],"wp:featuredmedia":[{"embeddable":true,"href":"https:\/\/slacktivity.ch\/fr\/wp-json\/wp\/v2\/media\/5941"}],"wp:attachment":[{"href":"https:\/\/slacktivity.ch\/fr\/wp-json\/wp\/v2\/media?parent=8953"}],"wp:term":[{"taxonomy":"product_cat","embeddable":true,"href":"https:\/\/slacktivity.ch\/fr\/wp-json\/wp\/v2\/product_cat?post=8953"},{"taxonomy":"product_tag","embeddable":true,"href":"https:\/\/slacktivity.ch\/fr\/wp-json\/wp\/v2\/product_tag?post=8953"}],"curies":[{"name":"wp","href":"https:\/\/api.w.org\/{rel}","templated":true}]}}