{"id":8955,"date":"2021-02-22T15:54:03","date_gmt":"2021-02-22T13:54:03","guid":{"rendered":"http:\/\/slacktivity.ch\/shop\/fixation-murale-flat-1-inox\/"},"modified":"2021-02-22T15:54:03","modified_gmt":"2021-02-22T13:54:03","slug":"fixation-murale-flat-1-inox","status":"publish","type":"product","link":"https:\/\/slacktivity.ch\/fr\/shop\/fixation-murale-flat-1-inox\/","title":{"rendered":"Fixation murale | FLAT-1 inox"},"content":{"rendered":"<h2>Fixation murala en acier inoxydable | FLAT-1<\/h2>\n<p>La <strong>fixation murale FLAT-1<\/strong> inox de haute qualit\u00e9 a une \u00e9paisseur de seulement 15 mm et est con\u00e7u pour \u00eatre mont\u00e9 sur des murs en b\u00e9ton. \u00c0 l&rsquo;origine, ils ont \u00e9t\u00e9 d\u00e9velopp\u00e9s pour \u00eatre utilis\u00e9s dans les salles de sport, o\u00f9 rien ne doit d\u00e9passer des murs autant que possible. Fabriqu\u00e9 enti\u00e8rement en acier inoxydable, ce mod\u00e8le convient \u00e0 un usage int\u00e9rieur et ext\u00e9rieur.<\/p>\n<h3>Etendue de la livraison du fixation murale slackline FLAT-1 acier inoxydable<\/h3>\n<p>.<\/p>\n<ul>\n<li>1 x fixation murale slackline plat FLAT-1 en acier inoxydable<\/li>\n<p>.<\/p>\n<li>1 x \u00e9lingue de liaison haute r\u00e9sistance avec tissu de protection<\/li>\n<p>.<\/p>\n<li>1 x mousqueton en acier \u00e0 verrouillage rotatif<\/li>\n<p>.<\/p>\n<li>2 x boulons Mungo en acier inoxydable avec capuchons de protection<\/li>\n<p>.\n<\/ul>\n<h3>Instructions pour le montage<\/h3>\n<p>.<br \/>\nLe montage des supports muraux est tr\u00e8s simple et peut \u00eatre r\u00e9alis\u00e9 par quiconque est habile avec une perceuse et un marteau.<\/p>\n<p>A observer sont : Les r\u00e8gles de s\u00e9curit\u00e9 et les instructions de montage (PDF et vid\u00e9o).<\/p>\n<h3>Ce qui distingue les supports muraux SLACKTIVITY<\/h3>\n<p>.<\/p>\n<h4>Facile \u00e0 mettre en place<\/h4>\n<p>.<br \/>\nGr\u00e2ce \u00e0 la boucle de connexion haute r\u00e9sistance et aux mousquetons en acier, la slackline est tr\u00e8s facile \u00e0 monter et \u00e0 d\u00e9monter en quelques secondes.<\/p>\n<h4>Haute durabilit\u00e9<\/h4>\n<p>SLACKTIVITY est le seul fournisseur de supports muraux qui ne provoquent pas de frottement acier contre acier gr\u00e2ce aux \u00e9lingues de liaison.<br \/>\nLe frottement acier sur acier entra\u00eene in\u00e9vitablement une abrasion de l&rsquo;acier aux points de charge. C&rsquo;est l\u00e0 qu&rsquo;il faut privil\u00e9gier la qualit\u00e9 pour une s\u00e9curit\u00e9 durable.<\/p>\n<h4>D\u00e9velopp\u00e9 et test\u00e9 en Suisse<\/h4>\n<p>.<br \/>\nTous les supports muraux de slackline ont \u00e9t\u00e9 d\u00e9velopp\u00e9s et test\u00e9s en Suisse. Toujours dans le but d&rsquo;offrir un produit de haute qualit\u00e9 et durable.<\/p>\n<h4>Conforme \u00e0 la norme slackline DIN79400<\/h4>\n<p>.<br \/>\nLe fixation murale FLAT-1 en acier inoxydable r\u00e9siste \u00e0 des forces allant jusqu&rsquo;\u00e0 60kN (test\u00e9 dans du b\u00e9ton C20\/25 sans armature). La norme slackline DIN79400 exige 40kN. Gr\u00e2ce \u00e0 son design plat et arrondi, ce fixation murale peut \u00e9galement \u00eatre mont\u00e9 (sans rembourrage suppl\u00e9mentaire) sur le mur plat d&rsquo;une salle de sport.<\/p>\n<h3>Adaptations aux besoins sp\u00e9cifiques<\/h3>\n<p>.<br \/>\nLe prix comprend l&rsquo;installation par un expert sur site sur <a title=\"contact\" href=\"http:\/\/kontakt\">demande<\/a>.<\/p>\n<p>Pour les demandes individuelles, nous serons heureux de faire un <a title=\"demande de devis\" href=\"http:\/\/kontakt\">cours<\/a> pour vous et de vous conseiller sur la planification de grandes installations de slackline.<\/p>\n","protected":false},"excerpt":{"rendered":"<p>La fixation murale FLAT-1-inox est fabriqu\u00e9 en acier inoxydable, ne fait que 15 mm d&rsquo;\u00e9paisseur et est con\u00e7u pour \u00eatre mont\u00e9 sur des murs en b\u00e9ton \u00e0 l&rsquo;int\u00e9rieur et \u00e0 l&rsquo;ext\u00e9rieur.<\/p>\n","protected":false},"featured_media":5955,"comment_status":"open","ping_status":"closed","template":"","meta":{"_acf_changed":false,"_joinchat":[]},"product_cat":[542,631,698,634],"product_tag":[699],"class_list":{"0":"post-8955","1":"product","2":"type-product","3":"status-publish","4":"has-post-thumbnail","6":"product_cat-conception-de-la-zone-de-pause","7":"product_cat-fixation-slackline","8":"product_cat-slackline-fixation-murale","9":"product_cat-slackline-pour-ecole","10":"product_tag-fixation-murale","12":"first","13":"instock","14":"featured","15":"taxable","16":"shipping-taxable","17":"purchasable","18":"product-type-simple"},"acf":[],"yoast_head":"<!-- This site is optimized with the Yoast SEO plugin v27.4 - https:\/\/yoast.com\/product\/yoast-seo-wordpress\/ -->\n<title>Slackline fixation murale en inox | acheter \u00e0 SLACKTIVITY Suisse<\/title>\n<meta name=\"description\" content=\"Le support mural FLAT-1 en inox ne fait que 15 mm d&#039;\u00e9paisseur et est con\u00e7u pour \u00eatre mont\u00e9 sur des murs en b\u00e9ton pour une utilisation en ext\u00e9rieur.\" \/>\n<meta name=\"robots\" content=\"index, follow, max-snippet:-1, max-image-preview:large, max-video-preview:-1\" \/>\n<link rel=\"canonical\" href=\"https:\/\/slacktivity.ch\/fr\/shop\/fixation-murale-flat-1-inox\/\" \/>\n<meta property=\"og:locale\" content=\"fr_FR\" \/>\n<meta property=\"og:type\" content=\"article\" \/>\n<meta property=\"og:title\" content=\"Slackline fixation murale en inox | acheter \u00e0 SLACKTIVITY Suisse\" \/>\n<meta property=\"og:description\" content=\"Le support mural FLAT-1 en inox ne fait que 15 mm d&#039;\u00e9paisseur et est con\u00e7u pour \u00eatre mont\u00e9 sur des murs en b\u00e9ton pour une utilisation en ext\u00e9rieur.\" \/>\n<meta property=\"og:url\" content=\"https:\/\/slacktivity.ch\/fr\/shop\/fixation-murale-flat-1-inox\/\" \/>\n<meta property=\"og:site_name\" content=\"SLACKTIVITY Slackline Shop Schweiz\" \/>\n<meta property=\"og:image\" content=\"https:\/\/slacktivity.ch\/wp-content\/uploads\/2021\/02\/wandhalterung-edelstahl.jpg\" \/>\n\t<meta property=\"og:image:width\" content=\"1180\" \/>\n\t<meta property=\"og:image:height\" content=\"1377\" \/>\n\t<meta property=\"og:image:type\" content=\"image\/jpeg\" \/>\n<meta name=\"twitter:card\" content=\"summary_large_image\" \/>\n<meta name=\"twitter:label1\" content=\"Dur\u00e9e de lecture estim\u00e9e\" \/>\n\t<meta name=\"twitter:data1\" content=\"2 minutes\" \/>\n<script type=\"application\/ld+json\" class=\"yoast-schema-graph\">{\"@context\":\"https:\\\/\\\/schema.org\",\"@graph\":[{\"@type\":\"WebPage\",\"@id\":\"https:\\\/\\\/slacktivity.ch\\\/fr\\\/shop\\\/fixation-murale-flat-1-inox\\\/\",\"url\":\"https:\\\/\\\/slacktivity.ch\\\/fr\\\/shop\\\/fixation-murale-flat-1-inox\\\/\",\"name\":\"Slackline fixation murale en inox | acheter \u00e0 SLACKTIVITY Suisse\",\"isPartOf\":{\"@id\":\"https:\\\/\\\/slacktivity.ch\\\/fr\\\/#website\"},\"primaryImageOfPage\":{\"@id\":\"https:\\\/\\\/slacktivity.ch\\\/fr\\\/shop\\\/fixation-murale-flat-1-inox\\\/#primaryimage\"},\"image\":{\"@id\":\"https:\\\/\\\/slacktivity.ch\\\/fr\\\/shop\\\/fixation-murale-flat-1-inox\\\/#primaryimage\"},\"thumbnailUrl\":\"https:\\\/\\\/slacktivity.ch\\\/wp-content\\\/uploads\\\/2021\\\/02\\\/wandhalterung-edelstahl.jpg\",\"datePublished\":\"2021-02-22T13:54:03+00:00\",\"description\":\"Le support mural FLAT-1 en inox ne fait que 15 mm d'\u00e9paisseur et est con\u00e7u pour \u00eatre mont\u00e9 sur des murs en b\u00e9ton pour une utilisation en ext\u00e9rieur.\",\"breadcrumb\":{\"@id\":\"https:\\\/\\\/slacktivity.ch\\\/fr\\\/shop\\\/fixation-murale-flat-1-inox\\\/#breadcrumb\"},\"inLanguage\":\"fr-FR\",\"potentialAction\":[{\"@type\":\"ReadAction\",\"target\":[\"https:\\\/\\\/slacktivity.ch\\\/fr\\\/shop\\\/fixation-murale-flat-1-inox\\\/\"]}]},{\"@type\":\"ImageObject\",\"inLanguage\":\"fr-FR\",\"@id\":\"https:\\\/\\\/slacktivity.ch\\\/fr\\\/shop\\\/fixation-murale-flat-1-inox\\\/#primaryimage\",\"url\":\"https:\\\/\\\/slacktivity.ch\\\/wp-content\\\/uploads\\\/2021\\\/02\\\/wandhalterung-edelstahl.jpg\",\"contentUrl\":\"https:\\\/\\\/slacktivity.ch\\\/wp-content\\\/uploads\\\/2021\\\/02\\\/wandhalterung-edelstahl.jpg\",\"width\":1180,\"height\":1377,\"caption\":\"support mural acier inoxydable\"},{\"@type\":\"BreadcrumbList\",\"@id\":\"https:\\\/\\\/slacktivity.ch\\\/fr\\\/shop\\\/fixation-murale-flat-1-inox\\\/#breadcrumb\",\"itemListElement\":[{\"@type\":\"ListItem\",\"position\":1,\"name\":\"Home\",\"item\":\"https:\\\/\\\/slacktivity.ch\\\/fr\\\/\"},{\"@type\":\"ListItem\",\"position\":2,\"name\":\"Boutique\",\"item\":\"https:\\\/\\\/slacktivity.ch\\\/fr\\\/boutique\\\/\"},{\"@type\":\"ListItem\",\"position\":3,\"name\":\"Fixation murale | FLAT-1 inox\"}]},{\"@type\":\"WebSite\",\"@id\":\"https:\\\/\\\/slacktivity.ch\\\/fr\\\/#website\",\"url\":\"https:\\\/\\\/slacktivity.ch\\\/fr\\\/\",\"name\":\"SLACKTIVITY Slackline Shop Schweiz\",\"description\":\"Ensembles de slackline de haute qualit\u00e9 avec montage facile, produits innovants Highline et accessoires de slackline acheter en ligne. Pour les enfants, les d\u00e9butants et les professionnels.\",\"publisher\":{\"@id\":\"https:\\\/\\\/slacktivity.ch\\\/fr\\\/#organization\"},\"potentialAction\":[{\"@type\":\"SearchAction\",\"target\":{\"@type\":\"EntryPoint\",\"urlTemplate\":\"https:\\\/\\\/slacktivity.ch\\\/fr\\\/?s={search_term_string}\"},\"query-input\":{\"@type\":\"PropertyValueSpecification\",\"valueRequired\":true,\"valueName\":\"search_term_string\"}}],\"inLanguage\":\"fr-FR\"},{\"@type\":\"Organization\",\"@id\":\"https:\\\/\\\/slacktivity.ch\\\/fr\\\/#organization\",\"name\":\"SLACKTIVITY Slackline Shop Schweiz\",\"url\":\"https:\\\/\\\/slacktivity.ch\\\/fr\\\/\",\"logo\":{\"@type\":\"ImageObject\",\"inLanguage\":\"fr-FR\",\"@id\":\"https:\\\/\\\/slacktivity.ch\\\/fr\\\/#\\\/schema\\\/logo\\\/image\\\/\",\"url\":\"https:\\\/\\\/slacktivity.ch\\\/wp-content\\\/uploads\\\/2021\\\/01\\\/slacktivity-slackline-online-shop-1.png\",\"contentUrl\":\"https:\\\/\\\/slacktivity.ch\\\/wp-content\\\/uploads\\\/2021\\\/01\\\/slacktivity-slackline-online-shop-1.png\",\"width\":200,\"height\":77,\"caption\":\"SLACKTIVITY Slackline Shop Schweiz\"},\"image\":{\"@id\":\"https:\\\/\\\/slacktivity.ch\\\/fr\\\/#\\\/schema\\\/logo\\\/image\\\/\"}}]}<\/script>\n<!-- \/ Yoast SEO plugin. -->","yoast_head_json":{"title":"Slackline fixation murale en inox | acheter \u00e0 SLACKTIVITY Suisse","description":"Le support mural FLAT-1 en inox ne fait que 15 mm d'\u00e9paisseur et est con\u00e7u pour \u00eatre mont\u00e9 sur des murs en b\u00e9ton pour une utilisation en ext\u00e9rieur.","robots":{"index":"index","follow":"follow","max-snippet":"max-snippet:-1","max-image-preview":"max-image-preview:large","max-video-preview":"max-video-preview:-1"},"canonical":"https:\/\/slacktivity.ch\/fr\/shop\/fixation-murale-flat-1-inox\/","og_locale":"fr_FR","og_type":"article","og_title":"Slackline fixation murale en inox | acheter \u00e0 SLACKTIVITY Suisse","og_description":"Le support mural FLAT-1 en inox ne fait que 15 mm d'\u00e9paisseur et est con\u00e7u pour \u00eatre mont\u00e9 sur des murs en b\u00e9ton pour une utilisation en ext\u00e9rieur.","og_url":"https:\/\/slacktivity.ch\/fr\/shop\/fixation-murale-flat-1-inox\/","og_site_name":"SLACKTIVITY Slackline Shop Schweiz","og_image":[{"width":1180,"height":1377,"url":"https:\/\/slacktivity.ch\/wp-content\/uploads\/2021\/02\/wandhalterung-edelstahl.jpg","type":"image\/jpeg"}],"twitter_card":"summary_large_image","twitter_misc":{"Dur\u00e9e de lecture estim\u00e9e":"2 minutes"},"schema":{"@context":"https:\/\/schema.org","@graph":[{"@type":"WebPage","@id":"https:\/\/slacktivity.ch\/fr\/shop\/fixation-murale-flat-1-inox\/","url":"https:\/\/slacktivity.ch\/fr\/shop\/fixation-murale-flat-1-inox\/","name":"Slackline fixation murale en inox | acheter \u00e0 SLACKTIVITY Suisse","isPartOf":{"@id":"https:\/\/slacktivity.ch\/fr\/#website"},"primaryImageOfPage":{"@id":"https:\/\/slacktivity.ch\/fr\/shop\/fixation-murale-flat-1-inox\/#primaryimage"},"image":{"@id":"https:\/\/slacktivity.ch\/fr\/shop\/fixation-murale-flat-1-inox\/#primaryimage"},"thumbnailUrl":"https:\/\/slacktivity.ch\/wp-content\/uploads\/2021\/02\/wandhalterung-edelstahl.jpg","datePublished":"2021-02-22T13:54:03+00:00","description":"Le support mural FLAT-1 en inox ne fait que 15 mm d'\u00e9paisseur et est con\u00e7u pour \u00eatre mont\u00e9 sur des murs en b\u00e9ton pour une utilisation en ext\u00e9rieur.","breadcrumb":{"@id":"https:\/\/slacktivity.ch\/fr\/shop\/fixation-murale-flat-1-inox\/#breadcrumb"},"inLanguage":"fr-FR","potentialAction":[{"@type":"ReadAction","target":["https:\/\/slacktivity.ch\/fr\/shop\/fixation-murale-flat-1-inox\/"]}]},{"@type":"ImageObject","inLanguage":"fr-FR","@id":"https:\/\/slacktivity.ch\/fr\/shop\/fixation-murale-flat-1-inox\/#primaryimage","url":"https:\/\/slacktivity.ch\/wp-content\/uploads\/2021\/02\/wandhalterung-edelstahl.jpg","contentUrl":"https:\/\/slacktivity.ch\/wp-content\/uploads\/2021\/02\/wandhalterung-edelstahl.jpg","width":1180,"height":1377,"caption":"support mural acier inoxydable"},{"@type":"BreadcrumbList","@id":"https:\/\/slacktivity.ch\/fr\/shop\/fixation-murale-flat-1-inox\/#breadcrumb","itemListElement":[{"@type":"ListItem","position":1,"name":"Home","item":"https:\/\/slacktivity.ch\/fr\/"},{"@type":"ListItem","position":2,"name":"Boutique","item":"https:\/\/slacktivity.ch\/fr\/boutique\/"},{"@type":"ListItem","position":3,"name":"Fixation murale | FLAT-1 inox"}]},{"@type":"WebSite","@id":"https:\/\/slacktivity.ch\/fr\/#website","url":"https:\/\/slacktivity.ch\/fr\/","name":"SLACKTIVITY Slackline Shop Schweiz","description":"Ensembles de slackline de haute qualit\u00e9 avec montage facile, produits innovants Highline et accessoires de slackline acheter en ligne. Pour les enfants, les d\u00e9butants et les professionnels.","publisher":{"@id":"https:\/\/slacktivity.ch\/fr\/#organization"},"potentialAction":[{"@type":"SearchAction","target":{"@type":"EntryPoint","urlTemplate":"https:\/\/slacktivity.ch\/fr\/?s={search_term_string}"},"query-input":{"@type":"PropertyValueSpecification","valueRequired":true,"valueName":"search_term_string"}}],"inLanguage":"fr-FR"},{"@type":"Organization","@id":"https:\/\/slacktivity.ch\/fr\/#organization","name":"SLACKTIVITY Slackline Shop Schweiz","url":"https:\/\/slacktivity.ch\/fr\/","logo":{"@type":"ImageObject","inLanguage":"fr-FR","@id":"https:\/\/slacktivity.ch\/fr\/#\/schema\/logo\/image\/","url":"https:\/\/slacktivity.ch\/wp-content\/uploads\/2021\/01\/slacktivity-slackline-online-shop-1.png","contentUrl":"https:\/\/slacktivity.ch\/wp-content\/uploads\/2021\/01\/slacktivity-slackline-online-shop-1.png","width":200,"height":77,"caption":"SLACKTIVITY Slackline Shop Schweiz"},"image":{"@id":"https:\/\/slacktivity.ch\/fr\/#\/schema\/logo\/image\/"}}]}},"_links":{"self":[{"href":"https:\/\/slacktivity.ch\/fr\/wp-json\/wp\/v2\/product\/8955","targetHints":{"allow":["GET"]}}],"collection":[{"href":"https:\/\/slacktivity.ch\/fr\/wp-json\/wp\/v2\/product"}],"about":[{"href":"https:\/\/slacktivity.ch\/fr\/wp-json\/wp\/v2\/types\/product"}],"replies":[{"embeddable":true,"href":"https:\/\/slacktivity.ch\/fr\/wp-json\/wp\/v2\/comments?post=8955"}],"wp:featuredmedia":[{"embeddable":true,"href":"https:\/\/slacktivity.ch\/fr\/wp-json\/wp\/v2\/media\/5955"}],"wp:attachment":[{"href":"https:\/\/slacktivity.ch\/fr\/wp-json\/wp\/v2\/media?parent=8955"}],"wp:term":[{"taxonomy":"product_cat","embeddable":true,"href":"https:\/\/slacktivity.ch\/fr\/wp-json\/wp\/v2\/product_cat?post=8955"},{"taxonomy":"product_tag","embeddable":true,"href":"https:\/\/slacktivity.ch\/fr\/wp-json\/wp\/v2\/product_tag?post=8955"}],"curies":[{"name":"wp","href":"https:\/\/api.w.org\/{rel}","templated":true}]}}