{"id":9163,"date":"2021-02-22T15:54:20","date_gmt":"2021-02-22T13:54:20","guid":{"rendered":"http:\/\/slacktivity.ch\/shop\/multigame-slackline-poteau\/"},"modified":"2024-07-18T02:10:32","modified_gmt":"2024-07-18T00:10:32","slug":"multigame-slackline-poteau","status":"publish","type":"product","link":"https:\/\/slacktivity.ch\/fr\/shop\/multigame-slackline-poteau\/","title":{"rendered":"multiGAME | Slackline Poteau"},"content":{"rendered":"<h2>Installations Slackline de jardin avec le poteau slackline multiGAME<\/h2>\n<h2>Parfait pour le slackline, le volley-ball et le badminton<\/h2>\n<p>Cette installation de jardin transforme votre cour avant en terrain de sport. Parce qu\u2019il ne s\u2019agit pas seulement d\u2019une slackline avec trois possibilit\u00e9 de hauteurs diff\u00e9rentes jusqu\u2019\u00e0 environ 60 cm d\u2019envergure, mais aussi d\u2019un fillet de volley-ball (hauteur mixte: 235cm) ou de Badminton (hauteur: 155cm). Pour se d\u00e9tendre, il est aussi possible d&rsquo;y installer un hamac ou un auvent. Il est \u00e9galement possible d\u2019installer plusieurs slacklines au m\u00eame poteau. Les poteaux conviennent aussi bien aux d\u00e9butants qu\u2019aux avanc\u00e9s. La longueur recommand\u00e9e des slacklines pour ce mod\u00e8le est comprise entre 4 et 12 m (maximum 15 m). Pour les distances plus longues ou si la slackline doit \u00e9galement \u00eatre utilis\u00e9e pour les sauts, nous vous recommandons le poteau \u00ab\u00a0extraSTARK\u00a0\u00bb \u00ab\u00a0PARK-2\u00a0\u00bb ou \u00ab\u00a0PARK-3\u00a0\u00bb, car ils sont plus hauts et renforc\u00e9s.<\/p>\n<p>La slackline peut \u00eatre attach\u00e9e en quelques secondes gr\u00e2ce \u00e0 la boucle en V sans \u00e9lingue d\u2019arbre et sans torsion. Le cliquet est tr\u00e8s proche du poteau et ne r\u00e9sonne donc pas dans le syst\u00e8me.<\/p>\n<p>L&rsquo;ensemble comprend une prise de terre, dans laquelle il faut verser du b\u00e9ton. Gr\u00e2ce \u00e0 ce syst\u00e8me, les poteaux peuvent \u00eatre retir\u00e9s de leur base \u00e0 tout moment, par exemple pour tondre la pelouse ou utiliser la pelouse pour d\u2019autres activit\u00e9s. Pour ce faire, un couvercle en aluminium anodis\u00e9 de haute qualit\u00e9 est inclus dans l\u2019ensemble, avec lequel vous pouvez couvrir la prise de terre.<\/p>\n<p>Les poteaux et les manchons sont fabriqu\u00e9s en acier galvanis\u00e9 \u00e0 chaud, ce qui leur permet de r\u00e9sister aux intemp\u00e9ries sur le long terme.<\/p>\n<p>M\u00eame si une chute sur ces poteaux est peu probable, ceux-ci sont munis d\u2019un capot de protection. C\u2019est \u00e9galement une bonne solution pour que le moins d\u2019eau possible coule dans les poteaux.<\/p>\n<h3>livraison:<\/h3>\n<ul>\n<li>Poteau Slackline \u00ab\u00a0multiGAME\u00a0\u00bb avec CAP de s\u00e9curit\u00e9 (hauteur depuis le sol: 2,4 m<\/li>\n<li>Prise de terre avec couvercle en aluminium anodis\u00e9 de haute qualit\u00e9<\/li>\n<li>armature (120 x 2,6 cm, 5 kg) (facultatif)<\/li>\n<li>Filet de volleyball (100x40cm, distance du poteau: 11,6 m) ou filet de badminton (602x76cm, Distance du poteau: 7,0m) (facultatif)<\/li>\n<li>Ajout d&rsquo;une RookieRope (facultatif)<\/li>\n<li>Slackline \u00abAllround\u00bb<\/li>\n<\/ul>\n<h2>NOUVEAU: RookieRope<\/h2>\n<p>La slackline peut \u00eatre un d\u00e9fi au d\u00e9but. Pour les enfants, les personnes \u00e2g\u00e9es ou les personnes ayant des limitations physiques, en particulier, les premiers instant peuvent \u00eatre particuli\u00e8rement difficiles. C&rsquo;est pourquoi nous avons d\u00e9velopp\u00e9 le RookieRope assist\u00e9s par des experts en psychomotricit\u00e9. Ici, une deuxi\u00e8me slackline est \u00e9tir\u00e9e au-dessus de la t\u00eate (en utilisant un \u0153illet de filet de jeu du post multiGAME). Dans la slackline sup\u00e9rieure se trouve un HangOver (mousqueton \u00e0 roulement \u00e0 billes) avec un bout de corde. Vous pouvez maintenant marcher en toute s\u00e9curit\u00e9 sur la slackline gr\u00e2ce \u00e0 cette longe. Le mouvement de compensation naturelle est conserv\u00e9, ce qui n\u2019est pas le cas avec des aides telles que des b\u00e2tons ou d\u2019autres personnes auxiliaires.<\/p>\n<p> <iframe width=\"560\" height=\"315\" data-src=\"https:\/\/www.youtube.com\/embed\/vjj06kjNf1s\" frameborder=\"0\" allow=\"autoplay; encrypted-media\" allowfullscreen src=\"data:image\/svg+xml;base64,PHN2ZyB3aWR0aD0iMSIgaGVpZ2h0PSIxIiB4bWxucz0iaHR0cDovL3d3dy53My5vcmcvMjAwMC9zdmciPjwvc3ZnPg==\" class=\"lazyload\" data-load-mode=\"1\"><\/iframe><\/p>\n<h3>Contenu de la livraison Add-on RookieRope:<\/h3>\n<ul>\n<li>1 slackline redTube de 15 m avec boucle cousue<\/li>\n<li>1 x mousqueton Slackline<\/li>\n<li>1 x HangOver \u00ab\u00a0Stainless\u00a0\u00bb<\/li>\n<li>1 x PowerCliquet avec espaceurs et V-Loop<\/li>\n<li>1 x morceau de corde<\/li>\n<\/ul>\n<p><b>Remarque:<\/b>Nous pouvons \u00e9galement effectuer l&rsquo;installation \u00e0 votre place dans la r\u00e9gion de Zurich sur rendez-vous.<\/p>\n","protected":false},"excerpt":{"rendered":"<p>Transformez votre cour avant en terrain de sport. Tout ce dont vous avez besoin, c&rsquo;est de deux poteaux slackline multi-GAME. Avec ces poteaux, vous pouvez installer une slackline, un fillet de volley ball (mixte) ou un filet de badminton dans votre jardin (un hamac est \u00e9galement possible).<\/p>\n","protected":false},"featured_media":10467,"comment_status":"open","ping_status":"closed","template":"","meta":{"_acf_changed":false,"_joinchat":[]},"product_cat":[542,631,678],"product_tag":[686,687],"class_list":{"0":"post-9163","1":"product","2":"type-product","3":"status-publish","4":"has-post-thumbnail","6":"product_cat-conception-de-la-zone-de-pause","7":"product_cat-fixation-slackline","8":"product_cat-slackline-poteau","9":"product_tag-poteau-de-slackline","10":"product_tag-slackline-sans-arbre","11":"product_shipping_class-frais-de-livraison-250","13":"first","14":"instock","15":"featured","16":"taxable","17":"shipping-taxable","18":"purchasable","19":"product-type-variable","20":"has-default-attributes"},"acf":[],"yoast_head":"<!-- This site is optimized with the Yoast SEO plugin v27.3 - https:\/\/yoast.com\/product\/yoast-seo-wordpress\/ -->\n<title>multiGAME Slackline Poteau | Achter \u00e0 SLACKTIVITY Boutique Suisse<\/title>\n<meta name=\"description\" content=\"Tendez la slackline en toute s\u00e9curit\u00e9 et rapidement sans arbre. Fixez le filet de volley-ball, le filet de badminton, le hamac, le voile pare-soleil au poteau de la slackline multiGAME.\u00a0\" \/>\n<meta name=\"robots\" content=\"index, follow, max-snippet:-1, max-image-preview:large, max-video-preview:-1\" \/>\n<link rel=\"canonical\" href=\"https:\/\/slacktivity.ch\/fr\/shop\/multigame-slackline-poteau\/\" \/>\n<meta property=\"og:locale\" content=\"fr_FR\" \/>\n<meta property=\"og:type\" content=\"article\" \/>\n<meta property=\"og:title\" content=\"multiGAME Slackline Poteau | Achter \u00e0 SLACKTIVITY Boutique Suisse\" \/>\n<meta property=\"og:description\" content=\"Tendez la slackline en toute s\u00e9curit\u00e9 et rapidement sans arbre. Fixez le filet de volley-ball, le filet de badminton, le hamac, le voile pare-soleil au poteau de la slackline multiGAME.\u00a0\" \/>\n<meta property=\"og:url\" content=\"https:\/\/slacktivity.ch\/fr\/shop\/multigame-slackline-poteau\/\" \/>\n<meta property=\"og:site_name\" content=\"SLACKTIVITY Slackline Shop Schweiz\" \/>\n<meta property=\"article:modified_time\" content=\"2024-07-18T00:10:32+00:00\" \/>\n<meta property=\"og:image\" content=\"https:\/\/slacktivity.ch\/wp-content\/uploads\/2021\/02\/multigame-slackline-pfosten.jpg\" \/>\n\t<meta property=\"og:image:width\" content=\"1180\" \/>\n\t<meta property=\"og:image:height\" content=\"1377\" \/>\n\t<meta property=\"og:image:type\" content=\"image\/jpeg\" \/>\n<meta name=\"twitter:card\" content=\"summary_large_image\" \/>\n<meta name=\"twitter:label1\" content=\"Dur\u00e9e de lecture estim\u00e9e\" \/>\n\t<meta name=\"twitter:data1\" content=\"3 minutes\" \/>\n<script type=\"application\/ld+json\" class=\"yoast-schema-graph\">{\"@context\":\"https:\\\/\\\/schema.org\",\"@graph\":[{\"@type\":\"WebPage\",\"@id\":\"https:\\\/\\\/slacktivity.ch\\\/fr\\\/shop\\\/multigame-slackline-poteau\\\/\",\"url\":\"https:\\\/\\\/slacktivity.ch\\\/fr\\\/shop\\\/multigame-slackline-poteau\\\/\",\"name\":\"multiGAME Slackline Poteau | Achter \u00e0 SLACKTIVITY Boutique Suisse\",\"isPartOf\":{\"@id\":\"https:\\\/\\\/slacktivity.ch\\\/fr\\\/#website\"},\"primaryImageOfPage\":{\"@id\":\"https:\\\/\\\/slacktivity.ch\\\/fr\\\/shop\\\/multigame-slackline-poteau\\\/#primaryimage\"},\"image\":{\"@id\":\"https:\\\/\\\/slacktivity.ch\\\/fr\\\/shop\\\/multigame-slackline-poteau\\\/#primaryimage\"},\"thumbnailUrl\":\"https:\\\/\\\/slacktivity.ch\\\/wp-content\\\/uploads\\\/2021\\\/02\\\/multigame-slackline-pfosten.jpg\",\"datePublished\":\"2021-02-22T13:54:20+00:00\",\"dateModified\":\"2024-07-18T00:10:32+00:00\",\"description\":\"Tendez la slackline en toute s\u00e9curit\u00e9 et rapidement sans arbre. Fixez le filet de volley-ball, le filet de badminton, le hamac, le voile pare-soleil au poteau de la slackline multiGAME.\u00a0\",\"breadcrumb\":{\"@id\":\"https:\\\/\\\/slacktivity.ch\\\/fr\\\/shop\\\/multigame-slackline-poteau\\\/#breadcrumb\"},\"inLanguage\":\"fr-FR\",\"potentialAction\":[{\"@type\":\"ReadAction\",\"target\":[\"https:\\\/\\\/slacktivity.ch\\\/fr\\\/shop\\\/multigame-slackline-poteau\\\/\"]}]},{\"@type\":\"ImageObject\",\"inLanguage\":\"fr-FR\",\"@id\":\"https:\\\/\\\/slacktivity.ch\\\/fr\\\/shop\\\/multigame-slackline-poteau\\\/#primaryimage\",\"url\":\"https:\\\/\\\/slacktivity.ch\\\/wp-content\\\/uploads\\\/2021\\\/02\\\/multigame-slackline-pfosten.jpg\",\"contentUrl\":\"https:\\\/\\\/slacktivity.ch\\\/wp-content\\\/uploads\\\/2021\\\/02\\\/multigame-slackline-pfosten.jpg\",\"width\":1180,\"height\":1377,\"caption\":\"multigame slackline pfosten\"},{\"@type\":\"BreadcrumbList\",\"@id\":\"https:\\\/\\\/slacktivity.ch\\\/fr\\\/shop\\\/multigame-slackline-poteau\\\/#breadcrumb\",\"itemListElement\":[{\"@type\":\"ListItem\",\"position\":1,\"name\":\"Home\",\"item\":\"https:\\\/\\\/slacktivity.ch\\\/fr\\\/\"},{\"@type\":\"ListItem\",\"position\":2,\"name\":\"Boutique\",\"item\":\"https:\\\/\\\/slacktivity.ch\\\/fr\\\/boutique\\\/\"},{\"@type\":\"ListItem\",\"position\":3,\"name\":\"multiGAME | Slackline Poteau\"}]},{\"@type\":\"WebSite\",\"@id\":\"https:\\\/\\\/slacktivity.ch\\\/fr\\\/#website\",\"url\":\"https:\\\/\\\/slacktivity.ch\\\/fr\\\/\",\"name\":\"SLACKTIVITY Slackline Shop Schweiz\",\"description\":\"Ensembles de slackline de haute qualit\u00e9 avec montage facile, produits innovants Highline et accessoires de slackline acheter en ligne. Pour les enfants, les d\u00e9butants et les professionnels.\",\"publisher\":{\"@id\":\"https:\\\/\\\/slacktivity.ch\\\/fr\\\/#organization\"},\"potentialAction\":[{\"@type\":\"SearchAction\",\"target\":{\"@type\":\"EntryPoint\",\"urlTemplate\":\"https:\\\/\\\/slacktivity.ch\\\/fr\\\/?s={search_term_string}\"},\"query-input\":{\"@type\":\"PropertyValueSpecification\",\"valueRequired\":true,\"valueName\":\"search_term_string\"}}],\"inLanguage\":\"fr-FR\"},{\"@type\":\"Organization\",\"@id\":\"https:\\\/\\\/slacktivity.ch\\\/fr\\\/#organization\",\"name\":\"SLACKTIVITY Slackline Shop Schweiz\",\"url\":\"https:\\\/\\\/slacktivity.ch\\\/fr\\\/\",\"logo\":{\"@type\":\"ImageObject\",\"inLanguage\":\"fr-FR\",\"@id\":\"https:\\\/\\\/slacktivity.ch\\\/fr\\\/#\\\/schema\\\/logo\\\/image\\\/\",\"url\":\"https:\\\/\\\/slacktivity.ch\\\/wp-content\\\/uploads\\\/2021\\\/01\\\/slacktivity-slackline-online-shop-1.png\",\"contentUrl\":\"https:\\\/\\\/slacktivity.ch\\\/wp-content\\\/uploads\\\/2021\\\/01\\\/slacktivity-slackline-online-shop-1.png\",\"width\":200,\"height\":77,\"caption\":\"SLACKTIVITY Slackline Shop Schweiz\"},\"image\":{\"@id\":\"https:\\\/\\\/slacktivity.ch\\\/fr\\\/#\\\/schema\\\/logo\\\/image\\\/\"}}]}<\/script>\n<!-- \/ Yoast SEO plugin. -->","yoast_head_json":{"title":"multiGAME Slackline Poteau | Achter \u00e0 SLACKTIVITY Boutique Suisse","description":"Tendez la slackline en toute s\u00e9curit\u00e9 et rapidement sans arbre. Fixez le filet de volley-ball, le filet de badminton, le hamac, le voile pare-soleil au poteau de la slackline multiGAME.\u00a0","robots":{"index":"index","follow":"follow","max-snippet":"max-snippet:-1","max-image-preview":"max-image-preview:large","max-video-preview":"max-video-preview:-1"},"canonical":"https:\/\/slacktivity.ch\/fr\/shop\/multigame-slackline-poteau\/","og_locale":"fr_FR","og_type":"article","og_title":"multiGAME Slackline Poteau | Achter \u00e0 SLACKTIVITY Boutique Suisse","og_description":"Tendez la slackline en toute s\u00e9curit\u00e9 et rapidement sans arbre. Fixez le filet de volley-ball, le filet de badminton, le hamac, le voile pare-soleil au poteau de la slackline multiGAME.\u00a0","og_url":"https:\/\/slacktivity.ch\/fr\/shop\/multigame-slackline-poteau\/","og_site_name":"SLACKTIVITY Slackline Shop Schweiz","article_modified_time":"2024-07-18T00:10:32+00:00","og_image":[{"width":1180,"height":1377,"url":"https:\/\/slacktivity.ch\/wp-content\/uploads\/2021\/02\/multigame-slackline-pfosten.jpg","type":"image\/jpeg"}],"twitter_card":"summary_large_image","twitter_misc":{"Dur\u00e9e de lecture estim\u00e9e":"3 minutes"},"schema":{"@context":"https:\/\/schema.org","@graph":[{"@type":"WebPage","@id":"https:\/\/slacktivity.ch\/fr\/shop\/multigame-slackline-poteau\/","url":"https:\/\/slacktivity.ch\/fr\/shop\/multigame-slackline-poteau\/","name":"multiGAME Slackline Poteau | Achter \u00e0 SLACKTIVITY Boutique Suisse","isPartOf":{"@id":"https:\/\/slacktivity.ch\/fr\/#website"},"primaryImageOfPage":{"@id":"https:\/\/slacktivity.ch\/fr\/shop\/multigame-slackline-poteau\/#primaryimage"},"image":{"@id":"https:\/\/slacktivity.ch\/fr\/shop\/multigame-slackline-poteau\/#primaryimage"},"thumbnailUrl":"https:\/\/slacktivity.ch\/wp-content\/uploads\/2021\/02\/multigame-slackline-pfosten.jpg","datePublished":"2021-02-22T13:54:20+00:00","dateModified":"2024-07-18T00:10:32+00:00","description":"Tendez la slackline en toute s\u00e9curit\u00e9 et rapidement sans arbre. Fixez le filet de volley-ball, le filet de badminton, le hamac, le voile pare-soleil au poteau de la slackline multiGAME.\u00a0","breadcrumb":{"@id":"https:\/\/slacktivity.ch\/fr\/shop\/multigame-slackline-poteau\/#breadcrumb"},"inLanguage":"fr-FR","potentialAction":[{"@type":"ReadAction","target":["https:\/\/slacktivity.ch\/fr\/shop\/multigame-slackline-poteau\/"]}]},{"@type":"ImageObject","inLanguage":"fr-FR","@id":"https:\/\/slacktivity.ch\/fr\/shop\/multigame-slackline-poteau\/#primaryimage","url":"https:\/\/slacktivity.ch\/wp-content\/uploads\/2021\/02\/multigame-slackline-pfosten.jpg","contentUrl":"https:\/\/slacktivity.ch\/wp-content\/uploads\/2021\/02\/multigame-slackline-pfosten.jpg","width":1180,"height":1377,"caption":"multigame slackline pfosten"},{"@type":"BreadcrumbList","@id":"https:\/\/slacktivity.ch\/fr\/shop\/multigame-slackline-poteau\/#breadcrumb","itemListElement":[{"@type":"ListItem","position":1,"name":"Home","item":"https:\/\/slacktivity.ch\/fr\/"},{"@type":"ListItem","position":2,"name":"Boutique","item":"https:\/\/slacktivity.ch\/fr\/boutique\/"},{"@type":"ListItem","position":3,"name":"multiGAME | Slackline Poteau"}]},{"@type":"WebSite","@id":"https:\/\/slacktivity.ch\/fr\/#website","url":"https:\/\/slacktivity.ch\/fr\/","name":"SLACKTIVITY Slackline Shop Schweiz","description":"Ensembles de slackline de haute qualit\u00e9 avec montage facile, produits innovants Highline et accessoires de slackline acheter en ligne. Pour les enfants, les d\u00e9butants et les professionnels.","publisher":{"@id":"https:\/\/slacktivity.ch\/fr\/#organization"},"potentialAction":[{"@type":"SearchAction","target":{"@type":"EntryPoint","urlTemplate":"https:\/\/slacktivity.ch\/fr\/?s={search_term_string}"},"query-input":{"@type":"PropertyValueSpecification","valueRequired":true,"valueName":"search_term_string"}}],"inLanguage":"fr-FR"},{"@type":"Organization","@id":"https:\/\/slacktivity.ch\/fr\/#organization","name":"SLACKTIVITY Slackline Shop Schweiz","url":"https:\/\/slacktivity.ch\/fr\/","logo":{"@type":"ImageObject","inLanguage":"fr-FR","@id":"https:\/\/slacktivity.ch\/fr\/#\/schema\/logo\/image\/","url":"https:\/\/slacktivity.ch\/wp-content\/uploads\/2021\/01\/slacktivity-slackline-online-shop-1.png","contentUrl":"https:\/\/slacktivity.ch\/wp-content\/uploads\/2021\/01\/slacktivity-slackline-online-shop-1.png","width":200,"height":77,"caption":"SLACKTIVITY Slackline Shop Schweiz"},"image":{"@id":"https:\/\/slacktivity.ch\/fr\/#\/schema\/logo\/image\/"}}]}},"_links":{"self":[{"href":"https:\/\/slacktivity.ch\/fr\/wp-json\/wp\/v2\/product\/9163","targetHints":{"allow":["GET"]}}],"collection":[{"href":"https:\/\/slacktivity.ch\/fr\/wp-json\/wp\/v2\/product"}],"about":[{"href":"https:\/\/slacktivity.ch\/fr\/wp-json\/wp\/v2\/types\/product"}],"replies":[{"embeddable":true,"href":"https:\/\/slacktivity.ch\/fr\/wp-json\/wp\/v2\/comments?post=9163"}],"wp:featuredmedia":[{"embeddable":true,"href":"https:\/\/slacktivity.ch\/fr\/wp-json\/wp\/v2\/media\/10467"}],"wp:attachment":[{"href":"https:\/\/slacktivity.ch\/fr\/wp-json\/wp\/v2\/media?parent=9163"}],"wp:term":[{"taxonomy":"product_cat","embeddable":true,"href":"https:\/\/slacktivity.ch\/fr\/wp-json\/wp\/v2\/product_cat?post=9163"},{"taxonomy":"product_tag","embeddable":true,"href":"https:\/\/slacktivity.ch\/fr\/wp-json\/wp\/v2\/product_tag?post=9163"}],"curies":[{"name":"wp","href":"https:\/\/api.w.org\/{rel}","templated":true}]}}