{"id":9699,"date":"2021-02-22T15:54:46","date_gmt":"2021-02-22T15:54:46","guid":{"rendered":"https:\/\/slacktivity.ch\/shop\/leash\/"},"modified":"2023-01-19T13:15:26","modified_gmt":"2023-01-19T11:15:26","slug":"leash","status":"publish","type":"product","link":"https:\/\/slacktivity.ch\/fr\/shop\/leash\/","title":{"rendered":"Highline-Leash"},"content":{"rendered":"<h2>La laisse highline certifi\u00e9e ISO<\/h2>\n<p><img decoding=\"async\" class=\"alignleft wp-image-6577 lazyload\" data-src=\"https:\/\/slacktivity.ch\/wp-content\/uploads\/2021\/02\/isa-zertifiziert-highline-leash.jpg\" alt=\"highline-leash certifi\u00e9 par l'isa\" width=\"223\" height=\"223\" data-srcset=\"https:\/\/slacktivity.ch\/wp-content\/uploads\/2021\/02\/isa-zertifiziert-highline-leash.jpg 283w, https:\/\/slacktivity.ch\/wp-content\/uploads\/2021\/02\/isa-zertifiziert-highline-leash-150x150.jpg 150w, https:\/\/slacktivity.ch\/wp-content\/uploads\/2021\/02\/isa-zertifiziert-highline-leash-70x70.jpg 70w, https:\/\/slacktivity.ch\/wp-content\/uploads\/2021\/02\/isa-zertifiziert-highline-leash-100x100.jpg 100w\" data-sizes=\"(max-width: 223px) 100vw, 223px\" src=\"data:image\/svg+xml;base64,PHN2ZyB3aWR0aD0iMSIgaGVpZ2h0PSIxIiB4bWxucz0iaHR0cDovL3d3dy53My5vcmcvMjAwMC9zdmciPjwvc3ZnPg==\" style=\"--smush-placeholder-width: 223px; --smush-placeholder-aspect-ratio: 223\/223;\" \/>Une <strong>highline-leash<\/strong> compl\u00e8te ne p\u00e8se que 350g ! Chaque anneau individuel a \u00e9t\u00e9 test\u00e9 avec une pr\u00e9-tension de 6kN et r\u00e9pond ainsi \u00e0 la norme de s\u00e9curit\u00e9 \u00e9lev\u00e9e de l&rsquo;ISA (International Slackline Association). La ligne est constitu\u00e9e de corde d&rsquo;escalade Edelrid (Topaz ou Hummingbird Pro Dry 9.2), qui est gain\u00e9e d&rsquo;une bande tubulaire en polyamide de 20 mm. L&rsquo;avantage de cette gaine par rapport \u00e0 une simple corde d&rsquo;escalade est qu&rsquo;elle offre une meilleure prise lors de l&rsquo;escalade. En outre, les n\u0153uds sont plus faciles \u00e0 d\u00e9faire apr\u00e8s de nombreuses chutes de ligne et, bien s\u00fbr, la durabilit\u00e9 est consid\u00e9rablement accrue en raison de la charge de rupture plus \u00e9lev\u00e9e et de la protection de la corde d&rsquo;escalade.<\/p>\n<p>La laisse est disponible en trois couleurs : LSD (multicolore), vert fluo et blanc (cochez l&rsquo;une des trois cases pour choisir).<\/p>\n<h4>Tip &#8211; un ou deux anneaux:<\/h4>\n<p>Fixez deux anneaux ensemble \u00e0 l&rsquo;ext\u00e9rieur. C&rsquo;est parce que deux anneaux ensemble glissent un peu mieux sur les points de bande Highline. -Les anneaux Highline test\u00e9s peuvent \u00eatre utilis\u00e9s individuellement dans la ligne. Actuellement, il est encore tr\u00e8s courant d&rsquo;utiliser 2 anneaux de laisse.<br \/>\nCela n&rsquo;est pas n\u00e9cessaire du point de vue de la s\u00e9curit\u00e9 avec la bague Highline test\u00e9e individuellement. Si 2 anneaux doivent tout de m\u00eame \u00eatre utilis\u00e9s en m\u00eame temps, il est recommand\u00e9 de les relier avec du ruban adh\u00e9sif \u00e9lectrique. Actuellement, il est encore tr\u00e8s courant d&rsquo;utiliser 2 anneaux de laisse.Si, n\u00e9anmoins, 2 anneaux doivent \u00eatre utilis\u00e9s en m\u00eame temps, il est recommand\u00e9 de les relier avec du ruban \u00e9lectrique.<\/p>\n<h4>Contenu de la livraison de la laisse Highline<\/h4>\n<ul>\n<li>1 x test\u00e9 HighlineRing<\/li>\n<li>1 x 320cm corde tubulaire (en polyamide, largeur : 20mm, couleur : blanc, vert ou LSD)<\/li>\n<li>1 x 320cm corde d&rsquo;escalade Topaz\/Hummingbird Pro Dry 9.2mm de Edelrid<\/li>\n<\/ul>\n<h3>Highline-Ring<\/h3>\n<p>Bague forg\u00e9e \u00e0 chaud et anodis\u00e9e rose en aluminium 6061-T6.<\/p>\n<h4>Sp\u00e9cifications<\/h4>\n<ul>\n<li>Poids : 51g<br \/>\nDiam\u00e8tre ext\u00e9rieur : 80 mm<br \/>\nDiam\u00e8tre int\u00e9rieur : 60 mm<br \/>\n\u00c9paisseur de la paroi de l&rsquo;anneau : 10 mm<br \/>\nMBS (charge de rupture minimale) : 39kN<\/li>\n<\/ul>\n<h4>Features (USP)<\/h4>\n<ul>\n<li>beaucoup plus l\u00e9ger qu&rsquo;un anneau en acier, donc moins de risques de blessures si vous tombez sur l&rsquo;anneau<\/li>\n<li>Id\u00e9alement dimensionn\u00e9 pour que l&rsquo;anneau passe proprement sur la highline.<\/li>\n<\/ul>\n<h3>T20-Schlauchband 320cm<\/h3>\n<p>La bande tubulaire de 20 mm de large en polyamide pr\u00e9sente une surface agr\u00e9able \u00e0 saisir.<\/p>\n<h4>Sp\u00e9cifications<\/h4>\n<ul>\n<li>Sangle tubulaire en polyamide (nylon) disponible en trois couleurs<br \/>\nAllongement 18% \u00e0 10kN<br \/>\nCharge de rupture de la sangle : 17kN<\/li>\n<li>Largeur : 19 &#8211; 20mm<\/li>\n<li>\u00c9paisseur : 2,2 &#8211; 2,3 mm<\/li>\n<li>Poids : 33,5g\/m<\/li>\n<\/ul>\n<h3>Corde d&rsquo;escalade Hummingbird Pro Dry 9.2mm par Edelrid<\/h3>\n<h4>Sp\u00e9cifications<\/h4>\n<ul>\n<li>Selon la version de la laisse, on utilise la corde d&rsquo;escalade Topaz ou Hummingbird d&rsquo;Edelrid. Il n&rsquo;y a pratiquement aucune diff\u00e9rence entre ces cordes d&rsquo;escalade. Tous deux sont impr\u00e9gn\u00e9s, ce qui permet une manipulation confortable m\u00eame apr\u00e8s de nombreuses s\u00e9ances et chutes. Gr\u00e2ce \u00e0 l&rsquo;impr\u00e9gnation, la laisse se raidit beaucoup moins et les n\u0153uds sont plus faciles \u00e0 d\u00e9faire.<\/li>\n<li>Corde d&rsquo;escalade en polyamide<\/li>\n<li>Allongement 18% \u00e0 10kNCharge de rupture \u00e0<\/li>\n<li>8 n\u0153uds : 17kN<\/li>\n<li><span style=\"background-color: var(--body-bg-color); color: var(--body-color); font-family: var(--body-font-family),sans-serif; font-size: 1.125rem; font-weight: var(--body-font-weight);\">Diam\u00e8tre : 9,2 mm<\/span><\/li>\n<\/ul>\n<p>Avant d&rsquo;utiliser ce produit, le ou les manuels d&rsquo;utilisation (download PDF) doivent \u00eatre lus et compris.<\/p>\n<p>&nbsp;<\/p>\n","protected":false},"excerpt":{"rendered":"<p>\u00c9prouv\u00e9e de nombreuses fois et test\u00e9e selon la norme de s\u00e9curit\u00e9 ISA37 Laisse Highline. La corde d&rsquo;escalade recouverte d&rsquo;une bande tubulaire en polyamide est agr\u00e9able \u00e0 saisir, ce qui se r\u00e9v\u00e8le payant lorsqu&rsquo;on grimpe le long de la laisse.<\/p>\n","protected":false},"featured_media":8627,"comment_status":"open","ping_status":"closed","template":"","meta":{"_acf_changed":false,"_joinchat":[]},"product_cat":[627,725],"product_tag":[726],"class_list":{"0":"post-9699","1":"product","2":"type-product","3":"status-publish","4":"has-post-thumbnail","6":"product_cat-equipement-highline","7":"product_cat-isa-equipement-certifie","8":"product_tag-highline-fr-2","10":"first","11":"instock","12":"taxable","13":"shipping-taxable","14":"purchasable","15":"product-type-variable","16":"has-default-attributes"},"acf":[],"yoast_head":"<!-- This site is optimized with the Yoast SEO plugin v27.5 - https:\/\/yoast.com\/product\/yoast-seo-wordpress\/ -->\n<title>Highline Leash certifi\u00e9 ISA | acheter chez SLACKTIVITY Slacklines<\/title>\n<meta name=\"description\" content=\"Laisse Highline avec une bande tubulaire en polyamide comme gaine, une corde d&#039;escalade de 10 mm comme \u00e2me et un anneau Highline en aluminium.\" \/>\n<meta name=\"robots\" content=\"index, follow, max-snippet:-1, max-image-preview:large, max-video-preview:-1\" \/>\n<link rel=\"canonical\" href=\"https:\/\/slacktivity.ch\/fr\/shop\/leash\/\" \/>\n<meta property=\"og:locale\" content=\"fr_FR\" \/>\n<meta property=\"og:type\" content=\"article\" \/>\n<meta property=\"og:title\" content=\"Highline Leash certifi\u00e9 ISA | acheter chez SLACKTIVITY Slacklines\" \/>\n<meta property=\"og:description\" content=\"Laisse Highline avec une bande tubulaire en polyamide comme gaine, une corde d&#039;escalade de 10 mm comme \u00e2me et un anneau Highline en aluminium.\" \/>\n<meta property=\"og:url\" content=\"https:\/\/slacktivity.ch\/fr\/shop\/leash\/\" \/>\n<meta property=\"og:site_name\" content=\"SLACKTIVITY Slackline Shop Schweiz\" \/>\n<meta property=\"article:modified_time\" content=\"2023-01-19T11:15:26+00:00\" \/>\n<meta property=\"og:image\" content=\"https:\/\/slacktivity.ch\/wp-content\/uploads\/2021\/02\/highline-leash-4.jpg\" \/>\n\t<meta property=\"og:image:width\" content=\"1180\" \/>\n\t<meta property=\"og:image:height\" content=\"1377\" \/>\n\t<meta property=\"og:image:type\" content=\"image\/jpeg\" \/>\n<meta name=\"twitter:card\" content=\"summary_large_image\" \/>\n<meta name=\"twitter:label1\" content=\"Dur\u00e9e de lecture estim\u00e9e\" \/>\n\t<meta name=\"twitter:data1\" content=\"3 minutes\" \/>\n<script type=\"application\/ld+json\" class=\"yoast-schema-graph\">{\"@context\":\"https:\\\/\\\/schema.org\",\"@graph\":[{\"@type\":\"WebPage\",\"@id\":\"https:\\\/\\\/slacktivity.ch\\\/fr\\\/shop\\\/leash\\\/\",\"url\":\"https:\\\/\\\/slacktivity.ch\\\/fr\\\/shop\\\/leash\\\/\",\"name\":\"Highline Leash certifi\u00e9 ISA | acheter chez SLACKTIVITY Slacklines\",\"isPartOf\":{\"@id\":\"https:\\\/\\\/slacktivity.ch\\\/fr\\\/#website\"},\"primaryImageOfPage\":{\"@id\":\"https:\\\/\\\/slacktivity.ch\\\/fr\\\/shop\\\/leash\\\/#primaryimage\"},\"image\":{\"@id\":\"https:\\\/\\\/slacktivity.ch\\\/fr\\\/shop\\\/leash\\\/#primaryimage\"},\"thumbnailUrl\":\"https:\\\/\\\/slacktivity.ch\\\/wp-content\\\/uploads\\\/2021\\\/02\\\/highline-leash-4.jpg\",\"datePublished\":\"2021-02-22T15:54:46+00:00\",\"dateModified\":\"2023-01-19T11:15:26+00:00\",\"description\":\"Laisse Highline avec une bande tubulaire en polyamide comme gaine, une corde d'escalade de 10 mm comme \u00e2me et un anneau Highline en aluminium.\",\"breadcrumb\":{\"@id\":\"https:\\\/\\\/slacktivity.ch\\\/fr\\\/shop\\\/leash\\\/#breadcrumb\"},\"inLanguage\":\"fr-FR\",\"potentialAction\":[{\"@type\":\"ReadAction\",\"target\":[\"https:\\\/\\\/slacktivity.ch\\\/fr\\\/shop\\\/leash\\\/\"]}]},{\"@type\":\"ImageObject\",\"inLanguage\":\"fr-FR\",\"@id\":\"https:\\\/\\\/slacktivity.ch\\\/fr\\\/shop\\\/leash\\\/#primaryimage\",\"url\":\"https:\\\/\\\/slacktivity.ch\\\/wp-content\\\/uploads\\\/2021\\\/02\\\/highline-leash-4.jpg\",\"contentUrl\":\"https:\\\/\\\/slacktivity.ch\\\/wp-content\\\/uploads\\\/2021\\\/02\\\/highline-leash-4.jpg\",\"width\":1180,\"height\":1377,\"caption\":\"highline leash\"},{\"@type\":\"BreadcrumbList\",\"@id\":\"https:\\\/\\\/slacktivity.ch\\\/fr\\\/shop\\\/leash\\\/#breadcrumb\",\"itemListElement\":[{\"@type\":\"ListItem\",\"position\":1,\"name\":\"Home\",\"item\":\"https:\\\/\\\/slacktivity.ch\\\/fr\\\/\"},{\"@type\":\"ListItem\",\"position\":2,\"name\":\"Boutique\",\"item\":\"https:\\\/\\\/slacktivity.ch\\\/fr\\\/boutique\\\/\"},{\"@type\":\"ListItem\",\"position\":3,\"name\":\"Highline-Leash\"}]},{\"@type\":\"WebSite\",\"@id\":\"https:\\\/\\\/slacktivity.ch\\\/fr\\\/#website\",\"url\":\"https:\\\/\\\/slacktivity.ch\\\/fr\\\/\",\"name\":\"SLACKTIVITY Slackline Shop Schweiz\",\"description\":\"Ensembles de slackline de haute qualit\u00e9 avec montage facile, produits innovants Highline et accessoires de slackline acheter en ligne. Pour les enfants, les d\u00e9butants et les professionnels.\",\"publisher\":{\"@id\":\"https:\\\/\\\/slacktivity.ch\\\/fr\\\/#organization\"},\"potentialAction\":[{\"@type\":\"SearchAction\",\"target\":{\"@type\":\"EntryPoint\",\"urlTemplate\":\"https:\\\/\\\/slacktivity.ch\\\/fr\\\/?s={search_term_string}\"},\"query-input\":{\"@type\":\"PropertyValueSpecification\",\"valueRequired\":true,\"valueName\":\"search_term_string\"}}],\"inLanguage\":\"fr-FR\"},{\"@type\":\"Organization\",\"@id\":\"https:\\\/\\\/slacktivity.ch\\\/fr\\\/#organization\",\"name\":\"SLACKTIVITY Slackline Shop Schweiz\",\"url\":\"https:\\\/\\\/slacktivity.ch\\\/fr\\\/\",\"logo\":{\"@type\":\"ImageObject\",\"inLanguage\":\"fr-FR\",\"@id\":\"https:\\\/\\\/slacktivity.ch\\\/fr\\\/#\\\/schema\\\/logo\\\/image\\\/\",\"url\":\"https:\\\/\\\/slacktivity.ch\\\/wp-content\\\/uploads\\\/2021\\\/01\\\/slacktivity-slackline-online-shop-1.png\",\"contentUrl\":\"https:\\\/\\\/slacktivity.ch\\\/wp-content\\\/uploads\\\/2021\\\/01\\\/slacktivity-slackline-online-shop-1.png\",\"width\":200,\"height\":77,\"caption\":\"SLACKTIVITY Slackline Shop Schweiz\"},\"image\":{\"@id\":\"https:\\\/\\\/slacktivity.ch\\\/fr\\\/#\\\/schema\\\/logo\\\/image\\\/\"}}]}<\/script>\n<!-- \/ Yoast SEO plugin. -->","yoast_head_json":{"title":"Highline Leash certifi\u00e9 ISA | acheter chez SLACKTIVITY Slacklines","description":"Laisse Highline avec une bande tubulaire en polyamide comme gaine, une corde d'escalade de 10 mm comme \u00e2me et un anneau Highline en aluminium.","robots":{"index":"index","follow":"follow","max-snippet":"max-snippet:-1","max-image-preview":"max-image-preview:large","max-video-preview":"max-video-preview:-1"},"canonical":"https:\/\/slacktivity.ch\/fr\/shop\/leash\/","og_locale":"fr_FR","og_type":"article","og_title":"Highline Leash certifi\u00e9 ISA | acheter chez SLACKTIVITY Slacklines","og_description":"Laisse Highline avec une bande tubulaire en polyamide comme gaine, une corde d'escalade de 10 mm comme \u00e2me et un anneau Highline en aluminium.","og_url":"https:\/\/slacktivity.ch\/fr\/shop\/leash\/","og_site_name":"SLACKTIVITY Slackline Shop Schweiz","article_modified_time":"2023-01-19T11:15:26+00:00","og_image":[{"width":1180,"height":1377,"url":"https:\/\/slacktivity.ch\/wp-content\/uploads\/2021\/02\/highline-leash-4.jpg","type":"image\/jpeg"}],"twitter_card":"summary_large_image","twitter_misc":{"Dur\u00e9e de lecture estim\u00e9e":"3 minutes"},"schema":{"@context":"https:\/\/schema.org","@graph":[{"@type":"WebPage","@id":"https:\/\/slacktivity.ch\/fr\/shop\/leash\/","url":"https:\/\/slacktivity.ch\/fr\/shop\/leash\/","name":"Highline Leash certifi\u00e9 ISA | acheter chez SLACKTIVITY Slacklines","isPartOf":{"@id":"https:\/\/slacktivity.ch\/fr\/#website"},"primaryImageOfPage":{"@id":"https:\/\/slacktivity.ch\/fr\/shop\/leash\/#primaryimage"},"image":{"@id":"https:\/\/slacktivity.ch\/fr\/shop\/leash\/#primaryimage"},"thumbnailUrl":"https:\/\/slacktivity.ch\/wp-content\/uploads\/2021\/02\/highline-leash-4.jpg","datePublished":"2021-02-22T15:54:46+00:00","dateModified":"2023-01-19T11:15:26+00:00","description":"Laisse Highline avec une bande tubulaire en polyamide comme gaine, une corde d'escalade de 10 mm comme \u00e2me et un anneau Highline en aluminium.","breadcrumb":{"@id":"https:\/\/slacktivity.ch\/fr\/shop\/leash\/#breadcrumb"},"inLanguage":"fr-FR","potentialAction":[{"@type":"ReadAction","target":["https:\/\/slacktivity.ch\/fr\/shop\/leash\/"]}]},{"@type":"ImageObject","inLanguage":"fr-FR","@id":"https:\/\/slacktivity.ch\/fr\/shop\/leash\/#primaryimage","url":"https:\/\/slacktivity.ch\/wp-content\/uploads\/2021\/02\/highline-leash-4.jpg","contentUrl":"https:\/\/slacktivity.ch\/wp-content\/uploads\/2021\/02\/highline-leash-4.jpg","width":1180,"height":1377,"caption":"highline leash"},{"@type":"BreadcrumbList","@id":"https:\/\/slacktivity.ch\/fr\/shop\/leash\/#breadcrumb","itemListElement":[{"@type":"ListItem","position":1,"name":"Home","item":"https:\/\/slacktivity.ch\/fr\/"},{"@type":"ListItem","position":2,"name":"Boutique","item":"https:\/\/slacktivity.ch\/fr\/boutique\/"},{"@type":"ListItem","position":3,"name":"Highline-Leash"}]},{"@type":"WebSite","@id":"https:\/\/slacktivity.ch\/fr\/#website","url":"https:\/\/slacktivity.ch\/fr\/","name":"SLACKTIVITY Slackline Shop Schweiz","description":"Ensembles de slackline de haute qualit\u00e9 avec montage facile, produits innovants Highline et accessoires de slackline acheter en ligne. Pour les enfants, les d\u00e9butants et les professionnels.","publisher":{"@id":"https:\/\/slacktivity.ch\/fr\/#organization"},"potentialAction":[{"@type":"SearchAction","target":{"@type":"EntryPoint","urlTemplate":"https:\/\/slacktivity.ch\/fr\/?s={search_term_string}"},"query-input":{"@type":"PropertyValueSpecification","valueRequired":true,"valueName":"search_term_string"}}],"inLanguage":"fr-FR"},{"@type":"Organization","@id":"https:\/\/slacktivity.ch\/fr\/#organization","name":"SLACKTIVITY Slackline Shop Schweiz","url":"https:\/\/slacktivity.ch\/fr\/","logo":{"@type":"ImageObject","inLanguage":"fr-FR","@id":"https:\/\/slacktivity.ch\/fr\/#\/schema\/logo\/image\/","url":"https:\/\/slacktivity.ch\/wp-content\/uploads\/2021\/01\/slacktivity-slackline-online-shop-1.png","contentUrl":"https:\/\/slacktivity.ch\/wp-content\/uploads\/2021\/01\/slacktivity-slackline-online-shop-1.png","width":200,"height":77,"caption":"SLACKTIVITY Slackline Shop Schweiz"},"image":{"@id":"https:\/\/slacktivity.ch\/fr\/#\/schema\/logo\/image\/"}}]}},"_links":{"self":[{"href":"https:\/\/slacktivity.ch\/fr\/wp-json\/wp\/v2\/product\/9699","targetHints":{"allow":["GET"]}}],"collection":[{"href":"https:\/\/slacktivity.ch\/fr\/wp-json\/wp\/v2\/product"}],"about":[{"href":"https:\/\/slacktivity.ch\/fr\/wp-json\/wp\/v2\/types\/product"}],"replies":[{"embeddable":true,"href":"https:\/\/slacktivity.ch\/fr\/wp-json\/wp\/v2\/comments?post=9699"}],"wp:featuredmedia":[{"embeddable":true,"href":"https:\/\/slacktivity.ch\/fr\/wp-json\/wp\/v2\/media\/8627"}],"wp:attachment":[{"href":"https:\/\/slacktivity.ch\/fr\/wp-json\/wp\/v2\/media?parent=9699"}],"wp:term":[{"taxonomy":"product_cat","embeddable":true,"href":"https:\/\/slacktivity.ch\/fr\/wp-json\/wp\/v2\/product_cat?post=9699"},{"taxonomy":"product_tag","embeddable":true,"href":"https:\/\/slacktivity.ch\/fr\/wp-json\/wp\/v2\/product_tag?post=9699"}],"curies":[{"name":"wp","href":"https:\/\/api.w.org\/{rel}","templated":true}]}}