{"id":9918,"date":"2021-02-22T15:53:58","date_gmt":"2021-02-22T15:53:58","guid":{"rendered":"https:\/\/slacktivity.ch\/shop\/9918\/"},"modified":"2023-01-19T13:14:50","modified_gmt":"2023-01-19T11:14:50","slug":"pinktube-sangle-slackline-30m-200m","status":"publish","type":"product","link":"https:\/\/slacktivity.ch\/fr\/shop\/pinktube-sangle-slackline-30m-200m\/","title":{"rendered":"pinkTube Sangle Slackline | 30m &#8211; 200m"},"content":{"rendered":"<h2>pinkTube &#8211; Sangle Highline certifi\u00e9e ISA<\/h2>\n<figure id=\"attachment_6579\" aria-describedby=\"caption-attachment-6579\" style=\"width: 223px\" class=\"wp-caption alignleft\"><img decoding=\"async\" class=\"wp-image-6581 lazyload\" data-src=\"https:\/\/slacktivity.ch\/wp-content\/uploads\/2021\/02\/isa-zertifiziert-highline-band-c.jpg\" alt=\"isa certified highline band c\" width=\"223\" height=\"223\" data-srcset=\"https:\/\/slacktivity.ch\/wp-content\/uploads\/2021\/02\/isa-zertifiziert-highline-band-c.jpg 283w, https:\/\/slacktivity.ch\/wp-content\/uploads\/2021\/02\/isa-zertifiziert-highline-band-c-150x150.jpg 150w, https:\/\/slacktivity.ch\/wp-content\/uploads\/2021\/02\/isa-zertifiziert-highline-band-c-70x70.jpg 70w, https:\/\/slacktivity.ch\/wp-content\/uploads\/2021\/02\/isa-zertifiziert-highline-band-c-100x100.jpg 100w\" data-sizes=\"(max-width: 223px) 100vw, 223px\" src=\"data:image\/svg+xml;base64,PHN2ZyB3aWR0aD0iMSIgaGVpZ2h0PSIxIiB4bWxucz0iaHR0cDovL3d3dy53My5vcmcvMjAwMC9zdmciPjwvc3ZnPg==\" style=\"--smush-placeholder-width: 223px; --smush-placeholder-aspect-ratio: 223\/223;\" \/><figcaption id=\"caption-attachment-6579\" class=\"wp-caption-text\">Certificat ISA<\/figcaption><\/figure>\n<p>La <strong>pinkTube<\/strong> est la sangle classique de la highline. Mais cette sangle n&rsquo;est pas seulement tr\u00e8s appr\u00e9ci\u00e9e dans le domaine de la highline, elle peut aussi \u00eatre tendue dans le parc jusqu&rsquo;\u00e0 50 m comme longline ludique et rebondissant. Avec un poids de 54 g\/m, la sangle highline certifi\u00e9e ISA est super l\u00e9g\u00e8re et tr\u00e8s agr\u00e9able \u00e0 marcher. La pinkTube a une \u00e9lasticit\u00e9 extr\u00eamement \u00e9lev\u00e9e, ce qui permet de faire des bounces \u00e9normes. Les chutes en leash sont extr\u00eamement douces gr\u00e2ce \u00e0 la grande \u00e9lasticit\u00e9. C&rsquo;est pr\u00e9cis\u00e9ment gr\u00e2ce \u00e0 ces propri\u00e9t\u00e9s que la pinkTube peut \u00eatre consid\u00e9r\u00e9 comme l&rsquo;une des sangles de highline les plus utilis\u00e9es au monde. Dans le domaine du trick highline en particulier, il n&rsquo;y a pas de sangle plus utilis\u00e9e. Mais les bords souples et les propri\u00e9t\u00e9s ludiques de la sangle sont \u00e9galement tr\u00e8s appr\u00e9ci\u00e9s dans le yoga du slackline. Gr\u00e2ce \u00e0 son petit poids et \u00e0 son encombrement minimal, le pinkTube est facile \u00e0 transporter. C&rsquo;est pourquoi il faut toujours avoir 30 \u00e0 50 m de pinkTube dans son sac \u00e0 dos pour faire de la slackline dans le parc, afin de profiter de chaque occasion. Le pinkTube est disponible en diff\u00e9rentes longueurs, de 30m \u00e0 200m, et en versions A, B et C. La version C n&rsquo;est pas adapt\u00e9e au parc et n&rsquo;est recommand\u00e9e que pour une utilisation en highline.<\/p>\n<p>La pinkTube est particuli\u00e8rement bien adapt\u00e9 aux utilisateurs avanc\u00e9s et aux professionnels.<\/p>\n<h3>Instruction pour le montage de la pinkTube avec le HangOver-Pulley<\/h3>\n<p>Pour le montage d&rsquo;une highline, la m\u00e9thode HangOver-Pulley est clairement the way to go. La plupart des highlines sont tendues avec un rapport 3:1, 5:1 ou 9:1 de cette m\u00e9thode. La Slackline pinkTube est la sangle highline la plus stretchy du march\u00e9. Dans le parc, les boucles d&rsquo;arbre doivent donc \u00eatre plac\u00e9es \u00e0 une hauteur plus haute que pour les sangles moins stretchy (20-30m de longueur = env. 2m de hauteur \/ 30-50m de longueur = env. 2-4m de hauteur). La longueur de la slackline et la hauteur du point fixe d\u00e9pendent de ce que l&rsquo;on veut faire sur la slackline, de son poids et du nombre d&rsquo;amis qui aident \u00e0 le tendre. Comme SLACKTIVITY essaie toujours d&rsquo;harmoniser parfaitement tous ses produits Slackline, il est recommand\u00e9 d&rsquo;utiliser le pinkTube avec le <a href=\"\/shop\/slacktivity-seahorse\">seaHorse<\/a> Weblock. Cela garantit une efficacit\u00e9 maximale lors du hissage.<\/p>\n<h3>Sp\u00e9cification<\/h3>\n<ul>\n<li>Materi\u00e8l: Sangle Tubulaire Nylon<\/li>\n<li>Largeur: 26mm<\/li>\n<li>Poids: 54g\/m<\/li>\n<li>Elasticit\u00e9: <strong>22.6%<\/strong> bei 10kN | 1kN: <strong>1.6%<\/strong>, 2kN: <strong>6.6%<\/strong>, 3kN: <strong>10.6%<\/strong>, 4kN: <strong>13,3%<\/strong>, 5kN: <strong>15,4%<\/strong><\/li>\n<li>ISA Highline-Webbing Strength-Class: C<\/li>\n<li class=\"fproduct\">MBS (Minimum Breaking Strength) <b>Sangle <\/b>(Batch 2020): <strong>25.6kN<\/strong><\/li>\n<li class=\"fproduct\">MBS Main-Loop (Batch 2020): 23.1kN<\/li>\n<li class=\"fproduct\">MBS Backup-Loop (Batch 2020): 16.0kN<\/li>\n<li>MBS T-Loop (Batch 2020): 13.6kN<\/li>\n<li>MBS X-Connection (Batch 2020): 12.9kN<\/li>\n<\/ul>\n<p>Pour information, les valeurs de charge de rupture list\u00e9es ici diff\u00e8rent de celles indiqu\u00e9es dans le manuel d&rsquo;utilisation. Ici, ce sont les valeurs MBS r\u00e9ellement mesur\u00e9es pour le lot correspondant qui sont list\u00e9es. Dans le manuel d&rsquo;utilisation, ce sont les valeurs MBS minimales requises pour obtenir la certification ISA.<\/p>\n<h3>Features de la pinkTube<\/h3>\n<ul>\n<li style=\"list-style-type: none;\">\n<ul>\n<li>La sangle Highline la plus stretchy du march\u00e9<\/li>\n<\/ul>\n<\/li>\n<\/ul>\n<p>.<\/p>\n<ul>\n<li>Bords arrondies et souples<\/li>\n<li>Slackline avec boucles &#8211; boucles d&rsquo;extr\u00e9mit\u00e9 cousues aux deux extr\u00e9mit\u00e9s pour un montage efficace<\/li>\n<li>Backup-Loop (version A+B+C), T-Loop (version B), X-Connection (version C) pour plus de s\u00e9curit\u00e9<\/li>\n<\/ul>\n<h3>Version A<\/h3>\n<p>Poss\u00e8de une boucle finale cousue aux deux bouts (Main-Loop) et une boucle de secours suppl\u00e9mentaire \u00e0 une bout de la sangle. Attention : seulement la boucle principale peut \u00eatre charg\u00e9e directement et la boucle de backup ne peut \u00eatre utilis\u00e9e que comme backup.<\/p>\n<h3>Version B<\/h3>\n<p>A en plus quattre T-Loops \u00e0 intervalles d\u00e9termin\u00e9s (en fonction de la longueur de la bande).<\/p>\n<h4>Avantages des T-Loops<\/h4>\n<ul>\n<li>Fonctionnent comme de petits amortisseurs de vent pour la slackline dans le parc en cas de vent<\/li>\n<li>Peuvent \u00eatre utilis\u00e9s pour relier la Main-Line \u00e0 la Backup-Line. Les Quicklinks de 6-8 mm conviennent \u00e0 cet effet.<\/li>\n<li>Tiennent ensemble la sangle principale et de la sangle de backup en cas de temp\u00eate.<\/li>\n<li>Dans le cas improbable d&rsquo;une casse de la ligne principale, la chute dans la ligne de backup est beaucoup plus courte et plus douce que pour les lignes de backup classiques. Plus d&rsquo;infos dans cette <a href=\"https:\/\/www.youtube.com\/watch?v=xcO1LXoOsfk\" target=\"_blank\" rel=\"noopener\">Video<\/a>.<\/li>\n<li>Le Type et la longueur du backup peuvent etre adapt\u00e9 d\u00e9pendant du projet et de la tension de la slackline.<\/li>\n<\/ul>\n<p><strong>Conseil<\/strong> : Le backup est fix\u00e9 de pr\u00e9f\u00e9rence par un n\u0153ud avec des QuickLinks de 6-8 mm sur les T-Loops. Pour que le n\u0153ud soit le plus petit possible et que le Leashring passe bien par-dessus, il faut utiliser comme backup une sangle pas trop grande, par exemple halfMarathon. Ensuite, taper proprement le T-Loop, le QuickLink et le n\u0153ud sur la Main-Line.<\/p>\n<p><strong>Remarques:<\/strong> Avec de petits leashrings et de grands n\u0153uds avec des sangles larges, le passage du leash peut \u00eatre plus difficile. Pour faire passer le T-Loop dans le poulie HangOver, il faut improviser un syst\u00e8me de poulie suppl\u00e9mentaire. Ce probl\u00e8me peut \u00eatre \u00e9vit\u00e9 en veillant \u00e0 ce qu&rsquo;il y ait suffisamment de distance entre le T-loop et le weblock lors du montage. En principe, il est m\u00eame possible de tirer un T-Loop directement \u00e0 travers le weblock &#8211; mais il n&rsquo;est pas exclu que l&rsquo;endroit soit alors l\u00e9g\u00e8rement endommag\u00e9.<\/p>\n<p>Instructions et explications sur le type B sous forme de vid\u00e9o :<\/p>\n<div class=\"iframe-container\"><iframe title=\"YouTube video player\" data-src=\"https:\/\/www.youtube.com\/embed\/9PQwGj9ZSA4?start=15\" width=\"560\" height=\"315\" frameborder=\"0\" allowfullscreen=\"allowfullscreen\" src=\"data:image\/svg+xml;base64,PHN2ZyB3aWR0aD0iMSIgaGVpZ2h0PSIxIiB4bWxucz0iaHR0cDovL3d3dy53My5vcmcvMjAwMC9zdmciPjwvc3ZnPg==\" class=\"lazyload\" data-load-mode=\"1\"><\/iframe><\/div>\n<h3>Version C<\/h3>\n<p>Consiste en deux sangles de pinkTube (turquoise et noir) cousues ensemble avec des bartaques. Sur demande, nous vendons aussi le \u00ab\u00a0type-X\u00a0\u00bb, c&rsquo;est-\u00e0-dire une version qui n&rsquo;a qu&rsquo;un seul lien cousu.<\/p>\n<h4>Avantages des Bartack-Connections<\/h4>\n<ul>\n<li>Le Backup est toujours connect\u00e9e \u00e0 la ligne principale<\/li>\n<li>En cas de temp\u00eate, la ligne principale et la ligne de backup restent ensemble en toute s\u00e9curit\u00e9<\/li>\n<li>Dans le cas improbable d&rsquo;une casse de la ligne principale, la chute dans le backup est nettement plus souple et plus courte qu&rsquo;avec les backups classiques<\/li>\n<li>L&rsquo;anneau de leash glisse tr\u00e8s bien sur les connexions de la bartaque<\/li>\n<li>Oublier le backup \u00e0 la maison appartient donc au pass\u00e9<\/li>\n<\/ul>\n<p><strong>Remarques:<\/strong> En tirant sur le backup, celui-ci ne peut pas \u00eatre d\u00e9roul\u00e9 sur toute la longueur de la ligne du main-line. Les deux sangles s&rsquo;enchev\u00eatrent volontiers en cas de manipulation imprudente. C&rsquo;est pourquoi, apr\u00e8s chaque session, la sangle double pinkTube doit \u00eatre \u00ab\u00a0fourr\u00e9e\u00a0\u00bb dans un haulbag et ne pas \u00eatre prise sur les \u00e9paules. Pour tirer les connections de la barre \u00e0 travers le weblock lors du HangOver-Pulley, un syst\u00e8me de poulie suppl\u00e9mentaire improvis\u00e9 est n\u00e9cessaire. Ce probl\u00e8me peut \u00eatre \u00e9vit\u00e9 en veillant \u00e0 ce qu&rsquo;il y ait suffisamment de distance entre la connexion bartack et le weblock lors du montage. La longueur du backup ne peut pas \u00eatre ajust\u00e9e.<\/p>\n<p>Actuellement, 3 pinkTubes diff\u00e9rents de type C sont disponibles :<\/p>\n<h4>Type C1<\/h4>\n<p>La version la plus r\u00e9cente de pinkTube et \u00e9galement certifi\u00e9e ISA. Les valeurs de charge de rupture sont indiqu\u00e9es ci-dessus dans les sp\u00e9cifications. La longueur de backup est calcul\u00e9e de mani\u00e8re \u00e0 ce que la ligne soit id\u00e9ale pour le surf bounce. Cette version n&rsquo;est pas adapt\u00e9e aux sessions de bounce \u00e0 haute tension, car la longueur de backup est trop courte. Sur demande, nous pouvons modifier la slackline en \u00ab\u00a0type-X\u00a0\u00bb, de sorte qu&rsquo;il n&rsquo;y ait plus qu&rsquo;une seule connexion cousue. Cette version du PinkTube C a un EndLoop aux deux bouts. Cela permet de relier autant de morceaux que l&rsquo;on veut. Comme \u00e9l\u00e9ment de connexion, nous recommandons les QuickLinks de 8 mm du Maillon Rapide et l&rsquo;utilisation du HighlineTool pour bien visser les Quicklinks.<\/p>\n<h4>Type C2<\/h4>\n<p>Cette version ne p\u00e8se que 49g\/m. Elle n&rsquo;est pas certifi\u00e9e ISA. Pour le reste, elle a exactement la m\u00eame structure que le type C1, mais avec les charges de rupture suivantes :<\/p>\n<p>MBS sangle: 21.7kN<\/p>\n<p>MBS Main-Loop : 19.0kN<\/p>\n<p>MBS X-Connection : 11.7kN<\/p>\n<p>La version C2 est vendue avec une r\u00e9duction de 20%.<\/p>\n<h4>Type C3<\/h4>\n<p>Cette version ne p\u00e8se que 49g\/m. Elle n&rsquo;est pas certifi\u00e9e ISA. Les charges de rupture sont les suivantes :<\/p>\n<p>MBS sangle: 23.0kN<\/p>\n<p>MBS Main-Loop : 20.4kN<\/p>\n<p>MBS X-Connection : 12.3kN<\/p>\n<p>La longueur de backup est suffisamment longue pour que la ligne soit id\u00e9ale pour le bounce. Pour les rigs permanents, le backup peut cependant \u00eatre trop court en fonction de la temp\u00e9rature et de l&rsquo;humidit\u00e9.<\/p>\n<p>Cette version du PinkTube C n&rsquo;a qu&rsquo;un seul EndLoop d&rsquo;un c\u00f4t\u00e9, y compris le backup loop.<\/p>\n<p>La version C3 est vendue avec une r\u00e9duction de 20%.<\/p>\n<p>Instructions et explications sur le type C sous forme de vid\u00e9o :<\/p>\n<div class=\"iframe-container\"><iframe data-src=\"https:\/\/www.youtube.com\/embed\/xu1ooIas4e0?start=11\" width=\"560\" height=\"315\" frameborder=\"0\" allowfullscreen=\"allowfullscreen\" src=\"data:image\/svg+xml;base64,PHN2ZyB3aWR0aD0iMSIgaGVpZ2h0PSIxIiB4bWxucz0iaHR0cDovL3d3dy53My5vcmcvMjAwMC9zdmciPjwvc3ZnPg==\" class=\"lazyload\" data-load-mode=\"1\"><\/iframe><\/div>\n<p><strong>Les instructions d&rsquo;utilisation (PDF \u00e0 t\u00e9l\u00e9charger) doivent \u00eatre lues et comprises avant d&rsquo;utiliser ce produit.<\/strong><\/p>\n","protected":false},"excerpt":{"rendered":"<p>Yeeehaaaaa !! C&rsquo;est ce que l&rsquo;on ressent quand on fait le premier pas sur la pinkTube. C&rsquo;est <b>la sangle de highline la plus stretchy sur le march\u00e9<\/b> et donc incomparable \u00e0 tout ce que l&rsquo;on connaissait jusqu&rsquo;\u00e0 pr\u00e9sent. Que l&rsquo;on veuille \u00ab\u00a0seulement\u00a0\u00bb marcher dessus ou qu&rsquo;on l&rsquo;utilise pour le highline freestyle ou la longline &#8211; peu importe, le plaisir est garanti !<\/p>\n","protected":false},"featured_media":6368,"comment_status":"open","ping_status":"closed","template":"","meta":{"_acf_changed":false,"_joinchat":[]},"product_cat":[725,728,729,727,655],"product_tag":[726,740,730],"class_list":{"0":"post-9918","1":"product","2":"type-product","3":"status-publish","4":"has-post-thumbnail","6":"product_cat-isa-equipement-certifie","7":"product_cat-sangle-highline","8":"product_cat-sangle-longline","9":"product_cat-sangle-slackline","10":"product_cat-sangles","11":"product_tag-highline-fr-2","12":"product_tag-nylon-fr","13":"product_tag-sangle-tubulaire","14":"pa_brand-slacktivity-fr","16":"first","17":"instock","18":"taxable","19":"shipping-taxable","20":"purchasable","21":"product-type-variable","22":"has-default-attributes"},"acf":[],"yoast_head":"<!-- This site is optimized with the Yoast SEO plugin v27.4 - https:\/\/yoast.com\/product\/yoast-seo-wordpress\/ -->\n<title>pinkTube Sangle Slackline | acheter chez SLACKTIVITY Slackline Suisse<\/title>\n<meta name=\"description\" content=\"Die pinkTube Slackline setzt neue Massst\u00e4be im Highline-Freestyle. Super angenehmes &amp; verspieltes Dehnverhalten, extremer Bounce.\" \/>\n<meta name=\"robots\" content=\"index, follow, max-snippet:-1, max-image-preview:large, max-video-preview:-1\" \/>\n<link rel=\"canonical\" href=\"https:\/\/slacktivity.ch\/fr\/shop\/pinktube-sangle-slackline-30m-200m\/\" \/>\n<meta property=\"og:locale\" content=\"fr_FR\" \/>\n<meta property=\"og:type\" content=\"article\" \/>\n<meta property=\"og:title\" content=\"pinkTube Sangle Slackline | acheter chez SLACKTIVITY Slackline Suisse\" \/>\n<meta property=\"og:description\" content=\"Die pinkTube Slackline setzt neue Massst\u00e4be im Highline-Freestyle. Super angenehmes &amp; verspieltes Dehnverhalten, extremer Bounce.\" \/>\n<meta property=\"og:url\" content=\"https:\/\/slacktivity.ch\/fr\/shop\/pinktube-sangle-slackline-30m-200m\/\" \/>\n<meta property=\"og:site_name\" content=\"SLACKTIVITY Slackline Shop Schweiz\" \/>\n<meta property=\"article:modified_time\" content=\"2023-01-19T11:14:50+00:00\" \/>\n<meta property=\"og:image\" content=\"https:\/\/slacktivity.ch\/wp-content\/uploads\/2021\/02\/pinktube.jpg\" \/>\n\t<meta property=\"og:image:width\" content=\"1180\" \/>\n\t<meta property=\"og:image:height\" content=\"1377\" \/>\n\t<meta property=\"og:image:type\" content=\"image\/jpeg\" \/>\n<meta name=\"twitter:card\" content=\"summary_large_image\" \/>\n<meta name=\"twitter:label1\" content=\"Dur\u00e9e de lecture estim\u00e9e\" \/>\n\t<meta name=\"twitter:data1\" content=\"9 minutes\" \/>\n<script type=\"application\/ld+json\" class=\"yoast-schema-graph\">{\"@context\":\"https:\\\/\\\/schema.org\",\"@graph\":[{\"@type\":\"WebPage\",\"@id\":\"https:\\\/\\\/slacktivity.ch\\\/fr\\\/shop\\\/pinktube-sangle-slackline-30m-200m\\\/\",\"url\":\"https:\\\/\\\/slacktivity.ch\\\/fr\\\/shop\\\/pinktube-sangle-slackline-30m-200m\\\/\",\"name\":\"pinkTube Sangle Slackline | acheter chez SLACKTIVITY Slackline Suisse\",\"isPartOf\":{\"@id\":\"https:\\\/\\\/slacktivity.ch\\\/fr\\\/#website\"},\"primaryImageOfPage\":{\"@id\":\"https:\\\/\\\/slacktivity.ch\\\/fr\\\/shop\\\/pinktube-sangle-slackline-30m-200m\\\/#primaryimage\"},\"image\":{\"@id\":\"https:\\\/\\\/slacktivity.ch\\\/fr\\\/shop\\\/pinktube-sangle-slackline-30m-200m\\\/#primaryimage\"},\"thumbnailUrl\":\"https:\\\/\\\/slacktivity.ch\\\/wp-content\\\/uploads\\\/2021\\\/02\\\/pinktube.jpg\",\"datePublished\":\"2021-02-22T15:53:58+00:00\",\"dateModified\":\"2023-01-19T11:14:50+00:00\",\"description\":\"Die pinkTube Slackline setzt neue Massst\u00e4be im Highline-Freestyle. Super angenehmes & verspieltes Dehnverhalten, extremer Bounce.\",\"breadcrumb\":{\"@id\":\"https:\\\/\\\/slacktivity.ch\\\/fr\\\/shop\\\/pinktube-sangle-slackline-30m-200m\\\/#breadcrumb\"},\"inLanguage\":\"fr-FR\",\"potentialAction\":[{\"@type\":\"ReadAction\",\"target\":[\"https:\\\/\\\/slacktivity.ch\\\/fr\\\/shop\\\/pinktube-sangle-slackline-30m-200m\\\/\"]}]},{\"@type\":\"ImageObject\",\"inLanguage\":\"fr-FR\",\"@id\":\"https:\\\/\\\/slacktivity.ch\\\/fr\\\/shop\\\/pinktube-sangle-slackline-30m-200m\\\/#primaryimage\",\"url\":\"https:\\\/\\\/slacktivity.ch\\\/wp-content\\\/uploads\\\/2021\\\/02\\\/pinktube.jpg\",\"contentUrl\":\"https:\\\/\\\/slacktivity.ch\\\/wp-content\\\/uploads\\\/2021\\\/02\\\/pinktube.jpg\",\"width\":1180,\"height\":1377,\"caption\":\"pinktube\"},{\"@type\":\"BreadcrumbList\",\"@id\":\"https:\\\/\\\/slacktivity.ch\\\/fr\\\/shop\\\/pinktube-sangle-slackline-30m-200m\\\/#breadcrumb\",\"itemListElement\":[{\"@type\":\"ListItem\",\"position\":1,\"name\":\"Home\",\"item\":\"https:\\\/\\\/slacktivity.ch\\\/fr\\\/\"},{\"@type\":\"ListItem\",\"position\":2,\"name\":\"Boutique\",\"item\":\"https:\\\/\\\/slacktivity.ch\\\/fr\\\/boutique\\\/\"},{\"@type\":\"ListItem\",\"position\":3,\"name\":\"pinkTube Sangle Slackline | 30m &#8211; 200m\"}]},{\"@type\":\"WebSite\",\"@id\":\"https:\\\/\\\/slacktivity.ch\\\/fr\\\/#website\",\"url\":\"https:\\\/\\\/slacktivity.ch\\\/fr\\\/\",\"name\":\"SLACKTIVITY Slackline Shop Schweiz\",\"description\":\"Ensembles de slackline de haute qualit\u00e9 avec montage facile, produits innovants Highline et accessoires de slackline acheter en ligne. Pour les enfants, les d\u00e9butants et les professionnels.\",\"publisher\":{\"@id\":\"https:\\\/\\\/slacktivity.ch\\\/fr\\\/#organization\"},\"potentialAction\":[{\"@type\":\"SearchAction\",\"target\":{\"@type\":\"EntryPoint\",\"urlTemplate\":\"https:\\\/\\\/slacktivity.ch\\\/fr\\\/?s={search_term_string}\"},\"query-input\":{\"@type\":\"PropertyValueSpecification\",\"valueRequired\":true,\"valueName\":\"search_term_string\"}}],\"inLanguage\":\"fr-FR\"},{\"@type\":\"Organization\",\"@id\":\"https:\\\/\\\/slacktivity.ch\\\/fr\\\/#organization\",\"name\":\"SLACKTIVITY Slackline Shop Schweiz\",\"url\":\"https:\\\/\\\/slacktivity.ch\\\/fr\\\/\",\"logo\":{\"@type\":\"ImageObject\",\"inLanguage\":\"fr-FR\",\"@id\":\"https:\\\/\\\/slacktivity.ch\\\/fr\\\/#\\\/schema\\\/logo\\\/image\\\/\",\"url\":\"https:\\\/\\\/slacktivity.ch\\\/wp-content\\\/uploads\\\/2021\\\/01\\\/slacktivity-slackline-online-shop-1.png\",\"contentUrl\":\"https:\\\/\\\/slacktivity.ch\\\/wp-content\\\/uploads\\\/2021\\\/01\\\/slacktivity-slackline-online-shop-1.png\",\"width\":200,\"height\":77,\"caption\":\"SLACKTIVITY Slackline Shop Schweiz\"},\"image\":{\"@id\":\"https:\\\/\\\/slacktivity.ch\\\/fr\\\/#\\\/schema\\\/logo\\\/image\\\/\"}}]}<\/script>\n<!-- \/ Yoast SEO plugin. -->","yoast_head_json":{"title":"pinkTube Sangle Slackline | acheter chez SLACKTIVITY Slackline Suisse","description":"Die pinkTube Slackline setzt neue Massst\u00e4be im Highline-Freestyle. Super angenehmes & verspieltes Dehnverhalten, extremer Bounce.","robots":{"index":"index","follow":"follow","max-snippet":"max-snippet:-1","max-image-preview":"max-image-preview:large","max-video-preview":"max-video-preview:-1"},"canonical":"https:\/\/slacktivity.ch\/fr\/shop\/pinktube-sangle-slackline-30m-200m\/","og_locale":"fr_FR","og_type":"article","og_title":"pinkTube Sangle Slackline | acheter chez SLACKTIVITY Slackline Suisse","og_description":"Die pinkTube Slackline setzt neue Massst\u00e4be im Highline-Freestyle. Super angenehmes & verspieltes Dehnverhalten, extremer Bounce.","og_url":"https:\/\/slacktivity.ch\/fr\/shop\/pinktube-sangle-slackline-30m-200m\/","og_site_name":"SLACKTIVITY Slackline Shop Schweiz","article_modified_time":"2023-01-19T11:14:50+00:00","og_image":[{"width":1180,"height":1377,"url":"https:\/\/slacktivity.ch\/wp-content\/uploads\/2021\/02\/pinktube.jpg","type":"image\/jpeg"}],"twitter_card":"summary_large_image","twitter_misc":{"Dur\u00e9e de lecture estim\u00e9e":"9 minutes"},"schema":{"@context":"https:\/\/schema.org","@graph":[{"@type":"WebPage","@id":"https:\/\/slacktivity.ch\/fr\/shop\/pinktube-sangle-slackline-30m-200m\/","url":"https:\/\/slacktivity.ch\/fr\/shop\/pinktube-sangle-slackline-30m-200m\/","name":"pinkTube Sangle Slackline | acheter chez SLACKTIVITY Slackline Suisse","isPartOf":{"@id":"https:\/\/slacktivity.ch\/fr\/#website"},"primaryImageOfPage":{"@id":"https:\/\/slacktivity.ch\/fr\/shop\/pinktube-sangle-slackline-30m-200m\/#primaryimage"},"image":{"@id":"https:\/\/slacktivity.ch\/fr\/shop\/pinktube-sangle-slackline-30m-200m\/#primaryimage"},"thumbnailUrl":"https:\/\/slacktivity.ch\/wp-content\/uploads\/2021\/02\/pinktube.jpg","datePublished":"2021-02-22T15:53:58+00:00","dateModified":"2023-01-19T11:14:50+00:00","description":"Die pinkTube Slackline setzt neue Massst\u00e4be im Highline-Freestyle. Super angenehmes & verspieltes Dehnverhalten, extremer Bounce.","breadcrumb":{"@id":"https:\/\/slacktivity.ch\/fr\/shop\/pinktube-sangle-slackline-30m-200m\/#breadcrumb"},"inLanguage":"fr-FR","potentialAction":[{"@type":"ReadAction","target":["https:\/\/slacktivity.ch\/fr\/shop\/pinktube-sangle-slackline-30m-200m\/"]}]},{"@type":"ImageObject","inLanguage":"fr-FR","@id":"https:\/\/slacktivity.ch\/fr\/shop\/pinktube-sangle-slackline-30m-200m\/#primaryimage","url":"https:\/\/slacktivity.ch\/wp-content\/uploads\/2021\/02\/pinktube.jpg","contentUrl":"https:\/\/slacktivity.ch\/wp-content\/uploads\/2021\/02\/pinktube.jpg","width":1180,"height":1377,"caption":"pinktube"},{"@type":"BreadcrumbList","@id":"https:\/\/slacktivity.ch\/fr\/shop\/pinktube-sangle-slackline-30m-200m\/#breadcrumb","itemListElement":[{"@type":"ListItem","position":1,"name":"Home","item":"https:\/\/slacktivity.ch\/fr\/"},{"@type":"ListItem","position":2,"name":"Boutique","item":"https:\/\/slacktivity.ch\/fr\/boutique\/"},{"@type":"ListItem","position":3,"name":"pinkTube Sangle Slackline | 30m &#8211; 200m"}]},{"@type":"WebSite","@id":"https:\/\/slacktivity.ch\/fr\/#website","url":"https:\/\/slacktivity.ch\/fr\/","name":"SLACKTIVITY Slackline Shop Schweiz","description":"Ensembles de slackline de haute qualit\u00e9 avec montage facile, produits innovants Highline et accessoires de slackline acheter en ligne. Pour les enfants, les d\u00e9butants et les professionnels.","publisher":{"@id":"https:\/\/slacktivity.ch\/fr\/#organization"},"potentialAction":[{"@type":"SearchAction","target":{"@type":"EntryPoint","urlTemplate":"https:\/\/slacktivity.ch\/fr\/?s={search_term_string}"},"query-input":{"@type":"PropertyValueSpecification","valueRequired":true,"valueName":"search_term_string"}}],"inLanguage":"fr-FR"},{"@type":"Organization","@id":"https:\/\/slacktivity.ch\/fr\/#organization","name":"SLACKTIVITY Slackline Shop Schweiz","url":"https:\/\/slacktivity.ch\/fr\/","logo":{"@type":"ImageObject","inLanguage":"fr-FR","@id":"https:\/\/slacktivity.ch\/fr\/#\/schema\/logo\/image\/","url":"https:\/\/slacktivity.ch\/wp-content\/uploads\/2021\/01\/slacktivity-slackline-online-shop-1.png","contentUrl":"https:\/\/slacktivity.ch\/wp-content\/uploads\/2021\/01\/slacktivity-slackline-online-shop-1.png","width":200,"height":77,"caption":"SLACKTIVITY Slackline Shop Schweiz"},"image":{"@id":"https:\/\/slacktivity.ch\/fr\/#\/schema\/logo\/image\/"}}]}},"_links":{"self":[{"href":"https:\/\/slacktivity.ch\/fr\/wp-json\/wp\/v2\/product\/9918","targetHints":{"allow":["GET"]}}],"collection":[{"href":"https:\/\/slacktivity.ch\/fr\/wp-json\/wp\/v2\/product"}],"about":[{"href":"https:\/\/slacktivity.ch\/fr\/wp-json\/wp\/v2\/types\/product"}],"replies":[{"embeddable":true,"href":"https:\/\/slacktivity.ch\/fr\/wp-json\/wp\/v2\/comments?post=9918"}],"wp:featuredmedia":[{"embeddable":true,"href":"https:\/\/slacktivity.ch\/fr\/wp-json\/wp\/v2\/media\/6368"}],"wp:attachment":[{"href":"https:\/\/slacktivity.ch\/fr\/wp-json\/wp\/v2\/media?parent=9918"}],"wp:term":[{"taxonomy":"product_cat","embeddable":true,"href":"https:\/\/slacktivity.ch\/fr\/wp-json\/wp\/v2\/product_cat?post=9918"},{"taxonomy":"product_tag","embeddable":true,"href":"https:\/\/slacktivity.ch\/fr\/wp-json\/wp\/v2\/product_tag?post=9918"}],"curies":[{"name":"wp","href":"https:\/\/api.w.org\/{rel}","templated":true}]}}