{"id":9938,"date":"2021-02-22T15:55:33","date_gmt":"2021-02-22T15:55:33","guid":{"rendered":"https:\/\/slacktivity.ch\/shop\/lsdtube\/"},"modified":"2023-12-02T12:24:37","modified_gmt":"2023-12-02T10:24:37","slug":"lsdtube","status":"publish","type":"product","link":"https:\/\/slacktivity.ch\/fr\/shop\/lsdtube\/","title":{"rendered":"LSDTube Sangle Slackline | 30m &#8211; 80m"},"content":{"rendered":"<h2>LSDTube &#8211; le trip dans ton monde de couleurs de la slackline<\/h2>\n<p>La <strong>LSDTube<\/strong> est la sangle la plus color\u00e9e de l&rsquo;univers de la slackline. Nous avons appliqu\u00e9 l&rsquo;arc-en-ciel complet sur la sangle de slackline gr\u00e2ce \u00e0 un proc\u00e9d\u00e9 d&rsquo;impression par sublimation et transfert thermique complexe. Cette sangle ne convainc pas seulement par son aspect visuel, mais aussi par ses performances. Avec un poids de seulement 49,5 g\/m, elle est super l\u00e9g\u00e8re \u00e0 porter et offre en outre des propri\u00e9t\u00e9s de marche agr\u00e9ables (les sangles l\u00e9g\u00e8res sont plus faciles \u00e0 marcher que les sangles lourdes, car le syst\u00e8me de slackline est moins lourd). La LSDTube s&rsquo;inspire de la PinkTube, le plus grand succ\u00e8s en mati\u00e8re de Long\/Highline-Trick-Webbing. Il a donc \u00e9galement une \u00e9lasticit\u00e9 extr\u00eamement \u00e9lev\u00e9e, ce qui en fait une sangle tr\u00e8s ludique qui se pr\u00eate extr\u00eamement bien au rebond, au slackline yoga et au surf. Dans l&rsquo;ensemble, le rebond est un peu plus doux que celui de la <a href=\"\/shop\/pinktube\">pinkTube<\/a>. En raison du proc\u00e9d\u00e9 d&rsquo;impression, la surface est tr\u00e8s fine. Apr\u00e8s quelques sessions, la sangle LSDTube devient un peu plus rugueuse, ce qui lui conf\u00e8re une meilleure adh\u00e9rence.<\/p>\n<h3>Sp\u00e9cification LSDTube<\/h3>\n<ul>\n<li>Mat\u00e9riau : sangle tubulaire en nylon (polyamide, PA<\/li>\n<li>Largeur : 25.5mm<\/li>\n<li>Elongation : 2.7% \u00e0 1kN, 6.3% \u00e0 2kN (tension highline la plus fr\u00e9quente), 8.5% \u00e0 3kN, 10.2% \u00e0 4kN (tension park id\u00e9ale), 12.3% \u00e0 5kN, 18% \u00e0 10kN &#8211; high-stretch pour les gros rebonds et surfs<\/li>\n<li>MBS sangle : <strong>25kN<\/strong> (r\u00e9sultats des tests batch 2020 : 25.6kN, 26.0kN, 26.1kN \/ batch 2021 : 26.0kN, 26.1kN)<\/li>\n<li>MBS MainLoops : 18kN+, MBS BackupLoop : 12kN+<\/li>\n<li>Poids : 49.5g\/m<\/li>\n<\/ul>\n<h3>Features<\/h3>\n<ul>\n<li>La sangle la plus color\u00e9e du march\u00e9 avec des propri\u00e9t\u00e9s d&rsquo;\u00e9tirement super high-stretch<\/li>\n<li>Slackline avec Loops &#8211; boucle finale cousue pour un montage efficace aux deux bouts<\/li>\n<li>BackupLoop (version A), pour un backup suppl\u00e9mentaire de la boucle finale cousue<\/li>\n<\/ul>\n<p>.<\/p>\n<h3>Version A<\/h3>\n<p>La version A de la\u00a0 LSDTube poss\u00e8de \u00e0 un bout une boucle finale cousue classique et \u00e0 l&rsquo;autre bout une MainLoop (boucle finale) avec BackupLoop. Attention ! Seule la MainLoop peut \u00eatre charg\u00e9e directement et la BackupLoop ne peut \u00eatre utilis\u00e9e que comme backup.<\/p>\n<h4><strong>Avant d&rsquo;utiliser ce produit, il faut lire et comprendre le(s) mode(s) d&#8217;emploi (PDF \u00e0 t\u00e9l\u00e9charger) <\/strong><\/h4>\n","protected":false},"excerpt":{"rendered":"<p>Fais entrer l&rsquo;arc-en-ciel dans ton monde de slackline avec la LSDTube. Un maximum d&rsquo;espi\u00e8glerie est garanti, tant sur le plan visuel que dans la performance de slackline. Cette slackline l\u00e9gere et extr\u00eamement extensible est id\u00e9al pour se d\u00e9fouler de mani\u00e8re cr\u00e9ative, que ce soit avec des walks m\u00e9ditatifs ou des sessions de rebond et de surf intenses.<\/p>\n","protected":false},"featured_media":6356,"comment_status":"open","ping_status":"closed","template":"","meta":{"_acf_changed":false,"_joinchat":[]},"product_cat":[728,729,727,655],"product_tag":[744,726,740,730],"class_list":{"0":"post-9938","1":"product","2":"type-product","3":"status-publish","4":"has-post-thumbnail","6":"product_cat-sangle-highline","7":"product_cat-sangle-longline","8":"product_cat-sangle-slackline","9":"product_cat-sangles","10":"product_tag-25mm-webbing-fr","11":"product_tag-highline-fr-2","12":"product_tag-nylon-fr","13":"product_tag-sangle-tubulaire","14":"pa_brand-slacktivity-fr","16":"first","17":"instock","18":"taxable","19":"shipping-taxable","20":"purchasable","21":"product-type-variable","22":"has-default-attributes"},"acf":[],"yoast_head":"<!-- This site is optimized with the Yoast SEO plugin v27.3 - https:\/\/yoast.com\/product\/yoast-seo-wordpress\/ -->\n<title>LSDTube Sangle Slackline 30m - 100m | acheter chez SLACKTIVITY Suisse<\/title>\n<meta name=\"description\" content=\"L&#039;espi\u00e8glerie visuelle color\u00e9e se retrouve \u00e0 100% dans les caract\u00e9ristiques de la sangle LSDTube en slackline. More color - more fun !\" \/>\n<meta name=\"robots\" content=\"index, follow, max-snippet:-1, max-image-preview:large, max-video-preview:-1\" \/>\n<link rel=\"canonical\" href=\"https:\/\/slacktivity.ch\/fr\/shop\/lsdtube\/\" \/>\n<meta property=\"og:locale\" content=\"fr_FR\" \/>\n<meta property=\"og:type\" content=\"article\" \/>\n<meta property=\"og:title\" content=\"LSDTube Sangle Slackline 30m - 100m | acheter chez SLACKTIVITY Suisse\" \/>\n<meta property=\"og:description\" content=\"L&#039;espi\u00e8glerie visuelle color\u00e9e se retrouve \u00e0 100% dans les caract\u00e9ristiques de la sangle LSDTube en slackline. More color - more fun !\" \/>\n<meta property=\"og:url\" content=\"https:\/\/slacktivity.ch\/fr\/shop\/lsdtube\/\" \/>\n<meta property=\"og:site_name\" content=\"SLACKTIVITY Slackline Shop Schweiz\" \/>\n<meta property=\"article:modified_time\" content=\"2023-12-02T10:24:37+00:00\" \/>\n<meta property=\"og:image\" content=\"https:\/\/slacktivity.ch\/wp-content\/uploads\/2021\/02\/lsdtube.jpg\" \/>\n\t<meta property=\"og:image:width\" content=\"1180\" \/>\n\t<meta property=\"og:image:height\" content=\"1377\" \/>\n\t<meta property=\"og:image:type\" content=\"image\/jpeg\" \/>\n<meta name=\"twitter:card\" content=\"summary_large_image\" \/>\n<meta name=\"twitter:label1\" content=\"Dur\u00e9e de lecture estim\u00e9e\" \/>\n\t<meta name=\"twitter:data1\" content=\"2 minutes\" \/>\n<script type=\"application\/ld+json\" class=\"yoast-schema-graph\">{\"@context\":\"https:\\\/\\\/schema.org\",\"@graph\":[{\"@type\":\"WebPage\",\"@id\":\"https:\\\/\\\/slacktivity.ch\\\/fr\\\/shop\\\/lsdtube\\\/\",\"url\":\"https:\\\/\\\/slacktivity.ch\\\/fr\\\/shop\\\/lsdtube\\\/\",\"name\":\"LSDTube Sangle Slackline 30m - 100m | acheter chez SLACKTIVITY Suisse\",\"isPartOf\":{\"@id\":\"https:\\\/\\\/slacktivity.ch\\\/fr\\\/#website\"},\"primaryImageOfPage\":{\"@id\":\"https:\\\/\\\/slacktivity.ch\\\/fr\\\/shop\\\/lsdtube\\\/#primaryimage\"},\"image\":{\"@id\":\"https:\\\/\\\/slacktivity.ch\\\/fr\\\/shop\\\/lsdtube\\\/#primaryimage\"},\"thumbnailUrl\":\"https:\\\/\\\/slacktivity.ch\\\/wp-content\\\/uploads\\\/2021\\\/02\\\/lsdtube.jpg\",\"datePublished\":\"2021-02-22T15:55:33+00:00\",\"dateModified\":\"2023-12-02T10:24:37+00:00\",\"description\":\"L'espi\u00e8glerie visuelle color\u00e9e se retrouve \u00e0 100% dans les caract\u00e9ristiques de la sangle LSDTube en slackline. More color - more fun !\",\"breadcrumb\":{\"@id\":\"https:\\\/\\\/slacktivity.ch\\\/fr\\\/shop\\\/lsdtube\\\/#breadcrumb\"},\"inLanguage\":\"fr-FR\",\"potentialAction\":[{\"@type\":\"ReadAction\",\"target\":[\"https:\\\/\\\/slacktivity.ch\\\/fr\\\/shop\\\/lsdtube\\\/\"]}]},{\"@type\":\"ImageObject\",\"inLanguage\":\"fr-FR\",\"@id\":\"https:\\\/\\\/slacktivity.ch\\\/fr\\\/shop\\\/lsdtube\\\/#primaryimage\",\"url\":\"https:\\\/\\\/slacktivity.ch\\\/wp-content\\\/uploads\\\/2021\\\/02\\\/lsdtube.jpg\",\"contentUrl\":\"https:\\\/\\\/slacktivity.ch\\\/wp-content\\\/uploads\\\/2021\\\/02\\\/lsdtube.jpg\",\"width\":1180,\"height\":1377,\"caption\":\"lsdtube\"},{\"@type\":\"BreadcrumbList\",\"@id\":\"https:\\\/\\\/slacktivity.ch\\\/fr\\\/shop\\\/lsdtube\\\/#breadcrumb\",\"itemListElement\":[{\"@type\":\"ListItem\",\"position\":1,\"name\":\"Home\",\"item\":\"https:\\\/\\\/slacktivity.ch\\\/fr\\\/\"},{\"@type\":\"ListItem\",\"position\":2,\"name\":\"Boutique\",\"item\":\"https:\\\/\\\/slacktivity.ch\\\/fr\\\/boutique\\\/\"},{\"@type\":\"ListItem\",\"position\":3,\"name\":\"LSDTube Sangle Slackline | 30m &#8211; 80m\"}]},{\"@type\":\"WebSite\",\"@id\":\"https:\\\/\\\/slacktivity.ch\\\/fr\\\/#website\",\"url\":\"https:\\\/\\\/slacktivity.ch\\\/fr\\\/\",\"name\":\"SLACKTIVITY Slackline Shop Schweiz\",\"description\":\"Ensembles de slackline de haute qualit\u00e9 avec montage facile, produits innovants Highline et accessoires de slackline acheter en ligne. Pour les enfants, les d\u00e9butants et les professionnels.\",\"publisher\":{\"@id\":\"https:\\\/\\\/slacktivity.ch\\\/fr\\\/#organization\"},\"potentialAction\":[{\"@type\":\"SearchAction\",\"target\":{\"@type\":\"EntryPoint\",\"urlTemplate\":\"https:\\\/\\\/slacktivity.ch\\\/fr\\\/?s={search_term_string}\"},\"query-input\":{\"@type\":\"PropertyValueSpecification\",\"valueRequired\":true,\"valueName\":\"search_term_string\"}}],\"inLanguage\":\"fr-FR\"},{\"@type\":\"Organization\",\"@id\":\"https:\\\/\\\/slacktivity.ch\\\/fr\\\/#organization\",\"name\":\"SLACKTIVITY Slackline Shop Schweiz\",\"url\":\"https:\\\/\\\/slacktivity.ch\\\/fr\\\/\",\"logo\":{\"@type\":\"ImageObject\",\"inLanguage\":\"fr-FR\",\"@id\":\"https:\\\/\\\/slacktivity.ch\\\/fr\\\/#\\\/schema\\\/logo\\\/image\\\/\",\"url\":\"https:\\\/\\\/slacktivity.ch\\\/wp-content\\\/uploads\\\/2021\\\/01\\\/slacktivity-slackline-online-shop-1.png\",\"contentUrl\":\"https:\\\/\\\/slacktivity.ch\\\/wp-content\\\/uploads\\\/2021\\\/01\\\/slacktivity-slackline-online-shop-1.png\",\"width\":200,\"height\":77,\"caption\":\"SLACKTIVITY Slackline Shop Schweiz\"},\"image\":{\"@id\":\"https:\\\/\\\/slacktivity.ch\\\/fr\\\/#\\\/schema\\\/logo\\\/image\\\/\"}}]}<\/script>\n<!-- \/ Yoast SEO plugin. -->","yoast_head_json":{"title":"LSDTube Sangle Slackline 30m - 100m | acheter chez SLACKTIVITY Suisse","description":"L'espi\u00e8glerie visuelle color\u00e9e se retrouve \u00e0 100% dans les caract\u00e9ristiques de la sangle LSDTube en slackline. More color - more fun !","robots":{"index":"index","follow":"follow","max-snippet":"max-snippet:-1","max-image-preview":"max-image-preview:large","max-video-preview":"max-video-preview:-1"},"canonical":"https:\/\/slacktivity.ch\/fr\/shop\/lsdtube\/","og_locale":"fr_FR","og_type":"article","og_title":"LSDTube Sangle Slackline 30m - 100m | acheter chez SLACKTIVITY Suisse","og_description":"L'espi\u00e8glerie visuelle color\u00e9e se retrouve \u00e0 100% dans les caract\u00e9ristiques de la sangle LSDTube en slackline. More color - more fun !","og_url":"https:\/\/slacktivity.ch\/fr\/shop\/lsdtube\/","og_site_name":"SLACKTIVITY Slackline Shop Schweiz","article_modified_time":"2023-12-02T10:24:37+00:00","og_image":[{"width":1180,"height":1377,"url":"https:\/\/slacktivity.ch\/wp-content\/uploads\/2021\/02\/lsdtube.jpg","type":"image\/jpeg"}],"twitter_card":"summary_large_image","twitter_misc":{"Dur\u00e9e de lecture estim\u00e9e":"2 minutes"},"schema":{"@context":"https:\/\/schema.org","@graph":[{"@type":"WebPage","@id":"https:\/\/slacktivity.ch\/fr\/shop\/lsdtube\/","url":"https:\/\/slacktivity.ch\/fr\/shop\/lsdtube\/","name":"LSDTube Sangle Slackline 30m - 100m | acheter chez SLACKTIVITY Suisse","isPartOf":{"@id":"https:\/\/slacktivity.ch\/fr\/#website"},"primaryImageOfPage":{"@id":"https:\/\/slacktivity.ch\/fr\/shop\/lsdtube\/#primaryimage"},"image":{"@id":"https:\/\/slacktivity.ch\/fr\/shop\/lsdtube\/#primaryimage"},"thumbnailUrl":"https:\/\/slacktivity.ch\/wp-content\/uploads\/2021\/02\/lsdtube.jpg","datePublished":"2021-02-22T15:55:33+00:00","dateModified":"2023-12-02T10:24:37+00:00","description":"L'espi\u00e8glerie visuelle color\u00e9e se retrouve \u00e0 100% dans les caract\u00e9ristiques de la sangle LSDTube en slackline. More color - more fun !","breadcrumb":{"@id":"https:\/\/slacktivity.ch\/fr\/shop\/lsdtube\/#breadcrumb"},"inLanguage":"fr-FR","potentialAction":[{"@type":"ReadAction","target":["https:\/\/slacktivity.ch\/fr\/shop\/lsdtube\/"]}]},{"@type":"ImageObject","inLanguage":"fr-FR","@id":"https:\/\/slacktivity.ch\/fr\/shop\/lsdtube\/#primaryimage","url":"https:\/\/slacktivity.ch\/wp-content\/uploads\/2021\/02\/lsdtube.jpg","contentUrl":"https:\/\/slacktivity.ch\/wp-content\/uploads\/2021\/02\/lsdtube.jpg","width":1180,"height":1377,"caption":"lsdtube"},{"@type":"BreadcrumbList","@id":"https:\/\/slacktivity.ch\/fr\/shop\/lsdtube\/#breadcrumb","itemListElement":[{"@type":"ListItem","position":1,"name":"Home","item":"https:\/\/slacktivity.ch\/fr\/"},{"@type":"ListItem","position":2,"name":"Boutique","item":"https:\/\/slacktivity.ch\/fr\/boutique\/"},{"@type":"ListItem","position":3,"name":"LSDTube Sangle Slackline | 30m &#8211; 80m"}]},{"@type":"WebSite","@id":"https:\/\/slacktivity.ch\/fr\/#website","url":"https:\/\/slacktivity.ch\/fr\/","name":"SLACKTIVITY Slackline Shop Schweiz","description":"Ensembles de slackline de haute qualit\u00e9 avec montage facile, produits innovants Highline et accessoires de slackline acheter en ligne. Pour les enfants, les d\u00e9butants et les professionnels.","publisher":{"@id":"https:\/\/slacktivity.ch\/fr\/#organization"},"potentialAction":[{"@type":"SearchAction","target":{"@type":"EntryPoint","urlTemplate":"https:\/\/slacktivity.ch\/fr\/?s={search_term_string}"},"query-input":{"@type":"PropertyValueSpecification","valueRequired":true,"valueName":"search_term_string"}}],"inLanguage":"fr-FR"},{"@type":"Organization","@id":"https:\/\/slacktivity.ch\/fr\/#organization","name":"SLACKTIVITY Slackline Shop Schweiz","url":"https:\/\/slacktivity.ch\/fr\/","logo":{"@type":"ImageObject","inLanguage":"fr-FR","@id":"https:\/\/slacktivity.ch\/fr\/#\/schema\/logo\/image\/","url":"https:\/\/slacktivity.ch\/wp-content\/uploads\/2021\/01\/slacktivity-slackline-online-shop-1.png","contentUrl":"https:\/\/slacktivity.ch\/wp-content\/uploads\/2021\/01\/slacktivity-slackline-online-shop-1.png","width":200,"height":77,"caption":"SLACKTIVITY Slackline Shop Schweiz"},"image":{"@id":"https:\/\/slacktivity.ch\/fr\/#\/schema\/logo\/image\/"}}]}},"_links":{"self":[{"href":"https:\/\/slacktivity.ch\/fr\/wp-json\/wp\/v2\/product\/9938","targetHints":{"allow":["GET"]}}],"collection":[{"href":"https:\/\/slacktivity.ch\/fr\/wp-json\/wp\/v2\/product"}],"about":[{"href":"https:\/\/slacktivity.ch\/fr\/wp-json\/wp\/v2\/types\/product"}],"replies":[{"embeddable":true,"href":"https:\/\/slacktivity.ch\/fr\/wp-json\/wp\/v2\/comments?post=9938"}],"wp:featuredmedia":[{"embeddable":true,"href":"https:\/\/slacktivity.ch\/fr\/wp-json\/wp\/v2\/media\/6356"}],"wp:attachment":[{"href":"https:\/\/slacktivity.ch\/fr\/wp-json\/wp\/v2\/media?parent=9938"}],"wp:term":[{"taxonomy":"product_cat","embeddable":true,"href":"https:\/\/slacktivity.ch\/fr\/wp-json\/wp\/v2\/product_cat?post=9938"},{"taxonomy":"product_tag","embeddable":true,"href":"https:\/\/slacktivity.ch\/fr\/wp-json\/wp\/v2\/product_tag?post=9938"}],"curies":[{"name":"wp","href":"https:\/\/api.w.org\/{rel}","templated":true}]}}