{"id":9942,"date":"2021-02-22T15:53:59","date_gmt":"2021-02-22T15:53:59","guid":{"rendered":"https:\/\/slacktivity.ch\/shop\/redtube-sangle-slackline-30m-200m\/"},"modified":"2023-01-19T12:45:59","modified_gmt":"2023-01-19T10:45:59","slug":"redtube-30m-200m","status":"publish","type":"product","link":"https:\/\/slacktivity.ch\/fr\/shop\/redtube-30m-200m\/","title":{"rendered":"redTube Sangle Slackline | 30m &#8211; 200m"},"content":{"rendered":"<h2>redTube A &#8211; la premi\u00e8re sangle highline certifi\u00e9e ISA<\/h2>\n<p>La <strong>redTube<\/strong> offre un grand effet d&rsquo;entra\u00eenement et est l&rsquo;une des sangles de highline et de slackline avec la plus grande \u00e9longation et en m\u00eame temps les plus agr\u00e9ables sur le march\u00e9. Gr\u00e2ce \u00e0 sa grande \u00e9lasticit\u00e9, elle est parfaite pour rebondir, mais aussi pour surfer et permet des chutes en douceur sur des highlines plus courtes (la longueur minimale recommand\u00e9e en highline pour cette sangle est de 20 m). La redTube se distingue par une charge de rupture tr\u00e8s \u00e9lev\u00e9e d&rsquo;au moins 36kN. C&rsquo;est une sangle extr\u00eamement robuste et durable avec des r\u00e9serves de s\u00e9curit\u00e9 \u00e9lev\u00e9es. C&rsquo;est donc la ligne parfaite pour les slackliners qui recherchent une sangle stimulante avec un maximum de lucidit\u00e9, des r\u00e9serves de s\u00e9curit\u00e9 \u00e9lev\u00e9es et des bords souples.<\/p>\n<p>La version A de la redTube est la premi\u00e8re sangle highline certifi\u00e9e selon la norme de s\u00e9curit\u00e9 ISA:41 sur le march\u00e9. La redTube a \u00e9t\u00e9 homologu\u00e9e pour la deuxi\u00e8me classe de r\u00e9sistance la plus \u00e9lev\u00e9e \u00ab\u00a0A (MBS 30+kN, boucles cousues MBS 24+kN)\u00a0\u00bb et est donc id\u00e9ale pour une utilisation intensive lors de festivals de slackline o\u00f9 des r\u00e9serves de s\u00e9curit\u00e9 \u00e9lev\u00e9es sont requises. La sangle redTube est \u00e9galement super adapt\u00e9e aux installations permanentes de highline. C&rsquo;est justement dans la plage d&rsquo;utilisation typique de 2-4kN que le redTube a le plus d&rsquo;allongement, c&rsquo;est pourquoi il permet des chutes en leash tr\u00e8s souples, sp\u00e9cialement dans cette zone, ce qui rend l&rsquo;initiation \u00e0 la highline beaucoup plus agr\u00e9able.<\/p>\n<h3>Remarque sur la mise en place du redTube avec la poulie HangOver<\/h3>\n<p>Pour le montage d&rsquo;une highline, la m\u00e9thode HangOver-Pulley est clairement the way to go. La plupart des highlines sont tendues avec un rapport 3:1, 5:1 ou 9:1 de cette m\u00e9thode. La Slackline redTube est en nylon et pr\u00e9sente une grande \u00e9lasticit\u00e9. Dans le parc, les \u00e9lingues d&rsquo;arbres doivent donc \u00eatre plac\u00e9es \u00e0 une hauteur plus \u00e9lev\u00e9e que pour les sangles moins extensibles (20-30m de longueur = env. 2m de hauteur \/ 30-50m de longueur = env. 2-4m de hauteur). La longueur de la tension et la hauteur du point fixe d\u00e9pendent de ce que l&rsquo;on veut faire sur la slackline, de son poids et du nombre d&rsquo;amis qui aident \u00e0 le tendre. Comme SLACKTIVITY essaie toujours d&rsquo;harmoniser parfaitement tous ses produits Slackline, il est recommand\u00e9 d&rsquo;utiliser la redTube avec le Weblock <a href=\"\/shop\/slacktivity-seahorse\">seaHorse<\/a>. Cela garantit une efficacit\u00e9 maximale lors du hissage.<\/p>\n<h3>Sp\u00e9cifications<\/h3>\n<ul>\n<li>Mat\u00e9riau : sangle tubulaire en nylon<\/li>\n<li>Largeur : 26mm<\/li>\n<li>Gewicht: 76g\/m<\/li>\n<li>Dehnung: <strong>18.6%<\/strong> bei 10kN | 1kN: <strong>1.1%<\/strong>, 2kN: <strong>3.1%<\/strong>, 3kN: <strong>6.6%<\/strong>, 4kN: <strong>9.6%<\/strong>, 5kN: <strong>11.6%<\/strong><\/li>\n<li>ISA Highline-Webbing Strength-Class: A (Seulement Typ A est certifi\u00e9 ISA)<\/li>\n<li class=\"fproduct\">MBS (Minimum Breaking Strength) <b>Sangle <\/b>(Batch 2020): <strong>36.9kN<\/strong><\/li>\n<li class=\"fproduct\">MBS Main-Loop (Batch 2020): 32kN<\/li>\n<li class=\"fproduct\">MBS Backup-Loop (Batch 2020): 16kN<\/li>\n<li>MBS T-Loop (Batch 2020): 13.6kN<\/li>\n<\/ul>\n<p>Pour information : les valeurs de charge de rupture list\u00e9es ici diff\u00e8rent en partie de celles indiqu\u00e9es dans le manuel d&rsquo;utilisation. Ici, ce sont les valeurs MBS effectivement mesur\u00e9es pour le lot correspondant qui sont list\u00e9es. Dans le manuel d&rsquo;utilisation, ce sont les valeurs MBS minimales n\u00e9cessaires pour obtenir la certification ISA.<\/p>\n<h3>Caract\u00e9ristiques de la redTube<\/h3>\n<ul>\n<li>Une sangle tr\u00e8s robuste et durable<\/li>\n<li>Cartes arrondies et douces<\/li>\n<li>Slackline avec boucles &#8211; EndLoops cousues aux deux bouts pour un montage efficace<\/li>\n<li><strong>Backup-Loop<\/strong> (version A+B), T-Loops (version B) pour plus de s\u00e9curit\u00e9<\/li>\n<\/ul>\n<figure id=\"attachment_6571\" aria-describedby=\"caption-attachment-6571\" style=\"width: 223px\" class=\"wp-caption alignleft\"><img decoding=\"async\" class=\"wp-image-6573 lazyload\" data-src=\"https:\/\/slacktivity.ch\/wp-content\/uploads\/2021\/02\/isa-zertifiziert-highline-band-a.jpg\" alt=\"isa certifie highline band a\" width=\"223\" height=\"223\" data-srcset=\"https:\/\/slacktivity.ch\/wp-content\/uploads\/2021\/02\/isa-zertifiziert-highline-band-a.jpg 283w, https:\/\/slacktivity.ch\/wp-content\/uploads\/2021\/02\/isa-zertifiziert-highline-band-a-150x150.jpg 150w, https:\/\/slacktivity.ch\/wp-content\/uploads\/2021\/02\/isa-zertifiziert-highline-band-a-70x70.jpg 70w, https:\/\/slacktivity.ch\/wp-content\/uploads\/2021\/02\/isa-zertifiziert-highline-band-a-100x100.jpg 100w\" data-sizes=\"(max-width: 223px) 100vw, 223px\" src=\"data:image\/svg+xml;base64,PHN2ZyB3aWR0aD0iMSIgaGVpZ2h0PSIxIiB4bWxucz0iaHR0cDovL3d3dy53My5vcmcvMjAwMC9zdmciPjwvc3ZnPg==\" style=\"--smush-placeholder-width: 223px; --smush-placeholder-aspect-ratio: 223\/223;\" \/><figcaption id=\"caption-attachment-6571\" class=\"wp-caption-text\">Certificat ISA<\/figcaption><\/figure>\n<h3>Version A &#8211; Certifi\u00e9 selon la norme ISA 41 (ISA = International Slackline Association)<\/h3>\n<p>Poss\u00e8de \u00e0 un bout une boucle finale cousue classiquement et \u00e0 l&rsquo;autre bout une boucle principale (main loop) avec une boucle de secours (backup loop). Attention ! Seule la boucle principale peut \u00eatre charg\u00e9e directement et la boucle de backup ne peut \u00eatre utilis\u00e9e que comme backup.<\/p>\n<h3><\/h3>\n<h3>Version B<\/h3>\n<p>Poss\u00e8de en plus 4 T-Loops par sangle.<\/p>\n<h4>Avantages des T-Loops<\/h4>\n<ul>\n<li>Fonctionnent comme de petits amortisseurs de vent pour la slackline dans le parc en cas de vent<\/li>\n<li>Peuvent \u00eatre utilis\u00e9s pour relier la Main-Line \u00e0 la Backup-Line. Les Quicklinks de 6-8 mm conviennent \u00e0 cet effet.<\/li>\n<li>Tiennent ensemble la ligne principale et de la ligne de backup en cas de temp\u00eate<\/li>\n<li>Dans le cas improbable d&rsquo;une casse de la ligne principale, la chute dans la ligne de backup est beaucoup plus courte et plus douce que pour les lignes de backup classiques. Plus d&rsquo;infos dans cette <a href=\"https:\/\/www.youtube.com\/watch?v=xcO1LXoOsfk\" target=\"_blank\" rel=\"noopener\">Video<\/a>.<\/li>\n<li>Le type de backup et ca longueur peuvent \u00eatre adapt\u00e9s d\u00e9pendent du projet et de la tension de la slackline.<\/li>\n<\/ul>\n<p><strong>Conseil<\/strong> : le backup est fix\u00e9 de pr\u00e9f\u00e9rence par un n\u0153ud avec des QuickLinks de 6-8 mm sur les T-Loops. Pour que le n\u0153ud soit le plus petit possible et que le Leashring passe bien par-dessus, il faut utiliser comme backup une sangle comme par exemple la halfMarathon. Ensuite, taper proprement le T-Loop, le QuickLink avec le n\u0153ud sur la Main-Line. Tu trouveras ici la charge de rupture des n\u0153uds de diff\u00e9rents Webbings Slacktivity.<\/p>\n<p><strong>Remarques:<\/strong> Le passage du leash peut \u00eatre plus difficile avec de petits leashrings et de grands n\u0153uds avec des sangles larges. Pour faire passer le T-Loop dans le poulie HangOver, il faut improviser un syst\u00e8me de poulie suppl\u00e9mentaire. Ce probl\u00e8me peut \u00eatre \u00e9vit\u00e9 en veillant \u00e0 ce qu&rsquo;il y ait suffisamment de distance entre le T-loop et le weblock lors du montage. En principe, il est m\u00eame possible de tirer un T-Loop directement \u00e0 travers le weblock &#8211; mais il n&rsquo;est pas exclu que l&rsquo;endroit soit alors l\u00e9g\u00e8rement endommag\u00e9.<\/p>\n<div class=\"iframe-container\"><iframe data-src=\"https:\/\/www.youtube.com\/embed\/aeCYuQpMMs8\" width=\"560\" height=\"315\" frameborder=\"0\" allowfullscreen=\"allowfullscreen\" src=\"data:image\/svg+xml;base64,PHN2ZyB3aWR0aD0iMSIgaGVpZ2h0PSIxIiB4bWxucz0iaHR0cDovL3d3dy53My5vcmcvMjAwMC9zdmciPjwvc3ZnPg==\" class=\"lazyload\" data-load-mode=\"1\"><\/iframe><\/div>\n<div class=\"iframe-container\"><iframe data-src=\"https:\/\/www.youtube.com\/embed\/xcO1LXoOsfk\" width=\"560\" height=\"315\" frameborder=\"0\" allowfullscreen=\"allowfullscreen\" src=\"data:image\/svg+xml;base64,PHN2ZyB3aWR0aD0iMSIgaGVpZ2h0PSIxIiB4bWxucz0iaHR0cDovL3d3dy53My5vcmcvMjAwMC9zdmciPjwvc3ZnPg==\" class=\"lazyload\" data-load-mode=\"1\"><\/iframe><\/div>\n<h3>Poids des diff\u00e9rents longueurs<\/h3>\n<ul>\n<li>30m redTube: 2.28kg<\/li>\n<li>50m redTube: 3.8kg<\/li>\n<li>80m redTube: 6.08kg<\/li>\n<li>100m redTube: 7.60kg<\/li>\n<li>150m redTube: 11.4kg<\/li>\n<li>200m redTube: 15.2kg<\/li>\n<\/ul>\n<h4><strong>Vor Gebrauch dieses Produktes, m\u00fcssen die Bedienungsanleitung\/-en (PDF zum download) beachtet und verstanden werden.<\/strong><\/h4>\n","protected":false},"excerpt":{"rendered":"<p>La slackline d&rsquo;entra\u00eenement parfaite. La sangle tubulaire en <strong>nylon (polyamide) redTube<\/strong> est la slackline parfaite pour tous ceux qui aiment les sangles souples \u00e0 fort allongement. La version A est test\u00e9e selon la norme de s\u00e9curit\u00e9 ISA:41 et autoris\u00e9e pour le highline.<\/p>\n","protected":false},"featured_media":6544,"comment_status":"open","ping_status":"closed","template":"","meta":{"_acf_changed":false,"_joinchat":[]},"product_cat":[725,728,729,727,655],"product_tag":[677,739,740,730],"class_list":{"0":"post-9942","1":"product","2":"type-product","3":"status-publish","4":"has-post-thumbnail","6":"product_cat-isa-equipement-certifie","7":"product_cat-sangle-highline","8":"product_cat-sangle-longline","9":"product_cat-sangle-slackline","10":"product_cat-sangles","11":"product_tag-highline-fr","12":"product_tag-longline-fr","13":"product_tag-nylon-fr","14":"product_tag-sangle-tubulaire","16":"first","17":"instock","18":"sale","19":"taxable","20":"shipping-taxable","21":"purchasable","22":"product-type-variable","23":"has-default-attributes"},"acf":[],"yoast_head":"<!-- This site is optimized with the Yoast SEO plugin v27.3 - https:\/\/yoast.com\/product\/yoast-seo-wordpress\/ -->\n<title>redTube Slacklineband | acheter chez SLACKTIVITY Slackline Suisse<\/title>\n<meta name=\"description\" content=\"La slackline redTube est g\u00e9nial pour faire du surf, du bounce et de la Highline. Sangle en Nylon avec 18% d&#039;elongation. Pour un effet d&#039;entrainement maximale.\" \/>\n<meta name=\"robots\" content=\"index, follow, max-snippet:-1, max-image-preview:large, max-video-preview:-1\" \/>\n<link rel=\"canonical\" href=\"https:\/\/slacktivity.ch\/fr\/shop\/redtube-30m-200m\/\" \/>\n<meta property=\"og:locale\" content=\"fr_FR\" \/>\n<meta property=\"og:type\" content=\"article\" \/>\n<meta property=\"og:title\" content=\"redTube Slacklineband | acheter chez SLACKTIVITY Slackline Suisse\" \/>\n<meta property=\"og:description\" content=\"La slackline redTube est g\u00e9nial pour faire du surf, du bounce et de la Highline. Sangle en Nylon avec 18% d&#039;elongation. Pour un effet d&#039;entrainement maximale.\" \/>\n<meta property=\"og:url\" content=\"https:\/\/slacktivity.ch\/fr\/shop\/redtube-30m-200m\/\" \/>\n<meta property=\"og:site_name\" content=\"SLACKTIVITY Slackline Shop Schweiz\" \/>\n<meta property=\"article:modified_time\" content=\"2023-01-19T10:45:59+00:00\" \/>\n<meta property=\"og:image\" content=\"https:\/\/slacktivity.ch\/wp-content\/uploads\/2021\/02\/redtube-slackline.jpg\" \/>\n\t<meta property=\"og:image:width\" content=\"1180\" \/>\n\t<meta property=\"og:image:height\" content=\"1377\" \/>\n\t<meta property=\"og:image:type\" content=\"image\/jpeg\" \/>\n<meta name=\"twitter:card\" content=\"summary_large_image\" \/>\n<meta name=\"twitter:label1\" content=\"Dur\u00e9e de lecture estim\u00e9e\" \/>\n\t<meta name=\"twitter:data1\" content=\"5 minutes\" \/>\n<script type=\"application\/ld+json\" class=\"yoast-schema-graph\">{\"@context\":\"https:\\\/\\\/schema.org\",\"@graph\":[{\"@type\":\"WebPage\",\"@id\":\"https:\\\/\\\/slacktivity.ch\\\/fr\\\/shop\\\/redtube-30m-200m\\\/\",\"url\":\"https:\\\/\\\/slacktivity.ch\\\/fr\\\/shop\\\/redtube-30m-200m\\\/\",\"name\":\"redTube Slacklineband | acheter chez SLACKTIVITY Slackline Suisse\",\"isPartOf\":{\"@id\":\"https:\\\/\\\/slacktivity.ch\\\/fr\\\/#website\"},\"primaryImageOfPage\":{\"@id\":\"https:\\\/\\\/slacktivity.ch\\\/fr\\\/shop\\\/redtube-30m-200m\\\/#primaryimage\"},\"image\":{\"@id\":\"https:\\\/\\\/slacktivity.ch\\\/fr\\\/shop\\\/redtube-30m-200m\\\/#primaryimage\"},\"thumbnailUrl\":\"https:\\\/\\\/slacktivity.ch\\\/wp-content\\\/uploads\\\/2021\\\/02\\\/redtube-slackline.jpg\",\"datePublished\":\"2021-02-22T15:53:59+00:00\",\"dateModified\":\"2023-01-19T10:45:59+00:00\",\"description\":\"La slackline redTube est g\u00e9nial pour faire du surf, du bounce et de la Highline. Sangle en Nylon avec 18% d'elongation. Pour un effet d'entrainement maximale.\",\"breadcrumb\":{\"@id\":\"https:\\\/\\\/slacktivity.ch\\\/fr\\\/shop\\\/redtube-30m-200m\\\/#breadcrumb\"},\"inLanguage\":\"fr-FR\",\"potentialAction\":[{\"@type\":\"ReadAction\",\"target\":[\"https:\\\/\\\/slacktivity.ch\\\/fr\\\/shop\\\/redtube-30m-200m\\\/\"]}]},{\"@type\":\"ImageObject\",\"inLanguage\":\"fr-FR\",\"@id\":\"https:\\\/\\\/slacktivity.ch\\\/fr\\\/shop\\\/redtube-30m-200m\\\/#primaryimage\",\"url\":\"https:\\\/\\\/slacktivity.ch\\\/wp-content\\\/uploads\\\/2021\\\/02\\\/redtube-slackline.jpg\",\"contentUrl\":\"https:\\\/\\\/slacktivity.ch\\\/wp-content\\\/uploads\\\/2021\\\/02\\\/redtube-slackline.jpg\",\"width\":1180,\"height\":1377,\"caption\":\"redtube slackline\"},{\"@type\":\"BreadcrumbList\",\"@id\":\"https:\\\/\\\/slacktivity.ch\\\/fr\\\/shop\\\/redtube-30m-200m\\\/#breadcrumb\",\"itemListElement\":[{\"@type\":\"ListItem\",\"position\":1,\"name\":\"Home\",\"item\":\"https:\\\/\\\/slacktivity.ch\\\/fr\\\/\"},{\"@type\":\"ListItem\",\"position\":2,\"name\":\"Boutique\",\"item\":\"https:\\\/\\\/slacktivity.ch\\\/fr\\\/boutique\\\/\"},{\"@type\":\"ListItem\",\"position\":3,\"name\":\"redTube Sangle Slackline | 30m &#8211; 200m\"}]},{\"@type\":\"WebSite\",\"@id\":\"https:\\\/\\\/slacktivity.ch\\\/fr\\\/#website\",\"url\":\"https:\\\/\\\/slacktivity.ch\\\/fr\\\/\",\"name\":\"SLACKTIVITY Slackline Shop Schweiz\",\"description\":\"Ensembles de slackline de haute qualit\u00e9 avec montage facile, produits innovants Highline et accessoires de slackline acheter en ligne. Pour les enfants, les d\u00e9butants et les professionnels.\",\"publisher\":{\"@id\":\"https:\\\/\\\/slacktivity.ch\\\/fr\\\/#organization\"},\"potentialAction\":[{\"@type\":\"SearchAction\",\"target\":{\"@type\":\"EntryPoint\",\"urlTemplate\":\"https:\\\/\\\/slacktivity.ch\\\/fr\\\/?s={search_term_string}\"},\"query-input\":{\"@type\":\"PropertyValueSpecification\",\"valueRequired\":true,\"valueName\":\"search_term_string\"}}],\"inLanguage\":\"fr-FR\"},{\"@type\":\"Organization\",\"@id\":\"https:\\\/\\\/slacktivity.ch\\\/fr\\\/#organization\",\"name\":\"SLACKTIVITY Slackline Shop Schweiz\",\"url\":\"https:\\\/\\\/slacktivity.ch\\\/fr\\\/\",\"logo\":{\"@type\":\"ImageObject\",\"inLanguage\":\"fr-FR\",\"@id\":\"https:\\\/\\\/slacktivity.ch\\\/fr\\\/#\\\/schema\\\/logo\\\/image\\\/\",\"url\":\"https:\\\/\\\/slacktivity.ch\\\/wp-content\\\/uploads\\\/2021\\\/01\\\/slacktivity-slackline-online-shop-1.png\",\"contentUrl\":\"https:\\\/\\\/slacktivity.ch\\\/wp-content\\\/uploads\\\/2021\\\/01\\\/slacktivity-slackline-online-shop-1.png\",\"width\":200,\"height\":77,\"caption\":\"SLACKTIVITY Slackline Shop Schweiz\"},\"image\":{\"@id\":\"https:\\\/\\\/slacktivity.ch\\\/fr\\\/#\\\/schema\\\/logo\\\/image\\\/\"}}]}<\/script>\n<!-- \/ Yoast SEO plugin. -->","yoast_head_json":{"title":"redTube Slacklineband | acheter chez SLACKTIVITY Slackline Suisse","description":"La slackline redTube est g\u00e9nial pour faire du surf, du bounce et de la Highline. Sangle en Nylon avec 18% d'elongation. Pour un effet d'entrainement maximale.","robots":{"index":"index","follow":"follow","max-snippet":"max-snippet:-1","max-image-preview":"max-image-preview:large","max-video-preview":"max-video-preview:-1"},"canonical":"https:\/\/slacktivity.ch\/fr\/shop\/redtube-30m-200m\/","og_locale":"fr_FR","og_type":"article","og_title":"redTube Slacklineband | acheter chez SLACKTIVITY Slackline Suisse","og_description":"La slackline redTube est g\u00e9nial pour faire du surf, du bounce et de la Highline. Sangle en Nylon avec 18% d'elongation. Pour un effet d'entrainement maximale.","og_url":"https:\/\/slacktivity.ch\/fr\/shop\/redtube-30m-200m\/","og_site_name":"SLACKTIVITY Slackline Shop Schweiz","article_modified_time":"2023-01-19T10:45:59+00:00","og_image":[{"width":1180,"height":1377,"url":"https:\/\/slacktivity.ch\/wp-content\/uploads\/2021\/02\/redtube-slackline.jpg","type":"image\/jpeg"}],"twitter_card":"summary_large_image","twitter_misc":{"Dur\u00e9e de lecture estim\u00e9e":"5 minutes"},"schema":{"@context":"https:\/\/schema.org","@graph":[{"@type":"WebPage","@id":"https:\/\/slacktivity.ch\/fr\/shop\/redtube-30m-200m\/","url":"https:\/\/slacktivity.ch\/fr\/shop\/redtube-30m-200m\/","name":"redTube Slacklineband | acheter chez SLACKTIVITY Slackline Suisse","isPartOf":{"@id":"https:\/\/slacktivity.ch\/fr\/#website"},"primaryImageOfPage":{"@id":"https:\/\/slacktivity.ch\/fr\/shop\/redtube-30m-200m\/#primaryimage"},"image":{"@id":"https:\/\/slacktivity.ch\/fr\/shop\/redtube-30m-200m\/#primaryimage"},"thumbnailUrl":"https:\/\/slacktivity.ch\/wp-content\/uploads\/2021\/02\/redtube-slackline.jpg","datePublished":"2021-02-22T15:53:59+00:00","dateModified":"2023-01-19T10:45:59+00:00","description":"La slackline redTube est g\u00e9nial pour faire du surf, du bounce et de la Highline. Sangle en Nylon avec 18% d'elongation. Pour un effet d'entrainement maximale.","breadcrumb":{"@id":"https:\/\/slacktivity.ch\/fr\/shop\/redtube-30m-200m\/#breadcrumb"},"inLanguage":"fr-FR","potentialAction":[{"@type":"ReadAction","target":["https:\/\/slacktivity.ch\/fr\/shop\/redtube-30m-200m\/"]}]},{"@type":"ImageObject","inLanguage":"fr-FR","@id":"https:\/\/slacktivity.ch\/fr\/shop\/redtube-30m-200m\/#primaryimage","url":"https:\/\/slacktivity.ch\/wp-content\/uploads\/2021\/02\/redtube-slackline.jpg","contentUrl":"https:\/\/slacktivity.ch\/wp-content\/uploads\/2021\/02\/redtube-slackline.jpg","width":1180,"height":1377,"caption":"redtube slackline"},{"@type":"BreadcrumbList","@id":"https:\/\/slacktivity.ch\/fr\/shop\/redtube-30m-200m\/#breadcrumb","itemListElement":[{"@type":"ListItem","position":1,"name":"Home","item":"https:\/\/slacktivity.ch\/fr\/"},{"@type":"ListItem","position":2,"name":"Boutique","item":"https:\/\/slacktivity.ch\/fr\/boutique\/"},{"@type":"ListItem","position":3,"name":"redTube Sangle Slackline | 30m &#8211; 200m"}]},{"@type":"WebSite","@id":"https:\/\/slacktivity.ch\/fr\/#website","url":"https:\/\/slacktivity.ch\/fr\/","name":"SLACKTIVITY Slackline Shop Schweiz","description":"Ensembles de slackline de haute qualit\u00e9 avec montage facile, produits innovants Highline et accessoires de slackline acheter en ligne. Pour les enfants, les d\u00e9butants et les professionnels.","publisher":{"@id":"https:\/\/slacktivity.ch\/fr\/#organization"},"potentialAction":[{"@type":"SearchAction","target":{"@type":"EntryPoint","urlTemplate":"https:\/\/slacktivity.ch\/fr\/?s={search_term_string}"},"query-input":{"@type":"PropertyValueSpecification","valueRequired":true,"valueName":"search_term_string"}}],"inLanguage":"fr-FR"},{"@type":"Organization","@id":"https:\/\/slacktivity.ch\/fr\/#organization","name":"SLACKTIVITY Slackline Shop Schweiz","url":"https:\/\/slacktivity.ch\/fr\/","logo":{"@type":"ImageObject","inLanguage":"fr-FR","@id":"https:\/\/slacktivity.ch\/fr\/#\/schema\/logo\/image\/","url":"https:\/\/slacktivity.ch\/wp-content\/uploads\/2021\/01\/slacktivity-slackline-online-shop-1.png","contentUrl":"https:\/\/slacktivity.ch\/wp-content\/uploads\/2021\/01\/slacktivity-slackline-online-shop-1.png","width":200,"height":77,"caption":"SLACKTIVITY Slackline Shop Schweiz"},"image":{"@id":"https:\/\/slacktivity.ch\/fr\/#\/schema\/logo\/image\/"}}]}},"_links":{"self":[{"href":"https:\/\/slacktivity.ch\/fr\/wp-json\/wp\/v2\/product\/9942","targetHints":{"allow":["GET"]}}],"collection":[{"href":"https:\/\/slacktivity.ch\/fr\/wp-json\/wp\/v2\/product"}],"about":[{"href":"https:\/\/slacktivity.ch\/fr\/wp-json\/wp\/v2\/types\/product"}],"replies":[{"embeddable":true,"href":"https:\/\/slacktivity.ch\/fr\/wp-json\/wp\/v2\/comments?post=9942"}],"wp:featuredmedia":[{"embeddable":true,"href":"https:\/\/slacktivity.ch\/fr\/wp-json\/wp\/v2\/media\/6544"}],"wp:attachment":[{"href":"https:\/\/slacktivity.ch\/fr\/wp-json\/wp\/v2\/media?parent=9942"}],"wp:term":[{"taxonomy":"product_cat","embeddable":true,"href":"https:\/\/slacktivity.ch\/fr\/wp-json\/wp\/v2\/product_cat?post=9942"},{"taxonomy":"product_tag","embeddable":true,"href":"https:\/\/slacktivity.ch\/fr\/wp-json\/wp\/v2\/product_tag?post=9942"}],"curies":[{"name":"wp","href":"https:\/\/api.w.org\/{rel}","templated":true}]}}