{"id":9953,"date":"2021-02-22T15:54:45","date_gmt":"2021-02-22T13:54:45","guid":{"rendered":"https:\/\/slacktivity.ch\/shop\/hangover-royal\/"},"modified":"2021-12-08T13:26:33","modified_gmt":"2021-12-08T11:26:33","slug":"hangover-royal","status":"publish","type":"product","link":"https:\/\/slacktivity.ch\/fr\/shop\/hangover-royal\/","title":{"rendered":"HangOver | Royal"},"content":{"rendered":"<h2>HangOver Royal | le mousqueton Pulley<\/h2>\n<p>Le <strong>HangOver<\/strong> a \u00e9t\u00e9 perfectionn\u00e9 sans compromis pour devenir la version <strong>Royal <\/strong>de mousqueton \u00e0 poulie. Il ne s\u00e9duit pas seulement par son aspect ext\u00e9rieur de couleur bleu roi, mais aussi par ses roulements \u00e0 billes inoxydables qui sont align\u00e9s les uns \u00e0 c\u00f4t\u00e9 des autres pratiquement sans espace. Il est ainsi possible de manipuler sans souci des sangles de slackline super fines sans qu&rsquo;elles ne se coincent. Les surfaces de guidage sont un peu plus espac\u00e9es (28,7 au lieu de 27,5 mm), ce qui facilite le passage des tapes, des <a href=\"https:\/\/slacktivity.ch\/de\/shop\/pinktube-30m-200m\/\">T-Loops<\/a>, des Quicklinks et des points de couture des Main et Backup-Lines dans les Highlines. Gr\u00e2ce \u00e0 ses 4 roulements \u00e0 billes inoxydables, le Royal est \u00e9galement parfait comme mousqueton de poulie pour tendre les slacklines avec la poulie \u00e0 sangle (Hangover-Pulley).<\/p>\n<h3>Domaines d&rsquo;utilisation<\/h3>\n<ul>\n<li>Aide pour rouler sur les highlines<\/li>\n<li>Mousqueton Pulley pour monter un mouflage complet (3:1, 9:1, 15:1)<\/li>\n<li>Multiplicateur dans les syst\u00e8mes de tension Ellington<\/li>\n<li>Si aucune poulie simple n&rsquo;est justement disponible, le HangOver peut \u00e9galement \u00eatre utilis\u00e9 comme alternative<\/li>\n<li>Recommand\u00e9 pour une utilisation \u00e0 proximit\u00e9 de la mer<\/li>\n<\/ul>\n<p>.<\/p>\n<h3>4 roulements \u00e0 billes puissants pour le HangOver-Pulley<\/h3>\n<p>Ce n&rsquo;est que gr\u00e2ce aux quatre roulements \u00e0 billes particuli\u00e8rement r\u00e9sistants avec une valeur caract\u00e9ristique de Cr : 2.9kN et Cor : 1.06kN par roulement \u00e0 billes (4&#215;2.9 = 11.6kN \/ 4&#215;1.06 = 4.24kN) que le HangOver peut \u00eatre utilis\u00e9 sans dommage dans le moufle \u00e0 sangle, \u00e9galement connu sous le nom de Buckingham ou HangOver-Pulley. En effet, dans les rapports plus hauts comme 9:1 ou 15:1, les charges peuvent d\u00e9passer 4kN, ce qui endommagerait \u00e0 la longue d&rsquo;autres mousquetons \u00e0 poulie avec seulement deux roulements \u00e0 billes.<\/p>\n<h3>Sp\u00e9cification<\/h3>\n<ul>\n<li>Largeur de la surface de roulement : 28,7 mm<\/li>\n<li>Charge de rupture longitudinale : 22 kN<\/li>\n<li>R\u00e9sistance \u00e0 la rupture avec loquet ouvert : 6 kN<\/li>\n<li>Charge de rupture transversale : 7 kN<\/li>\n<li>Charge de travail max. (WLL) : 4 kN<\/li>\n<li>Dimensions : 124 x 62 x 28 mm<\/li>\n<li>Poids : 154 g<\/li>\n<li>Mat\u00e9riau : aluminium 7075-T6 forg\u00e9 \u00e0 chaud pour l&rsquo;a\u00e9ronautique, anodis\u00e9<\/li>\n<li>4x roulements \u00e0 billes : en acier inoxydable D=19.05mm ; \u00e9tanch\u00e9it\u00e9 : 2RS ; Cr : 2.80 kN, Cr0 : 1.06kN<\/li>\n<\/ul>\n<p>Le design de ce produit est prot\u00e9g\u00e9 par la loi internationale (<a href=\"https:\/\/www3.wipo.int\/designdb\/en\/showData.jsp?ID=HAGUE.D095081\">registered international design- WIPO DM\/095081<\/a>)<\/p>\n","protected":false},"excerpt":{"rendered":"<p>\u00ab\u00a0Rolling like a King\u00a0\u00bb avec le HangOver Royal de SLACKTIVITY &#8211; pas d&rsquo;espaces, pas de rouille. Gr\u00e2ce \u00e0 4 roulements \u00e0 billes inoxydables, le mousqueton est suffisamment fort pour toute utilisation dans un syst\u00e8me Slackline HangOver-Pulley.<\/p>\n","protected":false},"featured_media":4267,"comment_status":"open","ping_status":"closed","template":"","meta":{"_acf_changed":false,"_joinchat":[]},"product_cat":[627,676,675,745,642],"product_tag":[746],"class_list":{"0":"post-9953","1":"product","2":"type-product","3":"status-publish","4":"has-post-thumbnail","6":"product_cat-equipement-highline","7":"product_cat-hangovers-fr","8":"product_cat-mousqueton","9":"product_cat-slackline-tools-fr","10":"product_cat-systemes-de-tension-slackline","11":"product_tag-hangover-fr","13":"first","14":"instock","15":"taxable","16":"shipping-taxable","17":"purchasable","18":"product-type-simple"},"acf":[],"yoast_head":"<!-- This site is optimized with the Yoast SEO plugin v27.3 - https:\/\/yoast.com\/product\/yoast-seo-wordpress\/ -->\n<title>HangOver Royal | Le Mousqueton Pulley pour Slackline de SLACKTIVITY<\/title>\n<meta name=\"description\" content=\"Mousqueton avec roullement a billes INOX sans espaces. Ideale pour rouler sur une Highline et comme pulley pour tendre des Slackline\" \/>\n<meta name=\"robots\" content=\"index, follow, max-snippet:-1, max-image-preview:large, max-video-preview:-1\" \/>\n<link rel=\"canonical\" href=\"https:\/\/slacktivity.ch\/fr\/shop\/hangover-royal\/\" \/>\n<meta property=\"og:locale\" content=\"fr_FR\" \/>\n<meta property=\"og:type\" content=\"article\" \/>\n<meta property=\"og:title\" content=\"HangOver Royal | Le Mousqueton Pulley pour Slackline de SLACKTIVITY\" \/>\n<meta property=\"og:description\" content=\"Mousqueton avec roullement a billes INOX sans espaces. Ideale pour rouler sur une Highline et comme pulley pour tendre des Slackline\" \/>\n<meta property=\"og:url\" content=\"https:\/\/slacktivity.ch\/fr\/shop\/hangover-royal\/\" \/>\n<meta property=\"og:site_name\" content=\"SLACKTIVITY Slackline Shop Schweiz\" \/>\n<meta property=\"article:modified_time\" content=\"2021-12-08T11:26:33+00:00\" \/>\n<meta property=\"og:image\" content=\"https:\/\/slacktivity.ch\/wp-content\/uploads\/2021\/02\/slacktivity-hangover-pulley-carabiner-rostfrei-3.jpg\" \/>\n\t<meta property=\"og:image:width\" content=\"1180\" \/>\n\t<meta property=\"og:image:height\" content=\"1377\" \/>\n\t<meta property=\"og:image:type\" content=\"image\/jpeg\" \/>\n<meta name=\"twitter:card\" content=\"summary_large_image\" \/>\n<meta name=\"twitter:label1\" content=\"Dur\u00e9e de lecture estim\u00e9e\" \/>\n\t<meta name=\"twitter:data1\" content=\"2 minutes\" \/>\n<script type=\"application\/ld+json\" class=\"yoast-schema-graph\">{\"@context\":\"https:\\\/\\\/schema.org\",\"@graph\":[{\"@type\":\"WebPage\",\"@id\":\"https:\\\/\\\/slacktivity.ch\\\/fr\\\/shop\\\/hangover-royal\\\/\",\"url\":\"https:\\\/\\\/slacktivity.ch\\\/fr\\\/shop\\\/hangover-royal\\\/\",\"name\":\"HangOver Royal | Le Mousqueton Pulley pour Slackline de SLACKTIVITY\",\"isPartOf\":{\"@id\":\"https:\\\/\\\/slacktivity.ch\\\/fr\\\/#website\"},\"primaryImageOfPage\":{\"@id\":\"https:\\\/\\\/slacktivity.ch\\\/fr\\\/shop\\\/hangover-royal\\\/#primaryimage\"},\"image\":{\"@id\":\"https:\\\/\\\/slacktivity.ch\\\/fr\\\/shop\\\/hangover-royal\\\/#primaryimage\"},\"thumbnailUrl\":\"https:\\\/\\\/slacktivity.ch\\\/wp-content\\\/uploads\\\/2021\\\/02\\\/slacktivity-hangover-pulley-carabiner-rostfrei-3.jpg\",\"datePublished\":\"2021-02-22T13:54:45+00:00\",\"dateModified\":\"2021-12-08T11:26:33+00:00\",\"description\":\"Mousqueton avec roullement a billes INOX sans espaces. Ideale pour rouler sur une Highline et comme pulley pour tendre des Slackline\",\"breadcrumb\":{\"@id\":\"https:\\\/\\\/slacktivity.ch\\\/fr\\\/shop\\\/hangover-royal\\\/#breadcrumb\"},\"inLanguage\":\"fr-FR\",\"potentialAction\":[{\"@type\":\"ReadAction\",\"target\":[\"https:\\\/\\\/slacktivity.ch\\\/fr\\\/shop\\\/hangover-royal\\\/\"]}]},{\"@type\":\"ImageObject\",\"inLanguage\":\"fr-FR\",\"@id\":\"https:\\\/\\\/slacktivity.ch\\\/fr\\\/shop\\\/hangover-royal\\\/#primaryimage\",\"url\":\"https:\\\/\\\/slacktivity.ch\\\/wp-content\\\/uploads\\\/2021\\\/02\\\/slacktivity-hangover-pulley-carabiner-rostfrei-3.jpg\",\"contentUrl\":\"https:\\\/\\\/slacktivity.ch\\\/wp-content\\\/uploads\\\/2021\\\/02\\\/slacktivity-hangover-pulley-carabiner-rostfrei-3.jpg\",\"width\":1180,\"height\":1377,\"caption\":\"mousqueton slackline hangover royal\"},{\"@type\":\"BreadcrumbList\",\"@id\":\"https:\\\/\\\/slacktivity.ch\\\/fr\\\/shop\\\/hangover-royal\\\/#breadcrumb\",\"itemListElement\":[{\"@type\":\"ListItem\",\"position\":1,\"name\":\"Home\",\"item\":\"https:\\\/\\\/slacktivity.ch\\\/fr\\\/\"},{\"@type\":\"ListItem\",\"position\":2,\"name\":\"Boutique\",\"item\":\"https:\\\/\\\/slacktivity.ch\\\/fr\\\/boutique\\\/\"},{\"@type\":\"ListItem\",\"position\":3,\"name\":\"HangOver | Royal\"}]},{\"@type\":\"WebSite\",\"@id\":\"https:\\\/\\\/slacktivity.ch\\\/fr\\\/#website\",\"url\":\"https:\\\/\\\/slacktivity.ch\\\/fr\\\/\",\"name\":\"SLACKTIVITY Slackline Shop Schweiz\",\"description\":\"Ensembles de slackline de haute qualit\u00e9 avec montage facile, produits innovants Highline et accessoires de slackline acheter en ligne. Pour les enfants, les d\u00e9butants et les professionnels.\",\"publisher\":{\"@id\":\"https:\\\/\\\/slacktivity.ch\\\/fr\\\/#organization\"},\"potentialAction\":[{\"@type\":\"SearchAction\",\"target\":{\"@type\":\"EntryPoint\",\"urlTemplate\":\"https:\\\/\\\/slacktivity.ch\\\/fr\\\/?s={search_term_string}\"},\"query-input\":{\"@type\":\"PropertyValueSpecification\",\"valueRequired\":true,\"valueName\":\"search_term_string\"}}],\"inLanguage\":\"fr-FR\"},{\"@type\":\"Organization\",\"@id\":\"https:\\\/\\\/slacktivity.ch\\\/fr\\\/#organization\",\"name\":\"SLACKTIVITY Slackline Shop Schweiz\",\"url\":\"https:\\\/\\\/slacktivity.ch\\\/fr\\\/\",\"logo\":{\"@type\":\"ImageObject\",\"inLanguage\":\"fr-FR\",\"@id\":\"https:\\\/\\\/slacktivity.ch\\\/fr\\\/#\\\/schema\\\/logo\\\/image\\\/\",\"url\":\"https:\\\/\\\/slacktivity.ch\\\/wp-content\\\/uploads\\\/2021\\\/01\\\/slacktivity-slackline-online-shop-1.png\",\"contentUrl\":\"https:\\\/\\\/slacktivity.ch\\\/wp-content\\\/uploads\\\/2021\\\/01\\\/slacktivity-slackline-online-shop-1.png\",\"width\":200,\"height\":77,\"caption\":\"SLACKTIVITY Slackline Shop Schweiz\"},\"image\":{\"@id\":\"https:\\\/\\\/slacktivity.ch\\\/fr\\\/#\\\/schema\\\/logo\\\/image\\\/\"}}]}<\/script>\n<!-- \/ Yoast SEO plugin. -->","yoast_head_json":{"title":"HangOver Royal | Le Mousqueton Pulley pour Slackline de SLACKTIVITY","description":"Mousqueton avec roullement a billes INOX sans espaces. Ideale pour rouler sur une Highline et comme pulley pour tendre des Slackline","robots":{"index":"index","follow":"follow","max-snippet":"max-snippet:-1","max-image-preview":"max-image-preview:large","max-video-preview":"max-video-preview:-1"},"canonical":"https:\/\/slacktivity.ch\/fr\/shop\/hangover-royal\/","og_locale":"fr_FR","og_type":"article","og_title":"HangOver Royal | Le Mousqueton Pulley pour Slackline de SLACKTIVITY","og_description":"Mousqueton avec roullement a billes INOX sans espaces. Ideale pour rouler sur une Highline et comme pulley pour tendre des Slackline","og_url":"https:\/\/slacktivity.ch\/fr\/shop\/hangover-royal\/","og_site_name":"SLACKTIVITY Slackline Shop Schweiz","article_modified_time":"2021-12-08T11:26:33+00:00","og_image":[{"width":1180,"height":1377,"url":"https:\/\/slacktivity.ch\/wp-content\/uploads\/2021\/02\/slacktivity-hangover-pulley-carabiner-rostfrei-3.jpg","type":"image\/jpeg"}],"twitter_card":"summary_large_image","twitter_misc":{"Dur\u00e9e de lecture estim\u00e9e":"2 minutes"},"schema":{"@context":"https:\/\/schema.org","@graph":[{"@type":"WebPage","@id":"https:\/\/slacktivity.ch\/fr\/shop\/hangover-royal\/","url":"https:\/\/slacktivity.ch\/fr\/shop\/hangover-royal\/","name":"HangOver Royal | Le Mousqueton Pulley pour Slackline de SLACKTIVITY","isPartOf":{"@id":"https:\/\/slacktivity.ch\/fr\/#website"},"primaryImageOfPage":{"@id":"https:\/\/slacktivity.ch\/fr\/shop\/hangover-royal\/#primaryimage"},"image":{"@id":"https:\/\/slacktivity.ch\/fr\/shop\/hangover-royal\/#primaryimage"},"thumbnailUrl":"https:\/\/slacktivity.ch\/wp-content\/uploads\/2021\/02\/slacktivity-hangover-pulley-carabiner-rostfrei-3.jpg","datePublished":"2021-02-22T13:54:45+00:00","dateModified":"2021-12-08T11:26:33+00:00","description":"Mousqueton avec roullement a billes INOX sans espaces. Ideale pour rouler sur une Highline et comme pulley pour tendre des Slackline","breadcrumb":{"@id":"https:\/\/slacktivity.ch\/fr\/shop\/hangover-royal\/#breadcrumb"},"inLanguage":"fr-FR","potentialAction":[{"@type":"ReadAction","target":["https:\/\/slacktivity.ch\/fr\/shop\/hangover-royal\/"]}]},{"@type":"ImageObject","inLanguage":"fr-FR","@id":"https:\/\/slacktivity.ch\/fr\/shop\/hangover-royal\/#primaryimage","url":"https:\/\/slacktivity.ch\/wp-content\/uploads\/2021\/02\/slacktivity-hangover-pulley-carabiner-rostfrei-3.jpg","contentUrl":"https:\/\/slacktivity.ch\/wp-content\/uploads\/2021\/02\/slacktivity-hangover-pulley-carabiner-rostfrei-3.jpg","width":1180,"height":1377,"caption":"mousqueton slackline hangover royal"},{"@type":"BreadcrumbList","@id":"https:\/\/slacktivity.ch\/fr\/shop\/hangover-royal\/#breadcrumb","itemListElement":[{"@type":"ListItem","position":1,"name":"Home","item":"https:\/\/slacktivity.ch\/fr\/"},{"@type":"ListItem","position":2,"name":"Boutique","item":"https:\/\/slacktivity.ch\/fr\/boutique\/"},{"@type":"ListItem","position":3,"name":"HangOver | Royal"}]},{"@type":"WebSite","@id":"https:\/\/slacktivity.ch\/fr\/#website","url":"https:\/\/slacktivity.ch\/fr\/","name":"SLACKTIVITY Slackline Shop Schweiz","description":"Ensembles de slackline de haute qualit\u00e9 avec montage facile, produits innovants Highline et accessoires de slackline acheter en ligne. Pour les enfants, les d\u00e9butants et les professionnels.","publisher":{"@id":"https:\/\/slacktivity.ch\/fr\/#organization"},"potentialAction":[{"@type":"SearchAction","target":{"@type":"EntryPoint","urlTemplate":"https:\/\/slacktivity.ch\/fr\/?s={search_term_string}"},"query-input":{"@type":"PropertyValueSpecification","valueRequired":true,"valueName":"search_term_string"}}],"inLanguage":"fr-FR"},{"@type":"Organization","@id":"https:\/\/slacktivity.ch\/fr\/#organization","name":"SLACKTIVITY Slackline Shop Schweiz","url":"https:\/\/slacktivity.ch\/fr\/","logo":{"@type":"ImageObject","inLanguage":"fr-FR","@id":"https:\/\/slacktivity.ch\/fr\/#\/schema\/logo\/image\/","url":"https:\/\/slacktivity.ch\/wp-content\/uploads\/2021\/01\/slacktivity-slackline-online-shop-1.png","contentUrl":"https:\/\/slacktivity.ch\/wp-content\/uploads\/2021\/01\/slacktivity-slackline-online-shop-1.png","width":200,"height":77,"caption":"SLACKTIVITY Slackline Shop Schweiz"},"image":{"@id":"https:\/\/slacktivity.ch\/fr\/#\/schema\/logo\/image\/"}}]}},"_links":{"self":[{"href":"https:\/\/slacktivity.ch\/fr\/wp-json\/wp\/v2\/product\/9953","targetHints":{"allow":["GET"]}}],"collection":[{"href":"https:\/\/slacktivity.ch\/fr\/wp-json\/wp\/v2\/product"}],"about":[{"href":"https:\/\/slacktivity.ch\/fr\/wp-json\/wp\/v2\/types\/product"}],"replies":[{"embeddable":true,"href":"https:\/\/slacktivity.ch\/fr\/wp-json\/wp\/v2\/comments?post=9953"}],"wp:featuredmedia":[{"embeddable":true,"href":"https:\/\/slacktivity.ch\/fr\/wp-json\/wp\/v2\/media\/4267"}],"wp:attachment":[{"href":"https:\/\/slacktivity.ch\/fr\/wp-json\/wp\/v2\/media?parent=9953"}],"wp:term":[{"taxonomy":"product_cat","embeddable":true,"href":"https:\/\/slacktivity.ch\/fr\/wp-json\/wp\/v2\/product_cat?post=9953"},{"taxonomy":"product_tag","embeddable":true,"href":"https:\/\/slacktivity.ch\/fr\/wp-json\/wp\/v2\/product_tag?post=9953"}],"curies":[{"name":"wp","href":"https:\/\/api.w.org\/{rel}","templated":true}]}}