{"id":9954,"date":"2021-02-22T15:55:32","date_gmt":"2021-02-22T13:55:32","guid":{"rendered":"https:\/\/slacktivity.ch\/shop\/elingue-slackline\/"},"modified":"2022-06-03T08:50:09","modified_gmt":"2022-06-03T06:50:09","slug":"elingue-slackline","status":"publish","type":"product","link":"https:\/\/slacktivity.ch\/fr\/shop\/elingue-slackline\/","title":{"rendered":"Elingue Slackline | 2.5m"},"content":{"rendered":"<h2>Boucle d&rsquo;arbre Slackline r\u00e9glable | 2.5m<\/h2>\n<p>Cette <strong>\u00e9lingue d&rsquo;arbre de slackline<\/strong> a \u00e9t\u00e9 con\u00e7ue par SLACKTIVITY de mani\u00e8re \u00e0 ce qu&rsquo;avec une largeur de 5cm, elle est indulgent pour l&rsquo;arbre tout en \u00e9tant tr\u00e8s pratique \u00e0 utiliser. En quelques secondes, elle peut \u00eatre r\u00e9gl\u00e9e sur une longueur de 30 \u00e0 240 cm. Le mousqueton glisse automatiquement au bon endroit sur l&rsquo;\u00e9lingue d&rsquo;arbre, sans que l&rsquo;\u00e9lingue ne frotte le long de l&rsquo;\u00e9corce.<\/p>\n<p>Gr\u00e2ce au velcro cousu \u00e0 l&rsquo;arri\u00e8re, cette \u00e9lingue d&rsquo;arbre Slackline peut \u00eatre facilement fix\u00e9e \u00e0 la <a href=\"https:\/\/slacktivity.ch\/category\/slackline-baumschutz\/\">protection d&rsquo;arbre<\/a>. Cela peut \u00eatre tr\u00e8s utile, surtout pour les grands arbres, car cela l&#8217;emp\u00eache de glisser.<\/p>\n<p>Pour les slackliners qui souhaitent un set de slackline aussi l\u00e9ger que possible, cette sangle d&rsquo;arbre offre le grand avantage de pouvoir s&rsquo;ouvrir et se fermer. Cela permet par exemple d&rsquo;accrocher directement un softRelease, un ConnectionLoop ou un deadManPlate et d&rsquo;\u00e9conomiser ainsi une manille ou un mousqueton.<\/p>\n<h3>Avantages et caract\u00e9ristiques<\/h3>\n<ul>\n<li>Bien plus l\u00e9g\u00e8re (env. 60%) qu&rsquo;une \u00e9lingue ronde industrielle<\/li>\n<li>Longueur r\u00e9glable de 30cm \u00e0 240cm<\/li>\n<li>Parce que le cliquet et WebLock sont tr\u00e8s proche du point fixe &#8211;&gt; pas de poids g\u00eanant qui se balance<\/li>\n<li>Fermeture pour une fixation directe sans manille<\/li>\n<li>Tr\u00e8s bonne r\u00e9partition de la charge de traction, pour un slackline m\u00e9nageant au maximum les arbres<\/li>\n<li>Peu de charge Triload sur le mousqueton par rapport aux autres \u00e9lingues d&rsquo;arbre<\/li>\n<li>Pour \u00e9viter de glisser, l&rsquo;\u00e9lingue peut \u00eatre fix\u00e9e avec velcro \u00e0 la protection de l&rsquo;arbre<\/li>\n<\/ul>\n<p>.<\/p>\n<h3>Sp\u00e9cifications de l&rsquo;\u00e9lingue d&rsquo;arbre Slackline r\u00e9glable<\/h3>\n<ul>\n<li>Longuer : 2.5m<\/li>\n<li>Largeur : 5cm<\/li>\n<li>Poids : 350g<\/li>\n<li>Mat\u00e9riaux : sangle plate : polyester, fermeture : acier chrom\u00e9<\/li>\n<li>MBS (Minimum Breaking Strength) : (single wrap) 32kN* \/ (double wrap) 56kN*<\/li>\n<li>WLL (Working Load Limit) : 8kN<\/li>\n<\/ul>\n<p>*En cas de montage incorrect de l&rsquo;\u00e9lingue d&rsquo;arbre avec la fermeture dans le sens de la traction, la charge de rupture diminue d&rsquo;environ 20% !<\/p>\n<p><b>Conseil:<\/b> Poser l&rsquo;\u00e9lingue d&rsquo;arbre en double autour de l&rsquo;arbre permet de r\u00e9partir encore mieux la pression sur l&rsquo;\u00e9corce (recommand\u00e9 pour les arbres fragiles au printemps) et de presque doubler la charge de rupture ! De plus, en croisant l&rsquo;\u00e9lingue d&rsquo;arbre double, il est possible d&rsquo;accrocher une manille horizontalement plut\u00f4t que verticalement.<\/p>\n<p><strong>Avant d&rsquo;utiliser ce produit, il convient de lire et de comprendre le mode d&#8217;emploi (PDF \u00e0 t\u00e9l\u00e9charger).<\/strong><\/p>\n","protected":false},"excerpt":{"rendered":"<p>Elingue d&rsquo;arbre r\u00e9glable de 2,5 m de long pour fixer les slacklines aux arbres de mani\u00e8re pratique et indulgent \u00e0 l&rsquo;arbre.<\/p>\n","protected":false},"featured_media":5130,"comment_status":"open","ping_status":"closed","template":"","meta":{"_acf_changed":false,"_joinchat":[]},"product_cat":[623,908],"product_tag":[670,739,904],"class_list":{"0":"post-9954","1":"product","2":"type-product","3":"status-publish","4":"has-post-thumbnail","6":"product_cat-protection-des-arbres-et-elingues","7":"product_cat-slackline-boucle","8":"product_tag-debutant","9":"product_tag-longline-fr","10":"product_tag-rodeoline","11":"pa_brand-slacktivity-fr","13":"first","14":"instock","15":"taxable","16":"shipping-taxable","17":"purchasable","18":"product-type-simple"},"acf":[],"yoast_head":"<!-- This site is optimized with the Yoast SEO plugin v27.4 - https:\/\/yoast.com\/product\/yoast-seo-wordpress\/ -->\n<title>Elingue d&#039;arbre pour Slackline - 2.5m | SLACKTIVITY Slackline Shop Suisse<\/title>\n<meta name=\"description\" content=\"An dieser l\u00e4ngenverstellbaren Slackline-Baumschlinge erfreuen sich Slackliner wegen einfache, praktische Handhabung und geringem Gewicht\" \/>\n<meta name=\"robots\" content=\"index, follow, max-snippet:-1, max-image-preview:large, max-video-preview:-1\" \/>\n<link rel=\"canonical\" href=\"https:\/\/slacktivity.ch\/fr\/shop\/elingue-slackline\/\" \/>\n<meta property=\"og:locale\" content=\"fr_FR\" \/>\n<meta property=\"og:type\" content=\"article\" \/>\n<meta property=\"og:title\" content=\"Elingue d&#039;arbre pour Slackline - 2.5m | SLACKTIVITY Slackline Shop Suisse\" \/>\n<meta property=\"og:description\" content=\"An dieser l\u00e4ngenverstellbaren Slackline-Baumschlinge erfreuen sich Slackliner wegen einfache, praktische Handhabung und geringem Gewicht\" \/>\n<meta property=\"og:url\" content=\"https:\/\/slacktivity.ch\/fr\/shop\/elingue-slackline\/\" \/>\n<meta property=\"og:site_name\" content=\"SLACKTIVITY Slackline Shop Schweiz\" \/>\n<meta property=\"article:modified_time\" content=\"2022-06-03T06:50:09+00:00\" \/>\n<meta property=\"og:image\" content=\"https:\/\/slacktivity.ch\/wp-content\/uploads\/2021\/02\/slackline-baumschlinge-2-5m.jpg\" \/>\n\t<meta property=\"og:image:width\" content=\"1180\" \/>\n\t<meta property=\"og:image:height\" content=\"1377\" \/>\n\t<meta property=\"og:image:type\" content=\"image\/jpeg\" \/>\n<meta name=\"twitter:card\" content=\"summary_large_image\" \/>\n<meta name=\"twitter:label1\" content=\"Dur\u00e9e de lecture estim\u00e9e\" \/>\n\t<meta name=\"twitter:data1\" content=\"2 minutes\" \/>\n<script type=\"application\/ld+json\" class=\"yoast-schema-graph\">{\"@context\":\"https:\\\/\\\/schema.org\",\"@graph\":[{\"@type\":\"WebPage\",\"@id\":\"https:\\\/\\\/slacktivity.ch\\\/fr\\\/shop\\\/elingue-slackline\\\/\",\"url\":\"https:\\\/\\\/slacktivity.ch\\\/fr\\\/shop\\\/elingue-slackline\\\/\",\"name\":\"Elingue d'arbre pour Slackline - 2.5m | SLACKTIVITY Slackline Shop Suisse\",\"isPartOf\":{\"@id\":\"https:\\\/\\\/slacktivity.ch\\\/fr\\\/#website\"},\"primaryImageOfPage\":{\"@id\":\"https:\\\/\\\/slacktivity.ch\\\/fr\\\/shop\\\/elingue-slackline\\\/#primaryimage\"},\"image\":{\"@id\":\"https:\\\/\\\/slacktivity.ch\\\/fr\\\/shop\\\/elingue-slackline\\\/#primaryimage\"},\"thumbnailUrl\":\"https:\\\/\\\/slacktivity.ch\\\/wp-content\\\/uploads\\\/2021\\\/02\\\/slackline-baumschlinge-2-5m.jpg\",\"datePublished\":\"2021-02-22T13:55:32+00:00\",\"dateModified\":\"2022-06-03T06:50:09+00:00\",\"description\":\"An dieser l\u00e4ngenverstellbaren Slackline-Baumschlinge erfreuen sich Slackliner wegen einfache, praktische Handhabung und geringem Gewicht\",\"breadcrumb\":{\"@id\":\"https:\\\/\\\/slacktivity.ch\\\/fr\\\/shop\\\/elingue-slackline\\\/#breadcrumb\"},\"inLanguage\":\"fr-FR\",\"potentialAction\":[{\"@type\":\"ReadAction\",\"target\":[\"https:\\\/\\\/slacktivity.ch\\\/fr\\\/shop\\\/elingue-slackline\\\/\"]}]},{\"@type\":\"ImageObject\",\"inLanguage\":\"fr-FR\",\"@id\":\"https:\\\/\\\/slacktivity.ch\\\/fr\\\/shop\\\/elingue-slackline\\\/#primaryimage\",\"url\":\"https:\\\/\\\/slacktivity.ch\\\/wp-content\\\/uploads\\\/2021\\\/02\\\/slackline-baumschlinge-2-5m.jpg\",\"contentUrl\":\"https:\\\/\\\/slacktivity.ch\\\/wp-content\\\/uploads\\\/2021\\\/02\\\/slackline-baumschlinge-2-5m.jpg\",\"width\":1180,\"height\":1377,\"caption\":\"slackline-elingue-arbre-2.5m\"},{\"@type\":\"BreadcrumbList\",\"@id\":\"https:\\\/\\\/slacktivity.ch\\\/fr\\\/shop\\\/elingue-slackline\\\/#breadcrumb\",\"itemListElement\":[{\"@type\":\"ListItem\",\"position\":1,\"name\":\"Home\",\"item\":\"https:\\\/\\\/slacktivity.ch\\\/fr\\\/\"},{\"@type\":\"ListItem\",\"position\":2,\"name\":\"Boutique\",\"item\":\"https:\\\/\\\/slacktivity.ch\\\/fr\\\/boutique\\\/\"},{\"@type\":\"ListItem\",\"position\":3,\"name\":\"Elingue Slackline | 2.5m\"}]},{\"@type\":\"WebSite\",\"@id\":\"https:\\\/\\\/slacktivity.ch\\\/fr\\\/#website\",\"url\":\"https:\\\/\\\/slacktivity.ch\\\/fr\\\/\",\"name\":\"SLACKTIVITY Slackline Shop Schweiz\",\"description\":\"Ensembles de slackline de haute qualit\u00e9 avec montage facile, produits innovants Highline et accessoires de slackline acheter en ligne. Pour les enfants, les d\u00e9butants et les professionnels.\",\"publisher\":{\"@id\":\"https:\\\/\\\/slacktivity.ch\\\/fr\\\/#organization\"},\"potentialAction\":[{\"@type\":\"SearchAction\",\"target\":{\"@type\":\"EntryPoint\",\"urlTemplate\":\"https:\\\/\\\/slacktivity.ch\\\/fr\\\/?s={search_term_string}\"},\"query-input\":{\"@type\":\"PropertyValueSpecification\",\"valueRequired\":true,\"valueName\":\"search_term_string\"}}],\"inLanguage\":\"fr-FR\"},{\"@type\":\"Organization\",\"@id\":\"https:\\\/\\\/slacktivity.ch\\\/fr\\\/#organization\",\"name\":\"SLACKTIVITY Slackline Shop Schweiz\",\"url\":\"https:\\\/\\\/slacktivity.ch\\\/fr\\\/\",\"logo\":{\"@type\":\"ImageObject\",\"inLanguage\":\"fr-FR\",\"@id\":\"https:\\\/\\\/slacktivity.ch\\\/fr\\\/#\\\/schema\\\/logo\\\/image\\\/\",\"url\":\"https:\\\/\\\/slacktivity.ch\\\/wp-content\\\/uploads\\\/2021\\\/01\\\/slacktivity-slackline-online-shop-1.png\",\"contentUrl\":\"https:\\\/\\\/slacktivity.ch\\\/wp-content\\\/uploads\\\/2021\\\/01\\\/slacktivity-slackline-online-shop-1.png\",\"width\":200,\"height\":77,\"caption\":\"SLACKTIVITY Slackline Shop Schweiz\"},\"image\":{\"@id\":\"https:\\\/\\\/slacktivity.ch\\\/fr\\\/#\\\/schema\\\/logo\\\/image\\\/\"}}]}<\/script>\n<!-- \/ Yoast SEO plugin. -->","yoast_head_json":{"title":"Elingue d'arbre pour Slackline - 2.5m | SLACKTIVITY Slackline Shop Suisse","description":"An dieser l\u00e4ngenverstellbaren Slackline-Baumschlinge erfreuen sich Slackliner wegen einfache, praktische Handhabung und geringem Gewicht","robots":{"index":"index","follow":"follow","max-snippet":"max-snippet:-1","max-image-preview":"max-image-preview:large","max-video-preview":"max-video-preview:-1"},"canonical":"https:\/\/slacktivity.ch\/fr\/shop\/elingue-slackline\/","og_locale":"fr_FR","og_type":"article","og_title":"Elingue d'arbre pour Slackline - 2.5m | SLACKTIVITY Slackline Shop Suisse","og_description":"An dieser l\u00e4ngenverstellbaren Slackline-Baumschlinge erfreuen sich Slackliner wegen einfache, praktische Handhabung und geringem Gewicht","og_url":"https:\/\/slacktivity.ch\/fr\/shop\/elingue-slackline\/","og_site_name":"SLACKTIVITY Slackline Shop Schweiz","article_modified_time":"2022-06-03T06:50:09+00:00","og_image":[{"width":1180,"height":1377,"url":"https:\/\/slacktivity.ch\/wp-content\/uploads\/2021\/02\/slackline-baumschlinge-2-5m.jpg","type":"image\/jpeg"}],"twitter_card":"summary_large_image","twitter_misc":{"Dur\u00e9e de lecture estim\u00e9e":"2 minutes"},"schema":{"@context":"https:\/\/schema.org","@graph":[{"@type":"WebPage","@id":"https:\/\/slacktivity.ch\/fr\/shop\/elingue-slackline\/","url":"https:\/\/slacktivity.ch\/fr\/shop\/elingue-slackline\/","name":"Elingue d'arbre pour Slackline - 2.5m | SLACKTIVITY Slackline Shop Suisse","isPartOf":{"@id":"https:\/\/slacktivity.ch\/fr\/#website"},"primaryImageOfPage":{"@id":"https:\/\/slacktivity.ch\/fr\/shop\/elingue-slackline\/#primaryimage"},"image":{"@id":"https:\/\/slacktivity.ch\/fr\/shop\/elingue-slackline\/#primaryimage"},"thumbnailUrl":"https:\/\/slacktivity.ch\/wp-content\/uploads\/2021\/02\/slackline-baumschlinge-2-5m.jpg","datePublished":"2021-02-22T13:55:32+00:00","dateModified":"2022-06-03T06:50:09+00:00","description":"An dieser l\u00e4ngenverstellbaren Slackline-Baumschlinge erfreuen sich Slackliner wegen einfache, praktische Handhabung und geringem Gewicht","breadcrumb":{"@id":"https:\/\/slacktivity.ch\/fr\/shop\/elingue-slackline\/#breadcrumb"},"inLanguage":"fr-FR","potentialAction":[{"@type":"ReadAction","target":["https:\/\/slacktivity.ch\/fr\/shop\/elingue-slackline\/"]}]},{"@type":"ImageObject","inLanguage":"fr-FR","@id":"https:\/\/slacktivity.ch\/fr\/shop\/elingue-slackline\/#primaryimage","url":"https:\/\/slacktivity.ch\/wp-content\/uploads\/2021\/02\/slackline-baumschlinge-2-5m.jpg","contentUrl":"https:\/\/slacktivity.ch\/wp-content\/uploads\/2021\/02\/slackline-baumschlinge-2-5m.jpg","width":1180,"height":1377,"caption":"slackline-elingue-arbre-2.5m"},{"@type":"BreadcrumbList","@id":"https:\/\/slacktivity.ch\/fr\/shop\/elingue-slackline\/#breadcrumb","itemListElement":[{"@type":"ListItem","position":1,"name":"Home","item":"https:\/\/slacktivity.ch\/fr\/"},{"@type":"ListItem","position":2,"name":"Boutique","item":"https:\/\/slacktivity.ch\/fr\/boutique\/"},{"@type":"ListItem","position":3,"name":"Elingue Slackline | 2.5m"}]},{"@type":"WebSite","@id":"https:\/\/slacktivity.ch\/fr\/#website","url":"https:\/\/slacktivity.ch\/fr\/","name":"SLACKTIVITY Slackline Shop Schweiz","description":"Ensembles de slackline de haute qualit\u00e9 avec montage facile, produits innovants Highline et accessoires de slackline acheter en ligne. Pour les enfants, les d\u00e9butants et les professionnels.","publisher":{"@id":"https:\/\/slacktivity.ch\/fr\/#organization"},"potentialAction":[{"@type":"SearchAction","target":{"@type":"EntryPoint","urlTemplate":"https:\/\/slacktivity.ch\/fr\/?s={search_term_string}"},"query-input":{"@type":"PropertyValueSpecification","valueRequired":true,"valueName":"search_term_string"}}],"inLanguage":"fr-FR"},{"@type":"Organization","@id":"https:\/\/slacktivity.ch\/fr\/#organization","name":"SLACKTIVITY Slackline Shop Schweiz","url":"https:\/\/slacktivity.ch\/fr\/","logo":{"@type":"ImageObject","inLanguage":"fr-FR","@id":"https:\/\/slacktivity.ch\/fr\/#\/schema\/logo\/image\/","url":"https:\/\/slacktivity.ch\/wp-content\/uploads\/2021\/01\/slacktivity-slackline-online-shop-1.png","contentUrl":"https:\/\/slacktivity.ch\/wp-content\/uploads\/2021\/01\/slacktivity-slackline-online-shop-1.png","width":200,"height":77,"caption":"SLACKTIVITY Slackline Shop Schweiz"},"image":{"@id":"https:\/\/slacktivity.ch\/fr\/#\/schema\/logo\/image\/"}}]}},"_links":{"self":[{"href":"https:\/\/slacktivity.ch\/fr\/wp-json\/wp\/v2\/product\/9954","targetHints":{"allow":["GET"]}}],"collection":[{"href":"https:\/\/slacktivity.ch\/fr\/wp-json\/wp\/v2\/product"}],"about":[{"href":"https:\/\/slacktivity.ch\/fr\/wp-json\/wp\/v2\/types\/product"}],"replies":[{"embeddable":true,"href":"https:\/\/slacktivity.ch\/fr\/wp-json\/wp\/v2\/comments?post=9954"}],"wp:featuredmedia":[{"embeddable":true,"href":"https:\/\/slacktivity.ch\/fr\/wp-json\/wp\/v2\/media\/5130"}],"wp:attachment":[{"href":"https:\/\/slacktivity.ch\/fr\/wp-json\/wp\/v2\/media?parent=9954"}],"wp:term":[{"taxonomy":"product_cat","embeddable":true,"href":"https:\/\/slacktivity.ch\/fr\/wp-json\/wp\/v2\/product_cat?post=9954"},{"taxonomy":"product_tag","embeddable":true,"href":"https:\/\/slacktivity.ch\/fr\/wp-json\/wp\/v2\/product_tag?post=9954"}],"curies":[{"name":"wp","href":"https:\/\/api.w.org\/{rel}","templated":true}]}}